 {"id":40,"date":"2020-04-28T14:13:56","date_gmt":"2020-04-28T12:13:56","guid":{"rendered":"https:\/\/blogs.univ-tlse2.fr\/master-gaed\/?page_id=40"},"modified":"2020-05-06T11:26:59","modified_gmt":"2020-05-06T09:26:59","slug":"debouches","status":"publish","type":"page","link":"https:\/\/blogs.univ-tlse2.fr\/master-gaed\/debouches\/","title":{"rendered":"D\u00c9BOUCH\u00c9S"},"content":{"rendered":"\n<p><strong>Poursuite d&rsquo;\u00e9tudes<\/strong><\/p>\n\n\n\n<p>Comme tout titulaire d\u2019un master, les laur\u00e9ats du master GAED peuvent s\u2019engager dans un doctorat (3 ans minimum), dans les sp\u00e9cialit\u00e9s \u00ab\u00a0G\u00e9ographie\u00a0\u00bb, \u00ab\u00a0Environnement et Soci\u00e9t\u00e9s\u00a0\u00bb et, \u00e9ventuellement \u00ab\u00a0\u00c9tudes rurales\u00a0\u00bb,\u00a0 \u00ab\u00a0Urbanisme et Am\u00e9nagement\u00a0\u00bb. Cet engagement n\u00e9cessite n\u00e9anmoins de candidater sur les offres de bourse publi\u00e9es par les laboratoires d\u2019accueil comme le <a rel=\"noreferrer noopener\" href=\"http:\/\/w3.geode.univ-tlse2.fr\/\" target=\"_blank\">GEODE UMR-5602<\/a>, mais aussi d\u2019autres laboratoires en France et \u00e0 l\u2019\u00e9tranger.\u00a0\u00a0<\/p>\n\n\n\n<p><strong>Perspectives professionnelles<\/strong><\/p>\n\n\n\n<p>Les titulaires du master GAED peuvent exercer des m\u00e9tiers relatifs \u00e0 l\u2019am\u00e9nagement et au d\u00e9veloppement des territoires, plus pr\u00e9cis\u00e9ment dans les domaines de l\u2019environnement, de la gestion des espaces naturels, de la mise en place des politiques environnementales et de la transition \u00e9cologique, sur des postes tels que\u00a0:<\/p>\n\n\n\n<ul class=\"wp-block-list\"><li>charg\u00e9 de mission<\/li><li>chef de projet<\/li><li>charg\u00e9 d\u2019\u00e9tude<\/li><li>conseiller en environnement<\/li><li>agent de d\u00e9veloppement<\/li><li>animateur, m\u00e9diateur environnement<\/li><\/ul>\n\n\n\n<p><strong>Ces postes sont occup\u00e9s dans les structures professionnelles suivantes<\/strong> :<\/p>\n\n\n\n<ul class=\"wp-block-list\"><li>Bureaux d\u2019\u00e9tude et entreprises priv\u00e9es<\/li><li>Collectivit\u00e9s territoriales : communes, intercommunalit\u00e9s, d\u00e9partements, r\u00e9gions<\/li><li>Administrations : Directions D\u00e9partementales des Territoires (DDT, DDTM), Directions R\u00e9gionales de l\u2019Environnement, de l\u2019Am\u00e9nagement et du Logement (DREAL), Agence de la transition \u00e9cologique (ex-Agence de l&rsquo;Environnement et de la Ma\u00eetrise de l&rsquo;Energie) (ADEME))\u2026<\/li><li>\u00c9tablissements publics : Parcs Nationaux, Parcs Naturels R\u00e9gionaux, ONF, IFN, syndicats mixtes, organismes consulaires (CCI, Chambres d\u2019Agriculture, Chambres des M\u00e9tiers), SAFER, Agences de l\u2019Eau\u2026<\/li><li>Associations de d\u00e9veloppement et de conservation de la nature tels les CEN (Conservatoires des Espaces Naturels), les CPIE (Centres Permanents d\u2019Initiatives pour l\u2019Environnement), Conseils Architecture Urbanisme Environnement (CAUE)\u2026<\/li><li>ONG<\/li><\/ul>\n\n\n\n<p><strong>Ils sont devenus&#8230; (\u00e9tudiants pass\u00e9s par les masters GEP, TRENT et DYNEM)<\/strong><\/p>\n\n\n\n<ul class=\"wp-block-list\"><li>Charg\u00e9e de mission paysages et territoires, SMEAG, Toulouse &#8211; Ambre GIROU, promotion 2009<\/li><li>Chef de projets Eau et environnement, Nature en Occitanie &#8211; Thomas MATARIN, promotion 2010<\/li><li>Charg\u00e9e de mission prospective, planification et d\u00e9veloppement territorial, Conseil D\u00e9partemen-tal de la Haute-Garonne &#8211; Mathilde CANARD, promotion 2011 (apr\u00e8s une th\u00e8se de doctorat soutenue en 2016)<\/li><li>Chef de projet am\u00e9nagement\/urbanisme et environnement, Rural Concept, ADASEA du Lot &#8211; Jean-Maurice DIOGO, promotion 2011<\/li><li>Chef de la cellule Foncier et Projets d&rsquo;exploitations, DDT Marne &#8211; Paul-Henri MENILLET, promotion 2013<\/li><li>Charg\u00e9e de mission \u00e9valuation environnementale, DEAL Guyane &#8211; Charline MOURGUIART, promotion 2013<\/li><li>Charg\u00e9e d\u2019\u00e9tude mod\u00e9lisation faune-flore, Bureau d&rsquo;\u00e9tude Terro\u00efko, Sor\u00e8ze, Tarn &#8211; Lucie GENDRON, promotion 2014,<\/li><li>Charg\u00e9e d\u2019\u00e9tude et d\u2019appui \u00e0 la gestion du Canal du Midi, DREAL Occitanie &#8211; Marion CHERIGIE, promotion 2015<\/li><li>Charg\u00e9e de mission d\u00e9veloppement durable, Ville de Fontenay-sous-Bois, Val-de-Marne &#8211; Constance GUILLOTTE, promotion 2016<\/li><li>Animatrice d\u00e9veloppement territorial, Communaut\u00e9 de communes de la vall\u00e9e de l&rsquo;Homme, Les Eyzies, Dordogne &#8211; Manon MONTOULIEU, promotion 2016<\/li><li>Conseill\u00e8re Eau Environnement, Syndicat Mixte de BV Durdent, Seine-Maritime &#8211; H\u00e9l\u00e8ne CHAPELLE, promotion 2017<\/li><li>&#8230;<\/li><\/ul>\n","protected":false},"excerpt":{"rendered":"<p>Poursuite d&rsquo;\u00e9tudes Comme tout titulaire d\u2019un master, les laur\u00e9ats du master GAED peuvent s\u2019engager dans un doctorat (3 ans minimum), dans les sp\u00e9cialit\u00e9s \u00ab\u00a0G\u00e9ographie\u00a0\u00bb, \u00ab\u00a0Environnement et Soci\u00e9t\u00e9s\u00a0\u00bb et, \u00e9ventuellement \u00ab\u00a0\u00c9tudes rurales\u00a0\u00bb,\u00a0 \u00ab\u00a0Urbanisme et Am\u00e9nagement\u00a0\u00bb. Cet engagement n\u00e9cessite n\u00e9anmoins de candidater sur les offres de bourse publi\u00e9es par les laboratoires d\u2019accueil comme le GEODE UMR-5602, mais [&hellip;]<\/p>\n","protected":false},"author":840,"featured_media":0,"parent":0,"menu_order":0,"comment_status":"closed","ping_status":"closed","template":"","meta":{"footnotes":""},"class_list":["post-40","page","type-page","status-publish","hentry"],"_links":{"self":[{"href":"https:\/\/blogs.univ-tlse2.fr\/master-gaed\/wp-json\/wp\/v2\/pages\/40","targetHints":{"allow":["GET"]}}],"collection":[{"href":"https:\/\/blogs.univ-tlse2.fr\/master-gaed\/wp-json\/wp\/v2\/pages"}],"about":[{"href":"https:\/\/blogs.univ-tlse2.fr\/master-gaed\/wp-json\/wp\/v2\/types\/page"}],"author":[{"embeddable":true,"href":"https:\/\/blogs.univ-tlse2.fr\/master-gaed\/wp-json\/wp\/v2\/users\/840"}],"replies":[{"embeddable":true,"href":"https:\/\/blogs.univ-tlse2.fr\/master-gaed\/wp-json\/wp\/v2\/comments?post=40"}],"version-history":[{"count":3,"href":"https:\/\/blogs.univ-tlse2.fr\/master-gaed\/wp-json\/wp\/v2\/pages\/40\/revisions"}],"predecessor-version":[{"id":179,"href":"https:\/\/blogs.univ-tlse2.fr\/master-gaed\/wp-json\/wp\/v2\/pages\/40\/revisions\/179"}],"wp:attachment":[{"href":"https:\/\/blogs.univ-tlse2.fr\/master-gaed\/wp-json\/wp\/v2\/media?parent=40"}],"curies":[{"name":"wp","href":"https:\/\/api.w.org\/{rel}","templated":true}]}}