 {"id":43,"date":"2020-04-28T14:21:05","date_gmt":"2020-04-28T12:21:05","guid":{"rendered":"https:\/\/blogs.univ-tlse2.fr\/master-gaed\/?page_id=43"},"modified":"2023-11-27T11:38:20","modified_gmt":"2023-11-27T10:38:20","slug":"candidatures","status":"publish","type":"page","link":"https:\/\/blogs.univ-tlse2.fr\/master-gaed\/candidatures\/","title":{"rendered":"CANDIDATURES \/ ADMISSIONS"},"content":{"rendered":"\n<p class=\"has-text-align-center has-medium-font-size\"> \/\/\/\/ <strong><em>Conditions d&rsquo;acc\u00e8s<\/em><\/strong> \/\/\/\/<\/p>\n\n\n\n<p><strong>En formation initiale<\/strong> :<br>\u2022 Les \u00e9tudiants titulaires d\u2019une Licence (entr\u00e9e en M1), d\u2019un M1 (entr\u00e9e en M2), voir la liste des dipl\u00f4mes recommand\u00e9s ci-dessous. L\u2019acc\u00e8s est s\u00e9lectif en M1 pour toutes les candidatures et en M2 pour ceux ayant suivi un autre M1.<br>\u2022 Les candidats non titulaires de l&rsquo;un des dipl\u00f4mes pr\u00e9c\u00e9dents, mais justifiant d&rsquo;une activit\u00e9 professionnelle, susceptible de leur conf\u00e9rer une qualification \u00e9quivalente, peuvent \u00eatre autoris\u00e9s \u00e0 s&rsquo;inscrire apr\u00e8s d\u00e9cision de la commission de Validation des Acquis Professionnels (VAP).<br><strong>En formation continue <\/strong>: environ 25 % des places sont ouvertes au titre de la formation continue pour des personnes ayant une exp\u00e9rience professionnelle dans les champs de comp\u00e9tences et m\u00e9tiers vis\u00e9s.<\/p>\n\n\n\n<p class=\"has-text-align-center has-medium-font-size\"> \/\/\/\/ <strong><em>Candidatures et modalit\u00e9s de s\u00e9lection<\/em><\/strong> \/\/\/\/<\/p>\n\n\n\n<p class=\"has-text-align-center\"><br><strong>Les candidatures se font en ligne sur la plateforme d\u00e9mat\u00e9rialis\u00e9e e-Candidat<\/strong> : <a rel=\"noreferrer noopener\" href=\"https:\/\/ecandidat.univ-tlse2.fr\/\" target=\"_blank\">https:\/\/ecandidat.univ-tlse2.fr\/<\/a> du <strong>07 mars au 11 avril 2022<\/strong><\/p>\n\n\n\n<p><br>La formation est ouverte aux candidats ext\u00e9rieurs \u00e0 l\u2019UT2J en M1 et M2.<br>La s\u00e9lection sur dossier, suivie g\u00e9n\u00e9ralement d\u2019un entretien devant le jury d\u2019admission, s\u2019effectue \u00e0 l\u2019entr\u00e9e en M1 pour toutes les candidatures et en M2 pour les seules candidature ext\u00e9rieures. Le jury se r\u00e9serve le droit d&rsquo;admettre sans audition des candidats pr\u00e9sentant de tr\u00e8s bons dossiers.<\/p>\n\n\n\n<p class=\"has-text-align-center has-medium-font-size\">\/\/\/\/ <strong><em>Dipl\u00f4mes d\u2019acc\u00e8s<\/em><\/strong> \/\/\/\/<\/p>\n\n\n\n<p><br><strong>Candidatures Master 1\u00e8re ann\u00e9e : Parcours GEMO et TRENT<\/strong><br>Licences conseill\u00e9es : G\u00e9ographie et am\u00e9nagement, \u00c9cologie et Environnement, Sciences de la Terre, Sciences de la vie et de la terre, Sciences de la vie, Sciences humaines et sociales,, Science politique, Histoire de l\u2019art et arch\u00e9ologie.<br>Autres dipl\u00f4mes ayant une \u00e9quivalence Bac + 3 valid\u00e9e par la Commission des Titres de l&rsquo;\u00e9tablissement habilit\u00e9 : proc\u00e9dure compl\u00e9mentaire VAE.<br>Les dipl\u00f4mes doivent \u00eatre valid\u00e9s avant le 30 septembre de l\u2019ann\u00e9e en cours.<\/p>\n\n\n\n<p><strong>Candidatures Master 2\u00e8me ann\u00e9e : de droit pour les \u00e9tudiants des parcours M1 TRENT et GEMO<\/strong><br>Masters conseill\u00e9s : Master 1 de G\u00e9ographie, Am\u00e9nagement, Environnement, Paysage, Ecologie, biologie, agronomie, Sciences de la Terre, Science politique, Sciences sociales. Niveau Bac + 4 des Grandes Ecoles d&rsquo;Ing\u00e9nieurs.<br>Autres dipl\u00f4mes ayant une \u00e9quivalence Bac + 4 valid\u00e9e par la Commission des Titres de l&rsquo;\u00e9tablissement habilit\u00e9.<br>Les dipl\u00f4mes doivent \u00eatre valid\u00e9s avant le 30 septembre de l\u2019ann\u00e9e en cours.<\/p>\n\n\n\n<p class=\"has-text-align-center has-medium-font-size\">\/\/\/\/ <strong><em>Prise en charge des frais <\/em><\/strong> \/\/\/\/<\/p>\n\n\n\n<p>Pour 2024-2025,<strong> le M1 et le M2 GEMO peuvent b\u00e9n\u00e9ficier d\u2019une prise en charge par la R\u00e9gion Occitanie des frais de formation<\/strong> pour une personne demandeuse d&#8217;emploi depuis au moins 2 ans. Une personne inscrite en 2023-2024 \u00e0 l\u2019UT2J en formation continue en Reprise d\u2019\u00c9tudes pourra b\u00e9n\u00e9ficier d&rsquo;un financement R\u00e9gion en 2024-2025.\u00a0<\/p>\n\n\n\n<p>\u00a0Les \u00e9tudiants des <strong>M1 et M2 GEMO sont \u00e9galement \u00e9ligibles au Revenu \u00c9cologique Jeune<\/strong> (REJ) financ\u00e9 par la R\u00e9gion, sous conditions (<a class=\"\" href=\"https:\/\/www.laregion.fr\/revenu-ecologique\">https:\/\/www.laregion.fr\/revenu-ecologique<\/a>) ; ce REJ \u00e9tant cumulable avec une r\u00e9mun\u00e9ration d\u00e9j\u00e0 existante, l\u00e0 encore sous conditions.<\/p>\n\n\n\n<p>Si vous \u00eates concern\u00e9.e, nous vous invitons \u00e0 vous <strong>mettre en relation avec le service de la Formation continue de l&rsquo;UT2J <\/strong>d\u00e8s r\u00e9ception de votre notification d&rsquo;admission dans le master.<\/p>\n\n\n\n<p>Des r\u00e9unions sont \u00e9galement organis\u00e9es r\u00e9guli\u00e8rement en visio par ce service tout au long de l&rsquo;ann\u00e9e afin de vous informer sur les possibilit\u00e9s de financement: <a href=\"https:\/\/www.univ-tlse2.fr\/accueil\/formation-insertion\/formation-continue\/la-reprise-detudes-dans-des-diplomes-de-formation-initiale\" class=\"\">https:\/\/www.univ-tlse2.fr\/accueil\/formation-insertion\/formation-continue\/la-reprise-detudes-dans-des-diplomes-de-formation-initiale<\/a>\u00ab\u00a0<\/p>\n","protected":false},"excerpt":{"rendered":"<p>\/\/\/\/ Conditions d&rsquo;acc\u00e8s \/\/\/\/ En formation initiale :\u2022 Les \u00e9tudiants titulaires d\u2019une Licence (entr\u00e9e en M1), d\u2019un M1 (entr\u00e9e en M2), voir la liste des dipl\u00f4mes recommand\u00e9s ci-dessous. L\u2019acc\u00e8s est s\u00e9lectif en M1 pour toutes les candidatures et en M2 pour ceux ayant suivi un autre M1.\u2022 Les candidats non titulaires de l&rsquo;un des dipl\u00f4mes [&hellip;]<\/p>\n","protected":false},"author":840,"featured_media":0,"parent":0,"menu_order":0,"comment_status":"closed","ping_status":"closed","template":"","meta":{"footnotes":""},"class_list":["post-43","page","type-page","status-publish","hentry"],"_links":{"self":[{"href":"https:\/\/blogs.univ-tlse2.fr\/master-gaed\/wp-json\/wp\/v2\/pages\/43","targetHints":{"allow":["GET"]}}],"collection":[{"href":"https:\/\/blogs.univ-tlse2.fr\/master-gaed\/wp-json\/wp\/v2\/pages"}],"about":[{"href":"https:\/\/blogs.univ-tlse2.fr\/master-gaed\/wp-json\/wp\/v2\/types\/page"}],"author":[{"embeddable":true,"href":"https:\/\/blogs.univ-tlse2.fr\/master-gaed\/wp-json\/wp\/v2\/users\/840"}],"replies":[{"embeddable":true,"href":"https:\/\/blogs.univ-tlse2.fr\/master-gaed\/wp-json\/wp\/v2\/comments?post=43"}],"version-history":[{"count":11,"href":"https:\/\/blogs.univ-tlse2.fr\/master-gaed\/wp-json\/wp\/v2\/pages\/43\/revisions"}],"predecessor-version":[{"id":671,"href":"https:\/\/blogs.univ-tlse2.fr\/master-gaed\/wp-json\/wp\/v2\/pages\/43\/revisions\/671"}],"wp:attachment":[{"href":"https:\/\/blogs.univ-tlse2.fr\/master-gaed\/wp-json\/wp\/v2\/media?parent=43"}],"curies":[{"name":"wp","href":"https:\/\/api.w.org\/{rel}","templated":true}]}}