 {"id":471,"date":"2021-04-13T15:01:40","date_gmt":"2021-04-13T13:01:40","guid":{"rendered":"https:\/\/blogs.univ-tlse2.fr\/master-gaed\/?page_id=471"},"modified":"2021-04-13T15:01:40","modified_gmt":"2021-04-13T13:01:40","slug":"ue-901-gemo","status":"publish","type":"page","link":"https:\/\/blogs.univ-tlse2.fr\/master-gaed\/ue-901-gemo\/","title":{"rendered":"UE 901 &#8211; GEMO"},"content":{"rendered":"\n<p><strong>Trajectoires des environnements montagnards<\/strong><\/p>\n\n\n\n<p>Responsable p\u00e9dagogique : <a href=\"http:\/\/w3.geode.univ-tlse2.fr\/permanents\/chapron.php\" target=\"_blank\" rel=\"noreferrer noopener\">Emmanuel CHAPRON<\/a><\/p>\n\n\n\n<p><strong>Objectifs<\/strong><\/p>\n\n\n\n<p>Ce module vise \u00e0 fournir aux \u00e9tudiants une vision de la construction, et de l\u2019\u00e9volution du fonctionnement des milieux montagnards au cours du temps, afin de comprendre la sensibilit\u00e9 des milieux montagnards aux changements climatiques et aux activit\u00e9s humaines, mais \u00e9galement leur vuln\u00e9rabilit\u00e9 aux risques naturels et aux polluants. Les objectifs de cette UE sont de permettre aux \u00e9tudiants de reconnaitre la signature de l\u2019anthropisation des milieux naturels et d\u2019int\u00e9grer les notions d\u2019archives naturelles, d\u2019h\u00e9ritage environnemental, de co-construction et de syst\u00e8mes en cascade.<\/p>\n\n\n\n<p><strong>Contenus<\/strong><\/p>\n\n\n\n<p>L\u2019UE est notamment focalis\u00e9e sur la trajectoire des hydrosyst\u00e8mes, de la v\u00e9g\u00e9tation et de l\u2019usage des sols en montagne \u00e0 partir d\u2019approches compl\u00e9mentaires reposant sur des reconstructions pal\u00e9o-environnementales, g\u00e9oarch\u00e9ologiques et g\u00e9ohistoriques. A partir de cours th\u00e9oriques, d\u2019exemples d\u2019applications et de travaux pratiques sur le terrain, cette UE aborde l\u2019\u00e9volution spatio-temporelle des environnements et des paysages en France et dans le monde.<\/p>\n\n\n\n<p><strong>Indications bibliographiques<\/strong><\/p>\n\n\n\n<p>&#8211; Dufour S., Lespez L., 2020, <em>G\u00e9ographie de l\u2019environnement. La nature au temps de l\u2019anthropoc\u00e8ne<\/em>, Paris, A. Colin, 288 p.<\/p>\n\n\n\n<p>&#8211; Durand S., 2018, <em>20&nbsp;000 ans ou la grande histoire de la nature<\/em>, Arles, Actes Sud, Mondes sauvages, 239 p. &#8211; Francou B., 1988, <em>Hautes montagnes&nbsp;: passion d\u2019exploration<\/em>, Paris, Masson, 250 p.<\/p>\n","protected":false},"excerpt":{"rendered":"<p>Trajectoires des environnements montagnards Responsable p\u00e9dagogique : Emmanuel CHAPRON Objectifs Ce module vise \u00e0 fournir aux \u00e9tudiants une vision de la construction, et de l\u2019\u00e9volution du fonctionnement des milieux montagnards au cours du temps, afin de comprendre la sensibilit\u00e9 des milieux montagnards aux changements climatiques et aux activit\u00e9s humaines, mais \u00e9galement leur vuln\u00e9rabilit\u00e9 aux risques [&hellip;]<\/p>\n","protected":false},"author":840,"featured_media":0,"parent":0,"menu_order":0,"comment_status":"closed","ping_status":"closed","template":"","meta":{"footnotes":""},"class_list":["post-471","page","type-page","status-publish","hentry"],"_links":{"self":[{"href":"https:\/\/blogs.univ-tlse2.fr\/master-gaed\/wp-json\/wp\/v2\/pages\/471","targetHints":{"allow":["GET"]}}],"collection":[{"href":"https:\/\/blogs.univ-tlse2.fr\/master-gaed\/wp-json\/wp\/v2\/pages"}],"about":[{"href":"https:\/\/blogs.univ-tlse2.fr\/master-gaed\/wp-json\/wp\/v2\/types\/page"}],"author":[{"embeddable":true,"href":"https:\/\/blogs.univ-tlse2.fr\/master-gaed\/wp-json\/wp\/v2\/users\/840"}],"replies":[{"embeddable":true,"href":"https:\/\/blogs.univ-tlse2.fr\/master-gaed\/wp-json\/wp\/v2\/comments?post=471"}],"version-history":[{"count":1,"href":"https:\/\/blogs.univ-tlse2.fr\/master-gaed\/wp-json\/wp\/v2\/pages\/471\/revisions"}],"predecessor-version":[{"id":472,"href":"https:\/\/blogs.univ-tlse2.fr\/master-gaed\/wp-json\/wp\/v2\/pages\/471\/revisions\/472"}],"wp:attachment":[{"href":"https:\/\/blogs.univ-tlse2.fr\/master-gaed\/wp-json\/wp\/v2\/media?parent=471"}],"curies":[{"name":"wp","href":"https:\/\/api.w.org\/{rel}","templated":true}]}}