 {"id":50,"date":"2020-04-28T14:29:14","date_gmt":"2020-04-28T12:29:14","guid":{"rendered":"https:\/\/blogs.univ-tlse2.fr\/master-gaed\/?page_id=50"},"modified":"2020-05-01T15:54:02","modified_gmt":"2020-05-01T13:54:02","slug":"equipe","status":"publish","type":"page","link":"https:\/\/blogs.univ-tlse2.fr\/master-gaed\/equipe\/","title":{"rendered":"\u00c9QUIPE"},"content":{"rendered":"\n<p class=\"has-text-align-center\">L&rsquo;essentiel de l&rsquo;\u00e9quipe, intervenant en tronc commun mais \u00e9galement dans les parcours sp\u00e9cifiques, est compos\u00e9 d&rsquo;enseignants du <a href=\"https:\/\/geo.univ-tlse2.fr\/\" target=\"_blank\" rel=\"noreferrer noopener\">D\u00e9partement de G\u00e9ographie<\/a> de l&rsquo;Universit\u00e9 de Toulouse Jean Jaur\u00e8s (Ma\u00eetres de conf\u00e9rences et Professeurs) et de personnels CNRS du <a href=\"http:\/\/w3.geode.univ-tlse2.fr\/\" target=\"_blank\" rel=\"noreferrer noopener\">laboratoire GEODE &#8211; G\u00e9ographie de l&rsquo;Environnement<\/a> adoss\u00e9 au master (Ing\u00e9nieurs, Charg\u00e9s de Recherche, Directeurs de Recherche). De nombreux professionnels externes (entreprises, associations, laboratoires, consultants&#8230;) interviennent \u00e9galement de mani\u00e8re ponctuelle.<\/p>\n\n\n\n<ul class=\"wp-block-list\"><li><a href=\"https:\/\/blogs.univ-tlse2.fr\/master-gaed\/equipe-trent\/\">\u00c9quipe du parcours TRENT<\/a><\/li><li><a href=\"https:\/\/blogs.univ-tlse2.fr\/master-gaed\/equipe-dynem\/\">\u00c9quipe du parcours DYNEM<\/a><\/li><\/ul>\n\n\n\n<p><\/p>\n","protected":false},"excerpt":{"rendered":"<p>L&rsquo;essentiel de l&rsquo;\u00e9quipe, intervenant en tronc commun mais \u00e9galement dans les parcours sp\u00e9cifiques, est compos\u00e9 d&rsquo;enseignants du D\u00e9partement de G\u00e9ographie de l&rsquo;Universit\u00e9 de Toulouse Jean Jaur\u00e8s (Ma\u00eetres de conf\u00e9rences et Professeurs) et de personnels CNRS du laboratoire GEODE &#8211; G\u00e9ographie de l&rsquo;Environnement adoss\u00e9 au master (Ing\u00e9nieurs, Charg\u00e9s de Recherche, Directeurs de Recherche). De nombreux professionnels [&hellip;]<\/p>\n","protected":false},"author":840,"featured_media":0,"parent":0,"menu_order":0,"comment_status":"closed","ping_status":"closed","template":"","meta":{"footnotes":""},"class_list":["post-50","page","type-page","status-publish","hentry"],"_links":{"self":[{"href":"https:\/\/blogs.univ-tlse2.fr\/master-gaed\/wp-json\/wp\/v2\/pages\/50","targetHints":{"allow":["GET"]}}],"collection":[{"href":"https:\/\/blogs.univ-tlse2.fr\/master-gaed\/wp-json\/wp\/v2\/pages"}],"about":[{"href":"https:\/\/blogs.univ-tlse2.fr\/master-gaed\/wp-json\/wp\/v2\/types\/page"}],"author":[{"embeddable":true,"href":"https:\/\/blogs.univ-tlse2.fr\/master-gaed\/wp-json\/wp\/v2\/users\/840"}],"replies":[{"embeddable":true,"href":"https:\/\/blogs.univ-tlse2.fr\/master-gaed\/wp-json\/wp\/v2\/comments?post=50"}],"version-history":[{"count":7,"href":"https:\/\/blogs.univ-tlse2.fr\/master-gaed\/wp-json\/wp\/v2\/pages\/50\/revisions"}],"predecessor-version":[{"id":102,"href":"https:\/\/blogs.univ-tlse2.fr\/master-gaed\/wp-json\/wp\/v2\/pages\/50\/revisions\/102"}],"wp:attachment":[{"href":"https:\/\/blogs.univ-tlse2.fr\/master-gaed\/wp-json\/wp\/v2\/media?parent=50"}],"curies":[{"name":"wp","href":"https:\/\/api.w.org\/{rel}","templated":true}]}}