 {"id":507,"date":"2021-04-14T11:04:18","date_gmt":"2021-04-14T09:04:18","guid":{"rendered":"https:\/\/blogs.univ-tlse2.fr\/master-gaed\/?page_id=507"},"modified":"2021-04-14T11:04:18","modified_gmt":"2021-04-14T09:04:18","slug":"ue-806-trent","status":"publish","type":"page","link":"https:\/\/blogs.univ-tlse2.fr\/master-gaed\/ue-806-trent\/","title":{"rendered":"UE 806 &#8211; TRENT"},"content":{"rendered":"\n<p><strong>Atelier \u2013 Projet tutor\u00e9<\/strong><\/p>\n\n\n\n<p>Responsable p\u00e9dagogique : <a href=\"http:\/\/w3.geode.univ-tlse2.fr\/permanents\/beringuier.php\" target=\"_blank\" rel=\"noreferrer noopener\">Philippe B\u00e9ringuier<\/a><\/p>\n\n\n\n<p><strong>Objectifs<\/strong><\/p>\n\n\n\n<p>L\u2019objectif du module est de pr\u00e9parer les \u00e9tudiant.e.s \u00e0 r\u00e9pondre de mani\u00e8re collective, scientifique et pragmatique \u00e0 une commande sp\u00e9cifique. Iil vise \u00e0 remobiliser et mettre en pratique les acquis dans le cadre d&rsquo;un projet r\u00e9alis\u00e9 en petits groupes autonomes et accompagn\u00e9s par l\u2019\u00e9quipe p\u00e9dagogique. L\u2019\u00e9tudiant.e est mis dans les conditions r\u00e9elles de r\u00e9ponse collective \u00e0 une commande de type professionnel et\u00a0 se familiarise avec la gestion de projet. Le sujet de l\u2019atelier est fix\u00e9 par l\u2019\u00e9quipe enseignante qui accompagne toute la promotion en salle et sur le terrain. La promotion est r\u00e9partie en petits groupes (3-4 \u00e9tudiant.e.s) qui ciblent leurs travaux sur un volet, une th\u00e9matique de l\u2019atelier. Ils r\u00e9digent un dossier\u00a0 et pr\u00e9sentent les principaux r\u00e9sultats dans un expos\u00e9 oral collectif.<\/p>\n\n\n\n<p><strong>Contenus<\/strong><\/p>\n\n\n\n<p>Le format atelier de cet enseignement met les \u00e9tudiants en situation de production professionnelle et collective d\u2019une \u00e9tude sur des th\u00e9matiques vari\u00e9es.<\/p>\n\n\n\n<p>&#8211; Pr\u00e9sentation du cadrage, des attendus et des livrables<\/p>\n\n\n\n<p>&#8211; Mise en \u0153uvre du travail de terrain, recherche documentaire, identification des donn\u00e9es &#8211; plusieurs rendez-vous p\u00e9riodiques pour le suivi des apprentissages et l\u2019avanc\u00e9e des travaux<\/p>\n","protected":false},"excerpt":{"rendered":"<p>Atelier \u2013 Projet tutor\u00e9 Responsable p\u00e9dagogique : Philippe B\u00e9ringuier Objectifs L\u2019objectif du module est de pr\u00e9parer les \u00e9tudiant.e.s \u00e0 r\u00e9pondre de mani\u00e8re collective, scientifique et pragmatique \u00e0 une commande sp\u00e9cifique. Iil vise \u00e0 remobiliser et mettre en pratique les acquis dans le cadre d&rsquo;un projet r\u00e9alis\u00e9 en petits groupes autonomes et accompagn\u00e9s par l\u2019\u00e9quipe p\u00e9dagogique. [&hellip;]<\/p>\n","protected":false},"author":840,"featured_media":0,"parent":0,"menu_order":0,"comment_status":"closed","ping_status":"closed","template":"","meta":{"footnotes":""},"class_list":["post-507","page","type-page","status-publish","hentry"],"_links":{"self":[{"href":"https:\/\/blogs.univ-tlse2.fr\/master-gaed\/wp-json\/wp\/v2\/pages\/507","targetHints":{"allow":["GET"]}}],"collection":[{"href":"https:\/\/blogs.univ-tlse2.fr\/master-gaed\/wp-json\/wp\/v2\/pages"}],"about":[{"href":"https:\/\/blogs.univ-tlse2.fr\/master-gaed\/wp-json\/wp\/v2\/types\/page"}],"author":[{"embeddable":true,"href":"https:\/\/blogs.univ-tlse2.fr\/master-gaed\/wp-json\/wp\/v2\/users\/840"}],"replies":[{"embeddable":true,"href":"https:\/\/blogs.univ-tlse2.fr\/master-gaed\/wp-json\/wp\/v2\/comments?post=507"}],"version-history":[{"count":1,"href":"https:\/\/blogs.univ-tlse2.fr\/master-gaed\/wp-json\/wp\/v2\/pages\/507\/revisions"}],"predecessor-version":[{"id":508,"href":"https:\/\/blogs.univ-tlse2.fr\/master-gaed\/wp-json\/wp\/v2\/pages\/507\/revisions\/508"}],"wp:attachment":[{"href":"https:\/\/blogs.univ-tlse2.fr\/master-gaed\/wp-json\/wp\/v2\/media?parent=507"}],"curies":[{"name":"wp","href":"https:\/\/api.w.org\/{rel}","templated":true}]}}