 {"id":52,"date":"2020-04-28T14:30:04","date_gmt":"2020-04-28T12:30:04","guid":{"rendered":"https:\/\/blogs.univ-tlse2.fr\/master-gaed\/?page_id=52"},"modified":"2020-05-05T14:14:33","modified_gmt":"2020-05-05T12:14:33","slug":"ateliers","status":"publish","type":"page","link":"https:\/\/blogs.univ-tlse2.fr\/master-gaed\/ateliers\/","title":{"rendered":"ATELIERS"},"content":{"rendered":"\n<p>Voici quelques exemples d&rsquo;ateliers r\u00e9alis\u00e9s au cours des derni\u00e8res ann\u00e9es. Il correspondent \u00e0 des \u00ab\u00a0commandes\u00a0\u00bb, en g\u00e9n\u00e9ral financ\u00e9es, au cours desquelles les \u00e9tudiants (par groupe de 4 \u00e0 7) se retrouvent en position de prestataire et doivent faire preuve de leurs comp\u00e9tences et de leurs acquis en prenant en charge un projet de A \u00e0 Z :<\/p>\n\n\n\n<ul class=\"wp-block-list\"><li>M2 GEP (2014) \u00ab <strong>Int\u00e9grer les cours d\u2019eau dans le d\u00e9veloppement de la commune \u00e0 long terme, afin de contribuer \u00e0 la protection des habitants du village et \u00e0 l\u2019am\u00e9lioration du cadre de vie<\/strong> \u00bb (<em>Partenaire: Mairie de Luc-sur-Orbieu, Aude ) <\/em><\/li><li>M2 GEP (2016) \u00ab <strong>Implication de la DCE pour la gestion des barrages hydro-\u00e9lectriques dans les Pyr\u00e9n\u00e9es Ari\u00e8geoises<\/strong> \u00bb (<em>Partenaires: Laboratoire GEODE et OHM Pyr\u00e9n\u00e9es Haut Vicdesso<\/em>s) <\/li><li>M2 GEP (2018) \u00ab <strong>Plan de valorisation et de conservation d\u2019une vielle foret des Carpates roumaines r\u00e9cemment class\u00e9e patrimoine mondial de l\u2019UNESCO<\/strong> \u00bb (Partenaire: Projet FORETEXIL consortium franco-roumain) <\/li><li>M1 GEP (2018) &amp; M2 GEP (2019) \u00ab <strong>Valorisation du lac des Pradasses aupr\u00e8s du public <\/strong>\u00bb (<em>Partenaire: Communaut\u00e9 de communes Bassin Auterivain Haut-Garonnais<\/em>) <\/li><li>M1 TRENT (2019-2020) \u00ab <strong>Les paysages des routes et les paysages nocturnes en Haute-Garonne<\/strong> \u00bb Contribution \u00e0 l\u2019atlas des paysages de la Haute-Garonne (en cours). (Partenaires : DREAL Occitanie , BE Signes Paysage &#8211; Bordeaux-)<\/li><li>M1 DYNEM (2019) \u00ab <strong>L\u2019hydrologie de la Montagne Noire au service de l\u2019alimentation du Canal du Midi<\/strong> \u00bb. (<em>Partenaires: AFB, GEODE, VNF<\/em>) <\/li><li>M2 GEP (2020) \u00ab <strong>Conception et r\u00e9alisation de l\u2019am\u00e9nagement pour accueil du public d\u2019un site ENS-Espace Naturel Sensible du CD du Gers: l\u2019\u00e9tang du Moura <\/strong>\u00bb (<em>Partenaires: ONF, ADASEA, Arbres et Paysages-32, F\u00e9d\u00e9ration de Chasse, F\u00e9d\u00e9ration de P\u00eache, Associations ornithologiques<\/em>)<\/li><\/ul>\n","protected":false},"excerpt":{"rendered":"<p>Voici quelques exemples d&rsquo;ateliers r\u00e9alis\u00e9s au cours des derni\u00e8res ann\u00e9es. Il correspondent \u00e0 des \u00ab\u00a0commandes\u00a0\u00bb, en g\u00e9n\u00e9ral financ\u00e9es, au cours desquelles les \u00e9tudiants (par groupe de 4 \u00e0 7) se retrouvent en position de prestataire et doivent faire preuve de leurs comp\u00e9tences et de leurs acquis en prenant en charge un projet de A \u00e0 [&hellip;]<\/p>\n","protected":false},"author":840,"featured_media":0,"parent":0,"menu_order":0,"comment_status":"closed","ping_status":"closed","template":"","meta":{"footnotes":""},"class_list":["post-52","page","type-page","status-publish","hentry"],"_links":{"self":[{"href":"https:\/\/blogs.univ-tlse2.fr\/master-gaed\/wp-json\/wp\/v2\/pages\/52","targetHints":{"allow":["GET"]}}],"collection":[{"href":"https:\/\/blogs.univ-tlse2.fr\/master-gaed\/wp-json\/wp\/v2\/pages"}],"about":[{"href":"https:\/\/blogs.univ-tlse2.fr\/master-gaed\/wp-json\/wp\/v2\/types\/page"}],"author":[{"embeddable":true,"href":"https:\/\/blogs.univ-tlse2.fr\/master-gaed\/wp-json\/wp\/v2\/users\/840"}],"replies":[{"embeddable":true,"href":"https:\/\/blogs.univ-tlse2.fr\/master-gaed\/wp-json\/wp\/v2\/comments?post=52"}],"version-history":[{"count":3,"href":"https:\/\/blogs.univ-tlse2.fr\/master-gaed\/wp-json\/wp\/v2\/pages\/52\/revisions"}],"predecessor-version":[{"id":169,"href":"https:\/\/blogs.univ-tlse2.fr\/master-gaed\/wp-json\/wp\/v2\/pages\/52\/revisions\/169"}],"wp:attachment":[{"href":"https:\/\/blogs.univ-tlse2.fr\/master-gaed\/wp-json\/wp\/v2\/media?parent=52"}],"curies":[{"name":"wp","href":"https:\/\/api.w.org\/{rel}","templated":true}]}}