 {"id":532,"date":"2021-04-14T14:20:59","date_gmt":"2021-04-14T12:20:59","guid":{"rendered":"https:\/\/blogs.univ-tlse2.fr\/master-gaed\/?page_id=532"},"modified":"2021-04-14T14:20:59","modified_gmt":"2021-04-14T12:20:59","slug":"ue-704-gaed","status":"publish","type":"page","link":"https:\/\/blogs.univ-tlse2.fr\/master-gaed\/ue-704-gaed\/","title":{"rendered":"UE 704 &#8211; GAED"},"content":{"rendered":"\n<p><strong>D\u00e9marche de la recherche<\/strong><\/p>\n\n\n\n<p>Responsable p\u00e9dagogique : <a href=\"http:\/\/w3.geode.univ-tlse2.fr\/permanents\/py.php\" target=\"_blank\" rel=\"noreferrer noopener\">Vanessa Py-Saragaglia<\/a><\/p>\n\n\n\n<p><strong>Objectifs<\/strong><\/p>\n\n\n\n<p>Savoir d\u00e9crypter une d\u00e9marche scientifique et ses apports (production des connaissances scientifiques) pour \u00eatre en mesure de les retranscrire dans une perspective op\u00e9rationnelle ;<br>Ma\u00eetriser les principaux concepts et m\u00e9thodes de la d\u00e9marche scientifique (observations, exp\u00e9riences, d\u00e9marches, raisonnements) ;<br>Ma\u00eetriser les \u00e9tapes cl\u00e9s de la d\u00e9marche scientifique, depuis la conception d\u2019une id\u00e9e, \u00e0 partir de laquelle une probl\u00e9matique sera d\u00e9finie, jusqu\u2019\u00e0 la mise en \u0153uvre d\u2019un projet de recherche ;<\/p>\n\n\n\n<p>Conna\u00eetre les cl\u00e9s pour produire des id\u00e9es de recherche et parvenir \u00e0 les mettre en musique dans un projet probl\u00e9matis\u00e9 (du projet de stage de master jusqu\u2019\u00e0 l\u2019\u00e9laboration d\u2019un projet de recherche avec une vis\u00e9e op\u00e9rationnelle).<\/p>\n\n\n\n<p><strong>Contenus<\/strong><\/p>\n\n\n\n<p>Enseignements g\u00e9n\u00e9raux sur la d\u00e9marche scientifique (concepts cl\u00e9s, m\u00e9thodes) avec un double objectif de production des connaissances et de perspective op\u00e9rationnelle (\u00ab conna\u00eetre pour agir \u00bb) visant \u00e0 changer concr\u00e8tement un ph\u00e9nom\u00e8ne ou un syst\u00e8me (gestion, conservation, m\u00e9diation, etc.) ;<\/p>\n\n\n\n<p>Pr\u00e9sentation d\u2019\u00e9tudes de cas dans diff\u00e9rents champs de l\u2019environnement (\u00e9cologie historique, g\u00e9ographie sociale, g\u00e9ographie physique, pal\u00e9o\u00e9cologie\/mod\u00e9lisation), depuis l\u2019\u00e9mergence de l\u2019id\u00e9e de recherche, en passant par sa probl\u00e9matisation, l\u2019\u00e9laboration du protocole, jusqu\u2019\u00e0 l\u2019interpr\u00e9tation et la mise en perspective des r\u00e9sultats.<\/p>\n\n\n\n<p><strong>Indications bibliographiques<\/strong><\/p>\n\n\n\n<p>D\u00e9pelteau, F., 2010. La d\u00e9marche d\u2019une recherche en sciences humaines. De la question de d\u00e9part \u00e0 la communication des r\u00e9sultats. \u00ab&nbsp;M\u00e9thodes en sciences humaines&nbsp;\u00bb (coll.), De Boeck ed., 2e \u00e9dition, Bruxelles, 417 p.<\/p>\n\n\n\n<p>Sp\u00e9cialistes (exemples de th\u00e8mes abord\u00e9s dans les \u00e9tudes de cas)&nbsp;:<\/p>\n\n\n\n<p>Py-Saragaglia, V., et al., 2020.&nbsp;<em>Knowledge and conservation of Old-Growth Forests: a key issue to face global changes.&nbsp;The case study of Str\u00e2mbu-B\u0103iu\u021b &#8211; Maramure\u015f (Eastern Carpathians, Romania)<\/em>, in: Panetta, A., Pescini, V., Py-Saragaglia, V. (Eds), Disassembing landscape. Applied environmental archaeology and historical ecology, Quaderni storici, 2020, n\u00b02, Agosto, Il Mulino, 369-404.<\/p>\n\n\n\n<p>Chapron, E., Arnaud, F., Marguet, A., Billaud, Y., Perdereau, L., Magny, M., 2007. <em>\u00c9volution des pal\u00e9oenvironnements Alpins durant l\u2019\u00c2ge du Bronze&nbsp;: apports des archives s\u00e9dimentaires littorales et profondes du lac du Bourget (Savoie, France)<\/em>, in&nbsp;: Environnements et cultures \u00e0 l\u2019\u00c2ge du Bronze en Europe occidentale, CTHS Diffusion, 45-55.<\/p>\n\n\n\n<p>Latour David, 2020<em>. Le go\u00fbt amer du miel&nbsp;: penser un avenir commun pour l\u2019abeille, l\u2019homme et la plan\u00e8te<\/em>, Soci\u00e9t\u00e9s, vol.2, n\u00b0 148, 115-128. Raj Gurung, T., Bousquet, F., Tr\u00e9buil, G., 2006. <em>Companion modeling, conflict resolution, and institution building: sharing irrigation water in the Lingmuteychu Waters<\/em>hed, Bhutan, Ecology &amp; Society 11.&nbsp;<\/p>\n","protected":false},"excerpt":{"rendered":"<p>D\u00e9marche de la recherche Responsable p\u00e9dagogique : Vanessa Py-Saragaglia Objectifs Savoir d\u00e9crypter une d\u00e9marche scientifique et ses apports (production des connaissances scientifiques) pour \u00eatre en mesure de les retranscrire dans une perspective op\u00e9rationnelle ;Ma\u00eetriser les principaux concepts et m\u00e9thodes de la d\u00e9marche scientifique (observations, exp\u00e9riences, d\u00e9marches, raisonnements) ;Ma\u00eetriser les \u00e9tapes cl\u00e9s de la d\u00e9marche scientifique, [&hellip;]<\/p>\n","protected":false},"author":840,"featured_media":0,"parent":0,"menu_order":0,"comment_status":"closed","ping_status":"closed","template":"","meta":{"footnotes":""},"class_list":["post-532","page","type-page","status-publish","hentry"],"_links":{"self":[{"href":"https:\/\/blogs.univ-tlse2.fr\/master-gaed\/wp-json\/wp\/v2\/pages\/532","targetHints":{"allow":["GET"]}}],"collection":[{"href":"https:\/\/blogs.univ-tlse2.fr\/master-gaed\/wp-json\/wp\/v2\/pages"}],"about":[{"href":"https:\/\/blogs.univ-tlse2.fr\/master-gaed\/wp-json\/wp\/v2\/types\/page"}],"author":[{"embeddable":true,"href":"https:\/\/blogs.univ-tlse2.fr\/master-gaed\/wp-json\/wp\/v2\/users\/840"}],"replies":[{"embeddable":true,"href":"https:\/\/blogs.univ-tlse2.fr\/master-gaed\/wp-json\/wp\/v2\/comments?post=532"}],"version-history":[{"count":1,"href":"https:\/\/blogs.univ-tlse2.fr\/master-gaed\/wp-json\/wp\/v2\/pages\/532\/revisions"}],"predecessor-version":[{"id":533,"href":"https:\/\/blogs.univ-tlse2.fr\/master-gaed\/wp-json\/wp\/v2\/pages\/532\/revisions\/533"}],"wp:attachment":[{"href":"https:\/\/blogs.univ-tlse2.fr\/master-gaed\/wp-json\/wp\/v2\/media?parent=532"}],"curies":[{"name":"wp","href":"https:\/\/api.w.org\/{rel}","templated":true}]}}