 {"id":75,"date":"2020-04-29T14:55:34","date_gmt":"2020-04-29T12:55:34","guid":{"rendered":"https:\/\/blogs.univ-tlse2.fr\/master-gaed\/?page_id=75"},"modified":"2020-06-10T14:50:10","modified_gmt":"2020-06-10T12:50:10","slug":"boite-a-outils","status":"publish","type":"page","link":"https:\/\/blogs.univ-tlse2.fr\/master-gaed\/boite-a-outils\/","title":{"rendered":"BOITE-\u00c0-OUTILS"},"content":{"rendered":"\n<p>Dans cet onglet sont regroup\u00e9s des infos utiles, des trucs et astuces, des exemples de travaux, des liens pratiques&#8230;<\/p>\n\n\n\n<p class=\"has-text-align-center\"><strong>CHERCHER ET TROUVER UN STAGE<\/strong> : <a rel=\"noreferrer noopener\" href=\"https:\/\/blogs.univ-tlse2.fr\/master-gaed\/files\/2020\/06\/chercher_un_stage.pdf\" target=\"_blank\">Les 14 Commandements \u00e0 t\u00e9l\u00e9charger en pdf<\/a><\/p>\n\n\n\n<p class=\"has-text-align-center\">****<\/p>\n\n\n\n<p class=\"has-text-align-center\">Ce qu&rsquo;il faut savoir <strong>\u00e0 propos des FIGURES ANNEXES et NOTES<\/strong> dans un m\u00e9moire : <a rel=\"noreferrer noopener\" href=\"https:\/\/blogs.univ-tlse2.fr\/master-gaed\/files\/2020\/06\/FIGURES-ET-DES-ANNEXES.pdf\" target=\"_blank\">2 pages \u00e0 t\u00e9l\u00e9charger en pdf<\/a><\/p>\n\n\n\n<p class=\"has-text-align-center\">****<\/p>\n\n\n\n<p class=\"has-text-align-center\">Ce qu&rsquo;il faut savoir \u00e0 propos de la <strong>BIBLIOGRAPHIE <\/strong>dans un m\u00e9moire : <a rel=\"noreferrer noopener\" href=\"https:\/\/blogs.univ-tlse2.fr\/master-gaed\/files\/2020\/06\/REGLES-BIBLIOGRAPHIE-M\u00c9MOIRE.pdf\" target=\"_blank\">2 pages \u00e0 t\u00e9l\u00e9charger en pdf<\/a><\/p>\n\n\n\n<p class=\"has-text-align-center\">****<\/p>\n\n\n\n<p><\/p>\n","protected":false},"excerpt":{"rendered":"<p>Dans cet onglet sont regroup\u00e9s des infos utiles, des trucs et astuces, des exemples de travaux, des liens pratiques&#8230; CHERCHER ET TROUVER UN STAGE : Les 14 Commandements \u00e0 t\u00e9l\u00e9charger en pdf **** Ce qu&rsquo;il faut savoir \u00e0 propos des FIGURES ANNEXES et NOTES dans un m\u00e9moire : 2 pages \u00e0 t\u00e9l\u00e9charger en pdf **** [&hellip;]<\/p>\n","protected":false},"author":840,"featured_media":0,"parent":0,"menu_order":0,"comment_status":"closed","ping_status":"closed","template":"","meta":{"footnotes":""},"class_list":["post-75","page","type-page","status-publish","hentry"],"_links":{"self":[{"href":"https:\/\/blogs.univ-tlse2.fr\/master-gaed\/wp-json\/wp\/v2\/pages\/75","targetHints":{"allow":["GET"]}}],"collection":[{"href":"https:\/\/blogs.univ-tlse2.fr\/master-gaed\/wp-json\/wp\/v2\/pages"}],"about":[{"href":"https:\/\/blogs.univ-tlse2.fr\/master-gaed\/wp-json\/wp\/v2\/types\/page"}],"author":[{"embeddable":true,"href":"https:\/\/blogs.univ-tlse2.fr\/master-gaed\/wp-json\/wp\/v2\/users\/840"}],"replies":[{"embeddable":true,"href":"https:\/\/blogs.univ-tlse2.fr\/master-gaed\/wp-json\/wp\/v2\/comments?post=75"}],"version-history":[{"count":9,"href":"https:\/\/blogs.univ-tlse2.fr\/master-gaed\/wp-json\/wp\/v2\/pages\/75\/revisions"}],"predecessor-version":[{"id":331,"href":"https:\/\/blogs.univ-tlse2.fr\/master-gaed\/wp-json\/wp\/v2\/pages\/75\/revisions\/331"}],"wp:attachment":[{"href":"https:\/\/blogs.univ-tlse2.fr\/master-gaed\/wp-json\/wp\/v2\/media?parent=75"}],"curies":[{"name":"wp","href":"https:\/\/api.w.org\/{rel}","templated":true}]}}