 {"id":87,"date":"2020-04-30T10:12:45","date_gmt":"2020-04-30T08:12:45","guid":{"rendered":"https:\/\/blogs.univ-tlse2.fr\/master-gaed\/?page_id=87"},"modified":"2021-04-16T10:57:49","modified_gmt":"2021-04-16T08:57:49","slug":"equipe-trent","status":"publish","type":"page","link":"https:\/\/blogs.univ-tlse2.fr\/master-gaed\/equipe-trent\/","title":{"rendered":"\u00c9quipe TRENT"},"content":{"rendered":"\n<p>L\u2019essentiel de l\u2019\u00e9quipe intervenant dans le parcours TRENT est compos\u00e9e d\u2019enseignants-chercheurs et ing\u00e9nieurs du D\u00e9partement de G\u00e9ographie (Professeurs et Ma\u00eetres de conf\u00e9rences), ainsi que de chercheurs et ing\u00e9nieurs du laboratoire d\u2019adossement du master, <a href=\"http:\/\/w3.geode.univ-tlse2.fr\/\">GEODE UMR-5602<\/a> du CNRS :<\/p>\n\n\n\n<ul class=\"wp-block-list\"><li><a rel=\"noreferrer noopener\" href=\"http:\/\/w3.geode.univ-tlse2.fr\/permanents\/alet.php\" target=\"_blank\">ALET Bernard<\/a>, Ma\u00eetre de Conf\u00e9rences \u2013 Paysages, Ornithologie<\/li><li><a rel=\"noreferrer noopener\" href=\"http:\/\/w3.geode.univ-tlse2.fr\/permanents\/angeliaume.php\" target=\"_blank\">ANGELIAUME Alexandra<\/a>, Ma\u00eetre de Conf\u00e9rences \u2013 Gestion de l\u2019eau<\/li><li><a href=\"http:\/\/w3.geode.univ-tlse2.fr\/permanents\/antoine.php\">ANTOINE Jean Ma<\/a><a rel=\"noreferrer noopener\" href=\"http:\/\/w3.geode.univ-tlse2.fr\/permanents\/antoine.php\" target=\"_blank\">rc<\/a>, Ma\u00eetre de Conf\u00e9rences HDR \u2013 Risques naturels, Zones humides, G\u00e9ohistoire de l\u2019environnement<\/li><li><a rel=\"noreferrer noopener\" href=\"https:\/\/geo.univ-tlse2.fr\/m-aussaguel-francois-394856.kjsp\" target=\"_blank\">AUSSAGUEL Fran\u00e7ois<\/a>, Ing\u00e9nieur D\u00e9partement de G\u00e9ographie &#8211; Cartographie, G\u00e9omatique<\/li><li><a href=\"http:\/\/w3.geode.univ-tlse2.fr\/permanents\/barcet.php\">BARCET Hugues<\/a>, Ing\u00e9nieur CNRS \u2013 G\u00e9omatique<\/li><li><a href=\"http:\/\/w3.geode.univ-tlse2.fr\/permanents\/beringuier.php\">B\u00c9RINGUIER Philippe<\/a>, Ma\u00eetre de Conf\u00e9rences \u2013 Paysages, Am\u00e9nagement, <strong>responsable GAED<\/strong> &#8211; <strong>Co-responsable parcours TRENT<\/strong><\/li><li><a href=\"http:\/\/w3.geode.univ-tlse2.fr\/permanents\/briane.php\">BRIANE G\u00e9rard<\/a>, Ma\u00eetre de Conf\u00e9rences \u2013 Biog\u00e9ographie, Paysages<\/li><li><a rel=\"noreferrer noopener\" href=\"http:\/\/w3.geode.univ-tlse2.fr\/permanents\/desailly.php\" target=\"_blank\">DESAILLY Bertrand<\/a>, Ma\u00eetre de Conf\u00e9rences \u2013 Environnements urbains, Paysages<\/li><li><a rel=\"noreferrer noopener\" href=\"http:\/\/w3.geode.univ-tlse2.fr\/permanents\/guillerme.php\" target=\"_blank\">GUILLERME Sylvie<\/a>, Charg\u00e9e de Recherche CNRS \u2013 Agrodiversit\u00e9, agroforesterie<\/li><li><a rel=\"noreferrer noopener\" href=\"https:\/\/lisst.univ-tlse2.fr\/accueil\/navigation\/autres-infos\/annuaire\/cecile-jebeili--82969.kjsp?RH=Annuaire_LISST#\/\" target=\"_blank\">JEBEILI C\u00e9cile<\/a>, Ma\u00eetre de Conf\u00e9rences \u2013 Droit de l\u2019am\u00e9nagement et des collectivit\u00e9s territoriales<\/li><li>LE COQ Vincent, Ma\u00eetre de Conf\u00e9rences \u2013 Droit de l\u2019environnement et des associations<\/li><li><a rel=\"noreferrer noopener\" href=\"http:\/\/w3.geode.univ-tlse2.fr\/permanents\/lerigoleur.php\" target=\"_blank\">LERIGOLEUR \u00c9milie<\/a>, Ing\u00e9nieur CNRS \u2013 Gestion de bases de donn\u00e9es<\/li><li><a rel=\"noreferrer noopener\" href=\"https:\/\/www.researchgate.net\/profile\/Daniel_Marc3\" target=\"_blank\">MARC Daniel<\/a>, Professeur associ\u00e9, Conservatoire des Espaces Naturels Occitanie<\/li><li><a rel=\"noreferrer noopener\" href=\"http:\/\/w3.geode.univ-tlse2.fr\/permanents\/paegelow.php\" target=\"_blank\">PAEGELOW Martin<\/a>, Professeur \u2013 G\u00e9omatique, Mod\u00e9lisation<\/li><li><a rel=\"noreferrer noopener\" href=\"http:\/\/w3.geode.univ-tlse2.fr\/permanents\/peltier.php\" target=\"_blank\">PELTIER Anne<\/a>, Ma\u00eetre de Conf\u00e9rences \u2013 Risques naturels<\/li><li><a rel=\"noreferrer noopener\" href=\"http:\/\/w3.geode.univ-tlse2.fr\/permanents\/saqalli.php\" target=\"_blank\">SAQALLI Mehdi<\/a>, Charg\u00e9 de Recherche CNRS \u2013 Mod\u00e9lisation, SMA<\/li><li><a rel=\"noreferrer noopener\" href=\"http:\/\/w3.geode.univ-tlse2.fr\/permanents\/lea_sebastien.php\" target=\"_blank\">S\u00c9BASTIEN L\u00e9a<\/a>, Ma\u00eetre de Conf\u00e9rences \u2013 Conflits environnementaux &#8211; <strong>Coordinatrice et co-responsable parcours TRENT<\/strong><\/li><li><a rel=\"noreferrer noopener\" href=\"http:\/\/w3.geode.univ-tlse2.fr\/permanents\/valette.php\" target=\"_blank\">VALETTE Philippe<\/a>, Ma\u00eetre de Conf\u00e9rences HDR \u2013 Paysages, g\u00e9ohistoire de l\u2019environnement<\/li><li><a rel=\"noreferrer noopener\" href=\"http:\/\/www.franckvidal.fr\/\" target=\"_blank\">VIDAL Franck<\/a>, Ing\u00e9nieur CNRS \u2013 Communication<\/li><\/ul>\n\n\n\n<p>Interviennent \u00e9galement un certain nombre de coll\u00e8gues enseignants-chercheurs ou chercheurs d\u2019autres universit\u00e9s ou d\u2019autres laboratoires, en France ou \u00e0 l\u2019\u00e9tranger&nbsp; :<\/p>\n\n\n\n<ul class=\"wp-block-list\"><li>DECONCHAT Marc, Ing\u00e9nieur agronome, Laboratoire DYNAFOR, INRAE<\/li><\/ul>\n\n\n\n<p>Ponctuellement des enseignants-chercheurs \u00e9trangers invit\u00e9s peuvent \u00eatre amen\u00e9s \u00e0 participer aux enseignements&nbsp;:<\/p>\n\n\n\n<ul class=\"wp-block-list\"><li>2020&nbsp;: Maria Teresa ALARCON, Universit\u00e9 de Durango, Mexique<\/li><li>2019&nbsp;: Huyen Ta\u00ef NGUYEN, Universit\u00e9 d\u2019Architecture de Hano\u00ef, Viet-Nam<\/li><li>2018&nbsp;: Alfredo OLLERO, Universit\u00e9 de Saragosse, Espagne<\/li><li>2017&nbsp;: Jean-Fran\u00e7ois MAS-CAUSSEL, Universit\u00e9&nbsp;Autonome de Mexico, Mexique<\/li><\/ul>\n\n\n\n<p>Enfin, des professionnels associ\u00e9s sont int\u00e9gr\u00e9s \u00e0 l\u2019\u00e9quipe p\u00e9dagogique, notamment&nbsp;:<\/p>\n\n\n\n<ul class=\"wp-block-list\"><li><a rel=\"noreferrer noopener\" href=\"https:\/\/www.researchgate.net\/profile\/Daniel_Marc3\" target=\"_blank\">MARC Daniel<\/a>, Professionnel associ\u00e9 au D\u00e9partement de G\u00e9ographie, Directeur du Conservatoire des Espaces Naturels d\u2019Occitanie<\/li><li>BENZENET Yvain, Agence Fran\u00e7aise de la Biodiversit\u00e9 Occitanie<\/li><\/ul>\n\n\n\n<p>Et pour des interventions plus ponctuelles&nbsp;:<\/p>\n\n\n\n<ul class=\"wp-block-list\"><li>ATHANASE Fabienne, DDT Haute-Garonne<\/li><li>BREINIG Thomas, Ing\u00e9nieur, SMIVAL Haute-Garonne-Ari\u00e8ge<\/li><li>DYRDA Camille, charg\u00e9e de communication, Nature en Occitanie<\/li><li>MATEU Claire, Assistante de production, Association ARTO<\/li><li>MORELLO Josette, Consultante RH, Chrysalide RH<\/li><li>SIRVEN Bruno, Arbres et paysages 32<\/li><\/ul>\n","protected":false},"excerpt":{"rendered":"<p>L\u2019essentiel de l\u2019\u00e9quipe intervenant dans le parcours TRENT est compos\u00e9e d\u2019enseignants-chercheurs et ing\u00e9nieurs du D\u00e9partement de G\u00e9ographie (Professeurs et Ma\u00eetres de conf\u00e9rences), ainsi que de chercheurs et ing\u00e9nieurs du laboratoire d\u2019adossement du master, GEODE UMR-5602 du CNRS : ALET Bernard, Ma\u00eetre de Conf\u00e9rences \u2013 Paysages, Ornithologie ANGELIAUME Alexandra, Ma\u00eetre de Conf\u00e9rences \u2013 Gestion de l\u2019eau [&hellip;]<\/p>\n","protected":false},"author":840,"featured_media":0,"parent":0,"menu_order":0,"comment_status":"closed","ping_status":"closed","template":"","meta":{"footnotes":""},"class_list":["post-87","page","type-page","status-publish","hentry"],"_links":{"self":[{"href":"https:\/\/blogs.univ-tlse2.fr\/master-gaed\/wp-json\/wp\/v2\/pages\/87","targetHints":{"allow":["GET"]}}],"collection":[{"href":"https:\/\/blogs.univ-tlse2.fr\/master-gaed\/wp-json\/wp\/v2\/pages"}],"about":[{"href":"https:\/\/blogs.univ-tlse2.fr\/master-gaed\/wp-json\/wp\/v2\/types\/page"}],"author":[{"embeddable":true,"href":"https:\/\/blogs.univ-tlse2.fr\/master-gaed\/wp-json\/wp\/v2\/users\/840"}],"replies":[{"embeddable":true,"href":"https:\/\/blogs.univ-tlse2.fr\/master-gaed\/wp-json\/wp\/v2\/comments?post=87"}],"version-history":[{"count":6,"href":"https:\/\/blogs.univ-tlse2.fr\/master-gaed\/wp-json\/wp\/v2\/pages\/87\/revisions"}],"predecessor-version":[{"id":568,"href":"https:\/\/blogs.univ-tlse2.fr\/master-gaed\/wp-json\/wp\/v2\/pages\/87\/revisions\/568"}],"wp:attachment":[{"href":"https:\/\/blogs.univ-tlse2.fr\/master-gaed\/wp-json\/wp\/v2\/media?parent=87"}],"curies":[{"name":"wp","href":"https:\/\/api.w.org\/{rel}","templated":true}]}}