 {"id":1217,"date":"2023-09-08T16:12:00","date_gmt":"2023-09-08T14:12:00","guid":{"rendered":"https:\/\/blogs.univ-tlse2.fr\/master-gtdl\/?page_id=1217"},"modified":"2024-03-19T15:18:53","modified_gmt":"2024-03-19T14:18:53","slug":"atelier-2023-2024","status":"publish","type":"page","link":"https:\/\/blogs.univ-tlse2.fr\/master-gtdl\/atelier-2023-2024\/","title":{"rendered":"Atelier 2023-2024"},"content":{"rendered":"\n<p>Cette ann\u00e9e, les \u00e9tudiants de M1 ont travaill\u00e9 sur un projet de territoire de la Comcom Neste Barousse. Ils ont r\u00e9alis\u00e9 un diagnostic territorial centr\u00e9 sur l&rsquo;agriculture et l&rsquo;alimentation.<\/p>\n\n\n\n<p>Ils vous invitent \u00e0 la restitution de leurs travaux, le 14 mars \u00e0 15h \u00e0 Loures Barousse.<\/p>\n\n\n\n<figure class=\"wp-block-image size-large is-resized\"><img loading=\"lazy\" decoding=\"async\" width=\"1024\" height=\"732\" src=\"https:\/\/blogs.univ-tlse2.fr\/master-gtdl\/files\/2024\/03\/Carte-invitation-des-etudiants-pour-le-14-mars-1024x732.png\" alt=\"\" class=\"wp-image-1384\" style=\"width:307px;height:auto\" srcset=\"https:\/\/blogs.univ-tlse2.fr\/master-gtdl\/files\/2024\/03\/Carte-invitation-des-etudiants-pour-le-14-mars-1024x732.png 1024w, https:\/\/blogs.univ-tlse2.fr\/master-gtdl\/files\/2024\/03\/Carte-invitation-des-etudiants-pour-le-14-mars-300x214.png 300w, https:\/\/blogs.univ-tlse2.fr\/master-gtdl\/files\/2024\/03\/Carte-invitation-des-etudiants-pour-le-14-mars-768x549.png 768w, https:\/\/blogs.univ-tlse2.fr\/master-gtdl\/files\/2024\/03\/Carte-invitation-des-etudiants-pour-le-14-mars-1536x1097.png 1536w, https:\/\/blogs.univ-tlse2.fr\/master-gtdl\/files\/2024\/03\/Carte-invitation-des-etudiants-pour-le-14-mars.png 2000w\" sizes=\"auto, (max-width: 767px) 89vw, (max-width: 1000px) 54vw, (max-width: 1071px) 543px, 580px\" \/><\/figure>\n\n\n\n<p><\/p>\n\n\n\n<p>Les \u00e9tudiants ont \u00e9t\u00e9 en immersion territoriale pour pr\u00e9parer le projet de territoire pour <a href=\"https:\/\/www.linkedin.com\/company\/communaute-de-communes-neste-barousse\/\">La communaut\u00e9 de communes Neste Barousse<\/a><br>Une belle mani\u00e8re de saisir la complexit\u00e9 des actions de d\u00e9veloppement local et d\u2019habitat dans les espaces ruraux\u2026 les \u00e9tudiants du Master GTDL ont travaill\u00e9 avec les \u00e9tudiants du Master Vihate.<br>Vive le terrain \ud83d\udc77\ud83c\udffb !<\/p>\n\n\n\n<figure class=\"wp-block-gallery has-nested-images columns-default is-cropped wp-block-gallery-1 is-layout-flex wp-block-gallery-is-layout-flex\">\n<figure class=\"wp-block-image size-large\"><img loading=\"lazy\" decoding=\"async\" width=\"1024\" height=\"768\" data-id=\"1376\" src=\"https:\/\/blogs.univ-tlse2.fr\/master-gtdl\/files\/2024\/02\/IMG_0279-1024x768.jpeg\" alt=\"\" class=\"wp-image-1376\" srcset=\"https:\/\/blogs.univ-tlse2.fr\/master-gtdl\/files\/2024\/02\/IMG_0279-1024x768.jpeg 1024w, https:\/\/blogs.univ-tlse2.fr\/master-gtdl\/files\/2024\/02\/IMG_0279-300x225.jpeg 300w, https:\/\/blogs.univ-tlse2.fr\/master-gtdl\/files\/2024\/02\/IMG_0279-768x576.jpeg 768w, https:\/\/blogs.univ-tlse2.fr\/master-gtdl\/files\/2024\/02\/IMG_0279-1536x1152.jpeg 1536w, https:\/\/blogs.univ-tlse2.fr\/master-gtdl\/files\/2024\/02\/IMG_0279-2048x1536.jpeg 2048w\" sizes=\"auto, (max-width: 767px) 89vw, (max-width: 1000px) 54vw, (max-width: 1071px) 543px, 580px\" \/><\/figure>\n\n\n\n<figure class=\"wp-block-image size-large\"><img loading=\"lazy\" decoding=\"async\" width=\"1024\" height=\"586\" data-id=\"1375\" src=\"https:\/\/blogs.univ-tlse2.fr\/master-gtdl\/files\/2024\/02\/image0000001-1024x586.jpeg\" alt=\"\" class=\"wp-image-1375\" srcset=\"https:\/\/blogs.univ-tlse2.fr\/master-gtdl\/files\/2024\/02\/image0000001-1024x586.jpeg 1024w, https:\/\/blogs.univ-tlse2.fr\/master-gtdl\/files\/2024\/02\/image0000001-300x172.jpeg 300w, https:\/\/blogs.univ-tlse2.fr\/master-gtdl\/files\/2024\/02\/image0000001-768x440.jpeg 768w, https:\/\/blogs.univ-tlse2.fr\/master-gtdl\/files\/2024\/02\/image0000001.jpeg 1258w\" sizes=\"auto, (max-width: 767px) 89vw, (max-width: 1000px) 54vw, (max-width: 1071px) 543px, 580px\" \/><\/figure>\n\n\n\n<figure class=\"wp-block-image size-large\"><img loading=\"lazy\" decoding=\"async\" width=\"1024\" height=\"602\" data-id=\"1344\" src=\"https:\/\/blogs.univ-tlse2.fr\/master-gtdl\/files\/2023\/11\/IMG_20231109_183757-1-1024x602.jpg\" alt=\"\" class=\"wp-image-1344\" srcset=\"https:\/\/blogs.univ-tlse2.fr\/master-gtdl\/files\/2023\/11\/IMG_20231109_183757-1-1024x602.jpg 1024w, https:\/\/blogs.univ-tlse2.fr\/master-gtdl\/files\/2023\/11\/IMG_20231109_183757-1-300x176.jpg 300w, https:\/\/blogs.univ-tlse2.fr\/master-gtdl\/files\/2023\/11\/IMG_20231109_183757-1-768x451.jpg 768w, https:\/\/blogs.univ-tlse2.fr\/master-gtdl\/files\/2023\/11\/IMG_20231109_183757-1-1536x902.jpg 1536w, https:\/\/blogs.univ-tlse2.fr\/master-gtdl\/files\/2023\/11\/IMG_20231109_183757-1-2048x1203.jpg 2048w\" sizes=\"auto, (max-width: 767px) 89vw, (max-width: 1000px) 54vw, (max-width: 1071px) 543px, 580px\" \/><\/figure>\n\n\n\n<figure class=\"wp-block-image size-large\"><img loading=\"lazy\" decoding=\"async\" width=\"1024\" height=\"718\" data-id=\"1343\" src=\"https:\/\/blogs.univ-tlse2.fr\/master-gtdl\/files\/2023\/11\/IMG_20231109_183708-1-1024x718.jpg\" alt=\"\" class=\"wp-image-1343\" srcset=\"https:\/\/blogs.univ-tlse2.fr\/master-gtdl\/files\/2023\/11\/IMG_20231109_183708-1-1024x718.jpg 1024w, https:\/\/blogs.univ-tlse2.fr\/master-gtdl\/files\/2023\/11\/IMG_20231109_183708-1-300x210.jpg 300w, https:\/\/blogs.univ-tlse2.fr\/master-gtdl\/files\/2023\/11\/IMG_20231109_183708-1-768x538.jpg 768w, https:\/\/blogs.univ-tlse2.fr\/master-gtdl\/files\/2023\/11\/IMG_20231109_183708-1-1536x1076.jpg 1536w, https:\/\/blogs.univ-tlse2.fr\/master-gtdl\/files\/2023\/11\/IMG_20231109_183708-1-2048x1435.jpg 2048w\" sizes=\"auto, (max-width: 767px) 89vw, (max-width: 1000px) 54vw, (max-width: 1071px) 543px, 580px\" \/><\/figure>\n\n\n\n<figure class=\"wp-block-image size-large\"><img loading=\"lazy\" decoding=\"async\" width=\"1024\" height=\"576\" data-id=\"1342\" src=\"https:\/\/blogs.univ-tlse2.fr\/master-gtdl\/files\/2023\/11\/20231108_144020-1-1024x576.jpg\" alt=\"\" class=\"wp-image-1342\" srcset=\"https:\/\/blogs.univ-tlse2.fr\/master-gtdl\/files\/2023\/11\/20231108_144020-1-1024x576.jpg 1024w, https:\/\/blogs.univ-tlse2.fr\/master-gtdl\/files\/2023\/11\/20231108_144020-1-300x169.jpg 300w, https:\/\/blogs.univ-tlse2.fr\/master-gtdl\/files\/2023\/11\/20231108_144020-1-768x432.jpg 768w, https:\/\/blogs.univ-tlse2.fr\/master-gtdl\/files\/2023\/11\/20231108_144020-1-1536x864.jpg 1536w, https:\/\/blogs.univ-tlse2.fr\/master-gtdl\/files\/2023\/11\/20231108_144020-1-2048x1152.jpg 2048w\" sizes=\"auto, (max-width: 767px) 89vw, (max-width: 1000px) 54vw, (max-width: 1071px) 543px, 580px\" \/><\/figure>\n\n\n\n<figure class=\"wp-block-image size-large\"><img loading=\"lazy\" decoding=\"async\" width=\"1024\" height=\"576\" data-id=\"1341\" src=\"https:\/\/blogs.univ-tlse2.fr\/master-gtdl\/files\/2023\/11\/20231108_121604-1-1024x576.jpg\" alt=\"\" class=\"wp-image-1341\" srcset=\"https:\/\/blogs.univ-tlse2.fr\/master-gtdl\/files\/2023\/11\/20231108_121604-1-1024x576.jpg 1024w, https:\/\/blogs.univ-tlse2.fr\/master-gtdl\/files\/2023\/11\/20231108_121604-1-300x169.jpg 300w, https:\/\/blogs.univ-tlse2.fr\/master-gtdl\/files\/2023\/11\/20231108_121604-1-768x432.jpg 768w, https:\/\/blogs.univ-tlse2.fr\/master-gtdl\/files\/2023\/11\/20231108_121604-1-1536x864.jpg 1536w, https:\/\/blogs.univ-tlse2.fr\/master-gtdl\/files\/2023\/11\/20231108_121604-1-2048x1152.jpg 2048w\" sizes=\"auto, (max-width: 767px) 89vw, (max-width: 1000px) 54vw, (max-width: 1071px) 543px, 580px\" \/><\/figure>\n\n\n\n<figure class=\"wp-block-image size-large\"><img loading=\"lazy\" decoding=\"async\" width=\"641\" height=\"1024\" data-id=\"1338\" src=\"https:\/\/blogs.univ-tlse2.fr\/master-gtdl\/files\/2023\/11\/20231108_102626-1-641x1024.jpg\" alt=\"\" class=\"wp-image-1338\" srcset=\"https:\/\/blogs.univ-tlse2.fr\/master-gtdl\/files\/2023\/11\/20231108_102626-1-641x1024.jpg 641w, https:\/\/blogs.univ-tlse2.fr\/master-gtdl\/files\/2023\/11\/20231108_102626-1-188x300.jpg 188w, https:\/\/blogs.univ-tlse2.fr\/master-gtdl\/files\/2023\/11\/20231108_102626-1-768x1227.jpg 768w, https:\/\/blogs.univ-tlse2.fr\/master-gtdl\/files\/2023\/11\/20231108_102626-1-961x1536.jpg 961w, https:\/\/blogs.univ-tlse2.fr\/master-gtdl\/files\/2023\/11\/20231108_102626-1-1282x2048.jpg 1282w, https:\/\/blogs.univ-tlse2.fr\/master-gtdl\/files\/2023\/11\/20231108_102626-1-scaled.jpg 1602w\" sizes=\"auto, (max-width: 641px) 100vw, 641px\" \/><\/figure>\n\n\n\n<figure class=\"wp-block-image size-large\"><img loading=\"lazy\" decoding=\"async\" width=\"1024\" height=\"881\" data-id=\"1340\" src=\"https:\/\/blogs.univ-tlse2.fr\/master-gtdl\/files\/2023\/11\/IMG_20231109_183731-1-1024x881.jpg\" alt=\"\" class=\"wp-image-1340\" srcset=\"https:\/\/blogs.univ-tlse2.fr\/master-gtdl\/files\/2023\/11\/IMG_20231109_183731-1-1024x881.jpg 1024w, https:\/\/blogs.univ-tlse2.fr\/master-gtdl\/files\/2023\/11\/IMG_20231109_183731-1-300x258.jpg 300w, https:\/\/blogs.univ-tlse2.fr\/master-gtdl\/files\/2023\/11\/IMG_20231109_183731-1-768x661.jpg 768w, https:\/\/blogs.univ-tlse2.fr\/master-gtdl\/files\/2023\/11\/IMG_20231109_183731-1.jpg 1329w\" sizes=\"auto, (max-width: 767px) 89vw, (max-width: 1000px) 54vw, (max-width: 1071px) 543px, 580px\" \/><\/figure>\n\n\n\n<figure class=\"wp-block-image size-large\"><img loading=\"lazy\" decoding=\"async\" width=\"1024\" height=\"576\" data-id=\"1339\" src=\"https:\/\/blogs.univ-tlse2.fr\/master-gtdl\/files\/2023\/11\/20231108_102313-1-1024x576.jpg\" alt=\"\" class=\"wp-image-1339\" srcset=\"https:\/\/blogs.univ-tlse2.fr\/master-gtdl\/files\/2023\/11\/20231108_102313-1-1024x576.jpg 1024w, https:\/\/blogs.univ-tlse2.fr\/master-gtdl\/files\/2023\/11\/20231108_102313-1-300x169.jpg 300w, https:\/\/blogs.univ-tlse2.fr\/master-gtdl\/files\/2023\/11\/20231108_102313-1-768x432.jpg 768w, https:\/\/blogs.univ-tlse2.fr\/master-gtdl\/files\/2023\/11\/20231108_102313-1-1536x864.jpg 1536w, https:\/\/blogs.univ-tlse2.fr\/master-gtdl\/files\/2023\/11\/20231108_102313-1-2048x1152.jpg 2048w\" sizes=\"auto, (max-width: 767px) 89vw, (max-width: 1000px) 54vw, (max-width: 1071px) 543px, 580px\" \/><\/figure>\n<\/figure>\n\n\n\n<p><\/p>\n\n\n\n<h2 class=\"wp-block-heading\">Restitution !<\/h2>\n\n\n\n<p>Les \u00e9tudiants de Master 1 ont \u00e9t\u00e9 accueillis ce jeudi \u00e0 Loures-Barousse par <a href=\"https:\/\/www.linkedin.com\/company\/communaute-de-communes-neste-barousse\/\">La communaut\u00e9 de communes Neste Barousse<\/a>, pour la restitution de leur travail de terrain sur les th\u00e9matiques de l&rsquo;<a href=\"https:\/\/www.linkedin.com\/feed\/hashtag\/?keywords=agriculture&amp;highlightedUpdateUrns=urn%3Ali%3Aactivity%3A7174695710661988352\">#agriculture<\/a>, de l&rsquo;<a href=\"https:\/\/www.linkedin.com\/feed\/hashtag\/?keywords=alimentation&amp;highlightedUpdateUrns=urn%3Ali%3Aactivity%3A7174695710661988352\">#alimentation<\/a>\u00a0et de l&rsquo;<a href=\"https:\/\/www.linkedin.com\/feed\/hashtag\/?keywords=habitat&amp;highlightedUpdateUrns=urn%3Ali%3Aactivity%3A7174695710661988352\">#habitat<\/a>\u00a0dans le cadre de l&rsquo;\u00e9laboration du projet de territoire de la communaut\u00e9.<br>Apr\u00e8s une rapide introduction et rappel de leur m\u00e9thode, ils ont propos\u00e9 aux \u00e9lus et partenaires pr\u00e9sents un atelier sur les questions agricole et alimentaire. Dans un deuxi\u00e8me temps, ils ont propos\u00e9 3 sc\u00e9narii d&rsquo;\u00e9volution pour le territoire : \u00ab\u00a0subir\u00a0\u00bb, \u00ab\u00a0soutenir\u00a0\u00bb et \u00ab\u00a0s&rsquo;engager\u00a0\u00bb.<br>Exercice universitaire et de terrain, cette \u00e9tude a donc permis aux \u00e9lus et aux acteurs de la CCNB de\u00a0<a href=\"https:\/\/www.linkedin.com\/feed\/hashtag\/?keywords=questionner&amp;highlightedUpdateUrns=urn%3Ali%3Aactivity%3A7174695710661988352\">#questionner<\/a>\u00a0et d&rsquo;<a href=\"https:\/\/www.linkedin.com\/feed\/hashtag\/?keywords=%C3%A9changer&amp;highlightedUpdateUrns=urn%3Ali%3Aactivity%3A7174695710661988352\">#\u00e9changer<\/a>\u00a0sur la place de l&rsquo;agriculture et de l&rsquo;alimentation dans le\u00a0<a href=\"https:\/\/www.linkedin.com\/feed\/hashtag\/?keywords=projetdeterritoire&amp;highlightedUpdateUrns=urn%3Ali%3Aactivity%3A7174695710661988352\">#projetdeterritoire<\/a>\u00a0en cours d&rsquo;\u00e9criture. Elle a permis de croiser les approches, de r\u00e9v\u00e9ler les initiatives, d&rsquo;insister sur la n\u00e9cessaire\u00a0<a href=\"https:\/\/www.linkedin.com\/feed\/hashtag\/?keywords=coop%C3%A9ration&amp;highlightedUpdateUrns=urn%3Ali%3Aactivity%3A7174695710661988352\">#coop\u00e9ration<\/a>\u00a0entre\u00a0<a href=\"https:\/\/www.linkedin.com\/feed\/hashtag\/?keywords=acteurs&amp;highlightedUpdateUrns=urn%3Ali%3Aactivity%3A7174695710661988352\">#acteurs<\/a>\u00a0<a href=\"https:\/\/www.linkedin.com\/feed\/hashtag\/?keywords=priv%C3%A9s&amp;highlightedUpdateUrns=urn%3Ali%3Aactivity%3A7174695710661988352\">#priv\u00e9s<\/a>\u00a0et\u00a0<a href=\"https:\/\/www.linkedin.com\/feed\/hashtag\/?keywords=publics&amp;highlightedUpdateUrns=urn%3Ali%3Aactivity%3A7174695710661988352\">#publics<\/a>, autour des initiatives citoyennes.<br>Dans un contexte marqu\u00e9 par la m\u00e9tropolisation du territoire fran\u00e7ais et son insertion dans les logiques de mondialisation, les \u00e9tudiants ont montr\u00e9 que des territoires ruraux comme Neste Barousse peuvent rester\u00a0<a href=\"https:\/\/www.linkedin.com\/feed\/hashtag\/?keywords=acteurs&amp;highlightedUpdateUrns=urn%3Ali%3Aactivity%3A7174695710661988352\">#acteurs<\/a>\u00a0de leur\u00a0<a href=\"https:\/\/www.linkedin.com\/feed\/hashtag\/?keywords=d%C3%A9veloppement&amp;highlightedUpdateUrns=urn%3Ali%3Aactivity%3A7174695710661988352\">#d\u00e9veloppement<\/a>\u00a0et qu&rsquo;ils sont un\u00a0<a href=\"https:\/\/www.linkedin.com\/feed\/hashtag\/?keywords=terreau&amp;highlightedUpdateUrns=urn%3Ali%3Aactivity%3A7174695710661988352\">#terreau<\/a>\u00a0fertile d&rsquo;initiatives concr\u00e8tes pour\u00a0<a href=\"https:\/\/www.linkedin.com\/feed\/hashtag\/?keywords=demain&amp;highlightedUpdateUrns=urn%3Ali%3Aactivity%3A7174695710661988352\">#demain<\/a>\u00a0!<br>Une belle le\u00e7on d&rsquo;<a href=\"https:\/\/www.linkedin.com\/feed\/hashtag\/?keywords=optimisme&amp;highlightedUpdateUrns=urn%3Ali%3Aactivity%3A7174695710661988352\">#optimisme<\/a>. Un grand merci pour cette contribution.<\/p>\n\n\n\n<p><a href=\"https:\/\/www.linkedin.com\/posts\/melanie-gambino_agriculture-alimentation-habitat-activity-7175763306027085824-0HoV?utm_source=share&amp;utm_medium=member_desktop\">https:\/\/www.linkedin.com\/posts\/melanie-gambino_agriculture-alimentation-habitat-activity-7175763306027085824-0HoV?utm_source=share&amp;utm_medium=member_desktop<\/a><\/p>\n\n\n\n<figure class=\"wp-block-image size-large\"><img loading=\"lazy\" decoding=\"async\" width=\"1024\" height=\"768\" src=\"https:\/\/blogs.univ-tlse2.fr\/master-gtdl\/files\/2024\/03\/IMG_0394-1024x768.jpg\" alt=\"\" class=\"wp-image-1396\" srcset=\"https:\/\/blogs.univ-tlse2.fr\/master-gtdl\/files\/2024\/03\/IMG_0394-1024x768.jpg 1024w, https:\/\/blogs.univ-tlse2.fr\/master-gtdl\/files\/2024\/03\/IMG_0394-300x225.jpg 300w, https:\/\/blogs.univ-tlse2.fr\/master-gtdl\/files\/2024\/03\/IMG_0394-768x576.jpg 768w, https:\/\/blogs.univ-tlse2.fr\/master-gtdl\/files\/2024\/03\/IMG_0394-1536x1152.jpg 1536w, https:\/\/blogs.univ-tlse2.fr\/master-gtdl\/files\/2024\/03\/IMG_0394-2048x1536.jpg 2048w\" sizes=\"auto, (max-width: 767px) 89vw, (max-width: 1000px) 54vw, (max-width: 1071px) 543px, 580px\" \/><\/figure>\n\n\n\n<figure class=\"wp-block-gallery has-nested-images columns-default is-cropped wp-block-gallery-2 is-layout-flex wp-block-gallery-is-layout-flex\">\n<figure class=\"wp-block-image size-large\"><img loading=\"lazy\" decoding=\"async\" width=\"1024\" height=\"768\" data-id=\"1398\" src=\"https:\/\/blogs.univ-tlse2.fr\/master-gtdl\/files\/2024\/03\/IMG_0390-1024x768.jpg\" alt=\"\" class=\"wp-image-1398\" srcset=\"https:\/\/blogs.univ-tlse2.fr\/master-gtdl\/files\/2024\/03\/IMG_0390-1024x768.jpg 1024w, https:\/\/blogs.univ-tlse2.fr\/master-gtdl\/files\/2024\/03\/IMG_0390-300x225.jpg 300w, https:\/\/blogs.univ-tlse2.fr\/master-gtdl\/files\/2024\/03\/IMG_0390-768x576.jpg 768w, https:\/\/blogs.univ-tlse2.fr\/master-gtdl\/files\/2024\/03\/IMG_0390-1536x1152.jpg 1536w, https:\/\/blogs.univ-tlse2.fr\/master-gtdl\/files\/2024\/03\/IMG_0390-2048x1536.jpg 2048w\" sizes=\"auto, (max-width: 767px) 89vw, (max-width: 1000px) 54vw, (max-width: 1071px) 543px, 580px\" \/><\/figure>\n\n\n\n<figure class=\"wp-block-image size-large\"><img loading=\"lazy\" decoding=\"async\" width=\"1024\" height=\"768\" data-id=\"1399\" src=\"https:\/\/blogs.univ-tlse2.fr\/master-gtdl\/files\/2024\/03\/IMG_0392-1024x768.jpg\" alt=\"\" class=\"wp-image-1399\" srcset=\"https:\/\/blogs.univ-tlse2.fr\/master-gtdl\/files\/2024\/03\/IMG_0392-1024x768.jpg 1024w, https:\/\/blogs.univ-tlse2.fr\/master-gtdl\/files\/2024\/03\/IMG_0392-300x225.jpg 300w, https:\/\/blogs.univ-tlse2.fr\/master-gtdl\/files\/2024\/03\/IMG_0392-768x576.jpg 768w, https:\/\/blogs.univ-tlse2.fr\/master-gtdl\/files\/2024\/03\/IMG_0392-1536x1152.jpg 1536w, https:\/\/blogs.univ-tlse2.fr\/master-gtdl\/files\/2024\/03\/IMG_0392-2048x1536.jpg 2048w\" sizes=\"auto, (max-width: 767px) 89vw, (max-width: 1000px) 54vw, (max-width: 1071px) 543px, 580px\" \/><\/figure>\n\n\n\n<figure class=\"wp-block-image size-large\"><img loading=\"lazy\" decoding=\"async\" width=\"1024\" height=\"656\" data-id=\"1397\" src=\"https:\/\/blogs.univ-tlse2.fr\/master-gtdl\/files\/2024\/03\/IMG_0393-1024x656.jpg\" alt=\"\" class=\"wp-image-1397\" srcset=\"https:\/\/blogs.univ-tlse2.fr\/master-gtdl\/files\/2024\/03\/IMG_0393-1024x656.jpg 1024w, https:\/\/blogs.univ-tlse2.fr\/master-gtdl\/files\/2024\/03\/IMG_0393-300x192.jpg 300w, https:\/\/blogs.univ-tlse2.fr\/master-gtdl\/files\/2024\/03\/IMG_0393-768x492.jpg 768w, https:\/\/blogs.univ-tlse2.fr\/master-gtdl\/files\/2024\/03\/IMG_0393-1536x984.jpg 1536w, https:\/\/blogs.univ-tlse2.fr\/master-gtdl\/files\/2024\/03\/IMG_0393-2048x1312.jpg 2048w\" sizes=\"auto, (max-width: 767px) 89vw, (max-width: 1000px) 54vw, (max-width: 1071px) 543px, 580px\" \/><\/figure>\n<\/figure>\n","protected":false},"excerpt":{"rendered":"<p>Cette ann\u00e9e, les \u00e9tudiants de M1 ont travaill\u00e9 sur un projet de territoire de la Comcom Neste Barousse. Ils ont r\u00e9alis\u00e9 un diagnostic territorial centr\u00e9 sur l&rsquo;agriculture et l&rsquo;alimentation. Ils vous invitent \u00e0 la restitution de leurs travaux, le 14 mars \u00e0 15h \u00e0 Loures Barousse. Les \u00e9tudiants ont \u00e9t\u00e9 en immersion territoriale pour pr\u00e9parer &hellip; <\/p>\n<p class=\"link-more\"><a href=\"https:\/\/blogs.univ-tlse2.fr\/master-gtdl\/atelier-2023-2024\/\" class=\"more-link\">Continuer la lecture<span class=\"screen-reader-text\"> de &laquo;&nbsp;Atelier 2023-2024&nbsp;&raquo;<\/span><\/a><\/p>\n","protected":false},"author":964,"featured_media":0,"parent":0,"menu_order":0,"comment_status":"closed","ping_status":"closed","template":"","meta":{"footnotes":""},"class_list":["post-1217","page","type-page","status-publish","hentry"],"_links":{"self":[{"href":"https:\/\/blogs.univ-tlse2.fr\/master-gtdl\/wp-json\/wp\/v2\/pages\/1217","targetHints":{"allow":["GET"]}}],"collection":[{"href":"https:\/\/blogs.univ-tlse2.fr\/master-gtdl\/wp-json\/wp\/v2\/pages"}],"about":[{"href":"https:\/\/blogs.univ-tlse2.fr\/master-gtdl\/wp-json\/wp\/v2\/types\/page"}],"author":[{"embeddable":true,"href":"https:\/\/blogs.univ-tlse2.fr\/master-gtdl\/wp-json\/wp\/v2\/users\/964"}],"replies":[{"embeddable":true,"href":"https:\/\/blogs.univ-tlse2.fr\/master-gtdl\/wp-json\/wp\/v2\/comments?post=1217"}],"version-history":[{"count":7,"href":"https:\/\/blogs.univ-tlse2.fr\/master-gtdl\/wp-json\/wp\/v2\/pages\/1217\/revisions"}],"predecessor-version":[{"id":1395,"href":"https:\/\/blogs.univ-tlse2.fr\/master-gtdl\/wp-json\/wp\/v2\/pages\/1217\/revisions\/1395"}],"wp:attachment":[{"href":"https:\/\/blogs.univ-tlse2.fr\/master-gtdl\/wp-json\/wp\/v2\/media?parent=1217"}],"curies":[{"name":"wp","href":"https:\/\/api.w.org\/{rel}","templated":true}]}}