 {"id":1481,"date":"2026-02-09T10:57:01","date_gmt":"2026-02-09T09:57:01","guid":{"rendered":"https:\/\/blogs.univ-tlse2.fr\/master-gtdl\/?page_id=1481"},"modified":"2026-02-10T16:53:13","modified_gmt":"2026-02-10T15:53:13","slug":"emploi-des-diplome%c2%b7es","status":"publish","type":"page","link":"https:\/\/blogs.univ-tlse2.fr\/master-gtdl\/emploi-des-diplome%c2%b7es\/","title":{"rendered":"Emploi des dipl\u00f4m\u00e9\u00b7es"},"content":{"rendered":"\n<h2 class=\"wp-block-heading\"><strong>Enqu\u00eate d\u2019insertion janvier 2026 aupr\u00e8s des dipl\u00f4m\u00e9\u00b7es 2022-23, 2023-24 et 2024-25<\/strong><\/h2>\n\n\n\n<p><strong>Poursuite d\u2019\u00e9tudes en doctorat&nbsp;:<\/strong><\/p>\n\n\n\n<figure class=\"wp-block-table\"><table class=\"has-fixed-layout\"><tbody><tr><td>Doctorant &#8211; Universit\u00e9 de N\u00eemes (CDD 3 ans)<\/td><\/tr><\/tbody><\/table><\/figure>\n\n\n\n<p><strong>Insertion dans le secteur du d\u00e9veloppement local&nbsp;:<\/strong><\/p>\n\n\n\n<figure class=\"wp-block-table\"><table class=\"has-fixed-layout\"><tbody><tr><td>Animatrice du projet de territoire du Midour sur la gestion de l&rsquo;eau (contrat de projet &#8211; CDD 3 ans)<\/td><\/tr><tr><td>Charg\u00e9e de mission de l&rsquo;association Vrac29 qui lutte contre la pr\u00e9carit\u00e9 alimentaire dans les quartiers prioritaires (CDD)<\/td><\/tr><tr><td>Responsable de la Communication, mairie de Senas (CDD)<\/td><\/tr><tr><td>Gestionnaire aides PAC \u00e0 la DDT puis Charg\u00e9e de projet de territoire \u00e0 Serres-sur-Arget (volontariat territorial en administration &#8211; CDD 1 an)<\/td><\/tr><tr><td>Instructrice du droit des sols dans le Tarn (CDD)<\/td><\/tr><tr><td>Service civique &#8211; Promouvoir les pratiques artistiques et th\u00e9\u00e2trales aupr\u00e8s d\u2019un public \u00ab\u00a0emp\u00each\u00e9\u00a0\u00bb<\/td><\/tr><tr><td>Charg\u00e9e de mission lutte contre les constructions ill\u00e9gales \u00e0 la pr\u00e9fecture de l&rsquo;Ari\u00e8ge (CDD 1 an)<\/td><\/tr><tr><td>Adjointe administrative &#8211; suivi des dossiers de subvention dans le secteur environnement, Conseil d\u00e9partemental de Charente (CDD)<\/td><\/tr><tr><td>Service civique pour la caisse sociale alimentaire au PETR Ari\u00e8ge<\/td><\/tr><tr><td>Charg\u00e9e de mission du projet de coop\u00e9ration intercommunale sur le territoire de Pornic Agglo Pays de Retz, Loire-Atlantique (CDD \u00e9quivalent attach\u00e9e territoriale)<\/td><\/tr><\/tbody><\/table><\/figure>\n\n\n\n<p><strong>Insertion dans le secteur agricole&nbsp;:<\/strong><\/p>\n\n\n\n<figure class=\"wp-block-table\"><table class=\"has-fixed-layout\"><tbody><tr><td>Coordinateur-animateur pastoralisme (CDI)<\/td><\/tr><tr><td>Charg\u00e9e de projet syndical GIE Agriavenir (CDD)<\/td><\/tr><tr><td>Charg\u00e9 de mission eau et agriculture &#8211; Chambre d&rsquo;agriculture Ard\u00e8che (CDD)<\/td><\/tr><tr><td>Consultante et monitrice de formation altern\u00e9e en agriculture tropicale &#8211; MFREO Taharuu Papara (Polyn\u00e9sie fran\u00e7aise)<\/td><\/tr><tr><td>Conseill\u00e8re eau, agronomie, environnement &#8211; Chambre d&rsquo;Agriculture Loz\u00e8re (CDD)<\/td><\/tr><tr><td>Conseill\u00e8re en d\u00e9veloppement territorial \u00e0 la Chambre d&rsquo;Agriculture Tarn<\/td><\/tr><tr><td>Coordinateur de l&rsquo;organisme unique de gestion de l&rsquo;eau &#8211; Conseil d\u00e9partemental 09 (CDD)<\/td><\/tr><tr><td>Directrice &#8211; Direction de l\u2019identit\u00e9 Rurale, Agricole et de l\u2019Alimentation Durable, Communaut\u00e9 d&rsquo;Agglom\u00e9ration du Pays Ajaccien (fonctionnaire)<\/td><\/tr><tr><td>Charg\u00e9 de mission animation agricole (CDD)<\/td><\/tr><\/tbody><\/table><\/figure>\n\n\n\n<p><strong>Insertion dans le secteur de l\u2019\u00e9ducation<\/strong><\/p>\n\n\n\n<figure class=\"wp-block-table\"><table class=\"has-fixed-layout\"><tbody><tr><td>Charg\u00e9e de projet &#8211; Association KPSens (CDD)<\/td><\/tr><tr><td>R\u00e9f\u00e9rent Territorial \u00e0 l&rsquo;association Promotion Sant\u00e9 Occitanie (CDD 11 mois)<\/td><\/tr><\/tbody><\/table><\/figure>\n\n\n\n<p><strong>Insertion autre<\/strong><\/p>\n\n\n\n<figure class=\"wp-block-table\"><table class=\"has-fixed-layout\"><tbody><tr><td>Designer applications web et mobile en Andorre (Free lance)<\/td><\/tr><\/tbody><\/table><\/figure>\n\n\n\n<p><strong>En recherche d\u2019emploi ou emploi d\u2019attente<\/strong><\/p>\n\n\n\n<figure class=\"wp-block-table\"><table class=\"has-fixed-layout\"><tbody><tr><td>En recherche d\u2019emploi<\/td><\/tr><tr><td>Assistante d&rsquo;\u00e9ducation, pr\u00e9paration du CAPES Histoire-G\u00e9ographie<\/td><\/tr><tr><td>Chef de rang dans un restaurant<\/td><\/tr><tr><td>Agent recenseur puis gestionnaire administratif CPAM, actuellement en recherche d&#8217;emploi<\/td><\/tr><\/tbody><\/table><\/figure>\n\n\n\n<p>Au total pour les trois promotions&nbsp;: 48 inscrits, 38 dipl\u00f4m\u00e9s, 36 r\u00e9ponses \u00e0 l\u2019enqu\u00eate men\u00e9e par les coordonnateurs du master en janvier 2026.<\/p>\n\n\n\n<p>Situation des dipl\u00f4m\u00e9\u00b7es au moment de l\u2019enqu\u00eate&nbsp;:<\/p>\n\n\n\n<ul class=\"wp-block-list\">\n<li>En emploi ou poursuite d\u2019\u00e9tudes en doctorat&nbsp;: 23 r\u00e9pondants (66&nbsp;%)*<\/li>\n\n\n\n<li>En recherche d\u2019emploi ou emploi \u00ab\u00a0d\u2019attente\u00a0\u00bb\u00a0: 12 r\u00e9pondants (33\u00a0%) dont 8 dipl\u00f4m\u00e9s de septembre 2025<\/li>\n<\/ul>\n\n\n\n<p>(*18 mois apr\u00e8s l\u2019obtention du master GTDL, le taux des <strong>dipl\u00f4m\u00e9s ayant trouv\u00e9 un emploi s\u2019\u00e9l\u00e8ve \u00e0 91&nbsp;%<\/strong>, selon l\u2019enqu\u00eate la plus r\u00e9cente men\u00e9e par l\u2019Observatoire de la Vie Etudiante de l\u2019UT2J)<\/p>\n","protected":false},"excerpt":{"rendered":"<p>Enqu\u00eate d\u2019insertion janvier 2026 aupr\u00e8s des dipl\u00f4m\u00e9\u00b7es 2022-23, 2023-24 et 2024-25 Poursuite d\u2019\u00e9tudes en doctorat&nbsp;: Doctorant &#8211; Universit\u00e9 de N\u00eemes (CDD 3 ans) Insertion dans le secteur du d\u00e9veloppement local&nbsp;: Animatrice du projet de territoire du Midour sur la gestion de l&rsquo;eau (contrat de projet &#8211; CDD 3 ans) Charg\u00e9e de mission de l&rsquo;association Vrac29 &hellip; <\/p>\n<p class=\"link-more\"><a href=\"https:\/\/blogs.univ-tlse2.fr\/master-gtdl\/emploi-des-diplome%c2%b7es\/\" class=\"more-link\">Continuer la lecture<span class=\"screen-reader-text\"> de &laquo;&nbsp;Emploi des dipl\u00f4m\u00e9\u00b7es&nbsp;&raquo;<\/span><\/a><\/p>\n","protected":false},"author":964,"featured_media":0,"parent":0,"menu_order":0,"comment_status":"closed","ping_status":"closed","template":"","meta":{"footnotes":""},"class_list":["post-1481","page","type-page","status-publish","hentry"],"_links":{"self":[{"href":"https:\/\/blogs.univ-tlse2.fr\/master-gtdl\/wp-json\/wp\/v2\/pages\/1481","targetHints":{"allow":["GET"]}}],"collection":[{"href":"https:\/\/blogs.univ-tlse2.fr\/master-gtdl\/wp-json\/wp\/v2\/pages"}],"about":[{"href":"https:\/\/blogs.univ-tlse2.fr\/master-gtdl\/wp-json\/wp\/v2\/types\/page"}],"author":[{"embeddable":true,"href":"https:\/\/blogs.univ-tlse2.fr\/master-gtdl\/wp-json\/wp\/v2\/users\/964"}],"replies":[{"embeddable":true,"href":"https:\/\/blogs.univ-tlse2.fr\/master-gtdl\/wp-json\/wp\/v2\/comments?post=1481"}],"version-history":[{"count":3,"href":"https:\/\/blogs.univ-tlse2.fr\/master-gtdl\/wp-json\/wp\/v2\/pages\/1481\/revisions"}],"predecessor-version":[{"id":1491,"href":"https:\/\/blogs.univ-tlse2.fr\/master-gtdl\/wp-json\/wp\/v2\/pages\/1481\/revisions\/1491"}],"wp:attachment":[{"href":"https:\/\/blogs.univ-tlse2.fr\/master-gtdl\/wp-json\/wp\/v2\/media?parent=1481"}],"curies":[{"name":"wp","href":"https:\/\/api.w.org\/{rel}","templated":true}]}}