 {"id":265,"date":"2021-02-17T15:17:46","date_gmt":"2021-02-17T14:17:46","guid":{"rendered":"https:\/\/mastergtdl.wordpress.com\/?page_id=265"},"modified":"2025-05-05T10:34:55","modified_gmt":"2025-05-05T08:34:55","slug":"265-2","status":"publish","type":"page","link":"https:\/\/blogs.univ-tlse2.fr\/master-gtdl\/265-2\/","title":{"rendered":"Pr\u00e9sentation du Master GTDL &#8211; Ruralit\u00e9s Nords&amp;Suds"},"content":{"rendered":"\n<div class=\"wp-block-group alignfull\"><div class=\"wp-block-group__inner-container is-layout-flow wp-block-group-is-layout-flow\">\n<div class=\"wp-block-columns alignfull is-layout-flex wp-container-core-columns-is-layout-9d6595d7 wp-block-columns-is-layout-flex\">\n<div class=\"wp-block-column is-layout-flow wp-block-column-is-layout-flow\">\n<p>Le master est co-habilit\u00e9 par : <\/p>\n\n\n\n<ul class=\"wp-block-list\">\n<li>l&rsquo;Universit\u00e9 Toulouse &#8211; Jean Jaur\u00e8s (UT2J) et<\/li>\n\n\n\n<li>l\u2019\u00c9cole Nationale Sup\u00e9rieure de Formation de l&rsquo;Enseignement Agricole (ENSFEA)<\/li>\n<\/ul>\n\n\n\n<figure class=\"wp-block-image size-large is-resized\"><img loading=\"lazy\" decoding=\"async\" width=\"1024\" height=\"184\" src=\"https:\/\/blogs.univ-tlse2.fr\/master-gtdl\/files\/2021\/04\/ut2j_enfea-1024x184.png\" alt=\"\" class=\"wp-image-509\" style=\"width:418px;height:75px\" srcset=\"https:\/\/blogs.univ-tlse2.fr\/master-gtdl\/files\/2021\/04\/ut2j_enfea-1024x184.png 1024w, https:\/\/blogs.univ-tlse2.fr\/master-gtdl\/files\/2021\/04\/ut2j_enfea-300x54.png 300w, https:\/\/blogs.univ-tlse2.fr\/master-gtdl\/files\/2021\/04\/ut2j_enfea-768x138.png 768w, https:\/\/blogs.univ-tlse2.fr\/master-gtdl\/files\/2021\/04\/ut2j_enfea.png 1444w\" sizes=\"auto, (max-width: 767px) 89vw, (max-width: 1000px) 54vw, (max-width: 1071px) 543px, 580px\" \/><\/figure>\n\n\n\n<p>Les cours sont assur\u00e9s au sein du Campus Universitaire de Foix (Ari\u00e8ge)<\/p>\n\n\n\n<figure class=\"wp-block-image size-large is-resized\"><img loading=\"lazy\" decoding=\"async\" width=\"268\" height=\"123\" src=\"https:\/\/blogs.univ-tlse2.fr\/master-gtdl\/files\/2021\/04\/cua.png\" alt=\"\" class=\"wp-image-510\" style=\"width:153px;height:70px\" \/><\/figure>\n<\/div>\n<\/div>\n<\/div><\/div>\n\n\n\n<figure class=\"wp-block-image size-large\"><img loading=\"lazy\" decoding=\"async\" width=\"1024\" height=\"717\" src=\"https:\/\/blogs.univ-tlse2.fr\/master-gtdl\/files\/2023\/07\/Plaquette-MASTER-GTDL-RURALITES-Nords-Suds-V.-16juin23-1-1024x717.jpg\" alt=\"\" class=\"wp-image-1169\" srcset=\"https:\/\/blogs.univ-tlse2.fr\/master-gtdl\/files\/2023\/07\/Plaquette-MASTER-GTDL-RURALITES-Nords-Suds-V.-16juin23-1-1024x717.jpg 1024w, https:\/\/blogs.univ-tlse2.fr\/master-gtdl\/files\/2023\/07\/Plaquette-MASTER-GTDL-RURALITES-Nords-Suds-V.-16juin23-1-300x210.jpg 300w, https:\/\/blogs.univ-tlse2.fr\/master-gtdl\/files\/2023\/07\/Plaquette-MASTER-GTDL-RURALITES-Nords-Suds-V.-16juin23-1-768x538.jpg 768w, https:\/\/blogs.univ-tlse2.fr\/master-gtdl\/files\/2023\/07\/Plaquette-MASTER-GTDL-RURALITES-Nords-Suds-V.-16juin23-1-1536x1076.jpg 1536w, https:\/\/blogs.univ-tlse2.fr\/master-gtdl\/files\/2023\/07\/Plaquette-MASTER-GTDL-RURALITES-Nords-Suds-V.-16juin23-1-2048x1435.jpg 2048w\" sizes=\"auto, (max-width: 767px) 89vw, (max-width: 1000px) 54vw, (max-width: 1071px) 543px, 580px\" \/><\/figure>\n\n\n\n<figure class=\"wp-block-image size-large\"><img loading=\"lazy\" decoding=\"async\" width=\"1024\" height=\"717\" src=\"https:\/\/blogs.univ-tlse2.fr\/master-gtdl\/files\/2023\/07\/Plaquette-MASTER-GTDL-RURALITES-Nords-Suds-V.-16juin23-2-1-1024x717.jpg\" alt=\"\" class=\"wp-image-1170\" srcset=\"https:\/\/blogs.univ-tlse2.fr\/master-gtdl\/files\/2023\/07\/Plaquette-MASTER-GTDL-RURALITES-Nords-Suds-V.-16juin23-2-1-1024x717.jpg 1024w, https:\/\/blogs.univ-tlse2.fr\/master-gtdl\/files\/2023\/07\/Plaquette-MASTER-GTDL-RURALITES-Nords-Suds-V.-16juin23-2-1-300x210.jpg 300w, https:\/\/blogs.univ-tlse2.fr\/master-gtdl\/files\/2023\/07\/Plaquette-MASTER-GTDL-RURALITES-Nords-Suds-V.-16juin23-2-1-768x538.jpg 768w, https:\/\/blogs.univ-tlse2.fr\/master-gtdl\/files\/2023\/07\/Plaquette-MASTER-GTDL-RURALITES-Nords-Suds-V.-16juin23-2-1-1536x1076.jpg 1536w, https:\/\/blogs.univ-tlse2.fr\/master-gtdl\/files\/2023\/07\/Plaquette-MASTER-GTDL-RURALITES-Nords-Suds-V.-16juin23-2-1-2048x1435.jpg 2048w\" sizes=\"auto, (max-width: 767px) 89vw, (max-width: 1000px) 54vw, (max-width: 1071px) 543px, 580px\" \/><\/figure>\n\n\n\n<div class=\"wp-block-group alignfull\"><div class=\"wp-block-group__inner-container is-layout-flow wp-block-group-is-layout-flow\">\n<h3 class=\"wp-block-heading\"><mark class=\"has-inline-color has-cyan-bluish-gray-color\">Mention <\/mark><em><strong><mark style=\"color:#078557\" class=\"has-inline-color\">Gestion des territoires et d\u00e9veloppement local<\/mark><\/strong><\/em><\/h3>\n\n\n\n<p>Formation pluridisciplinaire en Sciences Humaines et Sociales, le Master Mention <strong>\u00ab\u00a0Gestion des territoires et d\u00e9veloppement local \u00ab\u00a0<\/strong> propose des enseignements th\u00e9matiques, m\u00e9thodologiques et techniques sur des probl\u00e9matiques agricoles et rurales, n\u00e9cessaires \u00e0 l\u2019\u00e9laboration, \u00e0 la conduite et \u00e0 l\u2019analyse de projets de d\u00e9veloppement des espaces ruraux. La mise en situation, les t\u00e9moignages de professionnels et la construction d\u2019une probl\u00e9matique de recherche, aboutissent \u00e0 la soutenance en Master 2 d\u2019un m\u00e9moire.<br><br>Cette mention propose un parcours unique : \u00ab <strong>Ruralit\u00e9s dans les Nords et les Suds<\/strong> \u00bb.<\/p>\n\n\n\n<p><\/p>\n<\/div><\/div>\n\n\n\n<p><\/p>\n\n\n\n<div class=\"wp-block-group alignfull\"><div class=\"wp-block-group__inner-container is-layout-flow wp-block-group-is-layout-flow\">\n<h3 class=\"wp-block-heading\"><mark class=\"has-inline-color has-cyan-bluish-gray-color\">Parcours <\/mark><mark class=\"has-inline-color has-luminous-vivid-amber-color\"><strong>Ruralit\u00e9s dans les Nords et les Suds<\/strong><\/mark><\/h3>\n\n\n\n<p>Le parcours \u00ab <strong>Ruralit\u00e9s dans les Nords et les Suds<\/strong> \u00bb r\u00e9unit un ensemble d\u2019enseignements : apports de connaissances, apports m\u00e9thodologiques et techniques qui concernent des probl\u00e9matiques agricoles et rurales aussi bien dans les pays des Nords que dans ceux des Suds. Une mise en situation (Atelier avec commanditaire) et la r\u00e9daction d\u2019un m\u00e9moire (qui peut rendre compte \u00e0 un stage) compl\u00e8tent la formation aux m\u00e9tiers du monde de la recherche ou du monde du d\u00e9veloppement agricole et rural.<\/p>\n\n\n\n<p><\/p>\n\n\n\n<h3 class=\"wp-block-heading\"><mark class=\"has-inline-color has-luminous-vivid-amber-color\"><strong>O\u00f9 les cours sont-ils assur\u00e9s ?<\/strong> <\/mark><\/h3>\n\n\n\n<p>Les enseignements du Master sont assur\u00e9s sur le campus de Foix, au sein du centre universitaire de l\u2019Ari\u00e8ge.<\/p>\n\n\n\n<p>D\u00e9partement de G\u00e9ographie, UT2J<br><a rel=\"noreferrer noopener\" href=\"https:\/\/centre-universitaire-ariege.fr\/\" target=\"_blank\">Centre Universitaire de Foix<\/a><br>4 avenue Raoul Lafagette \u2013 09000 Foix<br>05 61 02 19 88 \u2013 <a href=\"&#109;&#x61;i&#x6c;t&#111;&#x3a;g&#x65;o&#46;&#x66;o&#x69;x&#x40;&#x75;n&#x69;v&#x2d;t&#108;&#x73;e&#x32;&#46;&#102;&#x72;\">g&#101;&#x6f;&#x2e;f&#111;&#x69;&#x78;&#64;&#117;&#x6e;&#x69;v-&#x74;&#x6c;se&#x32;&#x2e;fr<\/a><\/p>\n<\/div><\/div>\n\n\n\n<figure class=\"wp-block-image size-large is-resized\"><img loading=\"lazy\" decoding=\"async\" width=\"1024\" height=\"575\" src=\"https:\/\/blogs.univ-tlse2.fr\/master-gtdl\/files\/2023\/02\/baniere_aussi_campus-1024x575.jpeg\" alt=\"\" class=\"wp-image-1131\" style=\"width:362px;height:203px\" srcset=\"https:\/\/blogs.univ-tlse2.fr\/master-gtdl\/files\/2023\/02\/baniere_aussi_campus-1024x575.jpeg 1024w, https:\/\/blogs.univ-tlse2.fr\/master-gtdl\/files\/2023\/02\/baniere_aussi_campus-300x169.jpeg 300w, https:\/\/blogs.univ-tlse2.fr\/master-gtdl\/files\/2023\/02\/baniere_aussi_campus-768x432.jpeg 768w, https:\/\/blogs.univ-tlse2.fr\/master-gtdl\/files\/2023\/02\/baniere_aussi_campus-1536x863.jpeg 1536w, https:\/\/blogs.univ-tlse2.fr\/master-gtdl\/files\/2023\/02\/baniere_aussi_campus.jpeg 1920w\" sizes=\"auto, (max-width: 767px) 89vw, (max-width: 1000px) 54vw, (max-width: 1071px) 543px, 580px\" \/><figcaption class=\"wp-element-caption\"><a href=\"https:\/\/centre-universitaire-ariege.fr\/\" data-type=\"URL\" data-id=\"https:\/\/centre-universitaire-ariege.fr\/\">https:\/\/centre-universitaire-ariege.fr\/<\/a><\/figcaption><\/figure>\n\n\n\n<figure class=\"wp-block-image size-full is-resized\"><a href=\"https:\/\/centre-universitaire-ariege.fr\/plan_campus.php\"><img loading=\"lazy\" decoding=\"async\" width=\"600\" height=\"700\" src=\"https:\/\/blogs.univ-tlse2.fr\/master-gtdl\/files\/2023\/02\/plan_campus.jpeg\" alt=\"\" class=\"wp-image-1138\" style=\"width:391px;height:456px\" srcset=\"https:\/\/blogs.univ-tlse2.fr\/master-gtdl\/files\/2023\/02\/plan_campus.jpeg 600w, https:\/\/blogs.univ-tlse2.fr\/master-gtdl\/files\/2023\/02\/plan_campus-257x300.jpeg 257w\" sizes=\"auto, (max-width: 600px) 100vw, 600px\" \/><\/a><figcaption class=\"wp-element-caption\"><a href=\"https:\/\/centre-universitaire-ariege.fr\/plan_campus.php\" data-type=\"URL\" data-id=\"https:\/\/centre-universitaire-ariege.fr\/plan_campus.php\">https:\/\/centre-universitaire-ariege.fr\/plan_campus.php<\/a><\/figcaption><\/figure>\n\n\n\n<h3 class=\"wp-block-heading\"><strong><mark class=\"has-inline-color has-luminous-vivid-amber-color\">Gestionnaire de scolarit\u00e9<\/mark><\/strong><\/h3>\n\n\n\n<p>MATHILDE PEQUIN<br>Absente le mercredi apr\u00e8s-midi \/ t\u00e9l\u00e9travail le vendredi<br>B\u00e2timent 1 &#8211; 05 61 02 19 88<br>Centre universitaire de l&rsquo;Ari\u00e8ge &#8211; 4, rue Raoul Lafagette &#8211; 09000 FOIX<br><\/p>\n","protected":false},"excerpt":{"rendered":"<p>Le master est co-habilit\u00e9 par : Les cours sont assur\u00e9s au sein du Campus Universitaire de Foix (Ari\u00e8ge) Mention Gestion des territoires et d\u00e9veloppement local Formation pluridisciplinaire en Sciences Humaines et Sociales, le Master Mention \u00ab\u00a0Gestion des territoires et d\u00e9veloppement local \u00ab\u00a0 propose des enseignements th\u00e9matiques, m\u00e9thodologiques et techniques sur des probl\u00e9matiques agricoles et rurales, &hellip; <\/p>\n<p class=\"link-more\"><a href=\"https:\/\/blogs.univ-tlse2.fr\/master-gtdl\/265-2\/\" class=\"more-link\">Continuer la lecture<span class=\"screen-reader-text\"> de &laquo;&nbsp;Pr\u00e9sentation du Master GTDL &#8211; Ruralit\u00e9s Nords&amp;Suds&nbsp;&raquo;<\/span><\/a><\/p>\n","protected":false},"author":964,"featured_media":0,"parent":0,"menu_order":0,"comment_status":"closed","ping_status":"closed","template":"","meta":{"footnotes":""},"class_list":["post-265","page","type-page","status-publish","hentry"],"_links":{"self":[{"href":"https:\/\/blogs.univ-tlse2.fr\/master-gtdl\/wp-json\/wp\/v2\/pages\/265","targetHints":{"allow":["GET"]}}],"collection":[{"href":"https:\/\/blogs.univ-tlse2.fr\/master-gtdl\/wp-json\/wp\/v2\/pages"}],"about":[{"href":"https:\/\/blogs.univ-tlse2.fr\/master-gtdl\/wp-json\/wp\/v2\/types\/page"}],"author":[{"embeddable":true,"href":"https:\/\/blogs.univ-tlse2.fr\/master-gtdl\/wp-json\/wp\/v2\/users\/964"}],"replies":[{"embeddable":true,"href":"https:\/\/blogs.univ-tlse2.fr\/master-gtdl\/wp-json\/wp\/v2\/comments?post=265"}],"version-history":[{"count":35,"href":"https:\/\/blogs.univ-tlse2.fr\/master-gtdl\/wp-json\/wp\/v2\/pages\/265\/revisions"}],"predecessor-version":[{"id":1468,"href":"https:\/\/blogs.univ-tlse2.fr\/master-gtdl\/wp-json\/wp\/v2\/pages\/265\/revisions\/1468"}],"wp:attachment":[{"href":"https:\/\/blogs.univ-tlse2.fr\/master-gtdl\/wp-json\/wp\/v2\/media?parent=265"}],"curies":[{"name":"wp","href":"https:\/\/api.w.org\/{rel}","templated":true}]}}