 {"id":34,"date":"2021-02-12T12:38:18","date_gmt":"2021-02-12T11:38:18","guid":{"rendered":"https:\/\/mastergtdl.wordpress.com\/?page_id=34"},"modified":"2026-02-11T09:02:04","modified_gmt":"2026-02-11T08:02:04","slug":"candidature","status":"publish","type":"page","link":"https:\/\/blogs.univ-tlse2.fr\/master-gtdl\/candidature\/","title":{"rendered":"Candidature"},"content":{"rendered":"\n<h2 class=\"wp-block-heading\"><strong><mark class=\"has-inline-color has-luminous-vivid-amber-color\">Candidatures pour int\u00e9grer le Master 1<\/mark><\/strong><\/h2>\n\n\n\n<p>Les demandes d\u2019admission en\u00a0<strong>M1<\/strong>\u00a0restent g\u00e9r\u00e9es <strong>exclusivement sur la plateforme <a href=\"https:\/\/monmaster.gouv.fr\/formation\">Mon Master<\/a><\/strong>\u00a0du <strong>17 f\u00e9vrier 2026 au 16 mars 2026.<\/strong><\/p>\n\n\n\n<h2 class=\"wp-block-heading\"><strong><mark class=\"has-inline-color has-luminous-vivid-amber-color\">Candidatures pour int\u00e9grer le Master 2<\/mark><\/strong><\/h2>\n\n\n\n<p><strong><mark class=\"has-inline-color has-luminous-vivid-amber-color\"><\/mark><\/strong>Les candidatures 2025-2026 pour int\u00e9grer le <strong>M2<\/strong>\u00a0\u200bsont \u00e0 d\u00e9poser dans la plateforme <a href=\"https:\/\/ecandidat.univ-tlse2.fr\/connect#!accueilView\"><strong>e-candidat UT2J<\/strong><\/a><\/p>\n\n\n\n<p>Les demandes d\u2019admission sont ouvertes sur la m\u00eame p\u00e9riode que celle des M1\u00a0du\u00a0<strong>17 f\u00e9vrier 2026 au 16 mars 2026<\/strong>.<\/p>\n\n\n\n<ul class=\"wp-block-list\">\n<li>les candidats qui n&rsquo;ont jamais fr\u00e9quent\u00e9 UT2J doivent cr\u00e9er un compte, c&rsquo;est possible d\u00e8s \u00e0 pr\u00e9sent<\/li>\n\n\n\n<li>les dossiers doivent \u00eatre d\u00e9pos\u00e9s en v\u00e9rifiant bien la compl\u00e9tude de la proc\u00e9dure sur la plateforme, sinon le dossier ne sera pas transmis<\/li>\n\n\n\n<li>les candidats \u00e9trangers doivent utiliser la plateforme de <a href=\"https:\/\/www.campusfrance.org\/fr\/candidature-enseignement-superieur-france\">Campus France<\/a><\/li>\n<\/ul>\n\n\n\n<figure class=\"wp-block-image size-large\"><img loading=\"lazy\" decoding=\"async\" width=\"1024\" height=\"282\" src=\"https:\/\/blogs.univ-tlse2.fr\/master-gtdl\/files\/2023\/02\/Parc-IMG_3545-Def-1024x282.jpg\" alt=\"\" class=\"wp-image-1133\" srcset=\"https:\/\/blogs.univ-tlse2.fr\/master-gtdl\/files\/2023\/02\/Parc-IMG_3545-Def-1024x282.jpg 1024w, https:\/\/blogs.univ-tlse2.fr\/master-gtdl\/files\/2023\/02\/Parc-IMG_3545-Def-300x83.jpg 300w, https:\/\/blogs.univ-tlse2.fr\/master-gtdl\/files\/2023\/02\/Parc-IMG_3545-Def-768x212.jpg 768w, https:\/\/blogs.univ-tlse2.fr\/master-gtdl\/files\/2023\/02\/Parc-IMG_3545-Def-1536x423.jpg 1536w, https:\/\/blogs.univ-tlse2.fr\/master-gtdl\/files\/2023\/02\/Parc-IMG_3545-Def-2048x565.jpg 2048w\" sizes=\"auto, (max-width: 767px) 89vw, (max-width: 1000px) 54vw, (max-width: 1071px) 543px, 580px\" \/><figcaption class=\"wp-element-caption\"><a href=\"https:\/\/centre-universitaire-ariege.fr\/\">https:\/\/centre-universitaire-ariege.fr\/<\/a><\/figcaption><\/figure>\n\n\n\n<h2 class=\"wp-block-heading\"><strong><span class=\"has-inline-color has-luminous-vivid-amber-color\">Conditions d&rsquo;acc\u00e8s<\/span><\/strong><\/h2>\n\n\n\n<h3 class=\"wp-block-heading\"><strong><span class=\"has-inline-color has-vivid-green-cyan-color\">Formation initiale<\/span><\/strong><\/h3>\n\n\n\n<p>Le master est ouvert aux \u00e9tudiants titulaires d&rsquo;une Licence ou \u00e9quivalent en g\u00e9ographie, am\u00e9nagement, sociologie, \u00e9conomie, sciences sociales, agro-\u00e9conomie ou d\u2019une formation bac+3 \u00e9quivalente dans les domaines de l\u2019anthropologie, de l\u2019administration publique, du droit, de l\u2019\u00e9conomie, de la gestion, des sciences politiques et des sciences de la vie et de la terre.<\/p>\n\n\n\n<p>Les titulaires d\u2019une licence professionnelle peuvent \u00e9galement candidater, en particulier les titulaires d\u2019une licence mention d\u00e9veloppement de projets de territoires.<\/p>\n\n\n\n<p>Pour les \u00e9tudiants titulaires d\u2019un dipl\u00f4me \u00e9tranger, se renseigner aupr\u00e8s de la <a href=\"https:\/\/www.univ-tlse2.fr\/accueil\/pole-des-etudiants-etrangers\">DIVE (Division de la Vie \u00c9tudiante)<\/a><\/p>\n\n\n\n<h3 class=\"wp-block-heading\"><strong><span class=\"has-inline-color has-vivid-green-cyan-color\">Formation continue<\/span><\/strong><\/h3>\n\n\n\n<p>Environ 20 % des places sont ouvertes au titre de la formation continue pour des personnes ayant une exp\u00e9rience professionnelle dans les champs de comp\u00e9tences \/ m\u00e9tiers vis\u00e9s.<\/p>\n\n\n\n<p>Les candidats non titulaires de l\u2019un des dipl\u00f4mes pr\u00e9c\u00e9dents et justifiant d\u2019une activit\u00e9 professionnelle, susceptible de leur conf\u00e9rer une qualification \u00e9quivalente, peuvent \u00eatre autoris\u00e9s \u00e0 s\u2019inscrire apr\u00e8s d\u00e9cision de la commission de Validation des Acquis de l\u2019Exp\u00e9rience (VAE).<\/p>\n\n\n\n<p><\/p>\n\n\n\n<h2 class=\"wp-block-heading\"><strong><span class=\"has-inline-color has-luminous-vivid-amber-color\">Entr\u00e9e s\u00e9lective<\/span><\/strong><\/h2>\n\n\n\n<p><strong>La s\u00e9lection sur dossier s\u2019effectue \u00e0 l\u2019entr\u00e9e du dipl\u00f4me. La commission d&rsquo;admission indique au candidat leur ann\u00e9e d&rsquo;admission (M1 ou M2). Les candidats souhaitant une entr\u00e9e directe en M2&nbsp; le pr\u00e9ciseront dans leur lettre de motivation, la commission d&rsquo;admission restant d\u00e9cisionnaire.<\/strong><\/p>\n","protected":false},"excerpt":{"rendered":"<p>Candidatures pour int\u00e9grer le Master 1 Les demandes d\u2019admission en\u00a0M1\u00a0restent g\u00e9r\u00e9es exclusivement sur la plateforme Mon Master\u00a0du 17 f\u00e9vrier 2026 au 16 mars 2026. Candidatures pour int\u00e9grer le Master 2 Les candidatures 2025-2026 pour int\u00e9grer le M2\u00a0\u200bsont \u00e0 d\u00e9poser dans la plateforme e-candidat UT2J Les demandes d\u2019admission sont ouvertes sur la m\u00eame p\u00e9riode que celle &hellip; <\/p>\n<p class=\"link-more\"><a href=\"https:\/\/blogs.univ-tlse2.fr\/master-gtdl\/candidature\/\" class=\"more-link\">Continuer la lecture<span class=\"screen-reader-text\"> de &laquo;&nbsp;Candidature&nbsp;&raquo;<\/span><\/a><\/p>\n","protected":false},"author":964,"featured_media":0,"parent":0,"menu_order":0,"comment_status":"closed","ping_status":"closed","template":"","meta":{"footnotes":""},"class_list":["post-34","page","type-page","status-publish","hentry"],"_links":{"self":[{"href":"https:\/\/blogs.univ-tlse2.fr\/master-gtdl\/wp-json\/wp\/v2\/pages\/34","targetHints":{"allow":["GET"]}}],"collection":[{"href":"https:\/\/blogs.univ-tlse2.fr\/master-gtdl\/wp-json\/wp\/v2\/pages"}],"about":[{"href":"https:\/\/blogs.univ-tlse2.fr\/master-gtdl\/wp-json\/wp\/v2\/types\/page"}],"author":[{"embeddable":true,"href":"https:\/\/blogs.univ-tlse2.fr\/master-gtdl\/wp-json\/wp\/v2\/users\/964"}],"replies":[{"embeddable":true,"href":"https:\/\/blogs.univ-tlse2.fr\/master-gtdl\/wp-json\/wp\/v2\/comments?post=34"}],"version-history":[{"count":38,"href":"https:\/\/blogs.univ-tlse2.fr\/master-gtdl\/wp-json\/wp\/v2\/pages\/34\/revisions"}],"predecessor-version":[{"id":1497,"href":"https:\/\/blogs.univ-tlse2.fr\/master-gtdl\/wp-json\/wp\/v2\/pages\/34\/revisions\/1497"}],"wp:attachment":[{"href":"https:\/\/blogs.univ-tlse2.fr\/master-gtdl\/wp-json\/wp\/v2\/media?parent=34"}],"curies":[{"name":"wp","href":"https:\/\/api.w.org\/{rel}","templated":true}]}}