 {"id":36,"date":"2021-02-12T12:38:21","date_gmt":"2021-02-12T11:38:21","guid":{"rendered":"https:\/\/mastergtdl.wordpress.com\/?page_id=36"},"modified":"2022-03-09T10:06:16","modified_gmt":"2022-03-09T09:06:16","slug":"partenaires","status":"publish","type":"page","link":"https:\/\/blogs.univ-tlse2.fr\/master-gtdl\/partenaires\/","title":{"rendered":"Partenaires"},"content":{"rendered":"\n<h1 class=\"wp-block-heading\"><mark class=\"has-inline-color has-luminous-vivid-amber-color\">Les partenariats professionnels<\/mark><\/h1>\n\n\n\n<p>La formation repose sur des <strong>partenariats <\/strong>\u00e9troits \u00e9tablis de longue date avec des <strong>acteurs professionnels<\/strong>, notamment dans le cadre du Master ADTM cr\u00e9\u00e9 en 1991, des programmes de <strong>recherche-action<\/strong> en lien avec des organismes de d\u00e9veloppement, et la formation doctorale par le biais de bourses CIFRE. <\/p>\n\n\n\n<p>Ces professionnels, charg\u00e9s de mission, animateurs, chefs de projet, charg\u00e9s d\u2019\u00e9tudes, au sein de collectivit\u00e9s territoriales, de territoires de projet, d\u2019organismes consulaires, de bureaux d\u2019\u00e9tudes, participent activement \u00e0 la formation : <\/p>\n\n\n\n<ul class=\"wp-block-list\"><li>en dispensant des <a href=\"https:\/\/blogs.univ-tlse2.fr\/master-gtdl\/intervenants-exterieurs\/\" data-type=\"URL\" data-id=\"https:\/\/blogs.univ-tlse2.fr\/master-gtdl\/intervenants-exterieurs\/\">enseignements<\/a>, <\/li><\/ul>\n\n\n\n<ul class=\"wp-block-list\"><li>en formulant des commandes pour les <a href=\"https:\/\/blogs.univ-tlse2.fr\/master-gtdl\/ateliers\/\">ateliers<\/a>, <\/li><\/ul>\n\n\n\n<ul class=\"wp-block-list\"><li>ou encore en <a href=\"https:\/\/blogs.univ-tlse2.fr\/master-gtdl\/structures-ayant-accueilli-des-stages\/\" target=\"_blank\" rel=\"noreferrer noopener\">accueillant <\/a>des stagiaires.<\/li><\/ul>\n\n\n\n<p><\/p>\n\n\n\n<p><\/p>\n\n\n\n<p>Quelques exemples&nbsp;:<\/p>\n\n\n\n<ul class=\"wp-block-list\"><li>AfricaRice en C\u00f4te d&rsquo;Ivoire<\/li><li>Assembl\u00e9e pyr\u00e9n\u00e9enne d\u2019\u00e9conomie montagnarde<\/li><li>Association biodynamie recherche<\/li><li>Association des Chambres d\u2019agriculture des Pyr\u00e9n\u00e9es<\/li><li>Communaut\u00e9 de communes Pyr\u00e9n\u00e9es Vall\u00e9es des Gaves<\/li><li>Centre de gestion et d\u2019\u00e9conomie rurale de l\u2019Ari\u00e8ge<\/li><li>Chambre d&rsquo;agriculture de la Gironde<\/li><li>Chambre d&rsquo;agriculture des Landes<\/li><li>Com com Arize L\u00e8ze<\/li><li>Com com du Comminges<\/li><li>Commissariat \u00e0 l\u2019am\u00e9nagement des Pyr\u00e9n\u00e9es<\/li><li>Communaut\u00e9 de travail des Pyr\u00e9n\u00e9es<\/li><li>Conf\u00e9d\u00e9ration pyr\u00e9n\u00e9enne du tourisme<\/li><li>Conseil d\u00e9partemental Ari\u00e8ge<\/li><li>Conseil g\u00e9n\u00e9ral de l\u2019Ari\u00e8ge<\/li><li>Conseil r\u00e9gional Midi-Pyr\u00e9n\u00e9es<\/li><li>ENSFEA<\/li><li>F\u00e9d\u00e9ration pastorale de l\u2019Ari\u00e8ge<\/li><li>France Gerbal M\u00e9dalle &#8211; AOC Tourisme (Gaillac)<\/li><li>In Site<\/li><li>Institution patrimoniale du Haut B\u00e9arn<\/li><li>Kokopelli Ari\u00e8ge<\/li><li>Lamballe Terre et Mer<\/li><li>Mairie de Saverdun<\/li><li>Maison des alpages de Besse en Oisans<\/li><li>Office national des for\u00eats Ari\u00e8ge<\/li><li>Pays Pyr\u00e9n\u00e9es Cathares<\/li><li>PNR des Pyr\u00e9n\u00e9es Ari\u00e9geoises<\/li><li>R\u00e9gion Occitanie<\/li><li>SCIC Maison paysanne de l&rsquo;Aude<\/li><li>Services d\u00e9concentr\u00e9s de l\u2019\u00c9tat<\/li><li>Communaut\u00e9 d&rsquo;agglom\u00e9ration du Sicoval (31)<\/li><li>Syndicat mixte Canigou grand site<\/li><\/ul>\n","protected":false},"excerpt":{"rendered":"<p>Les partenariats professionnels La formation repose sur des partenariats \u00e9troits \u00e9tablis de longue date avec des acteurs professionnels, notamment dans le cadre du Master ADTM cr\u00e9\u00e9 en 1991, des programmes de recherche-action en lien avec des organismes de d\u00e9veloppement, et la formation doctorale par le biais de bourses CIFRE. Ces professionnels, charg\u00e9s de mission, animateurs, &hellip; <\/p>\n<p class=\"link-more\"><a href=\"https:\/\/blogs.univ-tlse2.fr\/master-gtdl\/partenaires\/\" class=\"more-link\">Continuer la lecture<span class=\"screen-reader-text\"> de &laquo;&nbsp;Partenaires&nbsp;&raquo;<\/span><\/a><\/p>\n","protected":false},"author":964,"featured_media":0,"parent":0,"menu_order":0,"comment_status":"closed","ping_status":"closed","template":"","meta":{"footnotes":""},"class_list":["post-36","page","type-page","status-publish","hentry"],"_links":{"self":[{"href":"https:\/\/blogs.univ-tlse2.fr\/master-gtdl\/wp-json\/wp\/v2\/pages\/36","targetHints":{"allow":["GET"]}}],"collection":[{"href":"https:\/\/blogs.univ-tlse2.fr\/master-gtdl\/wp-json\/wp\/v2\/pages"}],"about":[{"href":"https:\/\/blogs.univ-tlse2.fr\/master-gtdl\/wp-json\/wp\/v2\/types\/page"}],"author":[{"embeddable":true,"href":"https:\/\/blogs.univ-tlse2.fr\/master-gtdl\/wp-json\/wp\/v2\/users\/964"}],"replies":[{"embeddable":true,"href":"https:\/\/blogs.univ-tlse2.fr\/master-gtdl\/wp-json\/wp\/v2\/comments?post=36"}],"version-history":[{"count":6,"href":"https:\/\/blogs.univ-tlse2.fr\/master-gtdl\/wp-json\/wp\/v2\/pages\/36\/revisions"}],"predecessor-version":[{"id":857,"href":"https:\/\/blogs.univ-tlse2.fr\/master-gtdl\/wp-json\/wp\/v2\/pages\/36\/revisions\/857"}],"wp:attachment":[{"href":"https:\/\/blogs.univ-tlse2.fr\/master-gtdl\/wp-json\/wp\/v2\/media?parent=36"}],"curies":[{"name":"wp","href":"https:\/\/api.w.org\/{rel}","templated":true}]}}