 {"id":60,"date":"2021-02-12T14:21:59","date_gmt":"2021-02-12T13:21:59","guid":{"rendered":"https:\/\/mastergtdl.wordpress.com\/?page_id=60"},"modified":"2026-02-09T10:41:34","modified_gmt":"2026-02-09T09:41:34","slug":"organisation-formation","status":"publish","type":"page","link":"https:\/\/blogs.univ-tlse2.fr\/master-gtdl\/organisation-formation\/","title":{"rendered":"Organisation de la formation"},"content":{"rendered":"\n<p><\/p>\n\n\n\n<figure class=\"wp-block-gallery has-nested-images columns-default is-cropped wp-block-gallery-1 is-layout-flex wp-block-gallery-is-layout-flex\">\n<figure class=\"wp-block-image size-full\"><img loading=\"lazy\" decoding=\"async\" width=\"1809\" height=\"2560\" data-id=\"1161\" src=\"https:\/\/blogs.univ-tlse2.fr\/master-gtdl\/files\/2023\/07\/Catalogue-Master-2021-2026-GTDL-Ruralites-Nords-Suds-1-1-scaled.jpg\" alt=\"\" class=\"wp-image-1161\" srcset=\"https:\/\/blogs.univ-tlse2.fr\/master-gtdl\/files\/2023\/07\/Catalogue-Master-2021-2026-GTDL-Ruralites-Nords-Suds-1-1-scaled.jpg 1809w, https:\/\/blogs.univ-tlse2.fr\/master-gtdl\/files\/2023\/07\/Catalogue-Master-2021-2026-GTDL-Ruralites-Nords-Suds-1-1-212x300.jpg 212w, https:\/\/blogs.univ-tlse2.fr\/master-gtdl\/files\/2023\/07\/Catalogue-Master-2021-2026-GTDL-Ruralites-Nords-Suds-1-1-724x1024.jpg 724w, https:\/\/blogs.univ-tlse2.fr\/master-gtdl\/files\/2023\/07\/Catalogue-Master-2021-2026-GTDL-Ruralites-Nords-Suds-1-1-768x1087.jpg 768w, https:\/\/blogs.univ-tlse2.fr\/master-gtdl\/files\/2023\/07\/Catalogue-Master-2021-2026-GTDL-Ruralites-Nords-Suds-1-1-1086x1536.jpg 1086w, https:\/\/blogs.univ-tlse2.fr\/master-gtdl\/files\/2023\/07\/Catalogue-Master-2021-2026-GTDL-Ruralites-Nords-Suds-1-1-1447x2048.jpg 1447w\" sizes=\"auto, (max-width: 767px) 89vw, (max-width: 1000px) 54vw, (max-width: 1071px) 543px, 580px\" \/><\/figure>\n\n\n\n<figure class=\"wp-block-image size-full\"><img loading=\"lazy\" decoding=\"async\" width=\"1809\" height=\"2560\" data-id=\"1162\" src=\"https:\/\/blogs.univ-tlse2.fr\/master-gtdl\/files\/2023\/07\/Catalogue-Master-2021-2026-GTDL-Ruralites-Nords-Suds-2-scaled.jpg\" alt=\"\" class=\"wp-image-1162\" srcset=\"https:\/\/blogs.univ-tlse2.fr\/master-gtdl\/files\/2023\/07\/Catalogue-Master-2021-2026-GTDL-Ruralites-Nords-Suds-2-scaled.jpg 1809w, https:\/\/blogs.univ-tlse2.fr\/master-gtdl\/files\/2023\/07\/Catalogue-Master-2021-2026-GTDL-Ruralites-Nords-Suds-2-212x300.jpg 212w, https:\/\/blogs.univ-tlse2.fr\/master-gtdl\/files\/2023\/07\/Catalogue-Master-2021-2026-GTDL-Ruralites-Nords-Suds-2-724x1024.jpg 724w, https:\/\/blogs.univ-tlse2.fr\/master-gtdl\/files\/2023\/07\/Catalogue-Master-2021-2026-GTDL-Ruralites-Nords-Suds-2-768x1087.jpg 768w, https:\/\/blogs.univ-tlse2.fr\/master-gtdl\/files\/2023\/07\/Catalogue-Master-2021-2026-GTDL-Ruralites-Nords-Suds-2-1086x1536.jpg 1086w, https:\/\/blogs.univ-tlse2.fr\/master-gtdl\/files\/2023\/07\/Catalogue-Master-2021-2026-GTDL-Ruralites-Nords-Suds-2-1447x2048.jpg 1447w\" sizes=\"auto, (max-width: 767px) 89vw, (max-width: 1000px) 54vw, (max-width: 1071px) 543px, 580px\" \/><\/figure>\n<\/figure>\n\n\n\n<h2 class=\"wp-block-heading\"><strong><mark class=\"has-inline-color has-luminous-vivid-amber-color\">Organisation p\u00e9dagogique du M1<\/mark><\/strong><\/h2>\n\n\n\n<p class=\"has-text-align-left\">Le programme p\u00e9dagogique du Master 1 est organis\u00e9 en deux semestres. <\/p>\n\n\n\n<p class=\"has-text-align-left\">Chaque semestre propose une s\u00e9rie d\u2019unit\u00e9s d\u2019enseignement (UE). La validation de chaque UE donne lieu \u00e0 l\u2019obtention de cr\u00e9dits ECTS.<\/p>\n\n\n\n<p class=\"has-text-align-left\"><br>Les enseignements associent apports th\u00e9oriques et m\u00e9thodologiques et mises en situation pour former des professionnels aux m\u00e9tiers de d\u00e9veloppement rural. Ils jouent donc un r\u00f4le central dans cette formation qui vise \u00e0 l\u2019obtention d\u2019une double comp\u00e9tence, dans le domaine de la recherche et dans le domaine de la conduite de projet territorial dans l\u2019espace rural. La r\u00e9alisation d\u2019un stage hors cursus est vivement conseill\u00e9e \u00e0 l\u2019issue des cours.<\/p>\n\n\n\n<p><em>Guide 2025-2026 du M1<\/em><\/p>\n\n\n\n<div data-wp-interactive=\"core\/file\" class=\"wp-block-file\"><object data-wp-bind--hidden=\"!state.hasPdfPreview\" hidden class=\"wp-block-file__embed\" data=\"https:\/\/blogs.univ-tlse2.fr\/master-gtdl\/files\/2026\/02\/M1-Guide-2025-2026-MASTER-GTDL-Ruralites-NS-V-07sept2025.pdf\" type=\"application\/pdf\" style=\"width:100%;height:600px\" aria-label=\"Contenu embarqu\u00e9 M1 Guide 2025-2026 MASTER GTDL-Ruralite\u0301s N&amp;S (V 07sept2025).\"><\/object><a id=\"wp-block-file--media-fdb2d883-4b0a-4a49-93e9-2cd13eb8e425\" href=\"https:\/\/blogs.univ-tlse2.fr\/master-gtdl\/files\/2026\/02\/M1-Guide-2025-2026-MASTER-GTDL-Ruralites-NS-V-07sept2025.pdf\">M1 Guide 2025-2026 MASTER GTDL-Ruralite\u0301s N&amp;S (V 07sept2025)<\/a><a href=\"https:\/\/blogs.univ-tlse2.fr\/master-gtdl\/files\/2026\/02\/M1-Guide-2025-2026-MASTER-GTDL-Ruralites-NS-V-07sept2025.pdf\" class=\"wp-block-file__button wp-element-button\" download aria-describedby=\"wp-block-file--media-fdb2d883-4b0a-4a49-93e9-2cd13eb8e425\">T\u00e9l\u00e9charger<\/a><\/div>\n\n\n\n<hr class=\"wp-block-separator has-alpha-channel-opacity\" \/>\n\n\n\n<h2 class=\"wp-block-heading\"><mark class=\"has-inline-color has-luminous-vivid-amber-color\"><strong>Organisation p\u00e9dagogique du M2<\/strong><\/mark><\/h2>\n\n\n\n<p>Le programme p\u00e9dagogique du Master 2 est organis\u00e9 en deux semestres. <\/p>\n\n\n\n<p>Chaque semestre propose une s\u00e9rie d\u2019unit\u00e9s d\u2019enseignement (UE). La validation de chaque UE donne lieu \u00e0 l\u2019obtention de cr\u00e9dits ECTS.<\/p>\n\n\n\n<p><br>Les enseignements associent apports th\u00e9oriques et m\u00e9thodologiques et mises en situation pour former des professionnels aux m\u00e9tiers de d\u00e9veloppement rural. L\u2019ensemble de la formation vise \u00e0 l\u2019obtention d\u2019une double comp\u00e9tence, dans le domaine de la recherche et dans le domaine de la conduite de projet territorial dans l\u2019espace rural.<\/p>\n\n\n\n<p><em>Guide 2025-2026 du M2<\/em><\/p>\n\n\n\n<div data-wp-interactive=\"core\/file\" class=\"wp-block-file\"><object data-wp-bind--hidden=\"!state.hasPdfPreview\" hidden class=\"wp-block-file__embed\" data=\"https:\/\/blogs.univ-tlse2.fr\/master-gtdl\/files\/2026\/02\/M2-Guide-2025-2026-MASTER-GTDL-Ruralites-NS-V-07sept2025.pdf\" type=\"application\/pdf\" style=\"width:100%;height:600px\" aria-label=\"Contenu embarqu\u00e9 M2 Guide 2025-2026 MASTER GTDL-Ruralite\u0301s N&amp;S (V 07sept2025).\"><\/object><a id=\"wp-block-file--media-801bfd18-b52a-4912-8557-dc437f586469\" href=\"https:\/\/blogs.univ-tlse2.fr\/master-gtdl\/files\/2026\/02\/M2-Guide-2025-2026-MASTER-GTDL-Ruralites-NS-V-07sept2025.pdf\">M2 Guide 2025-2026 MASTER GTDL-Ruralite\u0301s N&amp;S (V 07sept2025)<\/a><a href=\"https:\/\/blogs.univ-tlse2.fr\/master-gtdl\/files\/2026\/02\/M2-Guide-2025-2026-MASTER-GTDL-Ruralites-NS-V-07sept2025.pdf\" class=\"wp-block-file__button wp-element-button\" download aria-describedby=\"wp-block-file--media-801bfd18-b52a-4912-8557-dc437f586469\">T\u00e9l\u00e9charger<\/a><\/div>\n\n\n\n<h2 class=\"wp-block-heading\"><strong><span class=\"has-inline-color has-luminous-vivid-amber-color\">O\u00f9 les cours sont-ils assur\u00e9s ?<\/span><\/strong><\/h2>\n\n\n\n<p>Les enseignements du Master sont assur\u00e9s \u00e0 Foix au CUA &#8211; centre universitaire de l&rsquo;Ari\u00e8ge.<\/p>\n\n\n\n<figure class=\"wp-block-gallery has-nested-images columns-default is-cropped wp-block-gallery-2 is-layout-flex wp-block-gallery-is-layout-flex\">\n<figure class=\"wp-block-image size-large\"><img loading=\"lazy\" decoding=\"async\" width=\"1024\" height=\"575\" data-id=\"573\" src=\"https:\/\/blogs.univ-tlse2.fr\/master-gtdl\/files\/2021\/09\/IMG_3535-1024x575.jpg\" alt=\"\" class=\"wp-image-573\" srcset=\"https:\/\/blogs.univ-tlse2.fr\/master-gtdl\/files\/2021\/09\/IMG_3535-1024x575.jpg 1024w, https:\/\/blogs.univ-tlse2.fr\/master-gtdl\/files\/2021\/09\/IMG_3535-300x169.jpg 300w, https:\/\/blogs.univ-tlse2.fr\/master-gtdl\/files\/2021\/09\/IMG_3535-768x432.jpg 768w, https:\/\/blogs.univ-tlse2.fr\/master-gtdl\/files\/2021\/09\/IMG_3535-1536x863.jpg 1536w, https:\/\/blogs.univ-tlse2.fr\/master-gtdl\/files\/2021\/09\/IMG_3535-2048x1151.jpg 2048w\" sizes=\"auto, (max-width: 767px) 89vw, (max-width: 1000px) 54vw, (max-width: 1071px) 543px, 580px\" \/><figcaption class=\"wp-element-caption\"><sup><sub>Parc du CU Foix.  L. Barthe <\/sub><\/sup><\/figcaption><\/figure>\n\n\n\n<figure class=\"wp-block-image size-large\"><img loading=\"lazy\" decoding=\"async\" width=\"448\" height=\"336\" data-id=\"572\" src=\"https:\/\/blogs.univ-tlse2.fr\/master-gtdl\/files\/2021\/09\/banc_3-BDEF.jpg\" alt=\"\" class=\"wp-image-572\" srcset=\"https:\/\/blogs.univ-tlse2.fr\/master-gtdl\/files\/2021\/09\/banc_3-BDEF.jpg 448w, https:\/\/blogs.univ-tlse2.fr\/master-gtdl\/files\/2021\/09\/banc_3-BDEF-300x225.jpg 300w\" sizes=\"auto, (max-width: 448px) 100vw, 448px\" \/><figcaption class=\"wp-element-caption\"><sup><sub>Ext\u00e9rieur face amphi. CU Foix.  L. Barthe<\/sub><\/sup><\/figcaption><\/figure>\n\n\n\n<figure class=\"wp-block-image size-large\"><img loading=\"lazy\" decoding=\"async\" width=\"1024\" height=\"575\" data-id=\"574\" src=\"https:\/\/blogs.univ-tlse2.fr\/master-gtdl\/files\/2021\/09\/IMG_3543-1024x575.jpg\" alt=\"\" class=\"wp-image-574\" srcset=\"https:\/\/blogs.univ-tlse2.fr\/master-gtdl\/files\/2021\/09\/IMG_3543-1024x575.jpg 1024w, https:\/\/blogs.univ-tlse2.fr\/master-gtdl\/files\/2021\/09\/IMG_3543-300x169.jpg 300w, https:\/\/blogs.univ-tlse2.fr\/master-gtdl\/files\/2021\/09\/IMG_3543-768x432.jpg 768w, https:\/\/blogs.univ-tlse2.fr\/master-gtdl\/files\/2021\/09\/IMG_3543-1536x863.jpg 1536w, https:\/\/blogs.univ-tlse2.fr\/master-gtdl\/files\/2021\/09\/IMG_3543-2048x1151.jpg 2048w\" sizes=\"auto, (max-width: 767px) 89vw, (max-width: 1000px) 54vw, (max-width: 1071px) 543px, 580px\" \/><figcaption class=\"wp-element-caption\"><sub><sup>Parc du CU Foix.  L. Barthe <\/sup><\/sub><\/figcaption><\/figure>\n\n\n\n<figure class=\"wp-block-image size-large\"><img loading=\"lazy\" decoding=\"async\" width=\"1024\" height=\"360\" data-id=\"575\" src=\"https:\/\/blogs.univ-tlse2.fr\/master-gtdl\/files\/2021\/09\/IMG_3647-Def-1024x360.jpg\" alt=\"\" class=\"wp-image-575\" srcset=\"https:\/\/blogs.univ-tlse2.fr\/master-gtdl\/files\/2021\/09\/IMG_3647-Def-1024x360.jpg 1024w, https:\/\/blogs.univ-tlse2.fr\/master-gtdl\/files\/2021\/09\/IMG_3647-Def-300x106.jpg 300w, https:\/\/blogs.univ-tlse2.fr\/master-gtdl\/files\/2021\/09\/IMG_3647-Def-768x270.jpg 768w, https:\/\/blogs.univ-tlse2.fr\/master-gtdl\/files\/2021\/09\/IMG_3647-Def-1536x541.jpg 1536w, https:\/\/blogs.univ-tlse2.fr\/master-gtdl\/files\/2021\/09\/IMG_3647-Def-2048x721.jpg 2048w\" sizes=\"auto, (max-width: 767px) 89vw, (max-width: 1000px) 54vw, (max-width: 1071px) 543px, 580px\" \/><figcaption class=\"wp-element-caption\"><sub><sup>Grand amphi, CU Foix. L. Barthe<\/sup><\/sub><\/figcaption><\/figure>\n<\/figure>\n\n\n\n<p>D\u00e9partement de G\u00e9ographie, UT2J<br><a rel=\"noreferrer noopener\" href=\"https:\/\/centre-universitaire-ariege.fr\/\" target=\"_blank\">Centre Universitaire de Foix<\/a><br>4 avenue Raoul Lafagette &#8211; 09000 Foix<br>05 61 02 19 88 \u2013 <a href=\"&#x6d;&#97;i&#x6c;&#116;o&#x3a;&#x67;eo&#x2e;&#102;o&#x69;&#x78;&#64;u&#x6e;&#105;v&#x2d;&#x74;ls&#x65;&#50;&#46;&#x66;&#x72;\">geo&#46;foix&#64;&#117;&#110;&#105;&#118;&#x2d;&#x74;&#x6c;&#x73;&#x65;&#x32;&#x2e;&#x66;&#x72;<\/a><\/p>\n\n\n\n<figure class=\"wp-block-embed is-type-video is-provider-youtube wp-block-embed-youtube wp-embed-aspect-16-9 wp-has-aspect-ratio\"><div class=\"wp-block-embed__wrapper\">\n<iframe loading=\"lazy\" title=\"Centre Universitaire de l&#039;Ari\u00e8ge Robert Naudi\" width=\"525\" height=\"295\" src=\"https:\/\/www.youtube.com\/embed\/TjxQBoUJ1MU?feature=oembed\" frameborder=\"0\" allow=\"accelerometer; autoplay; clipboard-write; encrypted-media; gyroscope; picture-in-picture; web-share\" referrerpolicy=\"strict-origin-when-cross-origin\" allowfullscreen><\/iframe>\n<\/div><\/figure>\n","protected":false},"excerpt":{"rendered":"<p>Organisation p\u00e9dagogique du M1 Le programme p\u00e9dagogique du Master 1 est organis\u00e9 en deux semestres. Chaque semestre propose une s\u00e9rie d\u2019unit\u00e9s d\u2019enseignement (UE). La validation de chaque UE donne lieu \u00e0 l\u2019obtention de cr\u00e9dits ECTS. Les enseignements associent apports th\u00e9oriques et m\u00e9thodologiques et mises en situation pour former des professionnels aux m\u00e9tiers de d\u00e9veloppement rural. &hellip; <\/p>\n<p class=\"link-more\"><a href=\"https:\/\/blogs.univ-tlse2.fr\/master-gtdl\/organisation-formation\/\" class=\"more-link\">Continuer la lecture<span class=\"screen-reader-text\"> de &laquo;&nbsp;Organisation de la formation&nbsp;&raquo;<\/span><\/a><\/p>\n","protected":false},"author":964,"featured_media":0,"parent":0,"menu_order":0,"comment_status":"closed","ping_status":"closed","template":"","meta":{"footnotes":""},"class_list":["post-60","page","type-page","status-publish","hentry"],"_links":{"self":[{"href":"https:\/\/blogs.univ-tlse2.fr\/master-gtdl\/wp-json\/wp\/v2\/pages\/60","targetHints":{"allow":["GET"]}}],"collection":[{"href":"https:\/\/blogs.univ-tlse2.fr\/master-gtdl\/wp-json\/wp\/v2\/pages"}],"about":[{"href":"https:\/\/blogs.univ-tlse2.fr\/master-gtdl\/wp-json\/wp\/v2\/types\/page"}],"author":[{"embeddable":true,"href":"https:\/\/blogs.univ-tlse2.fr\/master-gtdl\/wp-json\/wp\/v2\/users\/964"}],"replies":[{"embeddable":true,"href":"https:\/\/blogs.univ-tlse2.fr\/master-gtdl\/wp-json\/wp\/v2\/comments?post=60"}],"version-history":[{"count":22,"href":"https:\/\/blogs.univ-tlse2.fr\/master-gtdl\/wp-json\/wp\/v2\/pages\/60\/revisions"}],"predecessor-version":[{"id":1476,"href":"https:\/\/blogs.univ-tlse2.fr\/master-gtdl\/wp-json\/wp\/v2\/pages\/60\/revisions\/1476"}],"wp:attachment":[{"href":"https:\/\/blogs.univ-tlse2.fr\/master-gtdl\/wp-json\/wp\/v2\/media?parent=60"}],"curies":[{"name":"wp","href":"https:\/\/api.w.org\/{rel}","templated":true}]}}