 {"id":61,"date":"2021-02-12T14:22:01","date_gmt":"2021-02-12T13:22:01","guid":{"rendered":"https:\/\/mastergtdl.wordpress.com\/?page_id=61"},"modified":"2026-02-09T10:44:14","modified_gmt":"2026-02-09T09:44:14","slug":"contenus-des-cours","status":"publish","type":"page","link":"https:\/\/blogs.univ-tlse2.fr\/master-gtdl\/contenus-des-cours\/","title":{"rendered":"Contenus des cours"},"content":{"rendered":"\n<h2 class=\"wp-block-heading\"><strong><mark class=\"has-inline-color has-luminous-vivid-amber-color\">Cours de la premi\u00e8re ann\u00e9e &#8211; M1<\/mark><\/strong><\/h2>\n\n\n\n<p><em>Guide 2025-2026 pour les \u00e9tudiants de M1<\/em><\/p>\n\n\n\n<div data-wp-interactive=\"core\/file\" class=\"wp-block-file\"><object data-wp-bind--hidden=\"!state.hasPdfPreview\" hidden class=\"wp-block-file__embed\" data=\"https:\/\/blogs.univ-tlse2.fr\/master-gtdl\/files\/2026\/02\/M1-Guide-2025-2026-MASTER-GTDL-Ruralites-NS-V-07sept2025.pdf\" type=\"application\/pdf\" style=\"width:100%;height:600px\" aria-label=\"Contenu embarqu\u00e9 M1 Guide 2025-2026 MASTER GTDL-Ruralite\u0301s N&amp;S (V 07sept2025).\"><\/object><a id=\"wp-block-file--media-cb4f01d5-f5af-4fc4-8561-d98b99ace4b9\" href=\"https:\/\/blogs.univ-tlse2.fr\/master-gtdl\/files\/2026\/02\/M1-Guide-2025-2026-MASTER-GTDL-Ruralites-NS-V-07sept2025.pdf\">M1 Guide 2025-2026 MASTER GTDL-Ruralite\u0301s N&amp;S (V 07sept2025)<\/a><a href=\"https:\/\/blogs.univ-tlse2.fr\/master-gtdl\/files\/2026\/02\/M1-Guide-2025-2026-MASTER-GTDL-Ruralites-NS-V-07sept2025.pdf\" class=\"wp-block-file__button wp-element-button\" download aria-describedby=\"wp-block-file--media-cb4f01d5-f5af-4fc4-8561-d98b99ace4b9\">T\u00e9l\u00e9charger<\/a><\/div>\n\n\n\n<hr class=\"wp-block-separator has-alpha-channel-opacity\" \/>\n\n\n\n<h2 class=\"wp-block-heading\"><strong><span class=\"has-inline-color has-luminous-vivid-amber-color\">Cours de la deuxi\u00e8me ann\u00e9e &#8211; M2<\/span><\/strong><\/h2>\n\n\n\n<p><em>Guide 2025-2026 pour les \u00e9tudiants de M2 <\/em><\/p>\n\n\n\n<div data-wp-interactive=\"core\/file\" class=\"wp-block-file\"><object data-wp-bind--hidden=\"!state.hasPdfPreview\" hidden class=\"wp-block-file__embed\" data=\"https:\/\/blogs.univ-tlse2.fr\/master-gtdl\/files\/2026\/02\/M2-Guide-2025-2026-MASTER-GTDL-Ruralites-NS-V-07sept2025.pdf\" type=\"application\/pdf\" style=\"width:100%;height:600px\" aria-label=\"Contenu embarqu\u00e9 M2 Guide 2025-2026 MASTER GTDL-Ruralite\u0301s N&amp;S (V 07sept2025).\"><\/object><a id=\"wp-block-file--media-f1e88aa5-78c4-4591-92f8-87aa1a5247bb\" href=\"https:\/\/blogs.univ-tlse2.fr\/master-gtdl\/files\/2026\/02\/M2-Guide-2025-2026-MASTER-GTDL-Ruralites-NS-V-07sept2025.pdf\">M2 Guide 2025-2026 MASTER GTDL-Ruralite\u0301s N&amp;S (V 07sept2025)<\/a><a href=\"https:\/\/blogs.univ-tlse2.fr\/master-gtdl\/files\/2026\/02\/M2-Guide-2025-2026-MASTER-GTDL-Ruralites-NS-V-07sept2025.pdf\" class=\"wp-block-file__button wp-element-button\" download aria-describedby=\"wp-block-file--media-f1e88aa5-78c4-4591-92f8-87aa1a5247bb\">T\u00e9l\u00e9charger<\/a><\/div>\n\n\n\n<h2 class=\"wp-block-heading\"><strong><mark class=\"has-inline-color has-luminous-vivid-amber-color\">Sorties de terrain <\/mark><\/strong><\/h2>\n\n\n\n<figure class=\"wp-block-gallery has-nested-images columns-default is-cropped wp-block-gallery-1 is-layout-flex wp-block-gallery-is-layout-flex\">\n<figure class=\"wp-block-image size-large\"><img loading=\"lazy\" decoding=\"async\" width=\"1024\" height=\"768\" data-id=\"410\" src=\"https:\/\/blogs.univ-tlse2.fr\/master-gtdl\/files\/2021\/03\/Visite-valle-de-la-barousse-2019-1024x768.jpg\" alt=\"\" class=\"wp-image-410\" srcset=\"https:\/\/blogs.univ-tlse2.fr\/master-gtdl\/files\/2021\/03\/Visite-valle-de-la-barousse-2019-1024x768.jpg 1024w, https:\/\/blogs.univ-tlse2.fr\/master-gtdl\/files\/2021\/03\/Visite-valle-de-la-barousse-2019-300x225.jpg 300w, https:\/\/blogs.univ-tlse2.fr\/master-gtdl\/files\/2021\/03\/Visite-valle-de-la-barousse-2019-768x576.jpg 768w, https:\/\/blogs.univ-tlse2.fr\/master-gtdl\/files\/2021\/03\/Visite-valle-de-la-barousse-2019-1536x1152.jpg 1536w, https:\/\/blogs.univ-tlse2.fr\/master-gtdl\/files\/2021\/03\/Visite-valle-de-la-barousse-2019.jpg 1600w\" sizes=\"auto, (max-width: 767px) 89vw, (max-width: 1000px) 54vw, (max-width: 1071px) 543px, 580px\" \/><figcaption class=\"wp-element-caption\"><sub><sup>Visite valle de la barousse, 2019.  M. Gambino <\/sup><\/sub><\/figcaption><\/figure>\n\n\n\n<figure class=\"wp-block-image size-large\"><img loading=\"lazy\" decoding=\"async\" width=\"576\" height=\"1024\" data-id=\"409\" src=\"https:\/\/blogs.univ-tlse2.fr\/master-gtdl\/files\/2021\/03\/Visite-a-Quillan-etudiants-LPro-EDL-2018-576x1024.jpg\" alt=\"\" class=\"wp-image-409\" srcset=\"https:\/\/blogs.univ-tlse2.fr\/master-gtdl\/files\/2021\/03\/Visite-a-Quillan-etudiants-LPro-EDL-2018-576x1024.jpg 576w, https:\/\/blogs.univ-tlse2.fr\/master-gtdl\/files\/2021\/03\/Visite-a-Quillan-etudiants-LPro-EDL-2018-169x300.jpg 169w, https:\/\/blogs.univ-tlse2.fr\/master-gtdl\/files\/2021\/03\/Visite-a-Quillan-etudiants-LPro-EDL-2018.jpg 747w\" sizes=\"auto, (max-width: 576px) 100vw, 576px\" \/><figcaption class=\"wp-element-caption\"><sup><sub>Visite \u00e0 Quillian, 2018 .<br> M. Gambino  <\/sub><\/sup><\/figcaption><\/figure>\n\n\n\n<figure class=\"wp-block-image size-large\"><img loading=\"lazy\" decoding=\"async\" width=\"610\" height=\"1024\" data-id=\"408\" src=\"https:\/\/blogs.univ-tlse2.fr\/master-gtdl\/files\/2021\/03\/observation-du-territoire-rue-de-foix-2019-610x1024.jpg\" alt=\"\" class=\"wp-image-408\" srcset=\"https:\/\/blogs.univ-tlse2.fr\/master-gtdl\/files\/2021\/03\/observation-du-territoire-rue-de-foix-2019-610x1024.jpg 610w, https:\/\/blogs.univ-tlse2.fr\/master-gtdl\/files\/2021\/03\/observation-du-territoire-rue-de-foix-2019-179x300.jpg 179w, https:\/\/blogs.univ-tlse2.fr\/master-gtdl\/files\/2021\/03\/observation-du-territoire-rue-de-foix-2019-768x1290.jpg 768w, https:\/\/blogs.univ-tlse2.fr\/master-gtdl\/files\/2021\/03\/observation-du-territoire-rue-de-foix-2019-914x1536.jpg 914w, https:\/\/blogs.univ-tlse2.fr\/master-gtdl\/files\/2021\/03\/observation-du-territoire-rue-de-foix-2019.jpg 1143w\" sizes=\"auto, (max-width: 610px) 100vw, 610px\" \/><figcaption class=\"wp-element-caption\"><sub><sup>Observation du territoire \u00ab\u00a0rue de Foix\u00a0\u00bb, 2019. <br>M. Gambino<\/sup><\/sub><\/figcaption><\/figure>\n\n\n\n<figure class=\"wp-block-image size-large\"><img loading=\"lazy\" decoding=\"async\" width=\"1024\" height=\"619\" data-id=\"406\" src=\"https:\/\/blogs.univ-tlse2.fr\/master-gtdl\/files\/2021\/03\/Entrainement-aux-entretiens-dembauche-etudiants-LProEDL-2018-scaled-e1616168748737-1024x619.jpg\" alt=\"\" class=\"wp-image-406\" srcset=\"https:\/\/blogs.univ-tlse2.fr\/master-gtdl\/files\/2021\/03\/Entrainement-aux-entretiens-dembauche-etudiants-LProEDL-2018-scaled-e1616168748737-1024x619.jpg 1024w, https:\/\/blogs.univ-tlse2.fr\/master-gtdl\/files\/2021\/03\/Entrainement-aux-entretiens-dembauche-etudiants-LProEDL-2018-scaled-e1616168748737-300x181.jpg 300w, https:\/\/blogs.univ-tlse2.fr\/master-gtdl\/files\/2021\/03\/Entrainement-aux-entretiens-dembauche-etudiants-LProEDL-2018-scaled-e1616168748737-768x464.jpg 768w, https:\/\/blogs.univ-tlse2.fr\/master-gtdl\/files\/2021\/03\/Entrainement-aux-entretiens-dembauche-etudiants-LProEDL-2018-scaled-e1616168748737.jpg 1408w\" sizes=\"auto, (max-width: 767px) 89vw, (max-width: 1000px) 54vw, (max-width: 1071px) 543px, 580px\" \/><figcaption class=\"wp-element-caption\"><sub><sup>Entrainement aux entretiens d&#8217;embauche-\u00e9tudiants, 2018.  M. Gambino <\/sup><\/sub><\/figcaption><\/figure>\n\n\n\n<figure class=\"wp-block-image size-large\"><img loading=\"lazy\" decoding=\"async\" width=\"1024\" height=\"497\" data-id=\"404\" src=\"https:\/\/blogs.univ-tlse2.fr\/master-gtdl\/files\/2021\/03\/Enquete-memoire-Tisne-Pont-de-Monvert-2019-1024x497.jpg\" alt=\"\" class=\"wp-image-404\" srcset=\"https:\/\/blogs.univ-tlse2.fr\/master-gtdl\/files\/2021\/03\/Enquete-memoire-Tisne-Pont-de-Monvert-2019-1024x497.jpg 1024w, https:\/\/blogs.univ-tlse2.fr\/master-gtdl\/files\/2021\/03\/Enquete-memoire-Tisne-Pont-de-Monvert-2019-300x146.jpg 300w, https:\/\/blogs.univ-tlse2.fr\/master-gtdl\/files\/2021\/03\/Enquete-memoire-Tisne-Pont-de-Monvert-2019-768x373.jpg 768w, https:\/\/blogs.univ-tlse2.fr\/master-gtdl\/files\/2021\/03\/Enquete-memoire-Tisne-Pont-de-Monvert-2019-1536x746.jpg 1536w, https:\/\/blogs.univ-tlse2.fr\/master-gtdl\/files\/2021\/03\/Enquete-memoire-Tisne-Pont-de-Monvert-2019.jpg 1600w\" sizes=\"auto, (max-width: 767px) 89vw, (max-width: 1000px) 54vw, (max-width: 1071px) 543px, 580px\" \/><figcaption class=\"wp-element-caption\"><sub><sup>Enqu\u00eate m\u00e9moire Tisn\u00e9-Pont de Monvert, 2019. M. Gambino<\/sup><\/sub><\/figcaption><\/figure>\n\n\n\n<figure class=\"wp-block-image size-large\"><img loading=\"lazy\" decoding=\"async\" width=\"200\" height=\"200\" data-id=\"403\" src=\"https:\/\/blogs.univ-tlse2.fr\/master-gtdl\/files\/2021\/03\/centre-universitaire-FOIX-2018.jpg\" alt=\"\" class=\"wp-image-403\" srcset=\"https:\/\/blogs.univ-tlse2.fr\/master-gtdl\/files\/2021\/03\/centre-universitaire-FOIX-2018.jpg 200w, https:\/\/blogs.univ-tlse2.fr\/master-gtdl\/files\/2021\/03\/centre-universitaire-FOIX-2018-150x150.jpg 150w, https:\/\/blogs.univ-tlse2.fr\/master-gtdl\/files\/2021\/03\/centre-universitaire-FOIX-2018-100x100.jpg 100w\" sizes=\"auto, (max-width: 200px) 100vw, 200px\" \/><figcaption class=\"wp-element-caption\"><sup><sub>Centre universitaire, Foix, 2018. M. Gambino<\/sub><\/sup><\/figcaption><\/figure>\n\n\n\n<figure class=\"wp-block-image size-large\"><img loading=\"lazy\" decoding=\"async\" width=\"683\" height=\"1024\" data-id=\"582\" src=\"https:\/\/blogs.univ-tlse2.fr\/master-gtdl\/files\/2021\/09\/DSC00399-683x1024.jpg\" alt=\"\" class=\"wp-image-582\" srcset=\"https:\/\/blogs.univ-tlse2.fr\/master-gtdl\/files\/2021\/09\/DSC00399-683x1024.jpg 683w, https:\/\/blogs.univ-tlse2.fr\/master-gtdl\/files\/2021\/09\/DSC00399-200x300.jpg 200w, https:\/\/blogs.univ-tlse2.fr\/master-gtdl\/files\/2021\/09\/DSC00399-768x1152.jpg 768w, https:\/\/blogs.univ-tlse2.fr\/master-gtdl\/files\/2021\/09\/DSC00399-1024x1536.jpg 1024w, https:\/\/blogs.univ-tlse2.fr\/master-gtdl\/files\/2021\/09\/DSC00399-1365x2048.jpg 1365w, https:\/\/blogs.univ-tlse2.fr\/master-gtdl\/files\/2021\/09\/DSC00399-scaled.jpg 1707w\" sizes=\"auto, (max-width: 683px) 100vw, 683px\" \/><figcaption class=\"wp-element-caption\"><sub><sup>C. Eychenne<\/sup><\/sub><\/figcaption><\/figure>\n\n\n\n<figure class=\"wp-block-image size-large\"><img loading=\"lazy\" decoding=\"async\" width=\"683\" height=\"1024\" data-id=\"584\" src=\"https:\/\/blogs.univ-tlse2.fr\/master-gtdl\/files\/2021\/09\/DSC08693-683x1024.jpg\" alt=\"\" class=\"wp-image-584\" srcset=\"https:\/\/blogs.univ-tlse2.fr\/master-gtdl\/files\/2021\/09\/DSC08693-683x1024.jpg 683w, https:\/\/blogs.univ-tlse2.fr\/master-gtdl\/files\/2021\/09\/DSC08693-200x300.jpg 200w, https:\/\/blogs.univ-tlse2.fr\/master-gtdl\/files\/2021\/09\/DSC08693-768x1152.jpg 768w, https:\/\/blogs.univ-tlse2.fr\/master-gtdl\/files\/2021\/09\/DSC08693-1024x1536.jpg 1024w, https:\/\/blogs.univ-tlse2.fr\/master-gtdl\/files\/2021\/09\/DSC08693-1365x2048.jpg 1365w, https:\/\/blogs.univ-tlse2.fr\/master-gtdl\/files\/2021\/09\/DSC08693-scaled.jpg 1707w\" sizes=\"auto, (max-width: 683px) 100vw, 683px\" \/><figcaption class=\"wp-element-caption\"><sup><sub>C. Eychenne<\/sub><\/sup><\/figcaption><\/figure>\n\n\n\n<figure class=\"wp-block-image size-large\"><img loading=\"lazy\" decoding=\"async\" width=\"1024\" height=\"768\" data-id=\"585\" src=\"https:\/\/blogs.univ-tlse2.fr\/master-gtdl\/files\/2021\/09\/IMG_0682-1024x768.jpg\" alt=\"\" class=\"wp-image-585\" srcset=\"https:\/\/blogs.univ-tlse2.fr\/master-gtdl\/files\/2021\/09\/IMG_0682-1024x768.jpg 1024w, https:\/\/blogs.univ-tlse2.fr\/master-gtdl\/files\/2021\/09\/IMG_0682-300x225.jpg 300w, https:\/\/blogs.univ-tlse2.fr\/master-gtdl\/files\/2021\/09\/IMG_0682-768x576.jpg 768w, https:\/\/blogs.univ-tlse2.fr\/master-gtdl\/files\/2021\/09\/IMG_0682-1536x1152.jpg 1536w, https:\/\/blogs.univ-tlse2.fr\/master-gtdl\/files\/2021\/09\/IMG_0682.jpg 1600w\" sizes=\"auto, (max-width: 767px) 89vw, (max-width: 1000px) 54vw, (max-width: 1071px) 543px, 580px\" \/><figcaption class=\"wp-element-caption\"><sup><sub>C. Eychenne<\/sub><\/sup><\/figcaption><\/figure>\n\n\n\n<figure class=\"wp-block-image size-large\"><img loading=\"lazy\" decoding=\"async\" width=\"1024\" height=\"683\" data-id=\"588\" src=\"https:\/\/blogs.univ-tlse2.fr\/master-gtdl\/files\/2021\/09\/DSC08683-1-1024x683.jpg\" alt=\"\" class=\"wp-image-588\" srcset=\"https:\/\/blogs.univ-tlse2.fr\/master-gtdl\/files\/2021\/09\/DSC08683-1-1024x683.jpg 1024w, https:\/\/blogs.univ-tlse2.fr\/master-gtdl\/files\/2021\/09\/DSC08683-1-300x200.jpg 300w, https:\/\/blogs.univ-tlse2.fr\/master-gtdl\/files\/2021\/09\/DSC08683-1-768x512.jpg 768w, https:\/\/blogs.univ-tlse2.fr\/master-gtdl\/files\/2021\/09\/DSC08683-1-1536x1024.jpg 1536w, https:\/\/blogs.univ-tlse2.fr\/master-gtdl\/files\/2021\/09\/DSC08683-1-2048x1365.jpg 2048w\" sizes=\"auto, (max-width: 767px) 89vw, (max-width: 1000px) 54vw, (max-width: 1071px) 543px, 580px\" \/><figcaption class=\"wp-element-caption\"><sup><sub>C. Eychenne<\/sub><\/sup><\/figcaption><\/figure>\n<\/figure>\n","protected":false},"excerpt":{"rendered":"<p>Cours de la premi\u00e8re ann\u00e9e &#8211; M1 Guide 2025-2026 pour les \u00e9tudiants de M1 Cours de la deuxi\u00e8me ann\u00e9e &#8211; M2 Guide 2025-2026 pour les \u00e9tudiants de M2 Sorties de terrain<\/p>\n","protected":false},"author":964,"featured_media":0,"parent":0,"menu_order":0,"comment_status":"closed","ping_status":"closed","template":"","meta":{"footnotes":""},"class_list":["post-61","page","type-page","status-publish","hentry"],"_links":{"self":[{"href":"https:\/\/blogs.univ-tlse2.fr\/master-gtdl\/wp-json\/wp\/v2\/pages\/61","targetHints":{"allow":["GET"]}}],"collection":[{"href":"https:\/\/blogs.univ-tlse2.fr\/master-gtdl\/wp-json\/wp\/v2\/pages"}],"about":[{"href":"https:\/\/blogs.univ-tlse2.fr\/master-gtdl\/wp-json\/wp\/v2\/types\/page"}],"author":[{"embeddable":true,"href":"https:\/\/blogs.univ-tlse2.fr\/master-gtdl\/wp-json\/wp\/v2\/users\/964"}],"replies":[{"embeddable":true,"href":"https:\/\/blogs.univ-tlse2.fr\/master-gtdl\/wp-json\/wp\/v2\/comments?post=61"}],"version-history":[{"count":12,"href":"https:\/\/blogs.univ-tlse2.fr\/master-gtdl\/wp-json\/wp\/v2\/pages\/61\/revisions"}],"predecessor-version":[{"id":1478,"href":"https:\/\/blogs.univ-tlse2.fr\/master-gtdl\/wp-json\/wp\/v2\/pages\/61\/revisions\/1478"}],"wp:attachment":[{"href":"https:\/\/blogs.univ-tlse2.fr\/master-gtdl\/wp-json\/wp\/v2\/media?parent=61"}],"curies":[{"name":"wp","href":"https:\/\/api.w.org\/{rel}","templated":true}]}}