 {"id":640,"date":"2021-11-04T14:27:56","date_gmt":"2021-11-04T13:27:56","guid":{"rendered":"https:\/\/blogs.univ-tlse2.fr\/master-gtdl\/?page_id=640"},"modified":"2021-11-09T09:17:44","modified_gmt":"2021-11-09T08:17:44","slug":"temoignages","status":"publish","type":"page","link":"https:\/\/blogs.univ-tlse2.fr\/master-gtdl\/temoignages\/","title":{"rendered":"T\u00e9moignages"},"content":{"rendered":"\n<p><\/p>\n\n\n\n<h2 class=\"wp-block-heading\"><span class=\"has-inline-color has-vivid-green-cyan-color\">C\u00e9lia &#8211; promo 2018-2020<\/span><\/h2>\n\n\n\n<p><em>Suite \u00e0 mon stage de M2 au CPIE des Collines normandes (Orne, 61) sur l\u2019\u00e9valuation des MAEc. Ils m\u2019ont propos\u00e9 de faire le remplacement de ma ma\u00eetre de stage pendant son cong\u00e9 de maternit\u00e9 en tant que <strong>Charg\u00e9e de mission Natura 2000<\/strong> sur deux sites (Animation territoire, pr\u00e9paration et r\u00e9alisation de la campagne MAEc, expertise naturaliste, etc.) et de poursuivre son travail en tant que coordinatrice r\u00e9gionale de l\u2019\u00e9tat des lieux des connaissances des \u00e9crevisses \u00e0 pattes (Organisation des comit\u00e9s technique et pilotage, recueil et trie de donn\u00e9es naturalistes, r\u00e9alisation d\u2019une courte pr\u00e9sentation de l\u2019esp\u00e8ce pour l\u2019\u00e9mission \u00ab&nbsp;L\u2019album piste verte&nbsp;\u00bb pour France 3, etc.).<\/em><\/p>\n\n\n\n<p><em>Ensuite, le CPIE a \u00e9t\u00e9 choisi par le PETR du Pays du Bocage pour r\u00e9aliser une \u00e9tude de pr\u00e9figuration pour le dispositif \u00ab&nbsp;Paiements pour Services Environnementaux&nbsp;\u00bb ax\u00e9 sur la haie. C\u2019est moi qui r\u00e9alise cette \u00e9tude, en qualit\u00e9 de<strong> Charg\u00e9e d\u2019\u00e9tudes Agro-Environnement<\/strong> (PSE et MAEc). En parall\u00e8le du projet PSE, je viens en soutien \u00e0 mes coll\u00e8gues en charge des MAEc pour la r\u00e9alisation de certains diagnostics environnementaux des exploitations engag\u00e9es en MAEc syst\u00e8me et pour l\u2019animation des formations collectives sur la gestion de l\u2019azote (BGA).<\/em><\/p>\n\n\n\n<p><em>Rappel de mon parcours&nbsp;:<\/em><\/p>\n\n\n\n<ul class=\"wp-block-list\"><li><em>BTSA Gestion et Protection de la Nature (option Animation Nature, Education \u00e0 l\u2019Environnement et au D\u00e9veloppement Durable)<\/em><\/li><li><em>Licence pro Agriculture Biologique \u2013 Conseil et D\u00e9veloppement (option Certification AB)<\/em><\/li><li><em>Service civique Ecogarde dans une R\u00e9serve Naturelle R\u00e9gionale<\/em><\/li><li><em>Master GTDL-TR (option agriculture, sp\u00e9cialit\u00e9 ing\u00e9nierie du d\u00e9veloppement)<\/em><\/li><\/ul>\n\n\n\n<p><em>Par ailleurs, je suis tr\u00e9sori\u00e8re de l\u2019association \u00ab&nbsp;L\u2019Abatt\u2019Mobile&nbsp;\u00bb dont l\u2019objectif est de construire et faire circuler un abattoir mobile pour les ovins, caprins et porcins sur l\u2019ensemble de la Normandie.\u00a0\u00bb<\/em><\/p>\n\n\n\n<p><\/p>\n\n\n\n<p><\/p>\n\n\n\n<h2 class=\"wp-block-heading\"><span class=\"has-inline-color has-vivid-green-cyan-color\">Jos\u00e9phine Damilier &#8211; promo 2017-2019<\/span><\/h2>\n\n\n\n<p>En quelques mots voici donc quelques nouvelles me concernant, moi et mon parcours.<\/p>\n\n\n\n<p>Apr\u00e8s mon passage \u00e0 Foix, je suis retourn\u00e9e dans mon pays natal : la Belgique. J&rsquo;ai \u00e9t\u00e9 engag\u00e9e \u00e0 mi-temps comme assistante g\u00e9ographe \u00e0 l&rsquo;Universit\u00e9 de Namur. Mon temps de travail se divise en deux missions. D&rsquo;une part, une mission p\u00e9dagogique : j&rsquo;encadre des travaux pratiques pour les \u00e9tudiants g\u00e9ographes. D&rsquo;autre part, une mission de recherche :&nbsp; je r\u00e9alise une th\u00e8se.<\/p>\n\n\n\n<p>En quelques mots pour ceux que cela int\u00e9resse, ma th\u00e8se porte sur les verrous et levier \u00e0 la coop\u00e9ration territoriale entre acteurs participant \u00e0 la transition du syst\u00e8me agro-alimentaire. Parce que les tensions entre les projets sont courantes, travailler ensemble n&rsquo;est pas toujours facile.<\/p>\n\n\n\n<p>Profitant de la mise en place d&rsquo;un conseil de politique alimentaire en Condroz namurois (un territoire rural compos\u00e9s de 7 communes), j&rsquo;ai d\u00e9cid\u00e9 de faire de cette instance mon terrain d&rsquo;observation. Mais mon implication en tant que chercheuse d\u00e9passe la simple observation. Ayant \u00e9tablis un bon partenariat avec le GAL en charge de la mission, je m&rsquo;implique activement dans la co-construction de cette instance de discussion depuis maintenant 6 mois.<\/p>\n\n\n\n<p>Par ailleurs, travaillant \u00e0 mi-temps, j&rsquo;ai eu l&rsquo;opportunit\u00e9 de compl\u00e9ter ca et l\u00e0 mon parcours professionnel, en r\u00e9alisant des contrats de remplacement dans le milieu associatif, d&rsquo;une part \u00e0 Terre-en-Vue (la soeur jumelle belge de Terre de liens), d&rsquo;autre part au centre d&rsquo;\u00e9tude et de recherche urbaine, structures travaillant toutes les deux sur la question de l&rsquo;acc\u00e8s \u00e0 la terre.<\/p>\n\n\n\n<p>Pour le reste, je m\u00e8ne une belle vie&#8230; avec un mi-temps qui me permet et de subvenir \u00e0 mes besoins financiers tout en me consacrant \u00e0 des projets plus personnels&#8230; que demander de plus&#8230;<\/p>\n\n\n\n<p>Si les t\u00e9moignages d&rsquo;anciens Fux\u00e9ens GTDL-TR vous int\u00e9resse, n&rsquo;h\u00e9sitez pas \u00e0 me contacter \u00e0 l&rsquo;adresse suivant : <a rel=\"noreferrer noopener\" href=\"&#x6d;&#x61;&#105;l&#x74;&#x6f;&#x3a;&#106;o&#x73;&#x65;&#x70;&#104;i&#x6e;&#x65;&#x2e;&#100;a&#x6c;&#x69;&#x6d;&#105;e&#x72;&#x40;&#x75;&#110;a&#x6d;&#x75;&#x72;&#46;b&#x65;\" target=\"_blank\">jos&#101;&#112;&#x68;&#x69;&#x6e;&#x65;&#x2e;dal&#105;&#109;&#x69;&#x65;&#x72;&#x40;&#x75;nam&#117;&#114;&#x2e;&#x62;&#x65;<\/a>, je me ferai un plaisir de vous r\u00e9pondre.<\/p>\n\n\n\n<p><\/p>\n\n\n\n<p><\/p>\n\n\n\n<h2 class=\"wp-block-heading\"><span class=\"has-inline-color has-vivid-green-cyan-color\">Sophie Charlier &#8211; promo 2019-2021<\/span><\/h2>\n\n\n\n<p>Ce que je deviens ? J&rsquo;ai repris ma vie de m\u00e8re de famille de deux enfants \u00e0 la campagne. Ma fille vient de f\u00eater ses 7 ans, mon fils, ses 9,5 ans. Je suis plus que jamais chevill\u00e9e au sud du Tarn. J&rsquo;ai trouv\u00e9 un boulot, je le d\u00e9marre le 08.11. C&rsquo;est un CDD \u00e0 mi-temps d&rsquo;1 an, au sein de la CC Thor\u00e9 Montagne Noire (CC de 5000 habitants, \u00e0 deux pas de chez moi), avec la possibilit\u00e9 de renouvellement pour conduire les actions. C&rsquo;est une cr\u00e9ation de poste&#8230; taill\u00e9e pour moi !! (soyons modestes). En lien avec les \u00e9lus et acteurs locaux, je vais faire un diag de territoire sur les besoins sociaux du territoire (enfance\/jeunesse principalement). L&rsquo;objectif est de proposer un plan d&rsquo;action \u00e0 conduire sur plusieurs ann\u00e9es. Le poste est financ\u00e9 pour moiti\u00e9 par la CAF dans le cadre de la nouvelle CTG.&nbsp;<\/p>\n\n\n\n<p>Parall\u00e8lement \u00e0 cela, dans la continuit\u00e9 de mon m\u00e9moire de Master 2, avec une copine d&rsquo;ici, on monte une asso. qui devrait \u00eatre affili\u00e9e \u00e0 la FR CIVAM Occitanie pour rapprocher employeurs d&rsquo;ici en mal de main d&rsquo;\u0153uvre et salari\u00e9s en insertion (dont migrants en situation r\u00e9guli\u00e8re). La premi\u00e8re \u00e9tape est de cr\u00e9er l&rsquo;asso., la seconde est de plancher \u00e0 une \u00e9tude sur les potentiels de travail et d&#8217;emplois en vall\u00e9e du Thor\u00e9 et Montagne.<\/p>\n\n\n\n<p>J&rsquo;esp\u00e8re que vos horizons \u00e0 chacun s&rsquo;\u00e9claircissent \u00e0 court, moyen ou long terme,&nbsp;<\/p>\n\n\n\n<p>A bient\u00f4t !<\/p>\n\n\n\n<p>Sophie<\/p>\n\n\n\n<p><\/p>\n\n\n\n<p><\/p>\n\n\n\n<h2 class=\"wp-block-heading\"><span class=\"has-inline-color has-vivid-green-cyan-color\">Christelle Delmas &#8211; promo 2019-2021<\/span><\/h2>\n\n\n\n<p>J&rsquo;ai poursuivi J&rsquo;ai poursuivi en mast\u00e8re sp\u00e9cialis\u00e9 Action Publique pour le D\u00e9veloppement Durable des Territoires et de l&rsquo;Agriculture (dipl\u00f4me bac+6 d\u2019AgroParisTech), en apprentissage \u00e0 la F\u00e9d\u00e9ration des IGP de l&rsquo;H\u00e9rault (o\u00f9 ma mission est de cr\u00e9er un cadre pour mettre aux normes les cahiers des charges des 8 IGP \u00e0 la vue des exigences de la loi Egalim et de l&rsquo;INAO \/ faire un bilan de Biodiv&amp;Eau un label environnemental \/ accompagner les vignerons sur la communication grand public).&nbsp;<\/p>\n\n\n\n<p>(Universit\u00e9 de Montpellier), en apprentissage \u00e0 la F\u00e9d\u00e9ration des IGP de l&rsquo;H\u00e9rault (o\u00f9 ma mission est de cr\u00e9er un cadre pour mettre aux normes les cahiers des charges des 8 IGP \u00e0 la vue des exigences de la loi Egalim et de l&rsquo;INAO \/ faire un bilan de Biodiv&amp;Eau un label environnemental \/ accompagner les vignerons sur la communication grand public).&nbsp;<\/p>\n\n\n\n<p><\/p>\n\n\n\n<p><\/p>\n\n\n\n<h2 class=\"wp-block-heading\"><span class=\"has-inline-color has-vivid-green-cyan-color\">Mino\u00ef Marchand &#8211; promo 2018-2020<\/span><\/h2>\n\n\n\n<p>Fin octobre, j&rsquo;ai donn\u00e9 ma d\u00e9mission \u00e0 la CC d&rsquo;Egletons en Corr\u00e8ze, et donc j&rsquo;ai report\u00e9 mon projet de th\u00e8se \u00e0 plus tard.&nbsp;<\/p>\n\n\n\n<p>Depuis d\u00e9but 2021, je travaille pour le programme \u00ab\u00a0Territoires d&rsquo;Industrie\u00a0\u00bb mis en place par le gouvernement via le Minist\u00e8re de l&rsquo;\u00e9conomie et le Minist\u00e8re de la coh\u00e9sion des territoires (ANCT). Je suis sur le territoire d&rsquo;Aurillac-Figeac-Rodez (Cantal, Lot, Aveyron), un Territoire d&rsquo;industrie interr\u00e9gional et interd\u00e9partemental (territoire pilote de France, 3 en France sur 148). Le gouvernement a d\u00e9l\u00e9gu\u00e9 le pilotage de ce programme aux r\u00e9gions. Je suis toute seule et tr\u00e8s autonome sur ce programme et je rends directement des comptes \u00e0 la d\u00e9l\u00e9gation de Paris et aux bin\u00f4mes de r\u00e9gion (\u00e9lus\/industriels). C\u00f4t\u00e9 Occitanie : Vice-pr\u00e9sident de la r\u00e9gion et pr\u00e9sident d&rsquo;une entreprise a\u00e9ronautique. C\u00f4t\u00e9 Auvergne-Rh\u00f4ne-Alpes : Conseiller r\u00e9gional\/s\u00e9nateur et Directeur g\u00e9n\u00e9ral d&rsquo;une entreprise automobile.&nbsp;<\/p>\n\n\n\n<p>Je coordonne et j&rsquo;anime ce territoire. J&rsquo;accompagne les collectivit\u00e9s locales \u00e0 d\u00e9velopper leur service \u00e9conomique via l&rsquo;am\u00e9nagement du territoire et j&rsquo;accompagne les entreprises industrielles (agroalimentaires, a\u00e9ronautiques, automobiles, sant\u00e9s, biotechnologies, m\u00e9tallurgie, etc.) \u00e0 se d\u00e9velopper et je les fais labelliser Territoires d&rsquo;industrie. De plus, avec la crise COVID, je suis sur le Plan France Relance et j&rsquo;aide les entreprises \u00e0 monter des dossiers sur des AAP. Aujourd&rsquo;hui, uniquement sur les entreprises laur\u00e9ates, je suis \u00e0 170 M \u20ac de projets d&rsquo;investissement, 35 M \u20ac d&rsquo;aides de l&rsquo;Etat et 7 M \u20ac d&rsquo;aides des deux r\u00e9gions.&nbsp;<\/p>\n\n\n\n<p>Mon parcours&nbsp;:<\/p>\n\n\n\n<ul class=\"wp-block-list\"><li>bac technologique STAV (enseignement agricole) \u00e0 P\u00e9zenas (34),<\/li><\/ul>\n\n\n\n<ul class=\"wp-block-list\"><li>BTSA DATR \u00e0 Auch (32)&nbsp;que j&rsquo;ai obtenu avec la mention bien,<\/li><\/ul>\n\n\n\n<ul class=\"wp-block-list\"><li>puis la licence pro Entreprises &amp; D\u00e9veloppement Local que j&rsquo;ai obtenue avec la mention assez-bien<\/li><\/ul>\n\n\n\n<ul class=\"wp-block-list\"><li>et le Master GTDL que j&rsquo;ai obtenu avec la mention bien.<\/li><\/ul>\n\n\n\n<figure class=\"wp-block-gallery columns-2 is-cropped wp-block-gallery-1 is-layout-flex wp-block-gallery-is-layout-flex\"><ul class=\"blocks-gallery-grid\"><li class=\"blocks-gallery-item\"><figure><img loading=\"lazy\" decoding=\"async\" width=\"1024\" height=\"485\" src=\"https:\/\/blogs.univ-tlse2.fr\/master-gtdl\/files\/2021\/11\/MinoiMarchand_collegues-1024x485.jpeg\" alt=\"\" data-id=\"675\" data-full-url=\"https:\/\/blogs.univ-tlse2.fr\/master-gtdl\/files\/2021\/11\/MinoiMarchand_collegues.jpeg\" data-link=\"https:\/\/blogs.univ-tlse2.fr\/master-gtdl\/temoignages\/minoimarchand_collegues\/\" class=\"wp-image-675\" srcset=\"https:\/\/blogs.univ-tlse2.fr\/master-gtdl\/files\/2021\/11\/MinoiMarchand_collegues-1024x485.jpeg 1024w, https:\/\/blogs.univ-tlse2.fr\/master-gtdl\/files\/2021\/11\/MinoiMarchand_collegues-300x142.jpeg 300w, https:\/\/blogs.univ-tlse2.fr\/master-gtdl\/files\/2021\/11\/MinoiMarchand_collegues-768x364.jpeg 768w, https:\/\/blogs.univ-tlse2.fr\/master-gtdl\/files\/2021\/11\/MinoiMarchand_collegues.jpeg 1170w\" sizes=\"auto, (max-width: 767px) 89vw, (max-width: 1000px) 54vw, (max-width: 1071px) 543px, 580px\" \/><figcaption class=\"blocks-gallery-item__caption\">avec mes bin\u00f4mes de R\u00e9gion (Pr\u00e9sident de Ratier Figeac, Conseill\u00e8re R\u00e9gionale Auvergne Rh\u00f4ne Alpes et Vice pr\u00e9sident de la R\u00e9gion Occitanie)<\/figcaption><\/figure><\/li><li class=\"blocks-gallery-item\"><figure><img loading=\"lazy\" decoding=\"async\" width=\"1024\" height=\"485\" src=\"https:\/\/blogs.univ-tlse2.fr\/master-gtdl\/files\/2021\/11\/MinoiMarchand_pdt-assnat-1024x485.jpeg\" alt=\"\" data-id=\"676\" data-full-url=\"https:\/\/blogs.univ-tlse2.fr\/master-gtdl\/files\/2021\/11\/MinoiMarchand_pdt-assnat.jpeg\" data-link=\"https:\/\/blogs.univ-tlse2.fr\/master-gtdl\/temoignages\/minoimarchand_pdt-assnat\/\" class=\"wp-image-676\" srcset=\"https:\/\/blogs.univ-tlse2.fr\/master-gtdl\/files\/2021\/11\/MinoiMarchand_pdt-assnat-1024x485.jpeg 1024w, https:\/\/blogs.univ-tlse2.fr\/master-gtdl\/files\/2021\/11\/MinoiMarchand_pdt-assnat-300x142.jpeg 300w, https:\/\/blogs.univ-tlse2.fr\/master-gtdl\/files\/2021\/11\/MinoiMarchand_pdt-assnat-768x364.jpeg 768w, https:\/\/blogs.univ-tlse2.fr\/master-gtdl\/files\/2021\/11\/MinoiMarchand_pdt-assnat.jpeg 1170w\" sizes=\"auto, (max-width: 767px) 89vw, (max-width: 1000px) 54vw, (max-width: 1071px) 543px, 580px\" \/><figcaption class=\"blocks-gallery-item__caption\">Avec le Pr\u00e9sident de l\u2019Assembl\u00e9e Nationale<\/figcaption><\/figure><\/li><\/ul><\/figure>\n\n\n\n<p><\/p>\n\n\n\n<h2 class=\"wp-block-heading\"><span class=\"has-inline-color has-vivid-green-cyan-color\">Brahim Al Abakar &#8211; promo 2018-2020<\/span><\/h2>\n\n\n\n<p>Apr\u00e8s sa licence en g\u00e9ographie, Brahim ALI ABAKAR a repris ses \u00e9tudes en premi\u00e8re ann\u00e9e de Master Gestion de territoire, d\u00e9veloppement local \u2013 territoires ruraux (GTDL), au centre universitaire de Foix. A la fin de la premi\u00e8re ann\u00e9e du master, Brahim a \u00e9t\u00e9 accept\u00e9 pour un stage au sein de l\u2019organisation Save the Children en Mauritanie. A l\u2019issue du stage, Brahim a \u00e9labor\u00e9 la strat\u00e9gie nationale de suivi et \u00e9valuation du programme de s\u00e9curit\u00e9 alimentaire de Save the Children en Mauritanie. Ce qui lui a permis de soutenir son master 1 sur un th\u00e8me questionnant \u00ab\u00a0<em>Le syst\u00e8me de suivi et \u00e9valuation de la s\u00e9curit\u00e9 alimentaire au Sahel<\/em> \u00bb. Inscrit en deuxi\u00e8me ann\u00e9e, option recherche et d\u00e9veloppement, du Master GTDL, Brahim retourna dans son pays, au Tchad, pour ses recherches de fin d\u2019\u00e9tudes, ou il a travaill\u00e9 aupr\u00e8s des retourn\u00e9s et refugi\u00e9s centrafricains \u00e0 N\u2019djamena, en vue de se sp\u00e9cialiser en mati\u00e8re de r\u00e9silience des populations en d\u00e9placement face aux crises alimentaire au Sahel. En parall\u00e8le \u00e0 ses recherches, Brahim a pass\u00e9 des entretiens pour un poste de Coordinateur de suivi et \u00e9valuation au sein d\u2019un Consortium de six organismes nationaux et internationaux qui travaillent ensemble \u00e0 mettre en \u0153uvre un projet, de l\u2019union europ\u00e9enne qui vise \u00e0 renforcer la stabilit\u00e9 sociale et le d\u00e9veloppement local dans la bande sah\u00e9lienne du Tchad en cr\u00e9ant des opportunit\u00e9s \u00e9conomiques aux femmes et aux jeunes \u00e0 risque de vuln\u00e9rabilit\u00e9 migratoire. Apr\u00e8s une ann\u00e9e sur ce programme d\u2019envergure au Tchad, Brahim est recrut\u00e9 \u00e0 l\u2019international, par l\u2019organisation Mercy Corps au poste de Responsable au suivi, \u00e9valuation et apprentissage, en R\u00e9publique D\u00e9mocratique du Congo. A ce poste, il est aujourd\u2019hui, en charge de la qualit\u00e9 des programmes des urgences.<\/p>\n\n\n\n<figure class=\"wp-block-gallery columns-2 wp-block-gallery-2 is-layout-flex wp-block-gallery-is-layout-flex\"><ul class=\"blocks-gallery-grid\"><li class=\"blocks-gallery-item\"><figure><img loading=\"lazy\" decoding=\"async\" width=\"300\" height=\"225\" src=\"https:\/\/blogs.univ-tlse2.fr\/master-gtdl\/files\/2021\/11\/Brahim01-300x225.jpg\" alt=\"\" data-id=\"671\" data-full-url=\"https:\/\/blogs.univ-tlse2.fr\/master-gtdl\/files\/2021\/11\/Brahim01-scaled.jpg\" data-link=\"https:\/\/blogs.univ-tlse2.fr\/master-gtdl\/temoignages\/brahim01\/\" class=\"wp-image-671\" srcset=\"https:\/\/blogs.univ-tlse2.fr\/master-gtdl\/files\/2021\/11\/Brahim01-300x225.jpg 300w, https:\/\/blogs.univ-tlse2.fr\/master-gtdl\/files\/2021\/11\/Brahim01-1024x768.jpg 1024w, https:\/\/blogs.univ-tlse2.fr\/master-gtdl\/files\/2021\/11\/Brahim01-768x576.jpg 768w, https:\/\/blogs.univ-tlse2.fr\/master-gtdl\/files\/2021\/11\/Brahim01-1536x1152.jpg 1536w, https:\/\/blogs.univ-tlse2.fr\/master-gtdl\/files\/2021\/11\/Brahim01-2048x1536.jpg 2048w\" sizes=\"auto, (max-width: 300px) 100vw, 300px\" \/><figcaption class=\"blocks-gallery-item__caption\">Formation d&rsquo;experts<\/figcaption><\/figure><\/li><li class=\"blocks-gallery-item\"><figure><img loading=\"lazy\" decoding=\"async\" width=\"300\" height=\"225\" src=\"https:\/\/blogs.univ-tlse2.fr\/master-gtdl\/files\/2021\/11\/Brahim2-300x225.jpeg\" alt=\"\" data-id=\"672\" data-full-url=\"https:\/\/blogs.univ-tlse2.fr\/master-gtdl\/files\/2021\/11\/Brahim2.jpeg\" data-link=\"https:\/\/blogs.univ-tlse2.fr\/master-gtdl\/temoignages\/brahim2\/\" class=\"wp-image-672\" srcset=\"https:\/\/blogs.univ-tlse2.fr\/master-gtdl\/files\/2021\/11\/Brahim2-300x225.jpeg 300w, https:\/\/blogs.univ-tlse2.fr\/master-gtdl\/files\/2021\/11\/Brahim2-1024x768.jpeg 1024w, https:\/\/blogs.univ-tlse2.fr\/master-gtdl\/files\/2021\/11\/Brahim2-768x576.jpeg 768w, https:\/\/blogs.univ-tlse2.fr\/master-gtdl\/files\/2021\/11\/Brahim2.jpeg 1280w\" sizes=\"auto, (max-width: 300px) 100vw, 300px\" \/><figcaption class=\"blocks-gallery-item__caption\">Encadrements de producteurs sur le terrain<\/figcaption><\/figure><\/li><li class=\"blocks-gallery-item\"><figure><img loading=\"lazy\" decoding=\"async\" width=\"300\" height=\"163\" src=\"https:\/\/blogs.univ-tlse2.fr\/master-gtdl\/files\/2021\/11\/Brahim4-scaled-e1636445691981-300x163.jpg\" alt=\"\" data-id=\"674\" data-full-url=\"https:\/\/blogs.univ-tlse2.fr\/master-gtdl\/files\/2021\/11\/Brahim4-scaled-e1636445691981.jpg\" data-link=\"https:\/\/blogs.univ-tlse2.fr\/master-gtdl\/temoignages\/brahim4\/\" class=\"wp-image-674\" srcset=\"https:\/\/blogs.univ-tlse2.fr\/master-gtdl\/files\/2021\/11\/Brahim4-scaled-e1636445691981-300x163.jpg 300w, https:\/\/blogs.univ-tlse2.fr\/master-gtdl\/files\/2021\/11\/Brahim4-scaled-e1636445691981-1024x555.jpg 1024w, https:\/\/blogs.univ-tlse2.fr\/master-gtdl\/files\/2021\/11\/Brahim4-scaled-e1636445691981-768x416.jpg 768w, https:\/\/blogs.univ-tlse2.fr\/master-gtdl\/files\/2021\/11\/Brahim4-scaled-e1636445691981-1536x833.jpg 1536w, https:\/\/blogs.univ-tlse2.fr\/master-gtdl\/files\/2021\/11\/Brahim4-scaled-e1636445691981-2048x1110.jpg 2048w\" sizes=\"auto, (max-width: 300px) 100vw, 300px\" \/><figcaption class=\"blocks-gallery-item__caption\">Bureau<\/figcaption><\/figure><\/li><li class=\"blocks-gallery-item\"><figure><img loading=\"lazy\" decoding=\"async\" width=\"200\" height=\"300\" src=\"https:\/\/blogs.univ-tlse2.fr\/master-gtdl\/files\/2021\/11\/Brahim3-200x300.jpg\" alt=\"\" data-id=\"673\" data-full-url=\"https:\/\/blogs.univ-tlse2.fr\/master-gtdl\/files\/2021\/11\/Brahim3-scaled.jpg\" data-link=\"https:\/\/blogs.univ-tlse2.fr\/master-gtdl\/temoignages\/brahim3\/\" class=\"wp-image-673\" srcset=\"https:\/\/blogs.univ-tlse2.fr\/master-gtdl\/files\/2021\/11\/Brahim3-200x300.jpg 200w, https:\/\/blogs.univ-tlse2.fr\/master-gtdl\/files\/2021\/11\/Brahim3-684x1024.jpg 684w, https:\/\/blogs.univ-tlse2.fr\/master-gtdl\/files\/2021\/11\/Brahim3-768x1151.jpg 768w, https:\/\/blogs.univ-tlse2.fr\/master-gtdl\/files\/2021\/11\/Brahim3-1025x1536.jpg 1025w, https:\/\/blogs.univ-tlse2.fr\/master-gtdl\/files\/2021\/11\/Brahim3-1367x2048.jpg 1367w, https:\/\/blogs.univ-tlse2.fr\/master-gtdl\/files\/2021\/11\/Brahim3-scaled.jpg 1709w\" sizes=\"auto, (max-width: 200px) 100vw, 200px\" \/><figcaption class=\"blocks-gallery-item__caption\">\u00ab\u00a0Leaders for Africa 2019\u00a0\u00bb<\/figcaption><\/figure><\/li><\/ul><figcaption class=\"blocks-gallery-caption\">Le quotidien professionnel de Brahim Al Abakar<\/figcaption><\/figure>\n\n\n\n<p><\/p>\n","protected":false},"excerpt":{"rendered":"<p>C\u00e9lia &#8211; promo 2018-2020 Suite \u00e0 mon stage de M2 au CPIE des Collines normandes (Orne, 61) sur l\u2019\u00e9valuation des MAEc. Ils m\u2019ont propos\u00e9 de faire le remplacement de ma ma\u00eetre de stage pendant son cong\u00e9 de maternit\u00e9 en tant que Charg\u00e9e de mission Natura 2000 sur deux sites (Animation territoire, pr\u00e9paration et r\u00e9alisation de &hellip; <\/p>\n<p class=\"link-more\"><a href=\"https:\/\/blogs.univ-tlse2.fr\/master-gtdl\/temoignages\/\" class=\"more-link\">Continuer la lecture<span class=\"screen-reader-text\"> de &laquo;&nbsp;T\u00e9moignages&nbsp;&raquo;<\/span><\/a><\/p>\n","protected":false},"author":964,"featured_media":0,"parent":0,"menu_order":0,"comment_status":"closed","ping_status":"closed","template":"","meta":{"footnotes":""},"class_list":["post-640","page","type-page","status-publish","hentry"],"_links":{"self":[{"href":"https:\/\/blogs.univ-tlse2.fr\/master-gtdl\/wp-json\/wp\/v2\/pages\/640","targetHints":{"allow":["GET"]}}],"collection":[{"href":"https:\/\/blogs.univ-tlse2.fr\/master-gtdl\/wp-json\/wp\/v2\/pages"}],"about":[{"href":"https:\/\/blogs.univ-tlse2.fr\/master-gtdl\/wp-json\/wp\/v2\/types\/page"}],"author":[{"embeddable":true,"href":"https:\/\/blogs.univ-tlse2.fr\/master-gtdl\/wp-json\/wp\/v2\/users\/964"}],"replies":[{"embeddable":true,"href":"https:\/\/blogs.univ-tlse2.fr\/master-gtdl\/wp-json\/wp\/v2\/comments?post=640"}],"version-history":[{"count":7,"href":"https:\/\/blogs.univ-tlse2.fr\/master-gtdl\/wp-json\/wp\/v2\/pages\/640\/revisions"}],"predecessor-version":[{"id":678,"href":"https:\/\/blogs.univ-tlse2.fr\/master-gtdl\/wp-json\/wp\/v2\/pages\/640\/revisions\/678"}],"wp:attachment":[{"href":"https:\/\/blogs.univ-tlse2.fr\/master-gtdl\/wp-json\/wp\/v2\/media?parent=640"}],"curies":[{"name":"wp","href":"https:\/\/api.w.org\/{rel}","templated":true}]}}