 {"id":65,"date":"2021-02-12T14:22:06","date_gmt":"2021-02-12T13:22:06","guid":{"rendered":"https:\/\/mastergtdl.wordpress.com\/?page_id=65"},"modified":"2026-02-09T11:02:32","modified_gmt":"2026-02-09T10:02:32","slug":"structures-ayant-accueilli-des-stages","status":"publish","type":"page","link":"https:\/\/blogs.univ-tlse2.fr\/master-gtdl\/structures-ayant-accueilli-des-stages\/","title":{"rendered":"Structures accueillant des stages"},"content":{"rendered":"\n<ul class=\"wp-block-list\">\n<li>ARDEAR, ADEAR 09<\/li>\n\n\n\n<li>Banque alimentaire et Caisse sociale alimentaire de Toulouse<\/li>\n\n\n\n<li>Centre \u00e9questre Caval\u2019Ange<\/li>\n\n\n\n<li>Chambre d&rsquo;agriculture France<\/li>\n\n\n\n<li>Chambre de Commerce, d&rsquo;Industrie et d&rsquo;Agriculture au S\u00e9n\u00e9gal (r\u00e9gion de Thi\u00e8s)<\/li>\n\n\n\n<li>Com Com Creuse<\/li>\n\n\n\n<li>Conseil de D\u00e9veloppement du Pays Basque (CDPB)<\/li>\n\n\n\n<li>Conseil d\u00e9partemental du Gers<\/li>\n\n\n\n<li>Conseil d\u00e9partemental du Lot<\/li>\n\n\n\n<li>Ecooparc Alsace<\/li>\n\n\n\n<li>Filature de Niaux<\/li>\n\n\n\n<li>Laboratoire de recherche Universit\u00e9 de Toulouse<\/li>\n\n\n\n<li>Laboratoire de recherche Universit\u00e9 de Tours\u00a0<\/li>\n\n\n\n<li>Maison du patrimoine Alsace\u00a0<\/li>\n\n\n\n<li>Oppidea Europolia<\/li>\n\n\n\n<li>PETR Pays Sud Toulousain\u00a0<\/li>\n\n\n\n<li>PNR Pyr\u00e9n\u00e9es Ari\u00e9geoises<\/li>\n\n\n\n<li>RESEAU CIVAM Cesson Sevigne (35)<\/li>\n<\/ul>\n\n\n\n<ul class=\"wp-block-list\"><\/ul>\n","protected":false},"excerpt":{"rendered":"","protected":false},"author":964,"featured_media":0,"parent":0,"menu_order":0,"comment_status":"closed","ping_status":"closed","template":"","meta":{"footnotes":""},"class_list":["post-65","page","type-page","status-publish","hentry"],"_links":{"self":[{"href":"https:\/\/blogs.univ-tlse2.fr\/master-gtdl\/wp-json\/wp\/v2\/pages\/65","targetHints":{"allow":["GET"]}}],"collection":[{"href":"https:\/\/blogs.univ-tlse2.fr\/master-gtdl\/wp-json\/wp\/v2\/pages"}],"about":[{"href":"https:\/\/blogs.univ-tlse2.fr\/master-gtdl\/wp-json\/wp\/v2\/types\/page"}],"author":[{"embeddable":true,"href":"https:\/\/blogs.univ-tlse2.fr\/master-gtdl\/wp-json\/wp\/v2\/users\/964"}],"replies":[{"embeddable":true,"href":"https:\/\/blogs.univ-tlse2.fr\/master-gtdl\/wp-json\/wp\/v2\/comments?post=65"}],"version-history":[{"count":7,"href":"https:\/\/blogs.univ-tlse2.fr\/master-gtdl\/wp-json\/wp\/v2\/pages\/65\/revisions"}],"predecessor-version":[{"id":1484,"href":"https:\/\/blogs.univ-tlse2.fr\/master-gtdl\/wp-json\/wp\/v2\/pages\/65\/revisions\/1484"}],"wp:attachment":[{"href":"https:\/\/blogs.univ-tlse2.fr\/master-gtdl\/wp-json\/wp\/v2\/media?parent=65"}],"curies":[{"name":"wp","href":"https:\/\/api.w.org\/{rel}","templated":true}]}}