 {"id":79,"date":"2021-02-12T14:24:57","date_gmt":"2021-02-12T13:24:57","guid":{"rendered":"https:\/\/mastergtdl.wordpress.com\/?page_id=79"},"modified":"2026-02-09T10:51:30","modified_gmt":"2026-02-09T09:51:30","slug":"stages-realises","status":"publish","type":"page","link":"https:\/\/blogs.univ-tlse2.fr\/master-gtdl\/stages-realises\/","title":{"rendered":"Stages r\u00e9alis\u00e9s"},"content":{"rendered":"\n<ul class=\"wp-block-list\">\n<li>Identification et revalorisation des friches agricoles et foresti\u00e8res<\/li>\n\n\n\n<li>R\u00e9novation \u00e9nerg\u00e9tique respectueuse de l\u2019identit\u00e9 architecturale des b\u00e2timents<\/li>\n\n\n\n<li>\u00c9valuation des \u00e9coquartiers de la m\u00e9tropole toulousaine<\/li>\n\n\n\n<li>Int\u00e9grer la protection de la biodiversit\u00e9 et des zones humides dans la r\u00e9daction d&rsquo;un document de gestion de l&rsquo;eau (SAGE)<\/li>\n\n\n\n<li>Participation \u00e0 un projet de recherche sur les races bovines locales<\/li>\n\n\n\n<li>Accompagnement \u00e0 la cr\u00e9ation de clusters biosourc\u00e9s en Occitanie &#8211; valorisation des dr\u00eaches de brasserie<\/li>\n\n\n\n<li>Appui cartographique \u00e0 la mise en \u0153uvre du SCOT<\/li>\n\n\n\n<li>Cr\u00e9ation d\u2019un centre de ressource sur l\u2019eau et la for\u00eat<\/li>\n\n\n\n<li>Analyse des trajectoires de v\u00e9g\u00e9tation et des pratiques pastorales<\/li>\n\n\n\n<li>\u00c9tude des possibilit\u00e9s de diversification autour d&rsquo;une activit\u00e9 \u00e9questre en Ari\u00e8ge<\/li>\n\n\n\n<li>\u00c9valuation des nouveaux dispositifs d\u2019aide alimentaire<\/li>\n\n\n\n<li>Suite \u00e0 un travail de prospective, d\u00e9marche compl\u00e9mentaire pour impliquer davantage les publics qui ont peu particip\u00e9<\/li>\n\n\n\n<li>Analyse des freins et leviers pour la transmission des exploitations agricoles (projet TROCC)<\/li>\n\n\n\n<li>Analyse des services pour diversifier l\u2019offre des magasins de producteurs &#8211; Projet CLAP (Co innover pour Commercialiser Localement A Plusieurs)<\/li>\n\n\n\n<li>D\u00e9veloppement local et action culturelle : m\u00e9diation culturelle pour le Festival R\u00e9sistances<\/li>\n\n\n\n<li>Appui \u00e0 la cr\u00e9ation, la gestion et l\u2019animation d\u2019une plateforme virtuelle de commercialisation au service des entreprises locales<\/li>\n\n\n\n<li>Appui \u00e0 l&rsquo;\u00e9laboration de la strat\u00e9gie fonci\u00e8re agricole du territoire<\/li>\n\n\n\n<li>\u00c9tude sur le mod\u00e8le socio-\u00e9conomique de la filature de Niaux<\/li>\n\n\n\n<li>Appui au montage de projets europ\u00e9ens FSE+<\/li>\n<\/ul>\n","protected":false},"excerpt":{"rendered":"","protected":false},"author":964,"featured_media":0,"parent":0,"menu_order":0,"comment_status":"closed","ping_status":"closed","template":"","meta":{"footnotes":""},"class_list":["post-79","page","type-page","status-publish","hentry"],"_links":{"self":[{"href":"https:\/\/blogs.univ-tlse2.fr\/master-gtdl\/wp-json\/wp\/v2\/pages\/79","targetHints":{"allow":["GET"]}}],"collection":[{"href":"https:\/\/blogs.univ-tlse2.fr\/master-gtdl\/wp-json\/wp\/v2\/pages"}],"about":[{"href":"https:\/\/blogs.univ-tlse2.fr\/master-gtdl\/wp-json\/wp\/v2\/types\/page"}],"author":[{"embeddable":true,"href":"https:\/\/blogs.univ-tlse2.fr\/master-gtdl\/wp-json\/wp\/v2\/users\/964"}],"replies":[{"embeddable":true,"href":"https:\/\/blogs.univ-tlse2.fr\/master-gtdl\/wp-json\/wp\/v2\/comments?post=79"}],"version-history":[{"count":3,"href":"https:\/\/blogs.univ-tlse2.fr\/master-gtdl\/wp-json\/wp\/v2\/pages\/79\/revisions"}],"predecessor-version":[{"id":1480,"href":"https:\/\/blogs.univ-tlse2.fr\/master-gtdl\/wp-json\/wp\/v2\/pages\/79\/revisions\/1480"}],"wp:attachment":[{"href":"https:\/\/blogs.univ-tlse2.fr\/master-gtdl\/wp-json\/wp\/v2\/media?parent=79"}],"curies":[{"name":"wp","href":"https:\/\/api.w.org\/{rel}","templated":true}]}}