 {"id":80,"date":"2021-02-12T14:24:58","date_gmt":"2021-02-12T13:24:58","guid":{"rendered":"https:\/\/mastergtdl.wordpress.com\/?page_id=80"},"modified":"2023-09-08T16:12:42","modified_gmt":"2023-09-08T14:12:42","slug":"ateliers","status":"publish","type":"page","link":"https:\/\/blogs.univ-tlse2.fr\/master-gtdl\/ateliers\/","title":{"rendered":"Ateliers"},"content":{"rendered":"\n<p>Deux unit\u00e9s d\u2019enseignement sont consacr\u00e9es \u00e0 l&rsquo;atelier.  Les \u00e9tudiants travaillent collectivement \u00e0 l\u2019analyse d\u2019une question touchant aux espaces ruraux, au d\u00e9veloppement territorial et aux projets de territoires des espaces ruraux. <\/p>\n\n\n\n<p>L\u2019atelier, g\u00e9n\u00e9ralement li\u00e9 \u00e0 un partenariat avec une institution (collectivit\u00e9 territoriale, service de l\u2019\u00c9tat, association, etc.) repose sur une commande d\u2019\u00e9tude ou parfois une d\u00e9marche concert\u00e9e de recherche-action. <\/p>\n\n\n\n<p>Il permet une prise de contact avec l\u2019univers professionnel et avec les r\u00e9alit\u00e9s de terrain. <\/p>\n\n\n\n<p>Cet atelier court sur les deux semestres. Le premier semestre (UE705V) vise \u00e0 permettre l\u2019appropriation de la commande, l\u2019identification des enjeux et la construction d\u2019une m\u00e9thodologie ad\u00e9quate qui int\u00e8gre une approche audiovisuelle comme outil de premier contact avec le terrain. Le second semestre (UE805V) quant \u00e0 lui est affect\u00e9 \u00e0 l\u2019observation du terrain, \u00e0 la r\u00e9alisation des enqu\u00eates, \u00e0 leur analyse restitu\u00e9e dans un livrable \u00e9crit et audiovisuel.<\/p>\n\n\n\n<p>Vous trouverez ici, une des <a href=\"https:\/\/blogs.univ-tlse2.fr\/master-gtdl\/atelier-2020\/\">restitutions des travaux<\/a> de l&rsquo;atelier 2020 des \u00e9tudiants de M1.<\/p>\n\n\n\n<p>Atelier <a href=\"https:\/\/blogs.univ-tlse2.fr\/master-gtdl\/atelier-2023-2024\/\" target=\"_blank\" rel=\"noreferrer noopener\">2023-2024<\/a><\/p>\n\n\n\n<p>Atelier <a href=\"https:\/\/blogs.univ-tlse2.fr\/master-gtdl\/atelier-2022-2023\/\" data-type=\"URL\" data-id=\"https:\/\/blogs.univ-tlse2.fr\/master-gtdl\/atelier-2022-2023\/\">2022-2023<\/a><\/p>\n\n\n\n<p>Atelier <a href=\"https:\/\/blogs.univ-tlse2.fr\/master-gtdl\/atelier-2021\/\" data-type=\"URL\" data-id=\"https:\/\/blogs.univ-tlse2.fr\/master-gtdl\/atelier-2021\/\">2021-2022<\/a><\/p>\n\n\n\n<p>Atelier <a href=\"https:\/\/blogs.univ-tlse2.fr\/master-gtdl\/atelier-2020\/\" data-type=\"URL\" data-id=\"https:\/\/blogs.univ-tlse2.fr\/master-gtdl\/atelier-2020\/\">2020-2021<\/a><\/p>\n\n\n\n<p><\/p>\n\n\n\n<p><\/p>\n\n\n\n<p><\/p>\n\n\n\n<figure class=\"wp-block-image size-large\"><img loading=\"lazy\" decoding=\"async\" width=\"1024\" height=\"619\" src=\"https:\/\/blogs.univ-tlse2.fr\/master-gtdl\/files\/2021\/03\/Entrainement-aux-entretiens-dembauche-etudiants-LProEDL-2018-scaled-e1616168748737-1024x619.jpg\" alt=\"\" class=\"wp-image-406\" srcset=\"https:\/\/blogs.univ-tlse2.fr\/master-gtdl\/files\/2021\/03\/Entrainement-aux-entretiens-dembauche-etudiants-LProEDL-2018-scaled-e1616168748737-1024x619.jpg 1024w, https:\/\/blogs.univ-tlse2.fr\/master-gtdl\/files\/2021\/03\/Entrainement-aux-entretiens-dembauche-etudiants-LProEDL-2018-scaled-e1616168748737-300x181.jpg 300w, https:\/\/blogs.univ-tlse2.fr\/master-gtdl\/files\/2021\/03\/Entrainement-aux-entretiens-dembauche-etudiants-LProEDL-2018-scaled-e1616168748737-768x464.jpg 768w, https:\/\/blogs.univ-tlse2.fr\/master-gtdl\/files\/2021\/03\/Entrainement-aux-entretiens-dembauche-etudiants-LProEDL-2018-scaled-e1616168748737.jpg 1408w\" sizes=\"auto, (max-width: 767px) 89vw, (max-width: 1000px) 54vw, (max-width: 1071px) 543px, 580px\" \/><figcaption class=\"wp-element-caption\">Entrainement aux entretiens d&#8217;embauche, 2018. Centre Universitaire d&rsquo;Ari\u00e8ge \u00e0 Foix. M\u00e9lanie Gambino.<\/figcaption><\/figure>\n","protected":false},"excerpt":{"rendered":"<p>Deux unit\u00e9s d\u2019enseignement sont consacr\u00e9es \u00e0 l&rsquo;atelier. Les \u00e9tudiants travaillent collectivement \u00e0 l\u2019analyse d\u2019une question touchant aux espaces ruraux, au d\u00e9veloppement territorial et aux projets de territoires des espaces ruraux. L\u2019atelier, g\u00e9n\u00e9ralement li\u00e9 \u00e0 un partenariat avec une institution (collectivit\u00e9 territoriale, service de l\u2019\u00c9tat, association, etc.) repose sur une commande d\u2019\u00e9tude ou parfois une d\u00e9marche &hellip; <\/p>\n<p class=\"link-more\"><a href=\"https:\/\/blogs.univ-tlse2.fr\/master-gtdl\/ateliers\/\" class=\"more-link\">Continuer la lecture<span class=\"screen-reader-text\"> de &laquo;&nbsp;Ateliers&nbsp;&raquo;<\/span><\/a><\/p>\n","protected":false},"author":964,"featured_media":0,"parent":0,"menu_order":0,"comment_status":"closed","ping_status":"closed","template":"","meta":{"footnotes":""},"class_list":["post-80","page","type-page","status-publish","hentry"],"_links":{"self":[{"href":"https:\/\/blogs.univ-tlse2.fr\/master-gtdl\/wp-json\/wp\/v2\/pages\/80","targetHints":{"allow":["GET"]}}],"collection":[{"href":"https:\/\/blogs.univ-tlse2.fr\/master-gtdl\/wp-json\/wp\/v2\/pages"}],"about":[{"href":"https:\/\/blogs.univ-tlse2.fr\/master-gtdl\/wp-json\/wp\/v2\/types\/page"}],"author":[{"embeddable":true,"href":"https:\/\/blogs.univ-tlse2.fr\/master-gtdl\/wp-json\/wp\/v2\/users\/964"}],"replies":[{"embeddable":true,"href":"https:\/\/blogs.univ-tlse2.fr\/master-gtdl\/wp-json\/wp\/v2\/comments?post=80"}],"version-history":[{"count":7,"href":"https:\/\/blogs.univ-tlse2.fr\/master-gtdl\/wp-json\/wp\/v2\/pages\/80\/revisions"}],"predecessor-version":[{"id":1219,"href":"https:\/\/blogs.univ-tlse2.fr\/master-gtdl\/wp-json\/wp\/v2\/pages\/80\/revisions\/1219"}],"wp:attachment":[{"href":"https:\/\/blogs.univ-tlse2.fr\/master-gtdl\/wp-json\/wp\/v2\/media?parent=80"}],"curies":[{"name":"wp","href":"https:\/\/api.w.org\/{rel}","templated":true}]}}