 {"id":81,"date":"2021-02-12T14:24:59","date_gmt":"2021-02-12T13:24:59","guid":{"rendered":"https:\/\/mastergtdl.wordpress.com\/?page_id=81"},"modified":"2022-04-20T20:30:52","modified_gmt":"2022-04-20T18:30:52","slug":"atelier-2021","status":"publish","type":"page","link":"https:\/\/blogs.univ-tlse2.fr\/master-gtdl\/atelier-2021\/","title":{"rendered":"Atelier 2021-22"},"content":{"rendered":"\n<p>Lancement de l\u2019atelier portant sur le plan de d\u00e9veloppement partag\u00e9 par l\u2019ensemble des acteurs de La station des Monts d\u2019Olmes.<\/p>\n\n\n\n<p>Les \u00e9tudiants du M1 sont depuis quelques semaines au travail pour apporter des r\u00e9ponses \u00e0 la requalification de la station de ski des Mont d\u2019Olmes. Depuis 2016, le territoire s\u2019est attach\u00e9, en lien avec l\u2019ensemble des partenaires, \u00e0 r\u00e9diger un projet de d\u00e9veloppement pour cette station. Ce travail d\u00e9taill\u00e9 et relativement exhaustif dresse la liste des besoins de la station pour redevenir une station attractive pour la client\u00e8le actuelle.<\/p>\n\n\n\n<p>Les \u00e9tudiants ont pour mission de finaliser l\u2019\u00e9criture du plan de d\u00e9veloppement de la station en s\u2019appuyant sur la feuille de route valid\u00e9e par la collectivit\u00e9 et assurer son appropriation par l\u2019ensemble des acteurs (acteurs socio-\u00e9conomiques, \u00e9lus, habitants, partenaires institutionnels). Pour cela, ils devront&nbsp;:<\/p>\n\n\n\n<ul class=\"wp-block-list\"><li>Compl\u00e9ter le programme d\u2019actions aux regards des enqu\u00eates r\u00e9alis\u00e9es,<\/li><li>Appuyer la Communaut\u00e9 de Communes du Pays d\u2019Olmes et SAVASEM (gestionnaire de la station de ski des Monts d\u2019Olmes) \u00e0 l\u2019organisation d\u2019un s\u00e9minaire pour finaliser la strat\u00e9gie de d\u00e9veloppement et assurer la co-construction du plan,<\/li><li>R\u00e9diger des fiches-action,<\/li><li>Donner leur analyse critique.<\/li><\/ul>\n\n\n\n<p>Les rencontres avec les partenaires et les acteurs locaux ont commenc\u00e9 et vont se poursuivre en d\u00e9cembre et fin janvier 2022.<\/p>\n\n\n\n<p>La restitution des r\u00e9sultats se fera d\u00e9but avril 2022.<\/p>\n\n\n\n<p>Actualit\u00e9s de l&rsquo;Atelier : <\/p>\n\n\n\n<p>13 d\u00e9c 2021 &#8211; <a href=\"https:\/\/blogs.univ-tlse2.fr\/master-gtdl\/2021\/12\/13\/actus-master-atelier-2022\/\" data-type=\"URL\" data-id=\"https:\/\/blogs.univ-tlse2.fr\/master-gtdl\/2021\/12\/13\/actus-master-atelier-2022\/\" target=\"_blank\" rel=\"noreferrer noopener\">Ateliers participatifs <\/a><\/p>\n\n\n\n<p>01 f\u00e9v 2022 &#8211; <a href=\"https:\/\/blogs.univ-tlse2.fr\/master-gtdl\/2022\/02\/01\/actus-master-atelier-2022-2\/\" data-type=\"URL\" data-id=\"https:\/\/blogs.univ-tlse2.fr\/master-gtdl\/2022\/02\/01\/actus-master-atelier-2022-2\/\">Enqu\u00eates<\/a><\/p>\n\n\n\n<p>01 avril 2022 &#8211; <a href=\"https:\/\/blogs.univ-tlse2.fr\/master-gtdl\/2022\/04\/01\/%ef%bf%bcactus-master-atelier-2022\/\" data-type=\"URL\" data-id=\"https:\/\/blogs.univ-tlse2.fr\/master-gtdl\/2022\/04\/01\/%ef%bf%bcactus-master-atelier-2022\/\" target=\"_blank\" rel=\"noreferrer noopener\">Rencontre <\/a><a href=\"https:\/\/blogs.univ-tlse2.fr\/master-gtdl\/2022\/04\/01\/%ef%bf%bcactus-master-atelier-2022\/\" data-type=\"URL\" data-id=\"https:\/\/blogs.univ-tlse2.fr\/master-gtdl\/2022\/04\/01\/%ef%bf%bcactus-master-atelier-2022\/\">avec Perrine Laffont<\/a><\/p>\n\n\n\n<p>08 avril 2022 &#8211; <a href=\"https:\/\/blogs.univ-tlse2.fr\/master-gtdl\/2022\/04\/08\/actus-master-atelier-2022-3\/\" data-type=\"URL\" data-id=\"https:\/\/blogs.univ-tlse2.fr\/master-gtdl\/2022\/04\/08\/actus-master-atelier-2022-3\/\" target=\"_blank\" rel=\"noreferrer noopener\">Restitution <\/a><\/p>\n\n\n\n<p><\/p>\n\n\n\n<figure class=\"wp-block-image size-large\"><img decoding=\"async\" src=\"https:\/\/blogs.univ-tlse2.fr\/master-gtdl\/files\/2021\/11\/20211015_143834-1-scaled-e1636446408379.jpg\" alt=\"\" \/><figcaption> Atelier 2021-2022,  M Gambino, 2021 <\/figcaption><\/figure>\n\n\n\n<figure class=\"wp-block-gallery has-nested-images columns-default is-cropped wp-block-gallery-1 is-layout-flex wp-block-gallery-is-layout-flex\">\n<figure class=\"wp-block-image size-large\"><img loading=\"lazy\" decoding=\"async\" width=\"576\" height=\"1024\" data-id=\"663\" src=\"https:\/\/blogs.univ-tlse2.fr\/master-gtdl\/files\/2021\/11\/20211015_153613-576x1024.jpg\" alt=\"\" class=\"wp-image-663\" srcset=\"https:\/\/blogs.univ-tlse2.fr\/master-gtdl\/files\/2021\/11\/20211015_153613-576x1024.jpg 576w, https:\/\/blogs.univ-tlse2.fr\/master-gtdl\/files\/2021\/11\/20211015_153613-169x300.jpg 169w, https:\/\/blogs.univ-tlse2.fr\/master-gtdl\/files\/2021\/11\/20211015_153613-768x1365.jpg 768w, https:\/\/blogs.univ-tlse2.fr\/master-gtdl\/files\/2021\/11\/20211015_153613-864x1536.jpg 864w, https:\/\/blogs.univ-tlse2.fr\/master-gtdl\/files\/2021\/11\/20211015_153613-1152x2048.jpg 1152w, https:\/\/blogs.univ-tlse2.fr\/master-gtdl\/files\/2021\/11\/20211015_153613-scaled.jpg 1440w\" sizes=\"auto, (max-width: 576px) 100vw, 576px\" \/><\/figure>\n\n\n\n<figure class=\"wp-block-image size-large\"><img loading=\"lazy\" decoding=\"async\" width=\"576\" height=\"1024\" data-id=\"664\" src=\"https:\/\/blogs.univ-tlse2.fr\/master-gtdl\/files\/2021\/11\/20211015_153636-576x1024.jpg\" alt=\"\" class=\"wp-image-664\" srcset=\"https:\/\/blogs.univ-tlse2.fr\/master-gtdl\/files\/2021\/11\/20211015_153636-576x1024.jpg 576w, https:\/\/blogs.univ-tlse2.fr\/master-gtdl\/files\/2021\/11\/20211015_153636-169x300.jpg 169w, https:\/\/blogs.univ-tlse2.fr\/master-gtdl\/files\/2021\/11\/20211015_153636-768x1365.jpg 768w, https:\/\/blogs.univ-tlse2.fr\/master-gtdl\/files\/2021\/11\/20211015_153636-864x1536.jpg 864w, https:\/\/blogs.univ-tlse2.fr\/master-gtdl\/files\/2021\/11\/20211015_153636-1152x2048.jpg 1152w, https:\/\/blogs.univ-tlse2.fr\/master-gtdl\/files\/2021\/11\/20211015_153636-scaled.jpg 1440w\" sizes=\"auto, (max-width: 576px) 100vw, 576px\" \/><\/figure>\n<figcaption class=\"blocks-gallery-caption\">Atelier 2021-2022,  M Gambino, 2021 <\/figcaption><\/figure>\n","protected":false},"excerpt":{"rendered":"<p>Lancement de l\u2019atelier portant sur le plan de d\u00e9veloppement partag\u00e9 par l\u2019ensemble des acteurs de La station des Monts d\u2019Olmes. Les \u00e9tudiants du M1 sont depuis quelques semaines au travail pour apporter des r\u00e9ponses \u00e0 la requalification de la station de ski des Mont d\u2019Olmes. Depuis 2016, le territoire s\u2019est attach\u00e9, en lien avec l\u2019ensemble &hellip; <\/p>\n<p class=\"link-more\"><a href=\"https:\/\/blogs.univ-tlse2.fr\/master-gtdl\/atelier-2021\/\" class=\"more-link\">Continuer la lecture<span class=\"screen-reader-text\"> de &laquo;&nbsp;Atelier 2021-22&nbsp;&raquo;<\/span><\/a><\/p>\n","protected":false},"author":964,"featured_media":0,"parent":0,"menu_order":0,"comment_status":"closed","ping_status":"closed","template":"","meta":{"footnotes":""},"class_list":["post-81","page","type-page","status-publish","hentry"],"_links":{"self":[{"href":"https:\/\/blogs.univ-tlse2.fr\/master-gtdl\/wp-json\/wp\/v2\/pages\/81","targetHints":{"allow":["GET"]}}],"collection":[{"href":"https:\/\/blogs.univ-tlse2.fr\/master-gtdl\/wp-json\/wp\/v2\/pages"}],"about":[{"href":"https:\/\/blogs.univ-tlse2.fr\/master-gtdl\/wp-json\/wp\/v2\/types\/page"}],"author":[{"embeddable":true,"href":"https:\/\/blogs.univ-tlse2.fr\/master-gtdl\/wp-json\/wp\/v2\/users\/964"}],"replies":[{"embeddable":true,"href":"https:\/\/blogs.univ-tlse2.fr\/master-gtdl\/wp-json\/wp\/v2\/comments?post=81"}],"version-history":[{"count":11,"href":"https:\/\/blogs.univ-tlse2.fr\/master-gtdl\/wp-json\/wp\/v2\/pages\/81\/revisions"}],"predecessor-version":[{"id":980,"href":"https:\/\/blogs.univ-tlse2.fr\/master-gtdl\/wp-json\/wp\/v2\/pages\/81\/revisions\/980"}],"wp:attachment":[{"href":"https:\/\/blogs.univ-tlse2.fr\/master-gtdl\/wp-json\/wp\/v2\/media?parent=81"}],"curies":[{"name":"wp","href":"https:\/\/api.w.org\/{rel}","templated":true}]}}