 {"id":83,"date":"2021-02-12T14:25:02","date_gmt":"2021-02-12T13:25:02","guid":{"rendered":"https:\/\/mastergtdl.wordpress.com\/?page_id=83"},"modified":"2021-04-09T15:02:58","modified_gmt":"2021-04-09T13:02:58","slug":"atelier-2020","status":"publish","type":"page","link":"https:\/\/blogs.univ-tlse2.fr\/master-gtdl\/atelier-2020\/","title":{"rendered":"Atelier 2020"},"content":{"rendered":"\n<p>Dans le cadre de l&rsquo;atelier de cette ann\u00e9e universitaire 2020-2021, les \u00e9tudiants de M1 ont r\u00e9alis\u00e9 un montage vid\u00e9o pr\u00e9sentant leurs r\u00e9sultats aupr\u00e8s des commanditaires \u2013 19 f\u00e9vrier 2021 <\/p>\n\n\n\n<figure class=\"wp-block-embed is-type-video is-provider-youtube wp-block-embed-youtube wp-embed-aspect-16-9 wp-has-aspect-ratio\"><div class=\"wp-block-embed__wrapper\">\n<iframe loading=\"lazy\" title=\"Montage vid\u00e9o - Master 1 GTDL\" width=\"525\" height=\"295\" src=\"https:\/\/www.youtube.com\/embed\/2vcF8dFZO3g?feature=oembed\" frameborder=\"0\" allow=\"accelerometer; autoplay; clipboard-write; encrypted-media; gyroscope; picture-in-picture; web-share\" referrerpolicy=\"strict-origin-when-cross-origin\" allowfullscreen><\/iframe>\n<\/div><\/figure>\n","protected":false},"excerpt":{"rendered":"<p>Dans le cadre de l&rsquo;atelier de cette ann\u00e9e universitaire 2020-2021, les \u00e9tudiants de M1 ont r\u00e9alis\u00e9 un montage vid\u00e9o pr\u00e9sentant leurs r\u00e9sultats aupr\u00e8s des commanditaires \u2013 19 f\u00e9vrier 2021<\/p>\n","protected":false},"author":964,"featured_media":0,"parent":0,"menu_order":0,"comment_status":"closed","ping_status":"closed","template":"","meta":{"footnotes":""},"class_list":["post-83","page","type-page","status-publish","hentry"],"_links":{"self":[{"href":"https:\/\/blogs.univ-tlse2.fr\/master-gtdl\/wp-json\/wp\/v2\/pages\/83","targetHints":{"allow":["GET"]}}],"collection":[{"href":"https:\/\/blogs.univ-tlse2.fr\/master-gtdl\/wp-json\/wp\/v2\/pages"}],"about":[{"href":"https:\/\/blogs.univ-tlse2.fr\/master-gtdl\/wp-json\/wp\/v2\/types\/page"}],"author":[{"embeddable":true,"href":"https:\/\/blogs.univ-tlse2.fr\/master-gtdl\/wp-json\/wp\/v2\/users\/964"}],"replies":[{"embeddable":true,"href":"https:\/\/blogs.univ-tlse2.fr\/master-gtdl\/wp-json\/wp\/v2\/comments?post=83"}],"version-history":[{"count":4,"href":"https:\/\/blogs.univ-tlse2.fr\/master-gtdl\/wp-json\/wp\/v2\/pages\/83\/revisions"}],"predecessor-version":[{"id":474,"href":"https:\/\/blogs.univ-tlse2.fr\/master-gtdl\/wp-json\/wp\/v2\/pages\/83\/revisions\/474"}],"wp:attachment":[{"href":"https:\/\/blogs.univ-tlse2.fr\/master-gtdl\/wp-json\/wp\/v2\/media?parent=83"}],"curies":[{"name":"wp","href":"https:\/\/api.w.org\/{rel}","templated":true}]}}