 {"id":97,"date":"2021-02-12T14:27:27","date_gmt":"2021-02-12T13:27:27","guid":{"rendered":"https:\/\/mastergtdl.wordpress.com\/?page_id=97"},"modified":"2023-11-07T11:09:06","modified_gmt":"2023-11-07T10:09:06","slug":"memoires-soutenus","status":"publish","type":"page","link":"https:\/\/blogs.univ-tlse2.fr\/master-gtdl\/memoires-soutenus\/","title":{"rendered":"M\u00e9moires soutenus"},"content":{"rendered":"\n<h2 class=\"wp-block-heading\">Th\u00e8mes des m\u00e9moires soutenus dans le cadre du Master <\/h2>\n\n\n\n<p><\/p>\n\n\n\n<ul class=\"wp-block-list\">\n<li>Gestion du \u00ab&nbsp;sauvage&nbsp;\u00bb en agriculture<\/li>\n\n\n\n<li>Propri\u00e9t\u00e9 collective ou appropriation priv\u00e9e des vari\u00e9t\u00e9s v\u00e9g\u00e9tales&nbsp;?<\/li>\n\n\n\n<li>Politisation des conflits d\u2019usage autour d\u2019am\u00e9nagements en milieu rural<\/li>\n\n\n\n<li>Construction de politiques alimentaires localis\u00e9es (dont PAT, mise en \u0153uvre la loi EGALim en restauration collective&#8230;)<\/li>\n\n\n\n<li>Lien social et circuits courts alimentaires, le cas des plateformes num\u00e9riques<\/li>\n\n\n\n<li>Impact du coronavirus sur le commerce en milieu rural<\/li>\n\n\n\n<li>Isolement num\u00e9rique en milieu rural<\/li>\n\n\n\n<li>Les tiers-lieux en milieu rural<\/li>\n\n\n\n<li>Les r\u00e9seaux au service du marketing territorial<\/li>\n\n\n\n<li>Accueil de r\u00e9fugi\u00e9s par l\u2019emploi (profil des accueillis, analyse des potentialit\u00e9s d\u2019emploi, \u00e9valuation des programmes d\u2019accueil)<\/li>\n\n\n\n<li>Etude d\u2019opportunit\u00e9 de la cr\u00e9ation d\u2019un observatoire de l\u2019\u0153notourisme<\/li>\n\n\n\n<li>Agriculture urbaine \u00e0 Bordeaux&nbsp;: enjeux de coordination des acteurs du territoire<\/li>\n\n\n\n<li>R\u00f4le des services techniques des R\u00e9gions dans la mise en place des programmes LEADER<\/li>\n\n\n\n<li>Politiques publiques et massification \u00e9nerg\u00e9tique: \u00c9tude de cas de l\u2019agglom\u00e9ration Foix-Varilhes en Ari\u00e8ge<\/li>\n\n\n\n<li>Politiques d&rsquo;am\u00e9nagement foncier pour la cr\u00e9ation d\u2019une strat\u00e9gie de d\u00e9veloppement \u00e9conomique territorialis\u00e9<\/li>\n\n\n\n<li>Politiques du logement en milieu rural<\/li>\n<\/ul>\n\n\n\n<hr class=\"wp-block-separator has-alpha-channel-opacity\" \/>\n\n\n\n<h2 class=\"wp-block-heading\">M\u00e9moires de Master soutenus en g\u00e9ographie \u00e0 l&rsquo;UT2J<\/h2>\n\n\n\n<p>Vous trouverez ci-joint la liste des Masters soutenus \u00e0 l&rsquo;UT2J en g\u00e9ographie-am\u00e9nagement du territoire : <a href=\"https:\/\/dante.univ-tlse2.fr\/s\/fr\/recherche?q=Rural&amp;filter%5B0%5D%5Bjoin%5D=and&amp;filter%5B0%5D%5Bfield%5D=dante_typeDiplome_txt&amp;filter%5B0%5D%5Btype%5D=in&amp;filter%5B0%5D%5Bvalue%5D=&amp;filter%5B1%5D%5Bjoin%5D=and&amp;filter%5B1%5D%5Bfield%5D=dante_typeDiplome_txt&amp;filter%5B1%5D%5Btype%5D=in&amp;filter%5B1%5D%5Bvalue%5D=&amp;filter%5B2%5D%5Bjoin%5D=and&amp;filter%5B2%5D%5Bfield%5D=dante_typeDiplome_txt&amp;filter%5B2%5D%5Btype%5D=in&amp;filter%5B2%5D%5Bvalue%5D=&amp;filter%5B3%5D%5Bjoin%5D=and&amp;filter%5B3%5D%5Bfield%5D=dante_typeDiplome_txt&amp;filter%5B3%5D%5Btype%5D=in&amp;filter%5B3%5D%5Bvalue%5D=&amp;filter%5B4%5D%5Bjoin%5D=and&amp;filter%5B4%5D%5Bfield%5D=dante_typeDiplome_txt&amp;filter%5B4%5D%5Btype%5D=in&amp;filter%5B4%5D%5Bvalue%5D=&amp;submit=Rechercher\" target=\"_blank\" rel=\"noreferrer noopener\">Dante.univ-tlse2.fr<\/a> <\/p>\n","protected":false},"excerpt":{"rendered":"<p>Th\u00e8mes des m\u00e9moires soutenus dans le cadre du Master M\u00e9moires de Master soutenus en g\u00e9ographie \u00e0 l&rsquo;UT2J Vous trouverez ci-joint la liste des Masters soutenus \u00e0 l&rsquo;UT2J en g\u00e9ographie-am\u00e9nagement du territoire : Dante.univ-tlse2.fr<\/p>\n","protected":false},"author":964,"featured_media":0,"parent":0,"menu_order":0,"comment_status":"closed","ping_status":"closed","template":"","meta":{"footnotes":""},"class_list":["post-97","page","type-page","status-publish","hentry"],"_links":{"self":[{"href":"https:\/\/blogs.univ-tlse2.fr\/master-gtdl\/wp-json\/wp\/v2\/pages\/97","targetHints":{"allow":["GET"]}}],"collection":[{"href":"https:\/\/blogs.univ-tlse2.fr\/master-gtdl\/wp-json\/wp\/v2\/pages"}],"about":[{"href":"https:\/\/blogs.univ-tlse2.fr\/master-gtdl\/wp-json\/wp\/v2\/types\/page"}],"author":[{"embeddable":true,"href":"https:\/\/blogs.univ-tlse2.fr\/master-gtdl\/wp-json\/wp\/v2\/users\/964"}],"replies":[{"embeddable":true,"href":"https:\/\/blogs.univ-tlse2.fr\/master-gtdl\/wp-json\/wp\/v2\/comments?post=97"}],"version-history":[{"count":5,"href":"https:\/\/blogs.univ-tlse2.fr\/master-gtdl\/wp-json\/wp\/v2\/pages\/97\/revisions"}],"predecessor-version":[{"id":1285,"href":"https:\/\/blogs.univ-tlse2.fr\/master-gtdl\/wp-json\/wp\/v2\/pages\/97\/revisions\/1285"}],"wp:attachment":[{"href":"https:\/\/blogs.univ-tlse2.fr\/master-gtdl\/wp-json\/wp\/v2\/media?parent=97"}],"curies":[{"name":"wp","href":"https:\/\/api.w.org\/{rel}","templated":true}]}}