 {"id":99,"date":"2021-02-12T14:27:29","date_gmt":"2021-02-12T13:27:29","guid":{"rendered":"https:\/\/mastergtdl.wordpress.com\/?page_id=99"},"modified":"2023-11-20T22:05:34","modified_gmt":"2023-11-20T21:05:34","slug":"productions-audiovisuelles","status":"publish","type":"page","link":"https:\/\/blogs.univ-tlse2.fr\/master-gtdl\/productions-audiovisuelles\/","title":{"rendered":"Productions audiovisuelles"},"content":{"rendered":"\n<h2 class=\"wp-block-heading\"><strong><span class=\"has-inline-color has-luminous-vivid-amber-color\">Productions audio-visuelles des \u00e9tudiants en atelier ou en stage&#8230;<\/span><\/strong><\/h2>\n\n\n\n<p><strong><mark class=\"has-inline-color has-light-green-cyan-color\">2023<\/mark><\/strong><\/p>\n\n\n\n<p><strong>Portraits de femmes paysannes ou en devenir \u2013 Carmen Chapelon<\/strong><\/p>\n\n\n\n<p>Carmen Chapelon (\u00e9tudiante en Master 2 GTDL) a r\u00e9alis\u00e9 un stage \u00e0 l\u2019ADEAR de l\u2019Ari\u00e8ge au printemps dernier. Elle a rencontr\u00e9 sept femmes sur leur lieu de vie et de travail et a cr\u00e9\u00e9 le podcast \u00ab&nbsp;Des graines et des elles&nbsp;\u00bb.<\/p>\n\n\n\n<p>Voici le lien pour \u00e9couter des t\u00e9moignages de femmes qui ont fait le choix d\u2019\u00eatre sur des petites structures, diversifi\u00e9es, avec des ateliers de transformation ; qui jouent un r\u00f4le fondamental dans la transition agro-\u00e9cologique, et qui s\u2019installent et g\u00e8rent des fermes, seule, en couple ou en collectif, sur le mod\u00e8le politique de l\u2019agriculture paysanne.<\/p>\n\n\n\n<p>Belle \u00e9coute !<\/p>\n\n\n\n<p><a href=\"https:\/\/www.agriculturepaysanne.org\/Portraits-de-femmes-paysannes-ou-en-devenir\">https:\/\/www.agriculturepaysanne.org\/Portraits-de-femmes-paysannes-ou-en-devenir<\/a><\/p>\n\n\n\n<hr class=\"wp-block-separator has-alpha-channel-opacity\" \/>\n\n\n\n<p><strong><mark class=\"has-inline-color has-light-green-cyan-color\">2021-2022<\/mark><\/strong><\/p>\n\n\n\n<p><strong>\u00ab&nbsp;Quand la neige tombe \u00e0 l\u2019eau&nbsp;? Changer la station des Monts d\u2019Olmes pour faire territoire&nbsp;\u00bb<\/strong><\/p>\n\n\n\n<p>Ce titre \u00e9vocateur a \u00e9t\u00e9 choisi par les \u00e9tudiants du M1 GTDL Ruralit\u00e9s pour pr\u00e9senter les r\u00e9sultats de leur \u00e9tude sur la station de ski des Monts d\u2019Olmes (\u00e9tude mandat\u00e9e par la CCPO et la Savasem). Et, ce titre \u00e0 fait r\u00e9agir et discuter les acteurs du territoire&nbsp;!<\/p>\n\n\n\n<p>Mais l\u2019\u00e9tude ne se r\u00e9sume pas \u00e0 ce seul titre. Apr\u00e8s plusieurs mois de travail, 30 entretiens semi directifs, 90 questionnaires, 15 jours d\u2019immersion sur place, les \u00e9tudiants recommandent 4 axes de travail pour accompagner la requalification de la station&nbsp;:<\/p>\n\n\n\n<ul class=\"wp-block-list\">\n<li>Prendre en compte les patrimoines pour int\u00e9grer la station au territoire<\/li>\n\n\n\n<li>Am\u00e9liorer le cadre de vie dans la station<\/li>\n\n\n\n<li>Renforcer les commerces et services dans la station<\/li>\n\n\n\n<li>Coordonner les actions gr\u00e2ce \u00e0 une gouvernance participative<\/li>\n<\/ul>\n\n\n\n<p>L\u2019\u00e9tude r\u00e9alis\u00e9e par les \u00e9tudiants s\u2019ach\u00e8ve donc par une riche restitution qui n\u2019a pas laiss\u00e9 indiff\u00e9rents les \u00e9lus, techniciens, acteurs locaux pr\u00e9sents, tant les enjeux sont importants.<\/p>\n\n\n\n<div class=\"wp-block-columns is-layout-flex wp-container-core-columns-is-layout-9d6595d7 wp-block-columns-is-layout-flex\">\n<div class=\"wp-block-column is-layout-flow wp-block-column-is-layout-flow\" style=\"flex-basis:100%\">\n<figure class=\"wp-block-gallery has-nested-images columns-default is-cropped wp-block-gallery-1 is-layout-flex wp-block-gallery-is-layout-flex\">\n<figure class=\"wp-block-image size-large\"><img loading=\"lazy\" decoding=\"async\" width=\"1024\" height=\"768\" data-id=\"892\" src=\"https:\/\/blogs.univ-tlse2.fr\/master-gtdl\/files\/2022\/04\/8-04-quand-la-neige-tombe-a-leau-1024x768.jpeg\" alt=\"\" class=\"wp-image-892\" srcset=\"https:\/\/blogs.univ-tlse2.fr\/master-gtdl\/files\/2022\/04\/8-04-quand-la-neige-tombe-a-leau-1024x768.jpeg 1024w, https:\/\/blogs.univ-tlse2.fr\/master-gtdl\/files\/2022\/04\/8-04-quand-la-neige-tombe-a-leau-300x225.jpeg 300w, https:\/\/blogs.univ-tlse2.fr\/master-gtdl\/files\/2022\/04\/8-04-quand-la-neige-tombe-a-leau-768x576.jpeg 768w, https:\/\/blogs.univ-tlse2.fr\/master-gtdl\/files\/2022\/04\/8-04-quand-la-neige-tombe-a-leau-1536x1152.jpeg 1536w, https:\/\/blogs.univ-tlse2.fr\/master-gtdl\/files\/2022\/04\/8-04-quand-la-neige-tombe-a-leau.jpeg 2048w\" sizes=\"auto, (max-width: 767px) 89vw, (max-width: 1000px) 54vw, (max-width: 1071px) 543px, 580px\" \/><\/figure>\n\n\n\n<figure class=\"wp-block-image size-large\"><img loading=\"lazy\" decoding=\"async\" width=\"2048\" height=\"1536\" data-id=\"893\" src=\"https:\/\/blogs.univ-tlse2.fr\/master-gtdl\/files\/2022\/04\/8-04-restitution.jpeg\" alt=\"\" class=\"wp-image-893\" srcset=\"https:\/\/blogs.univ-tlse2.fr\/master-gtdl\/files\/2022\/04\/8-04-restitution.jpeg 2048w, https:\/\/blogs.univ-tlse2.fr\/master-gtdl\/files\/2022\/04\/8-04-restitution-300x225.jpeg 300w, https:\/\/blogs.univ-tlse2.fr\/master-gtdl\/files\/2022\/04\/8-04-restitution-1024x768.jpeg 1024w, https:\/\/blogs.univ-tlse2.fr\/master-gtdl\/files\/2022\/04\/8-04-restitution-768x576.jpeg 768w, https:\/\/blogs.univ-tlse2.fr\/master-gtdl\/files\/2022\/04\/8-04-restitution-1536x1152.jpeg 1536w\" sizes=\"auto, (max-width: 767px) 89vw, (max-width: 1000px) 54vw, (max-width: 1071px) 543px, 580px\" \/><\/figure>\n\n\n\n<figure class=\"wp-block-image size-large\"><img loading=\"lazy\" decoding=\"async\" width=\"2560\" height=\"1113\" data-id=\"894\" src=\"https:\/\/blogs.univ-tlse2.fr\/master-gtdl\/files\/2022\/04\/8-08-vote-scaled.jpg\" alt=\"\" class=\"wp-image-894\" srcset=\"https:\/\/blogs.univ-tlse2.fr\/master-gtdl\/files\/2022\/04\/8-08-vote-scaled.jpg 2560w, https:\/\/blogs.univ-tlse2.fr\/master-gtdl\/files\/2022\/04\/8-08-vote-300x130.jpg 300w, https:\/\/blogs.univ-tlse2.fr\/master-gtdl\/files\/2022\/04\/8-08-vote-1024x445.jpg 1024w, https:\/\/blogs.univ-tlse2.fr\/master-gtdl\/files\/2022\/04\/8-08-vote-768x334.jpg 768w, https:\/\/blogs.univ-tlse2.fr\/master-gtdl\/files\/2022\/04\/8-08-vote-1536x668.jpg 1536w, https:\/\/blogs.univ-tlse2.fr\/master-gtdl\/files\/2022\/04\/8-08-vote-2048x890.jpg 2048w\" sizes=\"auto, (max-width: 767px) 89vw, (max-width: 1000px) 54vw, (max-width: 1071px) 543px, 580px\" \/><\/figure>\n<figcaption class=\"blocks-gallery-caption wp-element-caption\">Restitution<\/figcaption><\/figure>\n\n\n\n<div data-wp-interactive=\"core\/file\" class=\"wp-block-file\"><object data-wp-bind--hidden=\"!state.hasPdfPreview\" hidden class=\"wp-block-file__embed\" data=\"https:\/\/blogs.univ-tlse2.fr\/master-gtdl\/files\/2022\/04\/2022-04-restitution-atelier-VF-courte_compressed.pdf\" type=\"application\/pdf\" style=\"width:100%;height:600px\" aria-label=\"Contenu embarqu\u00e9 2022-04-restitution-atelier-VF-courte_compressed.\"><\/object><a id=\"wp-block-file--media-6452772a-0ea6-4610-afab-fc6c65c4a821\" href=\"https:\/\/blogs.univ-tlse2.fr\/master-gtdl\/files\/2022\/04\/2022-04-restitution-atelier-VF-courte_compressed.pdf\">2022-04-restitution-atelier-VF-courte_compressed<\/a><a href=\"https:\/\/blogs.univ-tlse2.fr\/master-gtdl\/files\/2022\/04\/2022-04-restitution-atelier-VF-courte_compressed.pdf\" class=\"wp-block-file__button wp-element-button\" download aria-describedby=\"wp-block-file--media-6452772a-0ea6-4610-afab-fc6c65c4a821\">T\u00e9l\u00e9charger<\/a><\/div>\n<\/div>\n<\/div>\n\n\n\n<hr class=\"wp-block-separator has-alpha-channel-opacity\" \/>\n\n\n\n<p><strong><mark class=\"has-inline-color has-light-green-cyan-color\">2020-2021<\/mark><\/strong><\/p>\n\n\n\n<p>Montage vid\u00e9o pr\u00e9sentant les r\u00e9sultats de l&rsquo;atelier des M1 GTDL pour les commanditaires &#8211; 19 f\u00e9vrier 2021 <\/p>\n\n\n\n<figure class=\"wp-block-embed is-type-video is-provider-youtube wp-block-embed-youtube wp-embed-aspect-16-9 wp-has-aspect-ratio\"><div class=\"wp-block-embed__wrapper\">\n<iframe loading=\"lazy\" title=\"Montage vid\u00e9o - Master 1 GTDL\" width=\"525\" height=\"295\" src=\"https:\/\/www.youtube.com\/embed\/2vcF8dFZO3g?feature=oembed\" frameborder=\"0\" allow=\"accelerometer; autoplay; clipboard-write; encrypted-media; gyroscope; picture-in-picture; web-share\" referrerpolicy=\"strict-origin-when-cross-origin\" allowfullscreen><\/iframe>\n<\/div><\/figure>\n\n\n\n<hr class=\"wp-block-separator has-alpha-channel-opacity\" \/>\n\n\n\n<h2 class=\"wp-block-heading\"><strong><span class=\"has-inline-color has-luminous-vivid-amber-color\">Production audiovisuelles des enseignants-chercheurs&#8230;<\/span><\/strong><\/h2>\n\n\n\n<figure class=\"wp-block-image size-large\"><img loading=\"lazy\" decoding=\"async\" width=\"1024\" height=\"768\" src=\"https:\/\/blogs.univ-tlse2.fr\/master-gtdl\/files\/2021\/09\/Cairn-sommet-du-Cagire-Haute-Garonne-2020-1024x768.jpg\" alt=\"\" class=\"wp-image-591\" srcset=\"https:\/\/blogs.univ-tlse2.fr\/master-gtdl\/files\/2021\/09\/Cairn-sommet-du-Cagire-Haute-Garonne-2020-1024x768.jpg 1024w, https:\/\/blogs.univ-tlse2.fr\/master-gtdl\/files\/2021\/09\/Cairn-sommet-du-Cagire-Haute-Garonne-2020-300x225.jpg 300w, https:\/\/blogs.univ-tlse2.fr\/master-gtdl\/files\/2021\/09\/Cairn-sommet-du-Cagire-Haute-Garonne-2020-768x576.jpg 768w, https:\/\/blogs.univ-tlse2.fr\/master-gtdl\/files\/2021\/09\/Cairn-sommet-du-Cagire-Haute-Garonne-2020-1536x1152.jpg 1536w, https:\/\/blogs.univ-tlse2.fr\/master-gtdl\/files\/2021\/09\/Cairn-sommet-du-Cagire-Haute-Garonne-2020-2048x1536.jpg 2048w\" sizes=\"auto, (max-width: 767px) 89vw, (max-width: 1000px) 54vw, (max-width: 1071px) 543px, 580px\" \/><figcaption class=\"wp-element-caption\">Cairn sommet du Cagire, Haute-Garonne, 2020. MP<\/figcaption><\/figure>\n\n\n\n<figure class=\"wp-block-image size-large\"><img loading=\"lazy\" decoding=\"async\" width=\"1024\" height=\"497\" src=\"https:\/\/blogs.univ-tlse2.fr\/master-gtdl\/files\/2021\/03\/Enquete-memoire-Tisne-Pont-de-Monvert-2019-1024x497.jpg\" alt=\"\" class=\"wp-image-404\" srcset=\"https:\/\/blogs.univ-tlse2.fr\/master-gtdl\/files\/2021\/03\/Enquete-memoire-Tisne-Pont-de-Monvert-2019-1024x497.jpg 1024w, https:\/\/blogs.univ-tlse2.fr\/master-gtdl\/files\/2021\/03\/Enquete-memoire-Tisne-Pont-de-Monvert-2019-300x146.jpg 300w, https:\/\/blogs.univ-tlse2.fr\/master-gtdl\/files\/2021\/03\/Enquete-memoire-Tisne-Pont-de-Monvert-2019-768x373.jpg 768w, https:\/\/blogs.univ-tlse2.fr\/master-gtdl\/files\/2021\/03\/Enquete-memoire-Tisne-Pont-de-Monvert-2019-1536x746.jpg 1536w, https:\/\/blogs.univ-tlse2.fr\/master-gtdl\/files\/2021\/03\/Enquete-memoire-Tisne-Pont-de-Monvert-2019.jpg 1600w\" sizes=\"auto, (max-width: 767px) 89vw, (max-width: 1000px) 54vw, (max-width: 1071px) 543px, 580px\" \/><figcaption class=\"wp-element-caption\">Enqu\u00eate memoire Tisn\u00e9-Pont de Monvert-2019. M. Gambino<\/figcaption><\/figure>\n\n\n\n<div class=\"wp-block-group\"><div class=\"wp-block-group__inner-container is-layout-flow wp-block-group-is-layout-flow\">\n<div class=\"wp-block-columns is-layout-flex wp-container-core-columns-is-layout-9d6595d7 wp-block-columns-is-layout-flex\">\n<div class=\"wp-block-column is-layout-flow wp-block-column-is-layout-flow\" style=\"flex-basis:100%\">\n<figure class=\"wp-block-gallery has-nested-images columns-default is-cropped wp-block-gallery-2 is-layout-flex wp-block-gallery-is-layout-flex\">\n<figure class=\"wp-block-image size-large\"><img loading=\"lazy\" decoding=\"async\" width=\"683\" height=\"1024\" data-id=\"584\" src=\"https:\/\/blogs.univ-tlse2.fr\/master-gtdl\/files\/2021\/09\/DSC08693-683x1024.jpg\" alt=\"\" class=\"wp-image-584\" srcset=\"https:\/\/blogs.univ-tlse2.fr\/master-gtdl\/files\/2021\/09\/DSC08693-683x1024.jpg 683w, https:\/\/blogs.univ-tlse2.fr\/master-gtdl\/files\/2021\/09\/DSC08693-200x300.jpg 200w, https:\/\/blogs.univ-tlse2.fr\/master-gtdl\/files\/2021\/09\/DSC08693-768x1152.jpg 768w, https:\/\/blogs.univ-tlse2.fr\/master-gtdl\/files\/2021\/09\/DSC08693-1024x1536.jpg 1024w, https:\/\/blogs.univ-tlse2.fr\/master-gtdl\/files\/2021\/09\/DSC08693-1365x2048.jpg 1365w, https:\/\/blogs.univ-tlse2.fr\/master-gtdl\/files\/2021\/09\/DSC08693-scaled.jpg 1707w\" sizes=\"auto, (max-width: 683px) 100vw, 683px\" \/><figcaption class=\"wp-element-caption\">C. Eychenne<\/figcaption><\/figure>\n\n\n\n<figure class=\"wp-block-image size-large\"><img loading=\"lazy\" decoding=\"async\" width=\"683\" height=\"1024\" data-id=\"582\" src=\"https:\/\/blogs.univ-tlse2.fr\/master-gtdl\/files\/2021\/09\/DSC00399-683x1024.jpg\" alt=\"\" class=\"wp-image-582\" srcset=\"https:\/\/blogs.univ-tlse2.fr\/master-gtdl\/files\/2021\/09\/DSC00399-683x1024.jpg 683w, https:\/\/blogs.univ-tlse2.fr\/master-gtdl\/files\/2021\/09\/DSC00399-200x300.jpg 200w, https:\/\/blogs.univ-tlse2.fr\/master-gtdl\/files\/2021\/09\/DSC00399-768x1152.jpg 768w, https:\/\/blogs.univ-tlse2.fr\/master-gtdl\/files\/2021\/09\/DSC00399-1024x1536.jpg 1024w, https:\/\/blogs.univ-tlse2.fr\/master-gtdl\/files\/2021\/09\/DSC00399-1365x2048.jpg 1365w, https:\/\/blogs.univ-tlse2.fr\/master-gtdl\/files\/2021\/09\/DSC00399-scaled.jpg 1707w\" sizes=\"auto, (max-width: 683px) 100vw, 683px\" \/><figcaption class=\"wp-element-caption\">C. Eychenne<\/figcaption><\/figure>\n<\/figure>\n\n\n\n<figure class=\"wp-block-image size-large\"><img loading=\"lazy\" decoding=\"async\" width=\"1024\" height=\"246\" src=\"https:\/\/blogs.univ-tlse2.fr\/master-gtdl\/files\/2021\/02\/cropped-viru-retour-champ-scaled-1-1024x246.jpg\" alt=\"\" class=\"wp-image-315\" srcset=\"https:\/\/blogs.univ-tlse2.fr\/master-gtdl\/files\/2021\/02\/cropped-viru-retour-champ-scaled-1-1024x246.jpg 1024w, https:\/\/blogs.univ-tlse2.fr\/master-gtdl\/files\/2021\/02\/cropped-viru-retour-champ-scaled-1-300x72.jpg 300w, https:\/\/blogs.univ-tlse2.fr\/master-gtdl\/files\/2021\/02\/cropped-viru-retour-champ-scaled-1-768x184.jpg 768w, https:\/\/blogs.univ-tlse2.fr\/master-gtdl\/files\/2021\/02\/cropped-viru-retour-champ-scaled-1-560x134.jpg 560w, https:\/\/blogs.univ-tlse2.fr\/master-gtdl\/files\/2021\/02\/cropped-viru-retour-champ-scaled-1-260x62.jpg 260w, https:\/\/blogs.univ-tlse2.fr\/master-gtdl\/files\/2021\/02\/cropped-viru-retour-champ-scaled-1-160x38.jpg 160w, https:\/\/blogs.univ-tlse2.fr\/master-gtdl\/files\/2021\/02\/cropped-viru-retour-champ-scaled-1.jpg 1500w\" sizes=\"auto, (max-width: 767px) 89vw, (max-width: 1000px) 54vw, (max-width: 1071px) 543px, 580px\" \/><figcaption class=\"wp-element-caption\">Vall\u00e9e ancienne de Viru, P\u00e9rou, 2006. A. Marshall<\/figcaption><\/figure>\n\n\n\n<figure class=\"wp-block-image size-large\"><img loading=\"lazy\" decoding=\"async\" width=\"1024\" height=\"683\" src=\"https:\/\/blogs.univ-tlse2.fr\/master-gtdl\/files\/2021\/09\/DSC08683-1024x683.jpg\" alt=\"\" class=\"wp-image-583\" srcset=\"https:\/\/blogs.univ-tlse2.fr\/master-gtdl\/files\/2021\/09\/DSC08683-1024x683.jpg 1024w, https:\/\/blogs.univ-tlse2.fr\/master-gtdl\/files\/2021\/09\/DSC08683-300x200.jpg 300w, https:\/\/blogs.univ-tlse2.fr\/master-gtdl\/files\/2021\/09\/DSC08683-768x512.jpg 768w, https:\/\/blogs.univ-tlse2.fr\/master-gtdl\/files\/2021\/09\/DSC08683-1536x1024.jpg 1536w, https:\/\/blogs.univ-tlse2.fr\/master-gtdl\/files\/2021\/09\/DSC08683-2048x1365.jpg 2048w\" sizes=\"auto, (max-width: 767px) 89vw, (max-width: 1000px) 54vw, (max-width: 1071px) 543px, 580px\" \/><figcaption class=\"wp-element-caption\">C. Eychenne<\/figcaption><\/figure>\n<\/div>\n<\/div>\n\n\n\n<figure class=\"wp-block-image size-large\"><img loading=\"lazy\" decoding=\"async\" width=\"1024\" height=\"768\" src=\"https:\/\/blogs.univ-tlse2.fr\/master-gtdl\/files\/2021\/03\/Enquetes-cantal-2020-1024x768.jpg\" alt=\"\" class=\"wp-image-405\" srcset=\"https:\/\/blogs.univ-tlse2.fr\/master-gtdl\/files\/2021\/03\/Enquetes-cantal-2020-1024x768.jpg 1024w, https:\/\/blogs.univ-tlse2.fr\/master-gtdl\/files\/2021\/03\/Enquetes-cantal-2020-300x225.jpg 300w, https:\/\/blogs.univ-tlse2.fr\/master-gtdl\/files\/2021\/03\/Enquetes-cantal-2020-768x576.jpg 768w, https:\/\/blogs.univ-tlse2.fr\/master-gtdl\/files\/2021\/03\/Enquetes-cantal-2020-1536x1152.jpg 1536w, https:\/\/blogs.univ-tlse2.fr\/master-gtdl\/files\/2021\/03\/Enquetes-cantal-2020-2048x1536.jpg 2048w\" sizes=\"auto, (max-width: 767px) 89vw, (max-width: 1000px) 54vw, (max-width: 1071px) 543px, 580px\" \/><figcaption class=\"wp-element-caption\">Enqu\u00eates-cantal-2020. M. Gambino<\/figcaption><\/figure>\n\n\n\n<figure class=\"wp-block-gallery has-nested-images columns-default is-cropped wp-block-gallery-3 is-layout-flex wp-block-gallery-is-layout-flex\">\n<figure class=\"wp-block-image size-large\"><img loading=\"lazy\" decoding=\"async\" width=\"610\" height=\"1024\" data-id=\"408\" src=\"https:\/\/blogs.univ-tlse2.fr\/master-gtdl\/files\/2021\/03\/observation-du-territoire-rue-de-foix-2019-610x1024.jpg\" alt=\"\" class=\"wp-image-408\" srcset=\"https:\/\/blogs.univ-tlse2.fr\/master-gtdl\/files\/2021\/03\/observation-du-territoire-rue-de-foix-2019-610x1024.jpg 610w, https:\/\/blogs.univ-tlse2.fr\/master-gtdl\/files\/2021\/03\/observation-du-territoire-rue-de-foix-2019-179x300.jpg 179w, https:\/\/blogs.univ-tlse2.fr\/master-gtdl\/files\/2021\/03\/observation-du-territoire-rue-de-foix-2019-768x1290.jpg 768w, https:\/\/blogs.univ-tlse2.fr\/master-gtdl\/files\/2021\/03\/observation-du-territoire-rue-de-foix-2019-914x1536.jpg 914w, https:\/\/blogs.univ-tlse2.fr\/master-gtdl\/files\/2021\/03\/observation-du-territoire-rue-de-foix-2019.jpg 1143w\" sizes=\"auto, (max-width: 610px) 100vw, 610px\" \/><figcaption class=\"wp-element-caption\">Observation du territoire \u00ab\u00a0rue de Foix\u00a0\u00bb 2019. M. Gambino<\/figcaption><\/figure>\n\n\n\n<figure class=\"wp-block-image size-large\"><img loading=\"lazy\" decoding=\"async\" width=\"1024\" height=\"576\" data-id=\"126\" src=\"https:\/\/blogs.univ-tlse2.fr\/master-gtdl\/files\/2021\/02\/ariege-1024x576.jpg\" alt=\"\" class=\"wp-image-126\" srcset=\"https:\/\/blogs.univ-tlse2.fr\/master-gtdl\/files\/2021\/02\/ariege-1024x576.jpg 1024w, https:\/\/blogs.univ-tlse2.fr\/master-gtdl\/files\/2021\/02\/ariege-300x169.jpg 300w, https:\/\/blogs.univ-tlse2.fr\/master-gtdl\/files\/2021\/02\/ariege-768x432.jpg 768w, https:\/\/blogs.univ-tlse2.fr\/master-gtdl\/files\/2021\/02\/ariege.jpg 1280w\" sizes=\"auto, (max-width: 767px) 89vw, (max-width: 1000px) 54vw, (max-width: 1071px) 543px, 580px\" \/><figcaption class=\"wp-element-caption\">L&rsquo;Ari\u00e8ge&#8230;<\/figcaption><\/figure>\n<\/figure>\n\n\n\n\n\n<figure class=\"wp-block-image size-large\"><img loading=\"lazy\" decoding=\"async\" width=\"1024\" height=\"768\" src=\"https:\/\/blogs.univ-tlse2.fr\/master-gtdl\/files\/2021\/04\/Place-de-village-St-Guilhem-le-Desert-Herault-2019-1024x768.jpg\" alt=\"\" class=\"wp-image-534\" srcset=\"https:\/\/blogs.univ-tlse2.fr\/master-gtdl\/files\/2021\/04\/Place-de-village-St-Guilhem-le-Desert-Herault-2019-1024x768.jpg 1024w, https:\/\/blogs.univ-tlse2.fr\/master-gtdl\/files\/2021\/04\/Place-de-village-St-Guilhem-le-Desert-Herault-2019-300x225.jpg 300w, https:\/\/blogs.univ-tlse2.fr\/master-gtdl\/files\/2021\/04\/Place-de-village-St-Guilhem-le-Desert-Herault-2019-768x576.jpg 768w, https:\/\/blogs.univ-tlse2.fr\/master-gtdl\/files\/2021\/04\/Place-de-village-St-Guilhem-le-Desert-Herault-2019-1536x1152.jpg 1536w, https:\/\/blogs.univ-tlse2.fr\/master-gtdl\/files\/2021\/04\/Place-de-village-St-Guilhem-le-Desert-Herault-2019-2048x1536.jpg 2048w\" sizes=\"auto, (max-width: 767px) 89vw, (max-width: 1000px) 54vw, (max-width: 1071px) 543px, 580px\" \/><figcaption class=\"wp-element-caption\">Place de village  St Guilhem le D\u00e9sert, H\u00e9rault, 2019. MP<\/figcaption><\/figure>\n\n\n\n\n\n<figure class=\"wp-block-gallery has-nested-images columns-default is-cropped wp-block-gallery-4 is-layout-flex wp-block-gallery-is-layout-flex\">\n<figure class=\"wp-block-image size-large\"><img loading=\"lazy\" decoding=\"async\" width=\"1024\" height=\"768\" data-id=\"590\" src=\"https:\/\/blogs.univ-tlse2.fr\/master-gtdl\/files\/2021\/09\/Batiment-agricole-Le-Falgoux-Cantal-2018-1024x768.jpg\" alt=\"\" class=\"wp-image-590\" srcset=\"https:\/\/blogs.univ-tlse2.fr\/master-gtdl\/files\/2021\/09\/Batiment-agricole-Le-Falgoux-Cantal-2018-1024x768.jpg 1024w, https:\/\/blogs.univ-tlse2.fr\/master-gtdl\/files\/2021\/09\/Batiment-agricole-Le-Falgoux-Cantal-2018-300x225.jpg 300w, https:\/\/blogs.univ-tlse2.fr\/master-gtdl\/files\/2021\/09\/Batiment-agricole-Le-Falgoux-Cantal-2018-768x576.jpg 768w, https:\/\/blogs.univ-tlse2.fr\/master-gtdl\/files\/2021\/09\/Batiment-agricole-Le-Falgoux-Cantal-2018-1536x1152.jpg 1536w, https:\/\/blogs.univ-tlse2.fr\/master-gtdl\/files\/2021\/09\/Batiment-agricole-Le-Falgoux-Cantal-2018-2048x1536.jpg 2048w\" sizes=\"auto, (max-width: 767px) 89vw, (max-width: 1000px) 54vw, (max-width: 1071px) 543px, 580px\" \/><figcaption class=\"wp-element-caption\">B\u00e2timent agricole  Le Falgoux, Cantal, 2018. MP<\/figcaption><\/figure>\n\n\n\n<figure class=\"wp-block-image size-large\"><img loading=\"lazy\" decoding=\"async\" width=\"300\" height=\"225\" data-id=\"127\" src=\"https:\/\/blogs.univ-tlse2.fr\/master-gtdl\/files\/2021\/02\/img-2.jpg\" alt=\"\" class=\"wp-image-127\" \/><figcaption class=\"wp-element-caption\">L&rsquo;asperge gagne le d\u00e9sert, 2005.A. Marshall<\/figcaption><\/figure>\n<\/figure>\n<\/div><\/div>\n\n\n\n<p><\/p>\n","protected":false},"excerpt":{"rendered":"<p>Productions audio-visuelles des \u00e9tudiants en atelier ou en stage&#8230; 2023 Portraits de femmes paysannes ou en devenir \u2013 Carmen Chapelon Carmen Chapelon (\u00e9tudiante en Master 2 GTDL) a r\u00e9alis\u00e9 un stage \u00e0 l\u2019ADEAR de l\u2019Ari\u00e8ge au printemps dernier. Elle a rencontr\u00e9 sept femmes sur leur lieu de vie et de travail et a cr\u00e9\u00e9 le &hellip; <\/p>\n<p class=\"link-more\"><a href=\"https:\/\/blogs.univ-tlse2.fr\/master-gtdl\/productions-audiovisuelles\/\" class=\"more-link\">Continuer la lecture<span class=\"screen-reader-text\"> de &laquo;&nbsp;Productions audiovisuelles&nbsp;&raquo;<\/span><\/a><\/p>\n","protected":false},"author":964,"featured_media":0,"parent":0,"menu_order":0,"comment_status":"closed","ping_status":"closed","template":"","meta":{"footnotes":""},"class_list":["post-99","page","type-page","status-publish","hentry"],"_links":{"self":[{"href":"https:\/\/blogs.univ-tlse2.fr\/master-gtdl\/wp-json\/wp\/v2\/pages\/99","targetHints":{"allow":["GET"]}}],"collection":[{"href":"https:\/\/blogs.univ-tlse2.fr\/master-gtdl\/wp-json\/wp\/v2\/pages"}],"about":[{"href":"https:\/\/blogs.univ-tlse2.fr\/master-gtdl\/wp-json\/wp\/v2\/types\/page"}],"author":[{"embeddable":true,"href":"https:\/\/blogs.univ-tlse2.fr\/master-gtdl\/wp-json\/wp\/v2\/users\/964"}],"replies":[{"embeddable":true,"href":"https:\/\/blogs.univ-tlse2.fr\/master-gtdl\/wp-json\/wp\/v2\/comments?post=99"}],"version-history":[{"count":9,"href":"https:\/\/blogs.univ-tlse2.fr\/master-gtdl\/wp-json\/wp\/v2\/pages\/99\/revisions"}],"predecessor-version":[{"id":1354,"href":"https:\/\/blogs.univ-tlse2.fr\/master-gtdl\/wp-json\/wp\/v2\/pages\/99\/revisions\/1354"}],"wp:attachment":[{"href":"https:\/\/blogs.univ-tlse2.fr\/master-gtdl\/wp-json\/wp\/v2\/media?parent=99"}],"curies":[{"name":"wp","href":"https:\/\/api.w.org\/{rel}","templated":true}]}}