 {"id":16,"date":"2014-07-15T13:40:18","date_gmt":"2014-07-15T12:40:18","guid":{"rendered":"https:\/\/blogs.univ-tlse2.fr\/master-prehistoire-protohistoire\/?page_id=16"},"modified":"2025-09-26T15:44:01","modified_gmt":"2025-09-26T14:44:01","slug":"equipe-pedagogique","status":"publish","type":"page","link":"https:\/\/blogs.univ-tlse2.fr\/master-prehistoire-protohistoire\/equipe-pedagogique\/","title":{"rendered":"\u00c9quipe p\u00e9dagogique"},"content":{"rendered":"\n<p>L\u2019\u00e9quipe p\u00e9dagogique compte des intervenants, rattach\u00e9s au <a href=\"https:\/\/traces.univ-tlse2.fr\/\" data-type=\"link\" data-id=\"https:\/\/traces.univ-tlse2.fr\/\" target=\"_blank\" rel=\"noreferrer noopener\">laboratoire TRACES<\/a>, sp\u00e9cialistes de la recherche arch\u00e9ologique et pal\u00e9o-environnementale et int\u00e8gre \u00e9galement d\u2019autres professionnels du patrimoine arch\u00e9ologique (m\u00e9diation scientifique, conservation\/restauration, archivistique). <\/p>\n\n\n\n<div data-wp-interactive=\"core\/file\" class=\"wp-block-file\"><object data-wp-bind--hidden=\"!state.hasPdfPreview\" hidden class=\"wp-block-file__embed\" data=\"https:\/\/blogs.univ-tlse2.fr\/master-prehistoire-protohistoire\/files\/2025\/04\/EquipePedago_2025.pdf\" type=\"application\/pdf\" style=\"width:100%;height:600px\" aria-label=\"Contenu embarqu\u00e9 Equipe P\u00e9dagogique 2024-2025.\"><\/object><a id=\"wp-block-file--media-a47690a6-302f-4be4-aed4-6811045589e9\" href=\"https:\/\/blogs.univ-tlse2.fr\/master-prehistoire-protohistoire\/files\/2025\/04\/EquipePedago_2025.pdf\">Equipe P\u00e9dagogique 2024-2025<\/a><a href=\"https:\/\/blogs.univ-tlse2.fr\/master-prehistoire-protohistoire\/files\/2025\/04\/EquipePedago_2025.pdf\" class=\"wp-block-file__button wp-element-button\" download aria-describedby=\"wp-block-file--media-a47690a6-302f-4be4-aed4-6811045589e9\">T\u00e9l\u00e9charger<\/a><\/div>\n","protected":false},"excerpt":{"rendered":"<p>L\u2019\u00e9quipe p\u00e9dagogique compte des intervenants, rattach\u00e9s au laboratoire TRACES, sp\u00e9cialistes de la recherche arch\u00e9ologique et pal\u00e9o-environnementale et int\u00e8gre \u00e9galement d\u2019autres professionnels du patrimoine arch\u00e9ologique (m\u00e9diation scientifique, conservation\/restauration, archivistique).<\/p>\n","protected":false},"author":241,"featured_media":0,"parent":0,"menu_order":0,"comment_status":"closed","ping_status":"open","template":"","meta":{"footnotes":""},"class_list":["post-16","page","type-page","status-publish","hentry"],"_links":{"self":[{"href":"https:\/\/blogs.univ-tlse2.fr\/master-prehistoire-protohistoire\/wp-json\/wp\/v2\/pages\/16","targetHints":{"allow":["GET"]}}],"collection":[{"href":"https:\/\/blogs.univ-tlse2.fr\/master-prehistoire-protohistoire\/wp-json\/wp\/v2\/pages"}],"about":[{"href":"https:\/\/blogs.univ-tlse2.fr\/master-prehistoire-protohistoire\/wp-json\/wp\/v2\/types\/page"}],"author":[{"embeddable":true,"href":"https:\/\/blogs.univ-tlse2.fr\/master-prehistoire-protohistoire\/wp-json\/wp\/v2\/users\/241"}],"replies":[{"embeddable":true,"href":"https:\/\/blogs.univ-tlse2.fr\/master-prehistoire-protohistoire\/wp-json\/wp\/v2\/comments?post=16"}],"version-history":[{"count":29,"href":"https:\/\/blogs.univ-tlse2.fr\/master-prehistoire-protohistoire\/wp-json\/wp\/v2\/pages\/16\/revisions"}],"predecessor-version":[{"id":1697,"href":"https:\/\/blogs.univ-tlse2.fr\/master-prehistoire-protohistoire\/wp-json\/wp\/v2\/pages\/16\/revisions\/1697"}],"wp:attachment":[{"href":"https:\/\/blogs.univ-tlse2.fr\/master-prehistoire-protohistoire\/wp-json\/wp\/v2\/media?parent=16"}],"curies":[{"name":"wp","href":"https:\/\/api.w.org\/{rel}","templated":true}]}}