 {"id":1652,"date":"2025-09-26T09:41:56","date_gmt":"2025-09-26T08:41:56","guid":{"rendered":"https:\/\/blogs.univ-tlse2.fr\/master-prehistoire-protohistoire\/?page_id=1652"},"modified":"2025-09-26T09:41:56","modified_gmt":"2025-09-26T08:41:56","slug":"contenu-des-ue","status":"publish","type":"page","link":"https:\/\/blogs.univ-tlse2.fr\/master-prehistoire-protohistoire\/contenu-des-ue\/","title":{"rendered":"Contenu des UE"},"content":{"rendered":"<p><a href=\"https:\/\/blogs.univ-tlse2.fr\/master-prehistoire-protohistoire\/files\/2022\/08\/Contenu_pedagogique_M1.pdf\">T\u00e9l\u00e9charger le contenu des UE de M1<\/a><\/p>\n<p><a href=\"https:\/\/blogs.univ-tlse2.fr\/master-prehistoire-protohistoire\/files\/2022\/08\/Contenu_pedagogique_M2.pdf\">T\u00e9l\u00e9charger le contenu des UE de M2<\/a><\/p>\n","protected":false},"excerpt":{"rendered":"<p>T\u00e9l\u00e9charger le contenu des UE de M1 T\u00e9l\u00e9charger le contenu des UE de M2<\/p>\n","protected":false},"author":1552,"featured_media":0,"parent":0,"menu_order":0,"comment_status":"closed","ping_status":"closed","template":"","meta":{"footnotes":""},"class_list":["post-1652","page","type-page","status-publish","hentry"],"_links":{"self":[{"href":"https:\/\/blogs.univ-tlse2.fr\/master-prehistoire-protohistoire\/wp-json\/wp\/v2\/pages\/1652","targetHints":{"allow":["GET"]}}],"collection":[{"href":"https:\/\/blogs.univ-tlse2.fr\/master-prehistoire-protohistoire\/wp-json\/wp\/v2\/pages"}],"about":[{"href":"https:\/\/blogs.univ-tlse2.fr\/master-prehistoire-protohistoire\/wp-json\/wp\/v2\/types\/page"}],"author":[{"embeddable":true,"href":"https:\/\/blogs.univ-tlse2.fr\/master-prehistoire-protohistoire\/wp-json\/wp\/v2\/users\/1552"}],"replies":[{"embeddable":true,"href":"https:\/\/blogs.univ-tlse2.fr\/master-prehistoire-protohistoire\/wp-json\/wp\/v2\/comments?post=1652"}],"version-history":[{"count":1,"href":"https:\/\/blogs.univ-tlse2.fr\/master-prehistoire-protohistoire\/wp-json\/wp\/v2\/pages\/1652\/revisions"}],"predecessor-version":[{"id":1653,"href":"https:\/\/blogs.univ-tlse2.fr\/master-prehistoire-protohistoire\/wp-json\/wp\/v2\/pages\/1652\/revisions\/1653"}],"wp:attachment":[{"href":"https:\/\/blogs.univ-tlse2.fr\/master-prehistoire-protohistoire\/wp-json\/wp\/v2\/media?parent=1652"}],"curies":[{"name":"wp","href":"https:\/\/api.w.org\/{rel}","templated":true}]}}