 {"id":1701,"date":"2025-09-26T15:49:41","date_gmt":"2025-09-26T14:49:41","guid":{"rendered":"https:\/\/blogs.univ-tlse2.fr\/master-prehistoire-protohistoire\/?page_id=1701"},"modified":"2025-09-28T22:25:31","modified_gmt":"2025-09-28T21:25:31","slug":"ressources","status":"publish","type":"page","link":"https:\/\/blogs.univ-tlse2.fr\/master-prehistoire-protohistoire\/ressources\/","title":{"rendered":"Ressources"},"content":{"rendered":"\n<p>Retrouver ici diverses ressources et liens utiles :<\/p>\n\n\n\n<ul class=\"wp-block-list\">\n<li><a href=\"https:\/\/blogs.univ-tlse2.fr\/master-prehistoire-protohistoire\/2023\/07\/28\/aide-a-la-redaction\/\" data-type=\"post\" data-id=\"1444\">conseil bibliographique d&rsquo;aide \u00e0 la r\u00e9daction de m\u00e9moire<\/a><\/li>\n\n\n\n<li><a href=\"https:\/\/blogs.univ-tlse2.fr\/master-prehistoire-protohistoire\/2019\/11\/27\/conventions\/\" data-type=\"post\" data-id=\"885\">le mod\u00e8le \u00e0 t\u00e9l\u00e9charger de convention d&rsquo;\u00e9tude de mobilier arch\u00e9ologique<\/a><\/li>\n\n\n\n<li><a href=\"https:\/\/blogs.univ-tlse2.fr\/master-prehistoire-protohistoire\/2021\/03\/22\/modalites-dobtention-du-diplome-de-master\/\" data-type=\"post\" data-id=\"1145\">la Charte de Contr\u00f4le des Connaissances Dipl\u00f4me de Master<\/a><\/li>\n\n\n\n<li><a href=\"https:\/\/blogs.univ-tlse2.fr\/master-prehistoire-protohistoire\/2025\/06\/20\/1612\/\" data-type=\"post\" data-id=\"1612\">les proc\u00e8s verbaux \u00e0 t\u00e9l\u00e9charger, \u00e0 signer \u00e0 l\u2019issu des soutenances de M1 et M2<\/a><\/li>\n\n\n\n<li><a href=\"https:\/\/blogs.univ-tlse2.fr\/master-prehistoire-protohistoire\/2022\/09\/01\/autorisation-de-diffusion-des-memoires-dante\/\" data-type=\"post\" data-id=\"1307\">l&rsquo;autorisation de diffusion \u00e0 t\u00e9l\u00e9charger sur DANTE<\/a><\/li>\n\n\n\n<li><a href=\"https:\/\/blogs.univ-tlse2.fr\/master-prehistoire-protohistoire\/liens-utiles\/\" data-type=\"page\" data-id=\"1716\">les liens utiles<\/a><\/li>\n<\/ul>\n\n\n\n<p><\/p>\n","protected":false},"excerpt":{"rendered":"<p>Retrouver ici diverses ressources et liens utiles :<\/p>\n","protected":false},"author":1566,"featured_media":0,"parent":0,"menu_order":0,"comment_status":"closed","ping_status":"closed","template":"","meta":{"footnotes":""},"class_list":["post-1701","page","type-page","status-publish","hentry"],"_links":{"self":[{"href":"https:\/\/blogs.univ-tlse2.fr\/master-prehistoire-protohistoire\/wp-json\/wp\/v2\/pages\/1701","targetHints":{"allow":["GET"]}}],"collection":[{"href":"https:\/\/blogs.univ-tlse2.fr\/master-prehistoire-protohistoire\/wp-json\/wp\/v2\/pages"}],"about":[{"href":"https:\/\/blogs.univ-tlse2.fr\/master-prehistoire-protohistoire\/wp-json\/wp\/v2\/types\/page"}],"author":[{"embeddable":true,"href":"https:\/\/blogs.univ-tlse2.fr\/master-prehistoire-protohistoire\/wp-json\/wp\/v2\/users\/1566"}],"replies":[{"embeddable":true,"href":"https:\/\/blogs.univ-tlse2.fr\/master-prehistoire-protohistoire\/wp-json\/wp\/v2\/comments?post=1701"}],"version-history":[{"count":3,"href":"https:\/\/blogs.univ-tlse2.fr\/master-prehistoire-protohistoire\/wp-json\/wp\/v2\/pages\/1701\/revisions"}],"predecessor-version":[{"id":1719,"href":"https:\/\/blogs.univ-tlse2.fr\/master-prehistoire-protohistoire\/wp-json\/wp\/v2\/pages\/1701\/revisions\/1719"}],"wp:attachment":[{"href":"https:\/\/blogs.univ-tlse2.fr\/master-prehistoire-protohistoire\/wp-json\/wp\/v2\/media?parent=1701"}],"curies":[{"name":"wp","href":"https:\/\/api.w.org\/{rel}","templated":true}]}}