 {"id":1716,"date":"2025-09-28T22:19:45","date_gmt":"2025-09-28T21:19:45","guid":{"rendered":"https:\/\/blogs.univ-tlse2.fr\/master-prehistoire-protohistoire\/?page_id=1716"},"modified":"2025-09-28T22:19:45","modified_gmt":"2025-09-28T21:19:45","slug":"liens-utiles","status":"publish","type":"page","link":"https:\/\/blogs.univ-tlse2.fr\/master-prehistoire-protohistoire\/liens-utiles\/","title":{"rendered":"Liens utiles"},"content":{"rendered":"\n<p><strong><a href=\"https:\/\/traces.univ-tlse2.fr\/\" target=\"_blank\" rel=\"noreferrer noopener\">Laboratoire TRACES UMR5608<\/a><\/strong><\/p>\n\n\n\n<p><strong><a class=\"lien_externe\" href=\"https:\/\/www.cnrs.fr\/fr\" target=\"_blank\">Centre National de la Recherche Scientifique<\/a><\/strong> (CNRS)<\/p>\n\n\n\n<ul class=\"wp-block-list\">\n<li><a class=\"lien_externe\" href=\"https:\/\/www.inee.cnrs.fr\/fr\" target=\"_blank\">Institut \u00c9cologie et Environnement<\/a> (InEE)<\/li>\n\n\n\n<li><a class=\"lien_externe\" href=\"https:\/\/www.inshs.cnrs.fr\/fr\" target=\"_blank\">Institut des Sciences Humaines et Sociales<\/a> (InSHS)<\/li>\n\n\n\n<li><a class=\"lien_externe\" href=\"https:\/\/www.occitanie-ouest.cnrs.fr\/fr\/la-delegation\" target=\"_blank\">D\u00e9l\u00e9gation Occitanie Ouest<\/a><\/li>\n<\/ul>\n\n\n\n<p>\n<strong><a class=\"lien_externe\" href=\"https:\/\/www.univ-tlse2.fr\/\" target=\"_blank\">Universit\u00e9 Toulouse Jean Jaur\u00e8s<\/a><\/strong> (UT2J)<\/p>\n\n\n\n<p><a class=\"lien_externe\" href=\"https:\/\/www.univ-toulouse.fr\/\" target=\"_blank\"><strong>COMUE de Toulouse<\/strong><\/a><\/p>\n\n\n\n<p><strong><a class=\"lien_externe\" href=\"https:\/\/www.culture.gouv.fr\/\" target=\"_blank\">Minist\u00e8re de la Culture<\/a><\/strong> (MCC)<\/p>\n\n\n\n<ul class=\"wp-block-list\">\n<li><a class=\"lien_externe\" href=\"https:\/\/archeologie.culture.gouv.fr\/fr\/sous-direction-de-larcheologie\" target=\"_blank\">Direction g\u00e9n\u00e9rale des patrimoines et de l&rsquo;architecture &#8211; Sous-direction de l&rsquo;arch\u00e9ologie<\/a><\/li>\n\n\n\n<li><a class=\"lien_externe\" href=\"https:\/\/www.culture.gouv.fr\/Regions\/Drac-Occitanie\" target=\"_blank\">Direction R\u00e9gionale des Affaires Culturelles Occitanie<\/a> (DRAC)<\/li>\n<\/ul>\n\n\n\n<p>\n<strong><a class=\"lien_externe\" href=\"https:\/\/www.ehess.fr\/fr\" target=\"_blank\">\u00c9cole des Hautes \u00c9tudes en Sciences Sociales<\/a><\/strong> (EHESS)<\/p>\n\n\n\n<p><strong><a class=\"lien_externe\" href=\"https:\/\/www.inrap.fr\" target=\"_blank\">Institut National de Recherches Arch\u00e9ologiques Pr\u00e9ventives<\/a><\/strong> (INRAP)<\/p>\n\n\n\n<p><a class=\"lien_externe\" href=\"https:\/\/metropole.toulouse.fr\/sortir\/patrimoine\/proteger-le-patrimoine\/mettre-en-valeur-le-patrimoine#archeologie-et-inventaire-au-service-du-patrimoine\" target=\"_blank\"><strong>Service d\u2019arch\u00e9ologie de Toulouse-M\u00e9tropole<\/strong><\/a><\/p>\n\n\n\n<p><strong><a class=\"lien_externe\" href=\"https:\/\/www.college-de-france.fr\/\" target=\"_blank\">Coll\u00e8ge de France<\/a><\/strong><br>\n&nbsp;<\/p>\n","protected":false},"excerpt":{"rendered":"<p>Laboratoire TRACES UMR5608 Centre National de la Recherche Scientifique (CNRS) Universit\u00e9 Toulouse Jean Jaur\u00e8s (UT2J) COMUE de Toulouse Minist\u00e8re de la Culture (MCC) \u00c9cole des Hautes \u00c9tudes en Sciences Sociales (EHESS) Institut National de Recherches Arch\u00e9ologiques Pr\u00e9ventives (INRAP) Service d\u2019arch\u00e9ologie de Toulouse-M\u00e9tropole Coll\u00e8ge de France &nbsp;<\/p>\n","protected":false},"author":1566,"featured_media":0,"parent":0,"menu_order":0,"comment_status":"closed","ping_status":"closed","template":"","meta":{"footnotes":""},"class_list":["post-1716","page","type-page","status-publish","hentry"],"_links":{"self":[{"href":"https:\/\/blogs.univ-tlse2.fr\/master-prehistoire-protohistoire\/wp-json\/wp\/v2\/pages\/1716","targetHints":{"allow":["GET"]}}],"collection":[{"href":"https:\/\/blogs.univ-tlse2.fr\/master-prehistoire-protohistoire\/wp-json\/wp\/v2\/pages"}],"about":[{"href":"https:\/\/blogs.univ-tlse2.fr\/master-prehistoire-protohistoire\/wp-json\/wp\/v2\/types\/page"}],"author":[{"embeddable":true,"href":"https:\/\/blogs.univ-tlse2.fr\/master-prehistoire-protohistoire\/wp-json\/wp\/v2\/users\/1566"}],"replies":[{"embeddable":true,"href":"https:\/\/blogs.univ-tlse2.fr\/master-prehistoire-protohistoire\/wp-json\/wp\/v2\/comments?post=1716"}],"version-history":[{"count":1,"href":"https:\/\/blogs.univ-tlse2.fr\/master-prehistoire-protohistoire\/wp-json\/wp\/v2\/pages\/1716\/revisions"}],"predecessor-version":[{"id":1717,"href":"https:\/\/blogs.univ-tlse2.fr\/master-prehistoire-protohistoire\/wp-json\/wp\/v2\/pages\/1716\/revisions\/1717"}],"wp:attachment":[{"href":"https:\/\/blogs.univ-tlse2.fr\/master-prehistoire-protohistoire\/wp-json\/wp\/v2\/media?parent=1716"}],"curies":[{"name":"wp","href":"https:\/\/api.w.org\/{rel}","templated":true}]}}