 {"id":26,"date":"2014-07-15T13:57:29","date_gmt":"2014-07-15T12:57:29","guid":{"rendered":"https:\/\/blogs.univ-tlse2.fr\/master-prehistoire-protohistoire\/?page_id=26"},"modified":"2025-09-28T22:32:45","modified_gmt":"2025-09-28T21:32:45","slug":"sinscrire","status":"publish","type":"page","link":"https:\/\/blogs.univ-tlse2.fr\/master-prehistoire-protohistoire\/sinscrire\/","title":{"rendered":"S&rsquo;inscrire"},"content":{"rendered":"\n<p>Les candidatures aux Masters \u00e0 Toulouse Jean Jaur\u00e8s sont d\u00e9sormais r\u00e9alis\u00e9es en ligne : <a href=\"https:\/\/www.univ-tlse2.fr\/accueil\/formation-insertion\/inscriptions-scolarite\/sinscrire-en-master-1\"><strong>cliquez ici<\/strong><\/a><\/p>\n\n\n\n<p>Pour le Master ASE2P, la campagne de candidature 2022-2023 se d\u00e9roulera du 7 mars au 22 avril.<\/p>\n\n\n\n<p>La s\u00e9lection des candidatures se fera sur les crit\u00e8res suivants :<\/p>\n\n\n\n<ul class=\"wp-block-list\">\n<li>Formation universitaire en ad\u00e9quation avec le Master ASE2P (histoire de l\u2019art et arch\u00e9ologie, anthropologie et ethnologie, histoire, SVT) ;<\/li>\n\n\n\n<li>Bon niveau g\u00e9n\u00e9ral, les notes de Licence seront consid\u00e9r\u00e9es ;<\/li>\n\n\n\n<li>Obligation de d\u00e9finir un sujet de recherche avec un encadrant de l\u2019\u00e9quipe p\u00e9dagogique et n\u00e9cessit\u00e9 d\u2019avoir son accord de principe (vous r\u00e9f\u00e9rer \u00e0 la section \u00ab\u00a0\u00e9quipe p\u00e9dagogique\u00a0\u00bb) ;<\/li>\n\n\n\n<li>Lettre de motivation circonstanci\u00e9e qui sp\u00e9cifie le parcours universitaire et les exp\u00e9riences dans le domaine, le choix de se tourner vers le Master ASE2P, les \u00e9ventuels \u00e9changes avec le milieu de la recherche en arch\u00e9ologie, et ce qui a motiv\u00e9 le choix de la th\u00e9matique de recherche envisag\u00e9e. Il est possible d\u2019indiquer quelques r\u00e9f\u00e9rences bibliographiques ayant guid\u00e9 votre int\u00e9r\u00eat ;<\/li>\n\n\n\n<li>Les exp\u00e9riences de terrain (prospection, fouille, relev\u00e9, travail en laboratoire, inventaire, m\u00e9diation\/valorisation\u2026) constituent un atout.<\/li>\n<\/ul>\n\n\n\n<h2 class=\"wp-block-heading\"><span style=\"font-family: arial;color: #296378\"><b>Conditions d\u2019acc\u00e8s en Master 1&nbsp;:<\/b><\/span><\/h2>\n\n\n\n<p>Acc\u00e8s \u00e0 tout titulaire d\u2019une licence ayant d\u00e9fini un projet de recherche et de m\u00e9moire avec un enseignant-chercheur ou un chercheur habilit\u00e9 (voir liste). La validation de l\u2019ann\u00e9e d\u00e9bouche, pour l\u2019\u00e9tudiant inscrit \u00e0 l\u2019Universit\u00e9 Toulouse Jean Jaur\u00e8s seulement, sur l\u2019obtention du dipl\u00f4me de Ma\u00eetrise (qui n&rsquo;est pas d\u00e9livr\u00e9 par l&rsquo;EHESS), en Histoire de l\u2019Art ou en Arch\u00e9ologie pr\u00e9historique et protohistorique selon le parcours. L\u2019acc\u00e8s au M1 peut \u00e9galement se faire en passant par le dispositif de Validation des Acquis de l\u2019Exp\u00e9rience (VAE), apr\u00e8s avis favorable du conseil de Master.<\/p>\n\n\n\n<h2 class=\"wp-block-heading western\"><span style=\"font-family: arial;color: #296378\"><b>Conditions d\u2019acc\u00e8s en Master 2 :<\/b><\/span><\/h2>\n\n\n\n<p>L&rsquo;\u00e9tudiant doit \u00eatre titulaire d&rsquo;un M1 d\u2019Arch\u00e9ologie, sp\u00e9cialit\u00e9 Pr\u00e9histoire-Protohistoire ou \u00e9quivalente, ou, sur dossier, d\u2019un M1 d\u2019Arch\u00e9ologie d\u2019une autre sp\u00e9cialit\u00e9, d&rsquo;Histoire de l&rsquo;art, d\u2019Histoire ou d\u2019Anthropologie ou d\u2019un dipl\u00f4me de l\u2019EHESS en Pr\u00e9histoire. L&rsquo;\u00e9tudiant doit faire la preuve, aupr\u00e8s de son directeur de recherche, qu&rsquo;il poss\u00e8de une connaissance convenable des th\u00e9matiques, m\u00e9thodes et ouvrages de r\u00e9f\u00e9rence du domaine de son choix en arch\u00e9ologie pr\u00e9historique et protohistorique. Enfin, l&rsquo;\u00e9tudiant doit pr\u00e9senter, en accord avec son directeur de recherche, un projet de recherche devant comporter (en une dizaine de pages au maximum, bibliographie comprise) un bref \u00e9tat de la question, un premier corpus de sources, les lignes principales d&rsquo;une probl\u00e9matique de recherche ainsi qu&rsquo;une bibliographie des principaux travaux sur le domaine.<\/p>\n\n\n\n<p>L&rsquo;avis favorable, sur le dossier d&rsquo;inscription, du conseil de Master constitu\u00e9 des enseignants-chercheurs et des chercheurs ayant la capacit\u00e9 l\u00e9gale \u00e0 encadrer des m\u00e9moires, est indispensable. Il ne peut \u00eatre obtenu si la mention au dipl\u00f4me permettant l\u2019acc\u00e8s au M2 est inf\u00e9rieure \u00e0 la mention Bien (minimum 14\/20). L\u2019acc\u00e8s au M2 peut \u00e9galement se faire en passant par le dispositif de Validation des Acquis de l\u2019Exp\u00e9rience (VAE), apr\u00e8s avis favorable du conseil de Master.<\/p>\n\n\n\n<p>Durant les deux ann\u00e9es de formation, la fr\u00e9quentation d&rsquo;un ou plusieurs chantiers de fouilles est obligatoire pour les \u00e9tudiants suivant la fili\u00e8re \u00ab\u00a0Cultures mat\u00e9rielles\u00a0\u00bb.<br><\/p>\n\n\n\n<p class=\"western\"><span style=\"color: #296378\"><strong>Responsables pour l&rsquo;UT2J : Nicolas Teyssandier (&#x74;e&#x79;&#115;&#x73;&#x61;n&#x64;&#64;&#x75;&#x6e;i&#x76;&#45;&#x74;&#x6c;s&#x65;&#50;&#x2e;&#x66;r) et Pierre-Yves Milcent (mil&#99;&#x65;&#x6e;&#x74;&#64;un&#105;&#x76;&#x2d;&#x74;&#x6c;se2&#46;&#x66;&#x72;)<\/strong><\/span><\/p>\n\n\n\n<p class=\"western\"><span style=\"color: #296378\"><strong>Responsable pour l&rsquo;EHESS : Fran\u00e7ois Briois (&#x62;&#x72;&#x69;&#x6f;&#x69;&#x73;&#x40;&#x65;&#x68;&#x65;&#x73;&#x73;&#x2e;&#x66;&#x72;)<\/strong><\/span><\/p>\n","protected":false},"excerpt":{"rendered":"<p>Les candidatures aux Masters \u00e0 Toulouse Jean Jaur\u00e8s sont d\u00e9sormais r\u00e9alis\u00e9es en ligne : cliquez ici Pour le Master ASE2P, la campagne de candidature 2022-2023 se d\u00e9roulera du 7 mars au 22 avril. La s\u00e9lection des candidatures se fera sur les crit\u00e8res suivants : Conditions d\u2019acc\u00e8s en Master 1&nbsp;: Acc\u00e8s \u00e0 tout titulaire d\u2019une licence &hellip; <\/p>\n<p class=\"link-more\"><a href=\"https:\/\/blogs.univ-tlse2.fr\/master-prehistoire-protohistoire\/sinscrire\/\" class=\"more-link\">Continuer la lecture<span class=\"screen-reader-text\"> de &laquo;&nbsp;S&rsquo;inscrire&nbsp;&raquo;<\/span><\/a><\/p>\n","protected":false},"author":241,"featured_media":0,"parent":0,"menu_order":0,"comment_status":"closed","ping_status":"open","template":"","meta":{"footnotes":""},"class_list":["post-26","page","type-page","status-publish","hentry"],"_links":{"self":[{"href":"https:\/\/blogs.univ-tlse2.fr\/master-prehistoire-protohistoire\/wp-json\/wp\/v2\/pages\/26","targetHints":{"allow":["GET"]}}],"collection":[{"href":"https:\/\/blogs.univ-tlse2.fr\/master-prehistoire-protohistoire\/wp-json\/wp\/v2\/pages"}],"about":[{"href":"https:\/\/blogs.univ-tlse2.fr\/master-prehistoire-protohistoire\/wp-json\/wp\/v2\/types\/page"}],"author":[{"embeddable":true,"href":"https:\/\/blogs.univ-tlse2.fr\/master-prehistoire-protohistoire\/wp-json\/wp\/v2\/users\/241"}],"replies":[{"embeddable":true,"href":"https:\/\/blogs.univ-tlse2.fr\/master-prehistoire-protohistoire\/wp-json\/wp\/v2\/comments?post=26"}],"version-history":[{"count":13,"href":"https:\/\/blogs.univ-tlse2.fr\/master-prehistoire-protohistoire\/wp-json\/wp\/v2\/pages\/26\/revisions"}],"predecessor-version":[{"id":1724,"href":"https:\/\/blogs.univ-tlse2.fr\/master-prehistoire-protohistoire\/wp-json\/wp\/v2\/pages\/26\/revisions\/1724"}],"wp:attachment":[{"href":"https:\/\/blogs.univ-tlse2.fr\/master-prehistoire-protohistoire\/wp-json\/wp\/v2\/media?parent=26"}],"curies":[{"name":"wp","href":"https:\/\/api.w.org\/{rel}","templated":true}]}}