 {"id":268,"date":"2015-03-13T20:36:58","date_gmt":"2015-03-13T19:36:58","guid":{"rendered":"https:\/\/blogs.univ-tlse2.fr\/master-prehistoire-protohistoire\/?page_id=268"},"modified":"2025-09-26T13:03:29","modified_gmt":"2025-09-26T12:03:29","slug":"trombinoscope-promotion-2014-2015","status":"publish","type":"page","link":"https:\/\/blogs.univ-tlse2.fr\/master-prehistoire-protohistoire\/trombinoscope-promotion-2014-2015\/","title":{"rendered":"Les sujets de recherche"},"content":{"rendered":"\n<h2 class=\"wp-block-heading has-text-color has-link-color wp-elements-ebc490425d86adb59948573930b5e192\" style=\"color:#296378\"><strong>Sujets potentiels<\/strong><\/h2>\n\n\n\n<p>Arch\u00e9om\u00e9tallurgie de productions en alliage cuivreux (harnachements \u00e9questres, parures annulaires, outils sp\u00e9cialis\u00e9s,armes, etc.) protohistoriques &#8211; Dir. P.Y. Milcent<\/p>\n\n\n\n<p>Analyse fonctionnelle et spatiale des sites de hauteur protohistoriques &#8211; Dir. P.Y. Milcent<\/p>\n\n\n\n<p>Etude techno-fonctionnelle de s\u00e9ries c\u00e9ramiques de l&rsquo;\u00e2ge du Bronze et de l&rsquo;\u00e2ge du Fer dans le sud de la France Dir. P.Y. Milcent<\/p>\n\n\n\n<p>L&rsquo;architecture domestique au premier \u00e2ge du Fer en France &#8211; Dir. P.Y. Milcent<\/p>\n\n\n\n<p>Etude pal\u00e9o-d\u00e9mographique de sites d&rsquo;agglom\u00e9ration \u00e0 l&rsquo;\u00e2ge du Bronze et au 1er \u00e2ge du Fer &#8211; Dir. P.Y. Milcent<\/p>\n\n\n\n<p>\u00c9tude des outils de mouture et de broyage en Afrique de l\u2019Ouest durant les p\u00e9riodes protohistorique, m\u00e9di\u00e9vale et moderne : le cas du mobilier de Kpeta 2 (sud-ouest du B\u00e9nin) &#8211; Dir. C. Robion-Brunner<\/p>\n\n\n\n<p>Industries lithique du Premier M\u00e9solithique de Roquemissou : approches technologiques, typologiques, trac\u00e9ologiques &#8211; Dir. T. Perrin<\/p>\n\n\n\n<p>La c\u00e9ramique du Basien de Basi (attention : s\u00e9rie difficile) &#8211; Dir. T. Perrin<\/p>\n\n\n\n<p>Art mobilier (grav\u00e9, peint) de Riparo Tagliente &#8211; Dir. C. Bourdier et F. Fontana (dans le cadre de la codiplomation, avec donc une ann\u00e9e de mobilit\u00e9 \u00e0 Ferrara en Italie)<\/p>\n\n\n\n<p>Analyses stylistiques de la figuration animale dans les peintures rupestres du massif des Matobo. Dir. C. Bourdier<\/p>\n\n\n\n<h2 class=\"wp-block-heading has-text-color has-link-color wp-elements-1e1acd629de4ddc0add751067dbb1a4c\" style=\"color:#296378\"><strong>Les recherches soutenues depuis 2021<\/strong><\/h2>\n\n\n\n<p>BASSUET L\u00e9o, 2021.<em> La place du renne dans les Pyr\u00e9n\u00e9es durant le Magdal\u00e9nien.<\/em> Master 1. Dir. S. Costamagno<\/p>\n\n\n\n<p>BERNARD Manon, 2021. <em>Les bracelets du d\u00e9p\u00f4t de Jenzat (Allier, Bronze final 3 r\u00e9cent): \u00e9tude techno-typologique et fonctionnelle<\/em>. Master 1. Dir. P.-Y. Milcent et M. Nordez<\/p>\n\n\n\n<p>BETZ Louise, 2022. <em>\u00c9tude typo-technologique de l\u2019industrie lithique \u00e0 burin des Vachons du site de Tercis, Landes<\/em>. Master 1. Dir. N. Teyssandier et L. Anderson<\/p>\n\n\n\n<p>BETZ Louise, 2023. <em>Analyse taphonomique et techno-\u00e9conomique d\u2019une succession arch\u00e9ostratigraphique Protoaurignacien\/Aurignacien ancien de la grotte d\u2019Isturitz, Pyr\u00e9n\u00e9es Atlantiques<\/em>. Master 2. Dir. N. Teyssandier<\/p>\n\n\n\n<p>BOURBIAUX C., 2023. <em>L&rsquo;analyse techno-stylistique de la figuration humaine de Bambata Cave,<br>Zimbabwe.<\/em> Master 2. Dir. C. Bourdier et G. Heimlich<\/p>\n\n\n\n<p>BROCCO Lisa, 2021. <em>Etude carpologique des niveaux de l&rsquo;\u00e2ge du Bronze final de Corent (campagnes 2014-2018)<\/em>. Master 1. . Dir. P.-Y. Milcent et F. Durand<\/p>\n\n\n\n<p>BRUN O., 2023. <em>Fonction et usage des blocs cupul\u00e9s aurignaciens de R\u00e9gismont-le-Haut. Etude typo-morphologique.<\/em> Master 2. Dir. C. Bourdier et F. Bon<\/p>\n\n\n\n<p>CAPDEPON Eug\u00e9nie, 2021. <em>Pale\u0301oenvironnements de la fin du Ple\u0301istoce\u0300ne en Dordogne. E\u0301tude de la texture de la micro-usure dentaire des Bovine\u0301s de Combe-Grenal. <\/em>Master 2. Dir. E. Berlioz et E. Discamps.<\/p>\n\n\n\n<p>CATTIAUX M., 2022. <em>\u00c9tude techno-stylistique d\u2019une production c\u00e9ramique cardiale : l\u2019exemple de la s\u00e9quence du N\u00e9olithique ancien de la Baume de Ronze (Orgnac-l&rsquo;Aven, Ard\u00e8che)<\/em>. Master 1. Dir. C. Manen<\/p>\n\n\n\n<p>CATTIAUX M., 2023. <em>Traditions poti\u00e8res des premiers agropasteurs d&rsquo;Ard\u00e8che. La s\u00e9quence du N\u00e9olithique ancien cardial de Ronze (Orgnac-l\u2019Aven, Ard\u00e8che).<\/em> Master 2. Dir. C. Manen<\/p>\n\n\n\n<p>CEREGATTI Letizia, 2022. <em>Pebbles between portable art and ground stone tools at the end of the Lateglacial in South-Western Europe. The pebble from the stratigraphic unit 10A of Riparo Tagliente (Stallavena di Grezzana, Verona, Italy) and the pebble from Terlago (Grigno, Trento, Italy)<\/em>. Master 2. Dir. C. Bourdier et F. Fontana<\/p>\n\n\n\n<p>CHAPPA Lizzy, en cours. <em>Les \u00e9tablissements de hauteur protohistoriques dans le Tarn<\/em>. Master 2. . Dir. P.-Y. Milcent<\/p>\n\n\n\n<p>CHARIGNON Andr\u00e9a, 2021. <em>Les costumes fun\u00e9raires de la plaine de Caen durant l\u2019\u00e2ge du Fer (VIIe-IIIe si\u00e8cles av. J.-C.). De l\u2019analyse typo-chronologique aux lectures sociologiques<\/em>. Master 2. Dir. P.-Y. Milcent et S. P\u00e9r\u00e9-Nogues<\/p>\n\n\n\n<p>CHASSAING Lison, 2021. <em>Etude xylologique du mat\u00e9riel en bois des \u00e9tablissements de la fin de l&rsquo;\u00e2ge du Fer dans le Toulousain<\/em>. Master 1. Dir. P.-Y. Milcent et V. Py<\/p>\n\n\n\n<p>CHASSAING Lison, 2022. <em>Entre soci\u00e9t\u00e9s, bois et for\u00eats \u00e0 la fin de l\u2019\u00e2ge du Fer. Analyses dendro-arch\u00e9ologiques et dendro-\u00e9cologiques des cuvelages des puits gaulois 65 et 5000 de Vieille-Toulouse (Haute-Garonne).<\/em> Master 2. Dir. P.-Y. Milcent et V. Py<\/p>\n\n\n\n<p>COLLARD Alexis, 2023. <em>Galets et objets lithiques d\u2019un site de hauteur fortifi\u00e9 protohistorique dans le pays de Gannat (Allier) : premi\u00e8res approches<\/em>. Master 1. Dir. P.-Y. Milcent et T. Perrin<\/p>\n\n\n\n<p>COMA Lorenzo, 2021. <em>Le mobilier d&rsquo;instrumentum de l&rsquo;\u00e2ge du Bronze et du 1er \u00e2ge du Fer de Corent : les anciennes d\u00e9couvertes<\/em>. Master 1. Dir. P.-Y. Milcent<\/p>\n\n\n\n<p>COMA Lorenzo, 2023. <em>Le d\u00e9p\u00f4t de l\u2019\u00e2ge du Bronze final atlantique 2 d\u2019Hornoy-le-Bourg (Somme) : \u00e9tude morpho-typologique et technologique<\/em>. Master 2. Dir. P.-Y. Milcent<\/p>\n\n\n\n<p>DE ROUX Ana\u00efs, 2021. <em>Place et statut de la faune sauvage \u00e0 l\u2019\u00e2ge du Bronze dans le sud de la France. <\/em>Master 1. Dir. S. Costamagno et P.-Y. Milcent<\/p>\n\n\n\n<p>DE ROUX Ana\u00efs, 2022. <em>Entre approvisionnement carn\u00e9 et adaptation \u00e9conomique : \u00e9tude arch\u00e9ozoologique du palafitte de Conjux 1 au IXe s. av. J.-C. (Savoie, Lac du Bourget)<\/em>. Master 2. Dir. S. Costamagno et P.-Y. Milcent<\/p>\n\n\n\n<p>DERBORD Louise, en cours. <em>Strat\u00e9gies d&rsquo;exploitation de l&rsquo;\u00e9cosyst\u00e8me alpin au M\u00e9solithique, l&rsquo;exemple de la Grande Rivoire, Is\u00e8re, France<\/em>. Master 2. Dir. S. Costamagno<\/p>\n\n\n\n<p>DESCOTTES Marie, 2023. <em>Pour une distinction entre griffades ursines et gravures anthropiques dans la grotte orn\u00e9e gravettienne de Cussac (Dordogne, France).<\/em> Master 2. Dir. C. Bourdier et V. Feruglio<\/p>\n\n\n\n<p>DOIDEAU Chlo\u00e9, 2021. <em>Les \u00e9tablissements ruraux palissad\u00e9s du premier \u00e2ge du Fer en France : premi\u00e8re approche<\/em>. Master 2. Dir. P.-Y. Milcent et P. Pefau<\/p>\n\n\n\n<p>DUCH\u00c9 Jade, 2021. <em>Variabilit\u00e9 des styles d\u00e9coratifs impressa au n\u00e9olithique ancien : caract\u00e9risation et distribution spatiale des d\u00e9cors c\u00e9ramiques de Peiro Signado (H\u00e9rault, France)<\/em>. Master 1. Dir. C. Manen<\/p>\n\n\n\n<p>DUCH\u00c9 Jade, 2023. <em>Cha\u00eene op\u00e9ratoire des d\u00e9cors c\u00e9ramiques impressa du Languedoc au N\u00e9olithique ancien<\/em>. Master 2. Dir. C. Manen<\/p>\n\n\n\n<p>DUVAL Marion, en cours. <em>La vaisselle et les casques en alliage cuivreux d\u2019importation m\u00e9diterran\u00e9enne dans la r\u00e9gion toulousaine durant le second \u00e2ge du Fer<\/em>. Master 1. Dir. P.-Y. Milcent<\/p>\n\n\n\n<p>ENUDDE Th\u00e9o, 2022. <em>Caract\u00e9risation morphom\u00e9trique, morphologique, et \u00e9tude techno-fonctionnelle des lames de hache des d\u00e9p\u00f4ts m\u00e9talliques d\u2019Auvergne au Bronze final 3 r\u00e9cent<\/em>. Master 1. Dir. P.-Y. Milcent<\/p>\n\n\n\n<p>ENUDDE Th\u00e9o, 2023. <em>Du lingot au d\u00e9p\u00f4t : approches crois\u00e9es sur la production de lames de hache d\u2019Auvergne au Bronze final 3<\/em>. Master 2. Dir. S. Baron et  P.-Y. Milcent<\/p>\n\n\n\n<p>FERRI Sandy, en cours. <em>Traditions poti\u00e8res dans la Corne de l&rsquo;Afrique, \u00e9tude de la c\u00e9ramique du monument fun\u00e9raire d&rsquo;Antakari 3, Rep. de Djibouti, 1\u00e8re soci\u00e9t\u00e9 de production, 3\u00e8me mill\u00e9naire av. J.-C.<\/em> Master 1. Dir. J. Cauliez<\/p>\n\n\n\n<p>FONTAINE Johanna, en cours. <em>Etude de la faune de la grotte de B\u00e9deilhac<\/em>. Master 1. Dir. C. Birouste<\/p>\n\n\n\n<p>GARCIA-TARAC Emilie, en cours. <em>Etude de l&rsquo;industrie lithique du second m\u00e9solithique du Cuzoul de Gramat (Lot)<\/em>. Master 2. Dir. N. Valdeyron<\/p>\n\n\n\n<p>GRAFFAND Ambre, 2024. <em>Les \u00e9cailles color\u00e9es de Riparo Tagliente, Stallavena di Grezzana, V\u00e9rone, Italie<\/em>. Master 2. Dir. C. Bourdier et F. Fontana<\/p>\n\n\n\n<p>LECORCIER-FLEURY Mathilde, 2021. <em>Industrie lithique m\u00e9solithique et n\u00e9olithique de la grotte Gazel (Sall\u00e8les-Cabard\u00e8s, Aude): approche spatiale.<\/em> Master 1. Dir. T. Perrin<\/p>\n\n\n\n<p>MALTESE Giuseppe, 2022. <em>Wooden architecture during the Bronze and Iron Ages : a study<\/em>. Master 2. Dir. P. P\u00e9fau et P.-Y. Milcent<\/p>\n\n\n\n<p>MARTINEZ Am\u00e9lie, en cours. <em>Emile Rivi\u00e8re, \u00c9tude des archives de la grotte de La Mouthe (Dordogne)<\/em>. Master 2. Dir. F. Bon et E. Lopez-Montalvo<\/p>\n\n\n\n<p>NAVARRO Rapha\u00ebl, 2023. <em>La c\u00e9ramique protohistorique du site de hauteur du Cap des P\u00e8nes \u00e0 Monts\u00e9ri\u00e9 (Hautes-Pyr\u00e9n\u00e9es) : premi\u00e8re approche<\/em>. Master 1. Dir. V. Ard et P.Y. Milcent<\/p>\n\n\n\n<p>NOIROT Heidi, 2021. <em>Etude des pics en bois de cerf n\u00e9olithiques en contexte de carri\u00e8res et mini\u00e8res (Europe occidentale). <\/em>Master 1. Dir. V. Ard, B. Marquebielle<\/p>\n\n\n\n<p>OLIVO Maxime, 2021. <em>Voyages de monts en vall\u00e9es : modalit\u00e9s d\u2019occupation des groupes magdal\u00e9niens du versant nord pyr\u00e9n\u00e9en, d\u2019apr\u00e8s une s\u00e9lection de sites ari\u00e9geois. <\/em>Master 1. Dir. F. Bon<\/p>\n\n\n\n<p>OLIVO Maxime, 2022. <em>La transition Magdal\u00e9nien inf\u00e9rieur et moyen dans les Pyr\u00e9n\u00e9es centrales : Des dynamiques de s\u00e9dimentation des sites \u00e0 la taphonomie des occupations humaines.<\/em> Master 2. Dir. F. Bon et C. Pallier<\/p>\n\n\n\n<p>PERGENT Philippe, en cours. <em>La faune dans les rituels fun\u00e9raires du Puylaurentais. <\/em>Dir. P. Boissinot<\/p>\n\n\n\n<p>PLESSIS Mathieu, en cours. <em>Approche typo-fonctionnelle des haches \u00e0 talon du Bronze final atlantique. <\/em>Master 1. Dir. P.-Y. Milcent<\/p>\n\n\n\n<p>POQUET Louise, 2023. <em>\u00c9tude de la variabilit\u00e9 des propulseurs \u00e0 t\u00eate de cheval<\/em>. Master 1. Dir. C. Birouste et J.M. P\u00e9tillon <\/p>\n\n\n\n<p>REAU Thomas, en cours. <em>\u00c9tude Arch\u00e9ozoologique de l\u2019US 2800 du Secteur Porche du site m\u00e9solithique du Cuzoul de Gramat (Lot)<\/em>. Master 1. Dir. S. Costamagno<\/p>\n\n\n\n<p>RO\u00cfC Nolwenn, 2022. <em>Etude d\u2019un d\u00e9p\u00f4t de c\u00e9ramique du Bronze final 3 du site de Jenzat (Allier) : premi\u00e8re approche contextuelle et typologique.<\/em> Master 1. Dir. V. Ard et P.-Y. Milcent<\/p>\n\n\n\n<p>SAHUQUET Elke, 2022. <em>\u00c9tude typo-technologique des \u00e9l\u00e9ments barbel\u00e9s aziliens du site de la Tourasse (Saint-Martory, Haute-Garonne), collection ancienne<\/em>. Master 1. Dir. B. Marquebielle et J.M. P\u00e9tillon<\/p>\n\n\n\n<p>SARRAZIN Anouk, en cours. <em>Habitat et occupation du sol aux \u00e2ges des m\u00e9taux dans les Pyr\u00e9n\u00e9es centrales. L&rsquo;exemple des vall\u00e9es du Gave de Pau et de l&rsquo;Adour. <\/em>Master 1. Dir. P.-Y. Milcent<\/p>\n\n\n\n<p>SASSO I., 2023. <em>Un nouveau regard sur les pratiques d\u2019\u00e9levage : le message de l\u2019usure dentaire des caprin\u00e9s du N\u00e9olithique \u00e0 l\u2019\u00e2ge du Bronze sur le site de Font Juv\u00e9nal (Conques-sur-Orbiel, Aude)<\/em>. Master 2. Dir. T. Perrin et E. Berlioz<\/p>\n\n\n\n<p>THOMAS Eug\u00e9nie, 2021. <em>La grotte du Mas d\u2019Azil : \u00e9tude typotechnologique de l\u2019industrie osseuse en bois de cervid\u00e9 du Magdal\u00e9nien de la collection dite de F\u00e9lix R\u00e9gnault.<\/em> Master 1. Dir. B. Marquebielle et J.M. P\u00e9tillon<\/p>\n\n\n\n<p>THOMAS Eug\u00e9nie, 2022. <em>D\u00e9chets sur partie basilaire : questionnements sur la mati\u00e8re premi\u00e8re et la technologie de l\u2019industrie en bois de cervid\u00e9 de la grotte du Mas d\u2019Azil (Ari\u00e8ge).<\/em> Master 2. Dir. B. Marquebielle et J.M. P\u00e9tillon<\/p>\n\n\n\n<p>VIENNE Gilbert, 2022. <em>Etude palynologique de la tourbi\u00e8re de Mour\u00e8ze (Lot) : Premiers jalons sur 2000 ans d&rsquo;une histoire environnementale<\/em>. Master 2. Dir. D. Galop<\/p>\n\n\n\n<p><\/p>\n","protected":false},"excerpt":{"rendered":"<p>Sujets potentiels Arch\u00e9om\u00e9tallurgie de productions en alliage cuivreux (harnachements \u00e9questres, parures annulaires, outils sp\u00e9cialis\u00e9s,armes, etc.) protohistoriques &#8211; Dir. P.Y. Milcent Analyse fonctionnelle et spatiale des sites de hauteur protohistoriques &#8211; Dir. P.Y. Milcent Etude techno-fonctionnelle de s\u00e9ries c\u00e9ramiques de l&rsquo;\u00e2ge du Bronze et de l&rsquo;\u00e2ge du Fer dans le sud de la France Dir. P.Y. &hellip; <\/p>\n<p class=\"link-more\"><a href=\"https:\/\/blogs.univ-tlse2.fr\/master-prehistoire-protohistoire\/trombinoscope-promotion-2014-2015\/\" class=\"more-link\">Continuer la lecture<span class=\"screen-reader-text\"> de &laquo;&nbsp;Les sujets de recherche&nbsp;&raquo;<\/span><\/a><\/p>\n","protected":false},"author":240,"featured_media":0,"parent":0,"menu_order":0,"comment_status":"closed","ping_status":"closed","template":"","meta":{"footnotes":""},"class_list":["post-268","page","type-page","status-publish","hentry"],"_links":{"self":[{"href":"https:\/\/blogs.univ-tlse2.fr\/master-prehistoire-protohistoire\/wp-json\/wp\/v2\/pages\/268","targetHints":{"allow":["GET"]}}],"collection":[{"href":"https:\/\/blogs.univ-tlse2.fr\/master-prehistoire-protohistoire\/wp-json\/wp\/v2\/pages"}],"about":[{"href":"https:\/\/blogs.univ-tlse2.fr\/master-prehistoire-protohistoire\/wp-json\/wp\/v2\/types\/page"}],"author":[{"embeddable":true,"href":"https:\/\/blogs.univ-tlse2.fr\/master-prehistoire-protohistoire\/wp-json\/wp\/v2\/users\/240"}],"replies":[{"embeddable":true,"href":"https:\/\/blogs.univ-tlse2.fr\/master-prehistoire-protohistoire\/wp-json\/wp\/v2\/comments?post=268"}],"version-history":[{"count":53,"href":"https:\/\/blogs.univ-tlse2.fr\/master-prehistoire-protohistoire\/wp-json\/wp\/v2\/pages\/268\/revisions"}],"predecessor-version":[{"id":1692,"href":"https:\/\/blogs.univ-tlse2.fr\/master-prehistoire-protohistoire\/wp-json\/wp\/v2\/pages\/268\/revisions\/1692"}],"wp:attachment":[{"href":"https:\/\/blogs.univ-tlse2.fr\/master-prehistoire-protohistoire\/wp-json\/wp\/v2\/media?parent=268"}],"curies":[{"name":"wp","href":"https:\/\/api.w.org\/{rel}","templated":true}]}}