 {"id":281,"date":"2015-03-13T20:54:23","date_gmt":"2015-03-13T19:54:23","guid":{"rendered":"https:\/\/blogs.univ-tlse2.fr\/master-prehistoire-protohistoire\/?page_id=281"},"modified":"2025-09-26T13:02:51","modified_gmt":"2025-09-26T12:02:51","slug":"promo-2014-2015-m1","status":"publish","type":"page","link":"https:\/\/blogs.univ-tlse2.fr\/master-prehistoire-protohistoire\/promo-2014-2015-m1\/","title":{"rendered":"Mobilit\u00e9s internationales"},"content":{"rendered":"\n<p><\/p>\n\n\n\n<h2 class=\"wp-block-heading has-text-color has-link-color wp-elements-8d1c6877954f3e7a2743184f154019ef\" style=\"color:#296378\"><strong>Co-diplomation avec l&rsquo;Universit\u00e9 de Ferrare (Italie)<\/strong><\/h2>\n\n\n\n<p>Depuis la rentr\u00e9e de septembre 2015, une co-diplomation nous lie au Master de Pr\u00e9histoire de l&rsquo;<a href=\"https:\/\/www.fau.eu\/\">Universit\u00e9 italienne de Ferrare<\/a>. La convention sign\u00e9e entre les deux \u00e9tablissements pr\u00e9voit que les \u00e9tudiants inscrits dans le parcours r\u00e9alisent une des deux ann\u00e9es de leur Master dans l&rsquo;\u00e9tablissement partenaire. La mobilit\u00e9 est soutenue financi\u00e8rement dans le cadre des accords Erasmus, mais aussi par le biais du programme Vinci de l&rsquo;Universit\u00e9 Franco-Italienne.<\/p>\n\n\n\n<p>Mobilit\u00e9 annuelle dans les deux sens, en 1\u00e8re ou 2e ann\u00e9e<\/p>\n\n\n\n<p>Programme Erasmus +, pour modalit\u00e9s et renseignements : Elodie CAVAILLE (<span class=\"GCSDBRWBAWB\">&#x65;l&#x6f;&#100;i&#x65;&#46;&#x63;&#x61;v&#x61;&#105;l&#x6c;e&#x40;&#117;n&#x69;&#118;-&#x74;l&#x73;&#101;2&#x2e;f&#x72;<\/span>)<\/p>\n\n\n\n<h2 class=\"wp-block-heading has-text-color has-link-color wp-elements-9d97add494c860b0bdc0b7ab5c34b571\" style=\"color:#296378\"><strong>L&rsquo;Universit\u00e9 de N&rsquo;Djamena (Tchad)<\/strong><\/h2>\n\n\n\n<p>Stage d&rsquo;\u00e9t\u00e9 (2-3 mois) pour la formation d&rsquo;\u00e9tudiant-e-s de l&rsquo;Universit\u00e9 de N&rsquo;Djamena sur des chantiers arch\u00e9ologiques de membres du laboratoire TRACES<\/p>\n\n\n\n<p><span style=\"font-family: Verdana, Arial, Helvetica, sans-serif;font-size: small\"><span style=\"font-size: xx-small\">&nbsp;<\/span><\/span><\/p>\n","protected":false},"excerpt":{"rendered":"<p>Co-diplomation avec l&rsquo;Universit\u00e9 de Ferrare (Italie) Depuis la rentr\u00e9e de septembre 2015, une co-diplomation nous lie au Master de Pr\u00e9histoire de l&rsquo;Universit\u00e9 italienne de Ferrare. La convention sign\u00e9e entre les deux \u00e9tablissements pr\u00e9voit que les \u00e9tudiants inscrits dans le parcours r\u00e9alisent une des deux ann\u00e9es de leur Master dans l&rsquo;\u00e9tablissement partenaire. La mobilit\u00e9 est soutenue &hellip; <\/p>\n<p class=\"link-more\"><a href=\"https:\/\/blogs.univ-tlse2.fr\/master-prehistoire-protohistoire\/promo-2014-2015-m1\/\" class=\"more-link\">Continuer la lecture<span class=\"screen-reader-text\"> de &laquo;&nbsp;Mobilit\u00e9s internationales&nbsp;&raquo;<\/span><\/a><\/p>\n","protected":false},"author":240,"featured_media":0,"parent":0,"menu_order":0,"comment_status":"closed","ping_status":"closed","template":"","meta":{"footnotes":""},"class_list":["post-281","page","type-page","status-publish","hentry"],"_links":{"self":[{"href":"https:\/\/blogs.univ-tlse2.fr\/master-prehistoire-protohistoire\/wp-json\/wp\/v2\/pages\/281","targetHints":{"allow":["GET"]}}],"collection":[{"href":"https:\/\/blogs.univ-tlse2.fr\/master-prehistoire-protohistoire\/wp-json\/wp\/v2\/pages"}],"about":[{"href":"https:\/\/blogs.univ-tlse2.fr\/master-prehistoire-protohistoire\/wp-json\/wp\/v2\/types\/page"}],"author":[{"embeddable":true,"href":"https:\/\/blogs.univ-tlse2.fr\/master-prehistoire-protohistoire\/wp-json\/wp\/v2\/users\/240"}],"replies":[{"embeddable":true,"href":"https:\/\/blogs.univ-tlse2.fr\/master-prehistoire-protohistoire\/wp-json\/wp\/v2\/comments?post=281"}],"version-history":[{"count":59,"href":"https:\/\/blogs.univ-tlse2.fr\/master-prehistoire-protohistoire\/wp-json\/wp\/v2\/pages\/281\/revisions"}],"predecessor-version":[{"id":1691,"href":"https:\/\/blogs.univ-tlse2.fr\/master-prehistoire-protohistoire\/wp-json\/wp\/v2\/pages\/281\/revisions\/1691"}],"wp:attachment":[{"href":"https:\/\/blogs.univ-tlse2.fr\/master-prehistoire-protohistoire\/wp-json\/wp\/v2\/media?parent=281"}],"curies":[{"name":"wp","href":"https:\/\/api.w.org\/{rel}","templated":true}]}}