 {"id":107,"date":"2016-03-31T09:19:21","date_gmt":"2016-03-31T07:19:21","guid":{"rendered":"https:\/\/blogs.univ-tlse2.fr\/master-psyphiecopolis\/?page_id=107"},"modified":"2016-05-13T21:00:35","modified_gmt":"2016-05-13T19:00:35","slug":"bibliographie","status":"publish","type":"page","link":"https:\/\/blogs.univ-tlse2.fr\/master-psyphiecopolis\/bibliographie\/","title":{"rendered":"Bibliographie"},"content":{"rendered":"<p>ALTHUSSER, <em>Sur la reproduction <\/em>[<em>Id\u00e9ologie et appareils id\u00e9ologiques d\u2019Etat<\/em>] Paris, PUF, \u00ab\u00a0Actuel Marx, Confrontation\u00a0\u00bb, r\u00e9\u00e9d. 2011<\/p>\n<p>ALTHUSSER, <em>\u00c9crits sur la psychanalyse : Freud et Lacan.<\/em> Paris, Stock, 1993<\/p>\n<p>ASKOFARE Sidi.\u00a0<em>D&rsquo;un discours l&rsquo;Autre.\u00a0La Science \u00e0 l&rsquo;\u00e9preuve de la psychanalyse.<\/em> 2013, Toulouse, PUM<\/p>\n<p>BALIBAR Etienne, Immanuel Wallerstein. <em>Race, nation, classe.<\/em> Paris, La D\u00e9couverte, 1988<\/p>\n<p>BALIBAR Etienne, <em>Violence et civilit\u00e9. Welleck Lectures et autres essais.<\/em> Paris, Galil\u00e9e, 2010<\/p>\n<p>CASTORIADIS Corn\u00e9lius. <em>L&rsquo;institution imaginaire de la soci\u00e9t\u00e9. <\/em>1999, Editions du Seuil<\/p>\n<p>DARDOT Pierre, LAVAL Christian. <em>La nouvelle raison du monde<\/em>. 2010, La D\u00e9couverte-Poche<\/p>\n<p>DARDOT Pierre, LAVAL Christian. <em>Commun. <\/em>2015, La D\u00e9couverte<\/p>\n<p>DELEUZE Gilles, GUATTARI F\u00e9lix, <em>Capitalisme et schizophr\u00e9nie : t. 1. L\u2019anti-Oedipe<\/em>, Paris, Minuit, 1972 ;\u00a0<em>t. 2.\u00a0Mille plateaux<\/em>, Paris, Minuit, 1980<\/p>\n<p>DERRIDA Jacques, <em>La Carte postale : de Socrate \u00e0 Freud et au-del\u00e0<\/em>, Paris, Flammarion, 1980<\/p>\n<p>DERRIDA Jacques,\u00a0<em>R\u00e9sistances \u2013 de la psychanalyse<\/em>, Paris, Galil\u00e9e, 1996<\/p>\n<p>FOUCAULT Michel, <em>Histoire de la sexualit\u00e9. T. 1 : La volont\u00e9 de savoir<\/em>, Paris, Gallimard, 1976<\/p>\n<p>FOUCAULT Michel, <em>Naissance de la biopolitique. Cours au Coll\u00e8ge de France 1978-1979<\/em>, Paris, Gallimard\/Seuil-EHESS, 2004<\/p>\n<p>FREUD Sigmund. <em>Trois essais sur la th\u00e9orie de la sexualit\u00e9. <\/em>1905<\/p>\n<p>FREUD Sigmund. <em>Malaise dans la civilisation<\/em>. 1929<\/p>\n<p>LACAN Jacques. <em>L&rsquo;angoisse, s\u00e9minaire X<\/em>. 1962-1963<\/p>\n<p>LACAN Jacques. <em>L&rsquo;envers de la psychanalyse<\/em>,<em> s\u00e9minaire<\/em> <em>XVII. <\/em>1969-1970<\/p>\n<p>LATOUCHE Serge. <em>L&rsquo;invention de l&rsquo;\u00e9conomie.<\/em> 2005, Albin Michel<\/p>\n<p>POLANYI Karl. <em>La grande transformation.<\/em> impr. 2009, cop. 1983, Gallimard<\/p>\n<p>SAURET Marie-Jean. <em>L&rsquo;effet r\u00e9volutionnaire du sympt\u00f4me<\/em>. 2008, Paris, Er\u00e8s<\/p>\n<p>&nbsp;<\/p>\n","protected":false},"excerpt":{"rendered":"<p>ALTHUSSER, Sur la reproduction [Id\u00e9ologie et appareils id\u00e9ologiques d\u2019Etat] Paris, PUF, \u00ab\u00a0Actuel Marx, Confrontation\u00a0\u00bb, r\u00e9\u00e9d. 2011 ALTHUSSER, \u00c9crits sur la psychanalyse : Freud et Lacan. Paris, Stock, 1993 ASKOFARE Sidi.\u00a0D&rsquo;un discours l&rsquo;Autre.\u00a0La Science \u00e0 l&rsquo;\u00e9preuve de la psychanalyse. 2013, Toulouse,&hellip;<\/p>\n<p class=\"more-link-p\"><a class=\"more-link\" href=\"https:\/\/blogs.univ-tlse2.fr\/master-psyphiecopolis\/bibliographie\/\">Read more &rarr;<\/a><\/p>\n","protected":false},"author":298,"featured_media":0,"parent":0,"menu_order":0,"comment_status":"closed","ping_status":"closed","template":"","meta":{"footnotes":""},"class_list":["post-107","page","type-page","status-publish","hentry"],"_links":{"self":[{"href":"https:\/\/blogs.univ-tlse2.fr\/master-psyphiecopolis\/wp-json\/wp\/v2\/pages\/107","targetHints":{"allow":["GET"]}}],"collection":[{"href":"https:\/\/blogs.univ-tlse2.fr\/master-psyphiecopolis\/wp-json\/wp\/v2\/pages"}],"about":[{"href":"https:\/\/blogs.univ-tlse2.fr\/master-psyphiecopolis\/wp-json\/wp\/v2\/types\/page"}],"author":[{"embeddable":true,"href":"https:\/\/blogs.univ-tlse2.fr\/master-psyphiecopolis\/wp-json\/wp\/v2\/users\/298"}],"replies":[{"embeddable":true,"href":"https:\/\/blogs.univ-tlse2.fr\/master-psyphiecopolis\/wp-json\/wp\/v2\/comments?post=107"}],"version-history":[{"count":10,"href":"https:\/\/blogs.univ-tlse2.fr\/master-psyphiecopolis\/wp-json\/wp\/v2\/pages\/107\/revisions"}],"predecessor-version":[{"id":142,"href":"https:\/\/blogs.univ-tlse2.fr\/master-psyphiecopolis\/wp-json\/wp\/v2\/pages\/107\/revisions\/142"}],"wp:attachment":[{"href":"https:\/\/blogs.univ-tlse2.fr\/master-psyphiecopolis\/wp-json\/wp\/v2\/media?parent=107"}],"curies":[{"name":"wp","href":"https:\/\/api.w.org\/{rel}","templated":true}]}}