 {"id":29,"date":"2016-02-04T19:05:40","date_gmt":"2016-02-04T18:05:40","guid":{"rendered":"https:\/\/blogs.univ-tlse2.fr\/master-psyphiecopolis\/?page_id=29"},"modified":"2016-09-18T13:29:08","modified_gmt":"2016-09-18T11:29:08","slug":"colloque-juin-2016","status":"publish","type":"page","link":"https:\/\/blogs.univ-tlse2.fr\/master-psyphiecopolis\/colloque-juin-2016\/","title":{"rendered":"Colloque Juin 2016"},"content":{"rendered":"<p><img loading=\"lazy\" decoding=\"async\" class=\"wp-image-135 size-full\" src=\"https:\/\/blogs.univ-tlse2.fr\/master-psyphiecopolis\/files\/2016\/02\/2016062425affichePACDLP.jpg\" alt=\"2016062425affichePACDLP\" width=\"1240\" height=\"1754\" srcset=\"https:\/\/blogs.univ-tlse2.fr\/master-psyphiecopolis\/files\/2016\/02\/2016062425affichePACDLP.jpg 1240w, https:\/\/blogs.univ-tlse2.fr\/master-psyphiecopolis\/files\/2016\/02\/2016062425affichePACDLP-212x300.jpg 212w, https:\/\/blogs.univ-tlse2.fr\/master-psyphiecopolis\/files\/2016\/02\/2016062425affichePACDLP-768x1086.jpg 768w, https:\/\/blogs.univ-tlse2.fr\/master-psyphiecopolis\/files\/2016\/02\/2016062425affichePACDLP-724x1024.jpg 724w, https:\/\/blogs.univ-tlse2.fr\/master-psyphiecopolis\/files\/2016\/02\/2016062425affichePACDLP-560x792.jpg 560w, https:\/\/blogs.univ-tlse2.fr\/master-psyphiecopolis\/files\/2016\/02\/2016062425affichePACDLP-260x368.jpg 260w, https:\/\/blogs.univ-tlse2.fr\/master-psyphiecopolis\/files\/2016\/02\/2016062425affichePACDLP-160x226.jpg 160w\" sizes=\"auto, (max-width: 1240px) 100vw, 1240px\" \/>Nous sommes heureux de vous annoncer la tenue du\u00a0colloque \u00ab\u00a0<strong>De l&rsquo;individualisme au sujet politique: Comment reconstruire un vivre ensemble sur les\u00a0ruines du n\u00e9olib\u00e9ralisme<\/strong>\u00a0\u00bb\u00a0r\u00e9unissant des sp\u00e9cialistes des trois disciplines (Psychanalyse, Philosophie et Economie). Il va\u00a0se d\u00e9rouler \u00e0 l&rsquo;Universit\u00e9 Toulouse Jean-Jaur\u00e8s les 24 et 25 juin prochains.<\/p>\n<p>Il est conseill\u00e9 de s&rsquo;inscrire. Si vous souhaitez venir, vous pouvez envoyer votre demande\u00a0\u00e0 l&rsquo;adresse suivante: r&#101;&#x6d;i&#46;&#x6d;&#x61;i&#116;&#x72;&#x65;&#64;&#101;&#x74;u&#46;&#x75;&#x6e;i&#118;&#x2d;&#x74;l&#115;&#x65;2&#46;&#x66;&#x72;<\/p>\n<p>Vous pouvez trouver sur le lien ci-dessous le d\u00e9tail du programme (en format PDF)<\/p>\n<p><a href=\"https:\/\/blogs.univ-tlse2.fr\/master-psyphiecopolis\/files\/2016\/02\/arguments-et-programmes-journe\u0301es-de-Toulouse-2016.pdf\">arguments et programmes journe\u0301es de Toulouse 2016<\/a><\/p>\n<p>&nbsp;<\/p>\n<p>&nbsp;<\/p>\n","protected":false},"excerpt":{"rendered":"<p>Nous sommes heureux de vous annoncer la tenue du\u00a0colloque \u00ab\u00a0De l&rsquo;individualisme au sujet politique: Comment reconstruire un vivre ensemble sur les\u00a0ruines du n\u00e9olib\u00e9ralisme\u00a0\u00bb\u00a0r\u00e9unissant des sp\u00e9cialistes des trois disciplines (Psychanalyse, Philosophie et Economie). Il va\u00a0se d\u00e9rouler \u00e0 l&rsquo;Universit\u00e9 Toulouse Jean-Jaur\u00e8s les&hellip;<\/p>\n<p class=\"more-link-p\"><a class=\"more-link\" href=\"https:\/\/blogs.univ-tlse2.fr\/master-psyphiecopolis\/colloque-juin-2016\/\">Read more &rarr;<\/a><\/p>\n","protected":false},"author":298,"featured_media":0,"parent":0,"menu_order":0,"comment_status":"closed","ping_status":"closed","template":"","meta":{"footnotes":""},"class_list":["post-29","page","type-page","status-publish","hentry"],"_links":{"self":[{"href":"https:\/\/blogs.univ-tlse2.fr\/master-psyphiecopolis\/wp-json\/wp\/v2\/pages\/29","targetHints":{"allow":["GET"]}}],"collection":[{"href":"https:\/\/blogs.univ-tlse2.fr\/master-psyphiecopolis\/wp-json\/wp\/v2\/pages"}],"about":[{"href":"https:\/\/blogs.univ-tlse2.fr\/master-psyphiecopolis\/wp-json\/wp\/v2\/types\/page"}],"author":[{"embeddable":true,"href":"https:\/\/blogs.univ-tlse2.fr\/master-psyphiecopolis\/wp-json\/wp\/v2\/users\/298"}],"replies":[{"embeddable":true,"href":"https:\/\/blogs.univ-tlse2.fr\/master-psyphiecopolis\/wp-json\/wp\/v2\/comments?post=29"}],"version-history":[{"count":16,"href":"https:\/\/blogs.univ-tlse2.fr\/master-psyphiecopolis\/wp-json\/wp\/v2\/pages\/29\/revisions"}],"predecessor-version":[{"id":166,"href":"https:\/\/blogs.univ-tlse2.fr\/master-psyphiecopolis\/wp-json\/wp\/v2\/pages\/29\/revisions\/166"}],"wp:attachment":[{"href":"https:\/\/blogs.univ-tlse2.fr\/master-psyphiecopolis\/wp-json\/wp\/v2\/media?parent=29"}],"curies":[{"name":"wp","href":"https:\/\/api.w.org\/{rel}","templated":true}]}}