 {"id":50,"date":"2016-02-08T18:21:41","date_gmt":"2016-02-08T17:21:41","guid":{"rendered":"https:\/\/blogs.univ-tlse2.fr\/master-psyphiecopolis\/?page_id=50"},"modified":"2016-10-17T11:46:21","modified_gmt":"2016-10-17T09:46:21","slug":"contenu-unites-denseignement","status":"publish","type":"page","link":"https:\/\/blogs.univ-tlse2.fr\/master-psyphiecopolis\/contenu-unites-denseignement\/","title":{"rendered":"Contenu des unit\u00e9s d&rsquo;enseignement"},"content":{"rendered":"<h1 style=\"text-align: center\"><strong>Master Mention Philosophie Parcours Psychanalyse, Philosophie et Economie Politique du Sujet (PsyPhiEcoPolis)\u00a0<\/strong><\/h1>\n<p style=\"text-align: justify\"><u>UFR concern\u00e9es<\/u>\u00a0: UFR Lettres, Philosophie, Musique, UFR Sciences Espaces et Soci\u00e9t\u00e9s.<\/p>\n<p style=\"text-align: justify\"><u>Adossement recherche<\/u>\u00a0: EA ERRAPHIS \/ UMR CERTOP \/ Dynamiques Rurales.<\/p>\n<h4 style=\"text-align: justify\"><span style=\"text-decoration: underline\">Semestre 7:<\/span> 30 ECTS &#8211; 175h<\/h4>\n<p style=\"text-align: justify\">UE 701 &#8211; <strong>Psychanalyse 1: le sujet de l&rsquo;inconscient\u00a0<\/strong>50h &#8211;\u00a09 ECTS<\/p>\n<p style=\"text-align: justify\">UE 702 &#8211; <strong>Approches des communs<\/strong> 25h &#8211;\u00a06 ECTS<\/p>\n<p style=\"text-align: justify\">UE 703 &#8211; <strong>Arch\u00e9ologies et d\u00e9constructions du sujet<\/strong> 25h &#8211; 6 ECTS<\/p>\n<p style=\"text-align: justify\">UE 704 &#8211;\u00a0S\u00e9minaires &#8211; <strong>Th\u00e9ories critiques et th\u00e9ories du genre\u00a0<\/strong>25h &#8211;\u00a03 ECTS<\/p>\n<p style=\"text-align: justify\">UE 705 &#8211; Professionnalisation\/ Comp\u00e9tences tranversales &#8211; <strong>La psychanalyse dans la cit\u00e9\u00a0<\/strong>25h &#8211;\u00a03 ECTS<\/p>\n<p style=\"text-align: justify\"><strong>Cette UE sera \u00e9valu\u00e9e sur un essai personnel, r\u00e9dig\u00e9 \u00e0 la maison, qui repart de, et prolonge librement, sur la base de vos lectures ou d\u2019un des auteurs abord\u00e9s par les diff\u00e9rents intervenants, l\u2019une des s\u00e9ances suivies durant la semaine de rentr\u00e9e.<\/strong><\/p>\n<div><b>En cas d\u2019h\u00e9sitation sur l\u2019orientation donn\u00e9e \u00e0 votre r\u00e9daction, vous pouvez adresser \u00e0 l\u2019un des enseignants du Master une premi\u00e8re \u00e9bauche de votre essai pour avoir un retour et, le cas \u00e9ch\u00e9ant, des conseils pour am\u00e9liorer votre texte.<\/b><\/div>\n<p style=\"text-align: justify\">UE 706 &#8211;\u00a0<strong>Langue Vivante ou Option\u00a0<\/strong>25h &#8211;\u00a03 ECTS<\/p>\n<h4 style=\"text-align: justify\"><span style=\"text-decoration: underline\">Semestre 8<\/span>: 30 ECTS 125h<\/h4>\n<p style=\"text-align: justify\">UE 801 &#8211; <strong>M\u00e9moire<\/strong> &#8211; 15 ECTS<\/p>\n<p style=\"text-align: justify\">UE 802 &#8211; <strong>Economie du travail \u00a0<\/strong>50h &#8211; 6 ECTS<\/p>\n<p style=\"text-align: justify\">UE 803 &#8211;\u00a0<strong>Les concepts \u00e9conomiques des sciences humaines <\/strong>25h &#8211; 3 ECTS<\/p>\n<p style=\"text-align: justify\">UE 804 &#8211; Professionnalisation\/Comp\u00e9tences transversales &#8211;\u00a0<strong>L&rsquo;individu du lib\u00e9ralisme et le sujet de la psychanalyse<\/strong> 25h &#8211; 3 ECTS<\/p>\n<p style=\"text-align: justify\">UE 805 &#8211;<strong> Langues vivantes ou option &#8211; <\/strong>25h &#8211; 3 ECTS<\/p>\n<h4 style=\"text-align: justify\"><span style=\"text-decoration: underline\">Semestre 9<\/span>: 30 ECTS &#8211; 125h<\/h4>\n<p style=\"text-align: justify\">UE 901\u00a0&#8211; <strong>M\u00e9moire &#8211; <\/strong>15 ECTS<\/p>\n<p style=\"text-align: justify\">UE 902 &#8211; <strong>Psychanalyse 2 : discours, ali\u00e9nation, rapport social<\/strong> 25h &#8211; 3 ECTS<\/p>\n<p style=\"text-align: justify\">UE 903 &#8211; <strong>Anthropologie de l&rsquo;\u00e9conomie sociale <\/strong>25h &#8211; 3 ECTS<\/p>\n<p style=\"text-align: justify\">UE 904 &#8211; S\u00e9minaires &#8211;\u00a0<strong>Politiques du corps <\/strong>25h &#8211; 3 ECTS<\/p>\n<p style=\"text-align: justify\">UE 905 &#8211; Professionnalisation\/Comp\u00e9tences transversales &#8211;\u00a0<strong>Recherche en terrain<\/strong> (stage) 25h &#8211; 3 ECTS<\/p>\n<p style=\"text-align: justify\">UE 906 &#8211; <strong>Langues vivantes ou option <\/strong>25h &#8211; 3 ECTS<\/p>\n<p style=\"text-align: justify\"><span style=\"text-decoration: underline\">Semestre 10<\/span> : 30 ECTS 75h<\/p>\n<p style=\"text-align: justify\">UE 1001 &#8211;\u00a0<strong>M\u00e9moire de M2\u00a0&#8211;<\/strong>\u00a021 ECTS<\/p>\n<p style=\"text-align: justify\">UE 1002 &#8211; <strong>Psychanalyse 3 : sympt\u00f4mes contemporains <\/strong>25h &#8211; 3 ECTS<\/p>\n<p style=\"text-align: justify\">UE 1003 &#8211;\u00a0S\u00e9minaires &#8211;\u00a0<strong>Du structuralisme aux post-structuralismes <\/strong>25h &#8211; 3 ECTS<\/p>\n<p style=\"text-align: justify\">UE 1004 &#8211;\u00a0Professionnalisation\/Comp\u00e9tences transversales &#8211; <strong>Sciences et id\u00e9ologies scientifiques <\/strong>25h &#8211; 3 ECTS<\/p>\n<p style=\"text-align: justify\">\n","protected":false},"excerpt":{"rendered":"<p>Master Mention Philosophie Parcours Psychanalyse, Philosophie et Economie Politique du Sujet (PsyPhiEcoPolis)\u00a0 UFR concern\u00e9es\u00a0: UFR Lettres, Philosophie, Musique, UFR Sciences Espaces et Soci\u00e9t\u00e9s. Adossement recherche\u00a0: EA ERRAPHIS \/ UMR CERTOP \/ Dynamiques Rurales. Semestre 7: 30 ECTS &#8211; 175h UE&hellip;<\/p>\n<p class=\"more-link-p\"><a class=\"more-link\" href=\"https:\/\/blogs.univ-tlse2.fr\/master-psyphiecopolis\/contenu-unites-denseignement\/\">Read more &rarr;<\/a><\/p>\n","protected":false},"author":298,"featured_media":0,"parent":0,"menu_order":0,"comment_status":"closed","ping_status":"closed","template":"","meta":{"footnotes":""},"class_list":["post-50","page","type-page","status-publish","hentry"],"_links":{"self":[{"href":"https:\/\/blogs.univ-tlse2.fr\/master-psyphiecopolis\/wp-json\/wp\/v2\/pages\/50","targetHints":{"allow":["GET"]}}],"collection":[{"href":"https:\/\/blogs.univ-tlse2.fr\/master-psyphiecopolis\/wp-json\/wp\/v2\/pages"}],"about":[{"href":"https:\/\/blogs.univ-tlse2.fr\/master-psyphiecopolis\/wp-json\/wp\/v2\/types\/page"}],"author":[{"embeddable":true,"href":"https:\/\/blogs.univ-tlse2.fr\/master-psyphiecopolis\/wp-json\/wp\/v2\/users\/298"}],"replies":[{"embeddable":true,"href":"https:\/\/blogs.univ-tlse2.fr\/master-psyphiecopolis\/wp-json\/wp\/v2\/comments?post=50"}],"version-history":[{"count":18,"href":"https:\/\/blogs.univ-tlse2.fr\/master-psyphiecopolis\/wp-json\/wp\/v2\/pages\/50\/revisions"}],"predecessor-version":[{"id":172,"href":"https:\/\/blogs.univ-tlse2.fr\/master-psyphiecopolis\/wp-json\/wp\/v2\/pages\/50\/revisions\/172"}],"wp:attachment":[{"href":"https:\/\/blogs.univ-tlse2.fr\/master-psyphiecopolis\/wp-json\/wp\/v2\/media?parent=50"}],"curies":[{"name":"wp","href":"https:\/\/api.w.org\/{rel}","templated":true}]}}