 {"id":7,"date":"2016-02-04T09:54:19","date_gmt":"2016-02-04T08:54:19","guid":{"rendered":"https:\/\/blogs.univ-tlse2.fr\/master-psyphiecopolis\/?page_id=7"},"modified":"2016-03-31T09:56:42","modified_gmt":"2016-03-31T07:56:42","slug":"presentation-du-master-psychanalyse-philosophie-et-economie-politique-du-sujet","status":"publish","type":"page","link":"https:\/\/blogs.univ-tlse2.fr\/master-psyphiecopolis\/","title":{"rendered":"Pr\u00e9sentation"},"content":{"rendered":"<div id=\"contenu_deco\">\n<div id=\"contenu_avec_nav_avec_encadres\" class=\"contenu\">\n<div id=\"onglet_actif\" class=\"contenu_onglet1\">\n<div class=\"para-an\">\n<p style=\"text-align: justify\">Le Master \u00ab\u00a0<strong>Psychanalyse, Philosophie et Economie Politique du Sujet<\/strong>\u00a0\u00bb est une formation tri-disciplinaire philosophie, psychanalyse, th\u00e9ories \u00e9conomiques (en mutualisation \u00e0 l&rsquo;UFR \u00ab\u00a0Sciences, Espaces, Soci\u00e9t\u00e9s\u00a0\u00bb), qui vise \u00e0 d\u00e9velopper une capacit\u00e9 d&rsquo;analyse, de r\u00e9flexion instruite sur le plan de l&rsquo;histoire des th\u00e9ories, de diagnostique et d&rsquo;intervention sur les mutations contemporaines du lien social et leurs incidences sur les modes de subjectivation, dans les rapports socio-\u00e9conomiques comme dans les processus symptomatologiques.<\/p>\n<p style=\"text-align: justify\">Prenant acte de l&rsquo;\u00e9cart croissant entre les partages disciplinaires institu\u00e9s et les approches complexes, dialogiques et pluridisciplinaires que ces probl\u00e8mes r\u00e9clament dans l&rsquo;espace public comme dans le champ acad\u00e9mique et scientifique,ce Master\u00a0 repose sur la r\u00e9-articulation, tant du point de vue de la g\u00e9n\u00e9alogie des m\u00e9thodes et des th\u00e9ories que du point de vue de leurs usages actuels, des approches psychanalytique, socio\u00e9conomique et philosophique des constructions subjectives replac\u00e9es dans leurs coordonn\u00e9es aussi bien mat\u00e9rielles et historiques que symboliques et imaginaires.<\/p>\n<p style=\"text-align: justify\">La formation repose ainsi sur un socle d&rsquo;enseignements consacr\u00e9 aux d\u00e9bats constitutifs de la philosophie des XXe et XXIe si\u00e8cles avec les discursivit\u00e9s psychanalytiques et \u00e9conomiques, leur r\u00f4le pour les diff\u00e9rentes strat\u00e9gies conceptuelles forg\u00e9es par la philosophie contemporaine, de transformation et de d\u00e9construction des philosophies classiques du sujet, et leurs implications aussi bien \u00e9pist\u00e9mologiques, cliniques, que sociales et politiques.<\/p>\n<p style=\"text-align: justify\">Formation ouverte \u00e0 la rentr\u00e9e 2016 sous r\u00e9serve d&rsquo;accr\u00e9ditation par le Minist\u00e8re de l&rsquo;\u00c9ducation Nationale, de l&rsquo;Enseignement Sup\u00e9rieur et de la Recherche.<\/p>\n<\/div>\n<div class=\"para-an\">\n<h3>Comp\u00e9tence(s) vis\u00e9e(s)<\/h3>\n<ul>\n<li style=\"text-align: justify\">appliquer les concepts et m\u00e9thodes des sciences humaines et des sciences sociales, dans leurs interactions avec les devenirs de la t\u00e2che critique de la philosophie et transformation des paradigmes m\u00e9thodologiques, conceptuels et th\u00e9oriques dans le champ des sciences humaines et sociales des XXe et XXIe si\u00e8cles (\u00e9volutionnisme fonctionnalisme, formalisme, dialectique, structuralismes, post-structuralisme, pragmatisme&#8230;) ;<\/li>\n<li style=\"text-align: justify\">analyse critique et diagnostic des formes contemporaines de la subjectivit\u00e9, et instruments psychanalytiques permettant d\u2019en recueillir les nouvelles formes du sympt\u00f4me telles que la clinique peut les rep\u00e9rer et leur donner un traitement.<\/li>\n<\/ul>\n<\/div>\n<div class=\"para-an\">\n<h3>Contr\u00f4le des connaissances<\/h3>\n<p><a href=\"http:\/\/www.univ-tlse2.fr\/accueil\/formation-insertion\/inscriptions-scolarite\/le-controle-des-connaissances-301005.kjsp?RH=odf2016\">En savoir plus sur le r\u00e9gime d&rsquo;examen et les modalit\u00e9s du contr\u00f4le des connaissances&#8230;<\/a><\/p>\n<\/div>\n<div class=\"para-an\">\n<h3>Informations compl\u00e9mentaires<\/h3>\n<p><span style=\"text-decoration: underline\">Niveaux de recrutement<\/span> :<\/p>\n<p><span style=\"text-decoration: underline\">1\u00e8re ann\u00e9e<\/span>: De plein droit pour les titulaires de l&rsquo;une des trois licences: Sociologie-\u00e9conomie, Philosophie ou Psychologie;<\/p>\n<p>Sur dossier de Validation des Etudes Sup\u00e9rieures (VES) pour les autres Bac + 3.<\/p>\n<\/div>\n<\/div>\n<div class=\"contenu_onglet2\"><\/div>\n<p><span style=\"text-decoration: underline\">\u00a02e ann\u00e9e<\/span>: Acc\u00e8s de plein droit \u00e0 l&rsquo;issue du M1 du parcours PsyPhiEcoPoliS ;Sur dossier de\u00a0candidature pour tous les autres Bac + 4.<\/p>\n<dl class=\"presentation\">\n<dd><\/dd>\n<\/dl>\n<p>Pour toute demande d&rsquo;information, vous pouvez nous\u00a0envoyer un mail \u00e0 l&rsquo;adresse ci-jointe : <a>&#x72;&#101;mi&#x2e;&#x6d;ai&#x74;&#x72;&#101;&#64;e&#x74;&#117;&#46;u&#x6e;&#x69;&#118;-&#x74;&#x6c;&#115;e2&#x2e;&#x66;r<\/a><\/p>\n<div id=\"contenu_onglet5\" class=\"contenu_onglet5\">\n<div class=\"para-an\">\n<h3>Scolarit\u00e9<\/h3>\n<p><strong>Sylvie FONTES <\/strong><br \/>\n05.61.50.44.22<br \/>\n<a href=\"&#x6d;&#x61;&#x69;&#x6c;&#x74;&#x6f;&#x3a;&#x66;&#111;&#110;&#116;&#101;s&#64;univ-&#x74;&#x6c;&#x73;&#x65;&#x32;&#x2e;&#x66;&#x72;\">&#102;&#x6f;n&#x74;&#x65;&#115;&#x40;u&#x6e;&#x69;&#118;&#x2d;t&#x6c;&#x73;&#101;&#x32;&#46;&#x66;&#x72;<\/a><\/p>\n<p><strong>Danielle GRENIER<\/strong><br \/>\n05.61.50.41.24<br \/>\n<a href=\"m&#x61;il&#x74;o:&#x64;a&#110;&#x69;e&#108;&#x6c;e&#46;&#x67;r&#101;&#x6e;i&#101;&#x72;&#64;&#117;&#x6e;i&#118;&#x2d;t&#108;&#x73;e&#x32;&#x2e;f&#x72;\">&#x64;&#x61;&#x6e;&#x69;&#x65;&#x6c;&#x6c;&#x65;&#x2e;&#x67;&#x72;&#x65;&#x6e;&#x69;&#x65;&#x72;&#x40;&#x75;&#x6e;&#x69;&#x76;&#x2d;&#x74;&#x6c;&#x73;&#x65;&#x32;&#x2e;&#x66;&#x72;<\/a><\/p>\n<\/div>\n<div class=\"para-an\">\n<h3>Responsables formation continue<\/h3>\n<p><a class=\"lien_externe\" title=\"reprises d'\u00e9tudes (nouvelle fen\u00eatre)\" href=\"http:\/\/\/sfc.univ-tlse2.fr\/accueil\/prestations\/reprises-d-etudes\/reprises-d-etudes-56223.kjsp?RH=ACCUEIL_SFC\">Reprises d&rsquo;\u00e9tudes<\/a><\/p>\n<\/div>\n<\/div>\n<div id=\"contenu_onglet6\" class=\"contenu_onglet6\">\n<h3 class=\"et_apres\">Et apr\u00e8s ?<\/h3>\n<dl class=\"type_1\">\n<dt class=\"liste_def_poursuite_etudes\">Poursuites d&rsquo;\u00e9tudes<\/dt>\n<dt class=\"liste_def_poursuite_etudes\"><strong>Poursuite d&rsquo;\u00e9tudes hors UT2<\/strong><\/dt>\n<dd class=\"liste_def_poursuite_etudes\">\n<ul>\n<li style=\"text-align: justify\">Pour les poursuites d&rsquo;\u00e9tudes dans d&rsquo;autres \u00e9tablissements, vous pouvez vous renseigner aupr\u00e8s du <a href=\"http:\/\/www.univ-tlse2.fr\/accueil\/universite\/organisation\/services\/service-commun-universitaire-d-information-d-orientation-et-d-insertion-professionnelle-scuio-ip--89319.kjsp?RH=odf2016\">SCUIO-IP, Service Commun Universitaire d&rsquo;Information, d&rsquo;Orientation et d&rsquo;Insertion Professionnelle (DOSI)<\/a><\/li>\n<\/ul>\n<\/dd>\n<dt class=\"liste_def_poursuite_etudes\">D\u00e9bouch\u00e9s professionnels<\/dt>\n<dd class=\"liste_def_poursuite_etudes\">\n<p style=\"text-align: justify\">Secteurs d\u2019activit\u00e9 :<\/p>\n<ul style=\"text-align: justify\">\n<li>m\u00e9tiers de la recherche en sciences humaines et en philosophie,<\/li>\n<li>m\u00e9tiers de l\u2019enseignement,<\/li>\n<li>m\u00e9tiers de l\u2019\u00e9dition et de la diffusion de la recherche,<\/li>\n<li>m\u00e9tiers de l\u2019action culturelle, du travail social et de l&rsquo;action en faveur de la solidarit\u00e9 et du lien social, de l\u2019animation citoyenne au service des collectivit\u00e9s,<\/li>\n<li>consultance \u00e9thique au service des organisations publiques et des institutions de soin.<\/li>\n<\/ul>\n<p style=\"text-align: justify\">Types d\u2019emplois accessibles :<\/p>\n<ul style=\"text-align: justify\">\n<li>\u00e9diteur,<\/li>\n<li>gestions des ressources humaines<\/li>\n<\/ul>\n<p style=\"text-align: justify\">Sous r\u00e9serve de r\u00e9ussite au concours et\/ou de poursuites d&rsquo;\u00e9tudes :<\/p>\n<ul>\n<li style=\"text-align: justify\">Chercheur,<\/li>\n<li style=\"text-align: justify\">enseignant,<\/li>\n<li style=\"text-align: justify\">cadre territorial dans les domaines de la culture, de la vie citoyenne, de la formation ou de la solidarit\u00e9,<\/li>\n<li class=\"separateur_sections_page\" style=\"text-align: justify\">ing\u00e9nieur d\u2019\u00e9tudes ou de recherches<\/li>\n<\/ul>\n<\/dd>\n<\/dl>\n<\/div>\n<\/div>\n<\/div>\n","protected":false},"excerpt":{"rendered":"<p>Le Master \u00ab\u00a0Psychanalyse, Philosophie et Economie Politique du Sujet\u00a0\u00bb est une formation tri-disciplinaire philosophie, psychanalyse, th\u00e9ories \u00e9conomiques (en mutualisation \u00e0 l&rsquo;UFR \u00ab\u00a0Sciences, Espaces, Soci\u00e9t\u00e9s\u00a0\u00bb), qui vise \u00e0 d\u00e9velopper une capacit\u00e9 d&rsquo;analyse, de r\u00e9flexion instruite sur le plan de l&rsquo;histoire des&hellip;<\/p>\n<p class=\"more-link-p\"><a class=\"more-link\" href=\"https:\/\/blogs.univ-tlse2.fr\/master-psyphiecopolis\/\">Read more &rarr;<\/a><\/p>\n","protected":false},"author":298,"featured_media":0,"parent":0,"menu_order":0,"comment_status":"closed","ping_status":"closed","template":"","meta":{"footnotes":""},"class_list":["post-7","page","type-page","status-publish","hentry"],"_links":{"self":[{"href":"https:\/\/blogs.univ-tlse2.fr\/master-psyphiecopolis\/wp-json\/wp\/v2\/pages\/7","targetHints":{"allow":["GET"]}}],"collection":[{"href":"https:\/\/blogs.univ-tlse2.fr\/master-psyphiecopolis\/wp-json\/wp\/v2\/pages"}],"about":[{"href":"https:\/\/blogs.univ-tlse2.fr\/master-psyphiecopolis\/wp-json\/wp\/v2\/types\/page"}],"author":[{"embeddable":true,"href":"https:\/\/blogs.univ-tlse2.fr\/master-psyphiecopolis\/wp-json\/wp\/v2\/users\/298"}],"replies":[{"embeddable":true,"href":"https:\/\/blogs.univ-tlse2.fr\/master-psyphiecopolis\/wp-json\/wp\/v2\/comments?post=7"}],"version-history":[{"count":19,"href":"https:\/\/blogs.univ-tlse2.fr\/master-psyphiecopolis\/wp-json\/wp\/v2\/pages\/7\/revisions"}],"predecessor-version":[{"id":112,"href":"https:\/\/blogs.univ-tlse2.fr\/master-psyphiecopolis\/wp-json\/wp\/v2\/pages\/7\/revisions\/112"}],"wp:attachment":[{"href":"https:\/\/blogs.univ-tlse2.fr\/master-psyphiecopolis\/wp-json\/wp\/v2\/media?parent=7"}],"curies":[{"name":"wp","href":"https:\/\/api.w.org\/{rel}","templated":true}]}}