 {"id":11,"date":"2016-02-15T11:18:41","date_gmt":"2016-02-15T10:18:41","guid":{"rendered":"https:\/\/blogs.univ-tlse2.fr\/master-transmob\/?page_id=11"},"modified":"2026-03-12T23:22:09","modified_gmt":"2026-03-12T22:22:09","slug":"stages-et-memoires","status":"publish","type":"page","link":"https:\/\/blogs.univ-tlse2.fr\/master-transmob\/stages-et-memoires\/","title":{"rendered":"Ateliers"},"content":{"rendered":"<div class=\"wp-block-image is-style-default\">\n<figure class=\"alignleft size-full\"><img loading=\"lazy\" decoding=\"async\" width=\"960\" height=\"448\" src=\"https:\/\/blogs.univ-tlse2.fr\/master-transmob\/files\/2023\/03\/Funiculaire.png\" alt=\"\" class=\"wp-image-268\" srcset=\"https:\/\/blogs.univ-tlse2.fr\/master-transmob\/files\/2023\/03\/Funiculaire.png 960w, https:\/\/blogs.univ-tlse2.fr\/master-transmob\/files\/2023\/03\/Funiculaire-300x140.png 300w, https:\/\/blogs.univ-tlse2.fr\/master-transmob\/files\/2023\/03\/Funiculaire-768x358.png 768w, https:\/\/blogs.univ-tlse2.fr\/master-transmob\/files\/2023\/03\/Funiculaire-624x291.png 624w\" sizes=\"auto, (max-width: 960px) 100vw, 960px\" \/><figcaption class=\"wp-element-caption\"> Le funiculaire de Pau<\/figcaption><\/figure>\n<\/div>\n\n\n<p class=\"has-text-align-left\">Les ateliers sont r\u00e9alis\u00e9s en groupe par les \u00e9tudiants, qui sont encadr\u00e9s par des membres de l&rsquo;\u00e9quipe p\u00e9dagogique. Sous forme de bureau d\u2019\u00e9tudes ils r\u00e9pondent \u00e0 une commande qu&rsquo;ils doivent rendre \u00e0 un partenaire ext\u00e9rieur. <\/p>\n\n\n<p style=\"text-align: center\"><strong>\u00a0 <\/strong><strong>Intitul\u00e9s et commanditaires<\/strong><\/p>\n<p><strong>2025 \/ 2026<\/strong><\/p>\n<p>M2 :\u00a0<em>Quel usage des couloirs de bus dans l&rsquo;agglom\u00e9ration toulousaine ? <\/em>pour\u00a0<strong>TISSEO COLLECTIVITES\u00a0<\/strong>&#8211; Sous la responsabilit\u00e9 de Ph. Dugot<\/p>\n<p>M1 (2 ateliers)<\/p>\n<p><em>Usages et projets de territoires autour de la r\u00e9ouverture de la ligne ferroviaire Montr\u00e9jeau-Luchon\u00a0<\/em>pour\u00a0<strong>REGION OCCITANIE\u00a0<\/strong>&#8211; Sous la responsabilit\u00e9 de B. Revelli et C. Siino<\/p>\n<p><em>R\u00e9daction d&rsquo;un Plan Mobilit\u00e9 Employeur <\/em>pour la <strong>D\u00e9l\u00e9gation CNRS Occitanie Ouest<\/strong> <em>&#8211;\u00a0<\/em>Sous la responsabilit\u00e9 de B. Revelli<\/p>\n<p><strong>2024 \/ 2025<br \/><\/strong><\/p>\n<p>M2 : <em>Quels services de location de v\u00e9los longue dur\u00e9e pour la p\u00e9riph\u00e9rie m\u00e9tropolitaine<\/em> ?pour <strong>TISSEO COLLECTIVITES <\/strong>&#8211; Sous la responsabilit\u00e9 de Ph. Dugot<\/p>\n<p>M1 : <em>Enqu\u00eate sur la perception de la qualit\u00e9 de service et de la gamme tarifaire des trains express r\u00e9gionaux <\/em>pour <strong>REGION OCCITANIE <\/strong>&#8211; Sous la responsabilit\u00e9 de B. Revelli et C. Siino<\/p>\n<p><strong>2023 \/ 2024<\/strong><\/p>\n<p>M2 : <em>Etude sur l&rsquo;utilisation et le potentiel du t\u00e9l\u00e9ph\u00e9rique urbain (T\u00e9l\u00e9o) <\/em>pour <strong>TISSEO COLLECTIVITES <\/strong>&#8211; Sous la responsabilit\u00e9 de Ph. Dugot<\/p>\n<p>M1 : <em>Mieux conna\u00eetre les usagers des cars r\u00e9gionaux pour mieux repenser le r\u00e9seau <\/em>pour <strong>REGION OCCITANIE<\/strong> &#8211; Sous la responsabilit\u00e9 de B. Revelli<\/p>\n<p>Cet atelier a fait l&rsquo;objet d&rsquo;une valorisation dans la revue\u00a0<em>Transports Urbains\u00a0<\/em>: https:\/\/stm.cairn.info\/revue-transports-urbains-2026-1-page-9?lang=fr&amp;tab=resume\u00a0<\/p>\n<p><strong>2022 \/ 2023<\/strong><\/p>\n<p>M2 : <em>Bilan de la mise en place du Forfait Mobilit\u00e9 Durable (FMD) dans le ressort territorial de Tiss\u00e9o<\/em> pour <strong>TISSEO COLLECTIVITES &#8211; <\/strong>Sous la responsabilit\u00e9 de Ph. Dugot<\/p>\n<p>M1 : <em>Enqu\u00eate sur le potentiel d&rsquo;un RER Toulousain<\/em> pour <strong>RALLUMONS L&rsquo;ETOILE &#8211; <\/strong>Sous la responsabilit\u00e9 de B. Revelli<\/p>\n<p style=\"text-align: left\"><strong>2021 \/ 2022 <br \/><\/strong><\/p>\n<p>M2 : <em>Mise en place d&rsquo;un Plan de Mobilit\u00e9 Inter-Entreprises (PMIE) au niveau de l&rsquo;Oncop\u00f4le<\/em> pour <strong>TISSEO COLLECTIVITES &#8211; <\/strong>Sous la responsabilit\u00e9 de Ph. Dugot<\/p>\n<p>M1 : <em>Diagnostic des mobilit\u00e9s des communes du Bassin Ari\u00e8ge Garonne<\/em> pour <strong>RALLUMONS L&rsquo;ETOILE &#8211; <\/strong>Sous la responsabilit\u00e9 de B. Revelli<\/p>\n<p style=\"text-align: left\"><strong>2020 \/ 2021<br \/><\/strong><\/p>\n<p>M2 : <em>Recomposition de la desserte en bus et transport \u00e0 la demande dans le Nord-Ouest Toulousain<\/em> pour <strong>TISSEO COLLECTIVITES &#8211; <\/strong>Sous la responsabilit\u00e9 de Ph. Dugot<\/p>\n<p>M1 : <em>Analyse des recompositions urbaines et intermodales autour et dans les gares de la LGV Sud Europe Atlantique (SEA)<\/em> pour <strong>LISEA &#8211; <\/strong>Sous la responsabilit\u00e9 de B.Revelli C.Siino<\/p>\n<p style=\"text-align: left\"><strong>2019\/2020<\/strong><\/p>\n<p>M2 : <em>R\u00e9flexion autour d&rsquo;un sch\u00e9ma local pi\u00e9ton autour du BHNS Lin\u00e9o 10 <\/em>pour <strong>TISSEO COLLECTIVITES &#8211; <\/strong>Sous la responsabilit\u00e9 de Ph. Dugot<\/p>\n<p>M1\u00a0 <strong>: <\/strong><em>Analyse des strat\u00e9gies de transports et mobilit\u00e9s dans le Nord de l&rsquo;Aveyron<\/em> pour le <strong>PETR DU HAUT-ROUERGUE &#8211; <\/strong>Sous la responsabilit\u00e9 de S. Le Corre et C. Siino<\/p>\n<p><strong>2018\/2019<\/strong><\/p>\n<p>M2 : <em>Plan d&rsquo;actions pour l&rsquo;\u00e9laboration du Plan de Mobilit\u00e9 Inter-Entreprises (PMIE) de la zone a\u00e9roportuaire et a\u00e9ronautique COMMUTE <\/em>pour <strong>TISSEO COLLECTIVITES &#8211; <\/strong>Sous la responsabilit\u00e9 de Ph. Dugot et J.-P. Wolff<\/p>\n<p>M1 : <em>Les alternatives \u00e0 l&rsquo;automobile dans le nord toulousain <\/em>pour le <strong>CODEV TOULOUSE METROPOLE &#8211; <\/strong>Sous la responsabilit\u00e9 de S. Le Corre et C. Siino<\/p>\n<p><strong>2017\/2018<\/strong><\/p>\n<p>M2 : <em>Propositions pour la r\u00e9alisation d&rsquo;un R\u00e9seau Express V\u00e9lo dans l&rsquo;agglom\u00e9ration toulousaine <\/em>pour <strong>TISSEO COLLECTIVITES &#8211; <\/strong>Sous la responsabilit\u00e9 de J.-P. Wolff<\/p>\n<p>M1 : <em>Evaluation du degr\u00e9 de maturit\u00e9 de la m\u00e9tropole toulousaine concernant la logistique urbaine <\/em>pour <strong>TOULOUSE METROPOLE &#8211; <\/strong>Sous la responsabilit\u00e9 de Ph. Dugot et L. Angot<\/p>\n<p>M1 : <em>Int\u00e9gration territoriale et r\u00e9seau de transports et communication dans l&rsquo;agglom\u00e9ration d&rsquo;Orl\u00e9ans &#8211; <\/em>Sous la responsabilit\u00e9 de S. Le Corre et C. Siino<\/p>\n<p><strong>2016\/2017<\/strong><\/p>\n<p>M2 : <em>D\u00e9clinaison des leviers de la strat\u00e9gie mobilit\u00e9 et des perspectives d&rsquo;\u00e9volution autour du Lin\u00e9o 3 <\/em>pour <strong>TISSEO COLLECTIVITES &#8211; <\/strong>Sous la responsabilit\u00e9 de J.-P. Wolff<\/p>\n<p>M2 &amp; M1 : <em>L&rsquo;\u00e9volution des transports \u00e0 Toulouse <\/em>pour la <strong>COMMISSION NATIONALE DU DEBAT PUBLIC &#8211; <\/strong>Sous la responsabilit\u00e9 de J.-P. Wolff<\/p>\n<p>M1 : <em>L&rsquo;\u00e9volution des transports et de la congestion \u00e0 Toulouse depuis les ann\u00e9es 1950 &#8211; <\/em>Sous la responsabilit\u00e9 de J.-P. Wolff<\/p>\n<p><strong>2015\/2016<\/strong><\/p>\n<p>M2 : <em>Accessibilit\u00e9 pi\u00e9tonne aux arr\u00eats de la future Lin\u00e9o 2 <\/em>pour <strong>TISSEO COLLECTIVITES &#8211; <\/strong>Sous la responsabilit\u00e9 de J.-P. Wolff<\/p>\n<p>M1 : <em>Accessibilit\u00e9 pi\u00e9tonne aux arr\u00eats du T2 et de la ligne 64 \u00e0 partir du site Airbus de Saint-Martin-du-Touch <\/em>pour <strong>AIRBUS &#8211; <\/strong>Sous la responsabilit\u00e9 de J.-P. Wolff<\/p>\n<p><strong>\u00a0<\/strong><strong>\u00a0<\/strong><\/p>\n\n\n<p><\/p>\n","protected":false},"excerpt":{"rendered":"<p>Les ateliers sont r\u00e9alis\u00e9s en groupe par les \u00e9tudiants, qui sont encadr\u00e9s par des membres de l&rsquo;\u00e9quipe p\u00e9dagogique. Sous forme de bureau d\u2019\u00e9tudes ils r\u00e9pondent \u00e0 une commande qu&rsquo;ils doivent rendre \u00e0 un partenaire ext\u00e9rieur. \u00a0 Intitul\u00e9s et commanditaires 2025 &hellip; <a href=\"https:\/\/blogs.univ-tlse2.fr\/master-transmob\/stages-et-memoires\/\">Continuer la lecture <span class=\"meta-nav\">&rarr;<\/span><\/a><\/p>\n","protected":false},"author":107,"featured_media":0,"parent":0,"menu_order":0,"comment_status":"closed","ping_status":"closed","template":"","meta":{"footnotes":""},"class_list":["post-11","page","type-page","status-publish","hentry"],"_links":{"self":[{"href":"https:\/\/blogs.univ-tlse2.fr\/master-transmob\/wp-json\/wp\/v2\/pages\/11","targetHints":{"allow":["GET"]}}],"collection":[{"href":"https:\/\/blogs.univ-tlse2.fr\/master-transmob\/wp-json\/wp\/v2\/pages"}],"about":[{"href":"https:\/\/blogs.univ-tlse2.fr\/master-transmob\/wp-json\/wp\/v2\/types\/page"}],"author":[{"embeddable":true,"href":"https:\/\/blogs.univ-tlse2.fr\/master-transmob\/wp-json\/wp\/v2\/users\/107"}],"replies":[{"embeddable":true,"href":"https:\/\/blogs.univ-tlse2.fr\/master-transmob\/wp-json\/wp\/v2\/comments?post=11"}],"version-history":[{"count":30,"href":"https:\/\/blogs.univ-tlse2.fr\/master-transmob\/wp-json\/wp\/v2\/pages\/11\/revisions"}],"predecessor-version":[{"id":543,"href":"https:\/\/blogs.univ-tlse2.fr\/master-transmob\/wp-json\/wp\/v2\/pages\/11\/revisions\/543"}],"wp:attachment":[{"href":"https:\/\/blogs.univ-tlse2.fr\/master-transmob\/wp-json\/wp\/v2\/media?parent=11"}],"curies":[{"name":"wp","href":"https:\/\/api.w.org\/{rel}","templated":true}]}}