 {"id":24,"date":"2016-03-21T11:25:57","date_gmt":"2016-03-21T10:25:57","guid":{"rendered":"https:\/\/blogs.univ-tlse2.fr\/master-transmob\/?page_id=24"},"modified":"2025-07-03T15:03:05","modified_gmt":"2025-07-03T13:03:05","slug":"voyages-detudes","status":"publish","type":"page","link":"https:\/\/blogs.univ-tlse2.fr\/master-transmob\/voyages-detudes\/","title":{"rendered":"Voyages d&rsquo;\u00e9tudes"},"content":{"rendered":"\n<figure class=\"wp-block-image size-large is-resized\"><img loading=\"lazy\" decoding=\"async\" width=\"1024\" height=\"451\" src=\"https:\/\/blogs.univ-tlse2.fr\/master-transmob\/files\/2023\/03\/Rigi-2-1024x451.png\" alt=\"\" class=\"wp-image-272\" style=\"width:658px;height:289px\" srcset=\"https:\/\/blogs.univ-tlse2.fr\/master-transmob\/files\/2023\/03\/Rigi-2-1024x451.png 1024w, https:\/\/blogs.univ-tlse2.fr\/master-transmob\/files\/2023\/03\/Rigi-2-300x132.png 300w, https:\/\/blogs.univ-tlse2.fr\/master-transmob\/files\/2023\/03\/Rigi-2-768x338.png 768w, https:\/\/blogs.univ-tlse2.fr\/master-transmob\/files\/2023\/03\/Rigi-2-624x275.png 624w, https:\/\/blogs.univ-tlse2.fr\/master-transmob\/files\/2023\/03\/Rigi-2.png 1026w\" sizes=\"auto, (max-width: 1024px) 100vw, 1024px\" \/><figcaption class=\"wp-element-caption\">Les lignes desservant le Rigi (Suisse, voyage 2018)<\/figcaption><\/figure>\n\n\n\n<h3 class=\"wp-block-heading has-text-align-center\">Le master TRANSMOB voyage<\/h3>\n\n\n\n<p>Chaque ann\u00e9e un voyage d&rsquo;\u00e9tude permet aux \u00e9tudiants de M2 de se familiariser avec d&rsquo;autres syst\u00e8mes de transports, d&rsquo;autres strat\u00e9gies et appr\u00e9hensions des mobilit\u00e9s dans un ou plusieurs pays \u00e9trangers.<\/p>\n\n\n\n<p><strong>2025 Autour du V\u00e9suve : voyage \u00e0 Naples<\/strong><\/p>\n\n\n\n<figure class=\"wp-block-gallery has-nested-images columns-default is-cropped wp-block-gallery-1 is-layout-flex wp-block-gallery-is-layout-flex\">\n<figure class=\"wp-block-image size-large\"><img loading=\"lazy\" decoding=\"async\" width=\"771\" height=\"1024\" data-id=\"502\" src=\"https:\/\/blogs.univ-tlse2.fr\/master-transmob\/files\/2025\/07\/Naples-5-771x1024.jpg\" alt=\"\" class=\"wp-image-502\" srcset=\"https:\/\/blogs.univ-tlse2.fr\/master-transmob\/files\/2025\/07\/Naples-5-771x1024.jpg 771w, https:\/\/blogs.univ-tlse2.fr\/master-transmob\/files\/2025\/07\/Naples-5-226x300.jpg 226w, https:\/\/blogs.univ-tlse2.fr\/master-transmob\/files\/2025\/07\/Naples-5-768x1020.jpg 768w, https:\/\/blogs.univ-tlse2.fr\/master-transmob\/files\/2025\/07\/Naples-5-1157x1536.jpg 1157w, https:\/\/blogs.univ-tlse2.fr\/master-transmob\/files\/2025\/07\/Naples-5-1542x2048.jpg 1542w, https:\/\/blogs.univ-tlse2.fr\/master-transmob\/files\/2025\/07\/Naples-5-scaled.jpg 1928w\" sizes=\"auto, (max-width: 771px) 100vw, 771px\" \/><figcaption class=\"wp-element-caption\">Funiculaire napolitain<\/figcaption><\/figure>\n\n\n\n<figure class=\"wp-block-image size-large\"><img loading=\"lazy\" decoding=\"async\" width=\"771\" height=\"1024\" data-id=\"500\" src=\"https:\/\/blogs.univ-tlse2.fr\/master-transmob\/files\/2025\/07\/Naples-1-771x1024.jpg\" alt=\"\" class=\"wp-image-500\" srcset=\"https:\/\/blogs.univ-tlse2.fr\/master-transmob\/files\/2025\/07\/Naples-1-771x1024.jpg 771w, https:\/\/blogs.univ-tlse2.fr\/master-transmob\/files\/2025\/07\/Naples-1-226x300.jpg 226w, https:\/\/blogs.univ-tlse2.fr\/master-transmob\/files\/2025\/07\/Naples-1-768x1020.jpg 768w, https:\/\/blogs.univ-tlse2.fr\/master-transmob\/files\/2025\/07\/Naples-1-1157x1536.jpg 1157w, https:\/\/blogs.univ-tlse2.fr\/master-transmob\/files\/2025\/07\/Naples-1-1542x2048.jpg 1542w, https:\/\/blogs.univ-tlse2.fr\/master-transmob\/files\/2025\/07\/Naples-1-scaled.jpg 1928w\" sizes=\"auto, (max-width: 771px) 100vw, 771px\" \/><figcaption class=\"wp-element-caption\">Un partage de la rue probl\u00e9matique<\/figcaption><\/figure>\n<\/figure>\n\n\n\n<p><strong>2024 Excursion marocaine, de Tanger \u00e0 Casablanca<\/strong><\/p>\n\n\n\n<figure class=\"wp-block-gallery has-nested-images columns-default is-cropped wp-block-gallery-2 is-layout-flex wp-block-gallery-is-layout-flex\">\n<figure class=\"wp-block-image size-large\"><img loading=\"lazy\" decoding=\"async\" width=\"1024\" height=\"768\" data-id=\"384\" src=\"https:\/\/blogs.univ-tlse2.fr\/master-transmob\/files\/2024\/06\/20240612_103620-1024x768.jpg\" alt=\"\" class=\"wp-image-384\" srcset=\"https:\/\/blogs.univ-tlse2.fr\/master-transmob\/files\/2024\/06\/20240612_103620-1024x768.jpg 1024w, https:\/\/blogs.univ-tlse2.fr\/master-transmob\/files\/2024\/06\/20240612_103620-300x225.jpg 300w, https:\/\/blogs.univ-tlse2.fr\/master-transmob\/files\/2024\/06\/20240612_103620-768x576.jpg 768w, https:\/\/blogs.univ-tlse2.fr\/master-transmob\/files\/2024\/06\/20240612_103620-1536x1152.jpg 1536w, https:\/\/blogs.univ-tlse2.fr\/master-transmob\/files\/2024\/06\/20240612_103620-2048x1536.jpg 2048w, https:\/\/blogs.univ-tlse2.fr\/master-transmob\/files\/2024\/06\/20240612_103620-624x468.jpg 624w\" sizes=\"auto, (max-width: 1024px) 100vw, 1024px\" \/><figcaption class=\"wp-element-caption\">Port de Tanger Med<\/figcaption><\/figure>\n\n\n\n<figure class=\"wp-block-image size-large\"><img loading=\"lazy\" decoding=\"async\" width=\"1024\" height=\"768\" data-id=\"385\" src=\"https:\/\/blogs.univ-tlse2.fr\/master-transmob\/files\/2024\/06\/20240613_064214-1024x768.jpg\" alt=\"\" class=\"wp-image-385\" srcset=\"https:\/\/blogs.univ-tlse2.fr\/master-transmob\/files\/2024\/06\/20240613_064214-1024x768.jpg 1024w, https:\/\/blogs.univ-tlse2.fr\/master-transmob\/files\/2024\/06\/20240613_064214-300x225.jpg 300w, https:\/\/blogs.univ-tlse2.fr\/master-transmob\/files\/2024\/06\/20240613_064214-768x576.jpg 768w, https:\/\/blogs.univ-tlse2.fr\/master-transmob\/files\/2024\/06\/20240613_064214-1536x1152.jpg 1536w, https:\/\/blogs.univ-tlse2.fr\/master-transmob\/files\/2024\/06\/20240613_064214-2048x1536.jpg 2048w, https:\/\/blogs.univ-tlse2.fr\/master-transmob\/files\/2024\/06\/20240613_064214-624x468.jpg 624w\" sizes=\"auto, (max-width: 1024px) 100vw, 1024px\" \/><figcaption class=\"wp-element-caption\">Al Boraq, le TGV marocain<\/figcaption><\/figure>\n\n\n\n<figure class=\"wp-block-image size-large\"><img loading=\"lazy\" decoding=\"async\" width=\"1024\" height=\"768\" data-id=\"386\" src=\"https:\/\/blogs.univ-tlse2.fr\/master-transmob\/files\/2024\/06\/20240614_152914-1024x768.jpg\" alt=\"\" class=\"wp-image-386\" srcset=\"https:\/\/blogs.univ-tlse2.fr\/master-transmob\/files\/2024\/06\/20240614_152914-1024x768.jpg 1024w, https:\/\/blogs.univ-tlse2.fr\/master-transmob\/files\/2024\/06\/20240614_152914-300x225.jpg 300w, https:\/\/blogs.univ-tlse2.fr\/master-transmob\/files\/2024\/06\/20240614_152914-768x576.jpg 768w, https:\/\/blogs.univ-tlse2.fr\/master-transmob\/files\/2024\/06\/20240614_152914-1536x1152.jpg 1536w, https:\/\/blogs.univ-tlse2.fr\/master-transmob\/files\/2024\/06\/20240614_152914-2048x1536.jpg 2048w, https:\/\/blogs.univ-tlse2.fr\/master-transmob\/files\/2024\/06\/20240614_152914-624x468.jpg 624w\" sizes=\"auto, (max-width: 1024px) 100vw, 1024px\" \/><figcaption class=\"wp-element-caption\">Centre de RATPDev \u00e0 Casa<\/figcaption><\/figure>\n<\/figure>\n\n\n\n<p><strong>2023 D&rsquo;\u00eele en \u00eele : Corse et Sardaigne<\/strong><\/p>\n\n\n\n<figure class=\"wp-block-gallery has-nested-images columns-default is-cropped wp-block-gallery-3 is-layout-flex wp-block-gallery-is-layout-flex\">\n<figure class=\"wp-block-image size-large\"><img loading=\"lazy\" decoding=\"async\" width=\"1024\" height=\"768\" data-id=\"332\" src=\"https:\/\/blogs.univ-tlse2.fr\/master-transmob\/files\/2023\/08\/20230524_133136-1024x768.jpg\" alt=\"\" class=\"wp-image-332\" srcset=\"https:\/\/blogs.univ-tlse2.fr\/master-transmob\/files\/2023\/08\/20230524_133136-1024x768.jpg 1024w, https:\/\/blogs.univ-tlse2.fr\/master-transmob\/files\/2023\/08\/20230524_133136-300x225.jpg 300w, https:\/\/blogs.univ-tlse2.fr\/master-transmob\/files\/2023\/08\/20230524_133136-768x576.jpg 768w, https:\/\/blogs.univ-tlse2.fr\/master-transmob\/files\/2023\/08\/20230524_133136-1536x1152.jpg 1536w, https:\/\/blogs.univ-tlse2.fr\/master-transmob\/files\/2023\/08\/20230524_133136-2048x1536.jpg 2048w, https:\/\/blogs.univ-tlse2.fr\/master-transmob\/files\/2023\/08\/20230524_133136-624x468.jpg 624w\" sizes=\"auto, (max-width: 1024px) 100vw, 1024px\" \/><figcaption class=\"wp-element-caption\">Port de Bonifacio<\/figcaption><\/figure>\n\n\n\n<figure class=\"wp-block-image size-large\"><img loading=\"lazy\" decoding=\"async\" width=\"1024\" height=\"768\" data-id=\"325\" src=\"https:\/\/blogs.univ-tlse2.fr\/master-transmob\/files\/2023\/08\/20230522_104612-1024x768.jpg\" alt=\"\" class=\"wp-image-325\" srcset=\"https:\/\/blogs.univ-tlse2.fr\/master-transmob\/files\/2023\/08\/20230522_104612-1024x768.jpg 1024w, https:\/\/blogs.univ-tlse2.fr\/master-transmob\/files\/2023\/08\/20230522_104612-300x225.jpg 300w, https:\/\/blogs.univ-tlse2.fr\/master-transmob\/files\/2023\/08\/20230522_104612-768x576.jpg 768w, https:\/\/blogs.univ-tlse2.fr\/master-transmob\/files\/2023\/08\/20230522_104612-1536x1152.jpg 1536w, https:\/\/blogs.univ-tlse2.fr\/master-transmob\/files\/2023\/08\/20230522_104612-2048x1536.jpg 2048w, https:\/\/blogs.univ-tlse2.fr\/master-transmob\/files\/2023\/08\/20230522_104612-624x468.jpg 624w\" sizes=\"auto, (max-width: 1024px) 100vw, 1024px\" \/><figcaption class=\"wp-element-caption\">Devant la gare de Cagliari<\/figcaption><\/figure>\n\n\n\n<figure class=\"wp-block-image size-large\"><img loading=\"lazy\" decoding=\"async\" width=\"1024\" height=\"768\" data-id=\"331\" src=\"https:\/\/blogs.univ-tlse2.fr\/master-transmob\/files\/2023\/08\/20230524_080429-1024x768.jpg\" alt=\"\" class=\"wp-image-331\" srcset=\"https:\/\/blogs.univ-tlse2.fr\/master-transmob\/files\/2023\/08\/20230524_080429-1024x768.jpg 1024w, https:\/\/blogs.univ-tlse2.fr\/master-transmob\/files\/2023\/08\/20230524_080429-300x225.jpg 300w, https:\/\/blogs.univ-tlse2.fr\/master-transmob\/files\/2023\/08\/20230524_080429-768x576.jpg 768w, https:\/\/blogs.univ-tlse2.fr\/master-transmob\/files\/2023\/08\/20230524_080429-1536x1152.jpg 1536w, https:\/\/blogs.univ-tlse2.fr\/master-transmob\/files\/2023\/08\/20230524_080429-2048x1536.jpg 2048w, https:\/\/blogs.univ-tlse2.fr\/master-transmob\/files\/2023\/08\/20230524_080429-624x468.jpg 624w\" sizes=\"auto, (max-width: 1024px) 100vw, 1024px\" \/><figcaption class=\"wp-element-caption\">Passage \u00e0 niveau d&rsquo;Olbia<\/figcaption><\/figure>\n<\/figure>\n\n\n\n<h4 class=\"wp-block-heading\">2022 Travers\u00e9e alpine : de Gen\u00e8ve \u00e0 G\u00eanes en passant par Turin<\/h4>\n\n\n\n<figure class=\"wp-block-gallery has-nested-images columns-default is-cropped wp-block-gallery-4 is-layout-flex wp-block-gallery-is-layout-flex\">\n<figure class=\"wp-block-image size-large\"><img loading=\"lazy\" decoding=\"async\" width=\"960\" height=\"563\" data-id=\"269\" src=\"https:\/\/blogs.univ-tlse2.fr\/master-transmob\/files\/2023\/03\/Genes.png\" alt=\"\" class=\"wp-image-269\" srcset=\"https:\/\/blogs.univ-tlse2.fr\/master-transmob\/files\/2023\/03\/Genes.png 960w, https:\/\/blogs.univ-tlse2.fr\/master-transmob\/files\/2023\/03\/Genes-300x176.png 300w, https:\/\/blogs.univ-tlse2.fr\/master-transmob\/files\/2023\/03\/Genes-768x450.png 768w, https:\/\/blogs.univ-tlse2.fr\/master-transmob\/files\/2023\/03\/Genes-624x366.png 624w\" sizes=\"auto, (max-width: 960px) 100vw, 960px\" \/><figcaption class=\"wp-element-caption\">Gare de G\u00eanes<\/figcaption><\/figure>\n\n\n\n<figure class=\"wp-block-image size-large\"><img loading=\"lazy\" decoding=\"async\" width=\"954\" height=\"402\" data-id=\"271\" src=\"https:\/\/blogs.univ-tlse2.fr\/master-transmob\/files\/2023\/03\/Port-Genova.png\" alt=\"\" class=\"wp-image-271\" srcset=\"https:\/\/blogs.univ-tlse2.fr\/master-transmob\/files\/2023\/03\/Port-Genova.png 954w, https:\/\/blogs.univ-tlse2.fr\/master-transmob\/files\/2023\/03\/Port-Genova-300x126.png 300w, https:\/\/blogs.univ-tlse2.fr\/master-transmob\/files\/2023\/03\/Port-Genova-768x324.png 768w, https:\/\/blogs.univ-tlse2.fr\/master-transmob\/files\/2023\/03\/Port-Genova-624x263.png 624w\" sizes=\"auto, (max-width: 954px) 100vw, 954px\" \/><figcaption class=\"wp-element-caption\">Port de G\u00eanes<\/figcaption><\/figure>\n\n\n\n<figure class=\"wp-block-image size-large\"><img loading=\"lazy\" decoding=\"async\" width=\"954\" height=\"393\" data-id=\"274\" src=\"https:\/\/blogs.univ-tlse2.fr\/master-transmob\/files\/2023\/03\/Tunnel-Lyon-Turin.png\" alt=\"\" class=\"wp-image-274\" srcset=\"https:\/\/blogs.univ-tlse2.fr\/master-transmob\/files\/2023\/03\/Tunnel-Lyon-Turin.png 954w, https:\/\/blogs.univ-tlse2.fr\/master-transmob\/files\/2023\/03\/Tunnel-Lyon-Turin-300x124.png 300w, https:\/\/blogs.univ-tlse2.fr\/master-transmob\/files\/2023\/03\/Tunnel-Lyon-Turin-768x316.png 768w, https:\/\/blogs.univ-tlse2.fr\/master-transmob\/files\/2023\/03\/Tunnel-Lyon-Turin-624x257.png 624w\" sizes=\"auto, (max-width: 954px) 100vw, 954px\" \/><figcaption class=\"wp-element-caption\">Chantier du Lyon-Turin<\/figcaption><\/figure>\n<\/figure>\n\n\n\n<h4 class=\"wp-block-heading\">2021 Voyage virtuel (contexte Covid) \u00e0 Fribourg-en-Brigsau <\/h4>\n\n\n\n<h4 class=\"wp-block-heading\">2020 Se d\u00e9placer au B\u00e9n\u00e9lux : Bruxelles, Delft et Rotterdam<\/h4>\n\n\n\n<figure class=\"wp-block-gallery has-nested-images columns-default is-cropped wp-block-gallery-5 is-layout-flex wp-block-gallery-is-layout-flex\">\n<figure class=\"wp-block-image size-large\"><img loading=\"lazy\" decoding=\"async\" width=\"1016\" height=\"510\" data-id=\"288\" src=\"https:\/\/blogs.univ-tlse2.fr\/master-transmob\/files\/2023\/03\/Commission-europeenne.png\" alt=\"\" class=\"wp-image-288\" srcset=\"https:\/\/blogs.univ-tlse2.fr\/master-transmob\/files\/2023\/03\/Commission-europeenne.png 1016w, https:\/\/blogs.univ-tlse2.fr\/master-transmob\/files\/2023\/03\/Commission-europeenne-300x151.png 300w, https:\/\/blogs.univ-tlse2.fr\/master-transmob\/files\/2023\/03\/Commission-europeenne-768x386.png 768w, https:\/\/blogs.univ-tlse2.fr\/master-transmob\/files\/2023\/03\/Commission-europeenne-624x313.png 624w\" sizes=\"auto, (max-width: 1016px) 100vw, 1016px\" \/><figcaption class=\"wp-element-caption\">Le master \u00e0 la Commission Europ\u00e9enne<\/figcaption><\/figure>\n\n\n\n<figure class=\"wp-block-image size-large\"><img loading=\"lazy\" decoding=\"async\" width=\"1024\" height=\"576\" data-id=\"154\" src=\"https:\/\/blogs.univ-tlse2.fr\/master-transmob\/files\/2020\/04\/20200226_172046-1-1024x576.jpg\" alt=\"\" class=\"wp-image-154\" srcset=\"https:\/\/blogs.univ-tlse2.fr\/master-transmob\/files\/2020\/04\/20200226_172046-1-1024x576.jpg 1024w, https:\/\/blogs.univ-tlse2.fr\/master-transmob\/files\/2020\/04\/20200226_172046-1-300x169.jpg 300w, https:\/\/blogs.univ-tlse2.fr\/master-transmob\/files\/2020\/04\/20200226_172046-1-768x432.jpg 768w, https:\/\/blogs.univ-tlse2.fr\/master-transmob\/files\/2020\/04\/20200226_172046-1-1536x864.jpg 1536w, https:\/\/blogs.univ-tlse2.fr\/master-transmob\/files\/2020\/04\/20200226_172046-1-2048x1152.jpg 2048w, https:\/\/blogs.univ-tlse2.fr\/master-transmob\/files\/2020\/04\/20200226_172046-1-624x351.jpg 624w\" sizes=\"auto, (max-width: 1024px) 100vw, 1024px\" \/><figcaption class=\"wp-element-caption\">Gare de Rotterdam<\/figcaption><\/figure>\n\n\n\n<figure class=\"wp-block-image size-large\"><img loading=\"lazy\" decoding=\"async\" width=\"1024\" height=\"576\" data-id=\"147\" src=\"https:\/\/blogs.univ-tlse2.fr\/master-transmob\/files\/2020\/04\/20200226_101504-1024x576.jpg\" alt=\"\" class=\"wp-image-147\" srcset=\"https:\/\/blogs.univ-tlse2.fr\/master-transmob\/files\/2020\/04\/20200226_101504-1024x576.jpg 1024w, https:\/\/blogs.univ-tlse2.fr\/master-transmob\/files\/2020\/04\/20200226_101504-300x169.jpg 300w, https:\/\/blogs.univ-tlse2.fr\/master-transmob\/files\/2020\/04\/20200226_101504-768x432.jpg 768w, https:\/\/blogs.univ-tlse2.fr\/master-transmob\/files\/2020\/04\/20200226_101504-1536x864.jpg 1536w, https:\/\/blogs.univ-tlse2.fr\/master-transmob\/files\/2020\/04\/20200226_101504-2048x1152.jpg 2048w, https:\/\/blogs.univ-tlse2.fr\/master-transmob\/files\/2020\/04\/20200226_101504-624x351.jpg 624w\" sizes=\"auto, (max-width: 1024px) 100vw, 1024px\" \/><figcaption class=\"wp-element-caption\">V\u00e9los \u00e0 Delft<\/figcaption><\/figure>\n<\/figure>\n\n\n\n<h4 class=\"wp-block-heading\">2019 Capitales d&rsquo;Europe Centrale : Vienne, Budapest et Bratislava<\/h4>\n\n\n\n<h4 class=\"wp-block-heading\">2018 Du Gothard au Simplon : tour ferroviaire helv\u00e9tique <\/h4>\n\n\n\n<figure class=\"wp-block-gallery has-nested-images columns-default is-cropped wp-block-gallery-6 is-layout-flex wp-block-gallery-is-layout-flex\">\n<figure class=\"wp-block-image size-large\"><img loading=\"lazy\" decoding=\"async\" width=\"1024\" height=\"415\" data-id=\"276\" src=\"https:\/\/blogs.univ-tlse2.fr\/master-transmob\/files\/2023\/03\/Zermatt-2-1024x415.png\" alt=\"\" class=\"wp-image-276\" srcset=\"https:\/\/blogs.univ-tlse2.fr\/master-transmob\/files\/2023\/03\/Zermatt-2-1024x415.png 1024w, https:\/\/blogs.univ-tlse2.fr\/master-transmob\/files\/2023\/03\/Zermatt-2-300x122.png 300w, https:\/\/blogs.univ-tlse2.fr\/master-transmob\/files\/2023\/03\/Zermatt-2-768x311.png 768w, https:\/\/blogs.univ-tlse2.fr\/master-transmob\/files\/2023\/03\/Zermatt-2-624x253.png 624w, https:\/\/blogs.univ-tlse2.fr\/master-transmob\/files\/2023\/03\/Zermatt-2.png 1234w\" sizes=\"auto, (max-width: 1024px) 100vw, 1024px\" \/><figcaption class=\"wp-element-caption\">Les transports \u00e0 Zermatt<\/figcaption><\/figure>\n\n\n\n<figure class=\"wp-block-image size-large\"><img loading=\"lazy\" decoding=\"async\" width=\"1000\" height=\"496\" data-id=\"264\" src=\"https:\/\/blogs.univ-tlse2.fr\/master-transmob\/files\/2023\/03\/Andermatt.png\" alt=\"\" class=\"wp-image-264\" srcset=\"https:\/\/blogs.univ-tlse2.fr\/master-transmob\/files\/2023\/03\/Andermatt.png 1000w, https:\/\/blogs.univ-tlse2.fr\/master-transmob\/files\/2023\/03\/Andermatt-300x149.png 300w, https:\/\/blogs.univ-tlse2.fr\/master-transmob\/files\/2023\/03\/Andermatt-768x381.png 768w, https:\/\/blogs.univ-tlse2.fr\/master-transmob\/files\/2023\/03\/Andermatt-624x310.png 624w\" sizes=\"auto, (max-width: 1000px) 100vw, 1000px\" \/><figcaption class=\"wp-element-caption\">Taxi \u00e0 Bettmeralp<\/figcaption><\/figure>\n\n\n\n<figure class=\"wp-block-image size-large\"><img loading=\"lazy\" decoding=\"async\" width=\"1024\" height=\"627\" data-id=\"252\" src=\"https:\/\/blogs.univ-tlse2.fr\/master-transmob\/files\/2023\/03\/Photo-Rigi-1-1024x627.jpg\" alt=\"\" class=\"wp-image-252\" srcset=\"https:\/\/blogs.univ-tlse2.fr\/master-transmob\/files\/2023\/03\/Photo-Rigi-1-1024x627.jpg 1024w, https:\/\/blogs.univ-tlse2.fr\/master-transmob\/files\/2023\/03\/Photo-Rigi-1-300x184.jpg 300w, https:\/\/blogs.univ-tlse2.fr\/master-transmob\/files\/2023\/03\/Photo-Rigi-1-768x470.jpg 768w, https:\/\/blogs.univ-tlse2.fr\/master-transmob\/files\/2023\/03\/Photo-Rigi-1-624x382.jpg 624w, https:\/\/blogs.univ-tlse2.fr\/master-transmob\/files\/2023\/03\/Photo-Rigi-1.jpg 1026w\" sizes=\"auto, (max-width: 1024px) 100vw, 1024px\" \/><figcaption class=\"wp-element-caption\">Trains du Rigi<\/figcaption><\/figure>\n<\/figure>\n\n\n\n<h4 class=\"wp-block-heading\">2017 : Valence et Val de Nuria (Espagne)<\/h4>\n\n\n\n<h4 class=\"wp-block-heading\">2016 : Porto et Galice<\/h4>\n\n\n\n<h4 class=\"wp-block-heading\">2015 : Hambourg et Berlin<\/h4>\n","protected":false},"excerpt":{"rendered":"<p>Le master TRANSMOB voyage Chaque ann\u00e9e un voyage d&rsquo;\u00e9tude permet aux \u00e9tudiants de M2 de se familiariser avec d&rsquo;autres syst\u00e8mes de transports, d&rsquo;autres strat\u00e9gies et appr\u00e9hensions des mobilit\u00e9s dans un ou plusieurs pays \u00e9trangers. 2025 Autour du V\u00e9suve : voyage &hellip; <a href=\"https:\/\/blogs.univ-tlse2.fr\/master-transmob\/voyages-detudes\/\">Continuer la lecture <span class=\"meta-nav\">&rarr;<\/span><\/a><\/p>\n","protected":false},"author":107,"featured_media":0,"parent":0,"menu_order":0,"comment_status":"closed","ping_status":"closed","template":"","meta":{"footnotes":""},"class_list":["post-24","page","type-page","status-publish","hentry"],"_links":{"self":[{"href":"https:\/\/blogs.univ-tlse2.fr\/master-transmob\/wp-json\/wp\/v2\/pages\/24","targetHints":{"allow":["GET"]}}],"collection":[{"href":"https:\/\/blogs.univ-tlse2.fr\/master-transmob\/wp-json\/wp\/v2\/pages"}],"about":[{"href":"https:\/\/blogs.univ-tlse2.fr\/master-transmob\/wp-json\/wp\/v2\/types\/page"}],"author":[{"embeddable":true,"href":"https:\/\/blogs.univ-tlse2.fr\/master-transmob\/wp-json\/wp\/v2\/users\/107"}],"replies":[{"embeddable":true,"href":"https:\/\/blogs.univ-tlse2.fr\/master-transmob\/wp-json\/wp\/v2\/comments?post=24"}],"version-history":[{"count":17,"href":"https:\/\/blogs.univ-tlse2.fr\/master-transmob\/wp-json\/wp\/v2\/pages\/24\/revisions"}],"predecessor-version":[{"id":503,"href":"https:\/\/blogs.univ-tlse2.fr\/master-transmob\/wp-json\/wp\/v2\/pages\/24\/revisions\/503"}],"wp:attachment":[{"href":"https:\/\/blogs.univ-tlse2.fr\/master-transmob\/wp-json\/wp\/v2\/media?parent=24"}],"curies":[{"name":"wp","href":"https:\/\/api.w.org\/{rel}","templated":true}]}}