 {"id":249,"date":"2023-03-20T07:41:45","date_gmt":"2023-03-20T06:41:45","guid":{"rendered":"https:\/\/blogs.univ-tlse2.fr\/master-transmob\/?page_id=249"},"modified":"2026-03-12T23:33:05","modified_gmt":"2026-03-12T22:33:05","slug":"stages","status":"publish","type":"page","link":"https:\/\/blogs.univ-tlse2.fr\/master-transmob\/stages\/","title":{"rendered":"Stages"},"content":{"rendered":"\n<figure class=\"wp-block-image size-large\"><img loading=\"lazy\" decoding=\"async\" width=\"1024\" height=\"488\" src=\"https:\/\/blogs.univ-tlse2.fr\/master-transmob\/files\/2023\/03\/Teleo-1024x488.png\" alt=\"\" class=\"wp-image-260\" srcset=\"https:\/\/blogs.univ-tlse2.fr\/master-transmob\/files\/2023\/03\/Teleo-1024x488.png 1024w, https:\/\/blogs.univ-tlse2.fr\/master-transmob\/files\/2023\/03\/Teleo-300x143.png 300w, https:\/\/blogs.univ-tlse2.fr\/master-transmob\/files\/2023\/03\/Teleo-768x366.png 768w, https:\/\/blogs.univ-tlse2.fr\/master-transmob\/files\/2023\/03\/Teleo-1536x732.png 1536w, https:\/\/blogs.univ-tlse2.fr\/master-transmob\/files\/2023\/03\/Teleo-624x298.png 624w, https:\/\/blogs.univ-tlse2.fr\/master-transmob\/files\/2023\/03\/Teleo.png 1598w\" sizes=\"auto, (max-width: 1024px) 100vw, 1024px\" \/><figcaption class=\"wp-element-caption\">Le t\u00e9l\u00e9ph\u00e9rique T\u00e9l\u00e9o de Toulouse<\/figcaption><\/figure>\n\n\n\n<p class=\"has-text-align-left\">Deux stages sont obligatoires durant les deux ans du Master, un de 3 \u00e0 4 mois en premi\u00e8re ann\u00e9e et un autre de 5 \u00e0 6 mois en deuxi\u00e8me ann\u00e9e. Ils donnent lieu \u00e0 la r\u00e9daction de m\u00e9moires soutenus devant un jury en fin d&rsquo;ann\u00e9e.<\/p>\n\n\n\n<h1 class=\"wp-block-heading has-text-align-center\"><mark style=\"background-color:#fff\" class=\"has-inline-color has-blue-color\">Exemples de structures ayant accueilli des stagiaires (2019-2026)<strong><mark style=\"background-color:#fff\" class=\"has-inline-color has-blue-color\"><\/mark><\/strong><\/mark><\/h1>\n\n\n\n<h2 class=\"wp-block-heading\">Collectivit\u00e9s territoriales et autres acteurs publics<\/h2>\n\n\n\n<ul class=\"wp-block-list\">\n<li><strong>Agences d&rsquo;Urbanisme<\/strong> : Atlantique et Pyr\u00e9n\u00e9es (2023) ; de l&rsquo;Agglom\u00e9ration toulousaine (2025)<\/li>\n\n\n\n<li>AREC (Agence R\u00e9gionale Energie Climat Occitanie) : 2019 ; 2021 ; 2023<\/li>\n\n\n\n<li>CEREMA : 2018 ; 2019 ; 2021 ; 2026<\/li>\n\n\n\n<li>Chambre de m\u00e9tiers et de l&rsquo;artisanat de Bordeaux (2023)<\/li>\n\n\n\n<li>Commission Nationale du D\u00e9bat Public : 2018<\/li>\n\n\n\n<li><strong>Conseil D\u00e9partementaux<\/strong> : de la Haute-Garonne (2022) ; du Lot (2023) ; du Gers (2025)<\/li>\n\n\n\n<li><strong>Communaut\u00e9 d&rsquo;Agglom\u00e9ration<\/strong> : Aurillac (2026) ; Carcassonne (2022 ; 2023) ; Gaillac-Graulhet (2022) ; Montlu\u00e7on (2022) ; SICOVAL (2022 ; 2025) ; Muretain (2020 ; 2022 ; 2025) ; Grand Paris Seine Ouest (2023) ; Sud-Cara\u00efbes (2022) ; Grand Cahors (2022) ; Rodez (2022) ; Bourges (2024) ; Tarbes-Lourdes (2020 ; 2024) ; Seine-Normandie (2025) ; La Rochelle (2025 ; 2026) ; Thonon (2026)<\/li>\n\n\n\n<li><strong>Communaut\u00e9s de Communes<\/strong> : Tarn-Agout (2018) ; Leff-Armor (2020) ; Neste-Barousse (2024) ; Lautr\u00e9cois (2024) ; Grand Autunois (2025) ; Coteaux de Bellevue (2025) ; Dr\u00f4me Sud Provence (2026) ; Hautes Terres Communaut\u00e9 (2026)<\/li>\n\n\n\n<li><strong>Communes<\/strong> : Aulnay-sous-Bois (2023) ; Blagnac (2022) ; Cergy-Pontoise (2023) ; Pibrac : (2024) ; Juvignac (2024) ; Paris (2018 ; 2021 ; 2024 ; 2025) ; Vincennes (2025) ; Marseille (2026)<\/li>\n\n\n\n<li><strong>Ile-de-France Mobilit\u00e9s<\/strong> : 2020 ; 2026<\/li>\n\n\n\n<li><strong>M\u00e9tropoles<\/strong> : Grenoble-Alpes (2019) ; Bordeaux (2019) ; Lyon (2022 ; 2026) ; Toulouse (2019 ; 2025 ; 2026) ; Strasbourg (2024 ; 2026)<\/li>\n\n\n\n<li>Minist\u00e8re de la Transition Ecologique et de la Coh\u00e9sion des Territoires : 2022 ; 2023 ; 2025<\/li>\n\n\n\n<li>Oppid\u00e9a (Toulouse) : 2023<\/li>\n\n\n\n<li>Parc National de la Vanoise : 2022<\/li>\n\n\n\n<li>PETR du Haut-Rouergue : 2022<\/li>\n\n\n\n<li><strong>R\u00e9gions <\/strong>: Martinique (2022) ; Occitanie (2019 ; 2020 ; 2021 ; 2022 ; 2023 ; 2024 ; 2025 ; 2026) ; Nouvelle-Aquitaine (2024 ; 2025) ; Centre-Val-de-Loire (2025) ; Service Public de Wallonie (2025)<\/li>\n\n\n\n<li>SEM d&rsquo;Am\u00e9nagement, de Construction et de Conseil de la Seine-Saint-Denis (SEQUANO) : 2021<\/li>\n\n\n\n<li>SEM des Transports en Commun de l&rsquo;Agglom\u00e9ration Nantaise (SEMITAN) : 2022<\/li>\n\n\n\n<li>SEM des transports montalbanais : 2017 ; 2018<\/li>\n\n\n\n<li>SMT du Petit-Cul-de-Sac-Marin (Guadeloupe) : 2021<\/li>\n\n\n\n<li>TAM (Transports de Montpellier M\u00e9diterran\u00e9e M\u00e9tropole) : 2025<\/li>\n\n\n\n<li>Tiss\u00e9o Collectivit\u00e9s : 2019 ; 2020 ; 2021 ; 2022 ; 2023 ; 2024 ; 2025 ; 2026<\/li>\n\n\n\n<li>S\u00e9nat (collaborateur d&rsquo;\u00e9lu) : 2024<\/li>\n<\/ul>\n\n\n\n<h2 class=\"wp-block-heading\">Des exploitants et gestionnaires de r\u00e9seau\/infrastructure<\/h2>\n\n\n\n<ul class=\"wp-block-list\">\n<li>A\u00e9roport de Blagnac : 2020<\/li>\n\n\n\n<li>Keolis (Bordeaux, Angers, Rennes) : 2018 ; 2022, 2024<\/li>\n\n\n\n<li>Lis\u00e9a (Bordeaux) : 2020 ; 2021<\/li>\n\n\n\n<li>Office National des Chemins de Fer du Maroc : 2019<\/li>\n\n\n\n<li>SNCF Gares &amp; Connexion (Bordeaux, Toulouse, Saint-Denis) : 2020 ; 2021 ; 2024<\/li>\n\n\n\n<li>SNCF Voyageurs (Saint-Denis) : 2020 ; 2023<\/li>\n\n\n\n<li>SNCF R\u00e9seau (Toulouse) : 2019 ; 2022<\/li>\n\n\n\n<li>RATP (Paris) : 2020<\/li>\n\n\n\n<li>RATP-Dev (Paris) : 2019 ; 2023 ; 2024<\/li>\n\n\n\n<li>Tiss\u00e9o-Voyageurs : 2024<\/li>\n\n\n\n<li>Transdev : 2019 ; 2020 ; 2025<\/li>\n\n\n\n<li>Vinci Autoroutes (Avignon) : 2021<\/li>\n\n\n\n<li>Voies Navigables de France (Toulouse, Paris) : 2024 ; 2026<\/li>\n<\/ul>\n\n\n\n<h2 class=\"wp-block-heading\">Bureaux d&rsquo;\u00e9tudes et cabinets de conseil<\/h2>\n\n\n\n<ul class=\"wp-block-list\">\n<li>2P2B (Blagnac) : 2026<\/li>\n\n\n\n<li>Algo\u00e9 (Ecully)<\/li>\n\n\n\n<li>Arcadis (Marseille) : 2025<\/li>\n\n\n\n<li>Artelia : 2026<\/li>\n\n\n\n<li>Atsuk\u00e9 : 2022<\/li>\n\n\n\n<li>Buchanan Consultores (Madrid) : 2025<\/li>\n\n\n\n<li>CDVIA : 2025<\/li>\n\n\n\n<li>Citadia (Montauban)<\/li>\n\n\n\n<li>CITEC (Lyon) : 2023<\/li>\n\n\n\n<li>Cyrille Bonnet Architecture : 2021<\/li>\n\n\n\n<li>Ecoad : 2020<\/li>\n\n\n\n<li>Echelles et Territoires : 2022<\/li>\n\n\n\n<li>EGIS (Nantes, Toulouse) : 2019 ; 2023 ; 2026<\/li>\n\n\n\n<li>Espaces-Mobilit\u00e9s : 2020<\/li>\n\n\n\n<li>ETC Mobilit\u00e9s : 2022<\/li>\n\n\n\n<li>Horizons Conseils<\/li>\n\n\n\n<li>Kanop\u00e9 Mobilit\u00e9 : 2018<\/li>\n\n\n\n<li>IKO Development : 2023<\/li>\n\n\n\n<li>Immergis (Montpellier) : 2024<\/li>\n\n\n\n<li>Inddigo (Toulouse) : 2026<\/li>\n\n\n\n<li>Ing\u00e9rop : 2023<\/li>\n\n\n\n<li>INOV 360 (Paris) : 2023, 2024 ; 2025<\/li>\n\n\n\n<li>ITEM<\/li>\n\n\n\n<li>ITER (Toulouse) : 2020 ; 2021<\/li>\n\n\n\n<li>Kanop\u00e9 Mobilit\u00e9<\/li>\n\n\n\n<li>Logicit\u00e9s : 2022<\/li>\n\n\n\n<li>Mobilis (Rennes)<\/li>\n\n\n\n<li>Mobithink (Toulouse) : 2021<\/li>\n\n\n\n<li>Schroeder &amp; associ\u00e9s (Luxembourg) : 2024<\/li>\n\n\n\n<li>Systra (Lyon, Toulouse) : 2022, 2024, 2025<\/li>\n\n\n\n<li>Transitec (Toulouse, Rabat) : 2023, 2024<\/li>\n\n\n\n<li>Urbactis (Montauban)<\/li>\n<\/ul>\n\n\n\n<h2 class=\"wp-block-heading\">Des associations<\/h2>\n\n\n\n<ul class=\"wp-block-list\">\n<li>2 Pieds 2 Roues (Toulouse) : 2019 ; 2024 ; 2026<\/li>\n\n\n\n<li>Air Action Climat (Budapest) : 2026<\/li>\n\n\n\n<li>\u00catre Mobile C&rsquo;est Permis (Toulouse) : 2019 ; 2020 ; 2021 ; 2023<\/li>\n\n\n\n<li>F\u00e9d\u00e9ration des Usagers de la Bicyclette (Strasbourg) : 2022<\/li>\n\n\n\n<li>La plateforme de mobilit\u00e9 (Toulouse) <\/li>\n\n\n\n<li>Montauban Services : 2026<\/li>\n\n\n\n<li>Rail et Histoire (Lyon) : 2020<\/li>\n\n\n\n<li>Rallumons l&rsquo;Etoile (Toulouse) : 2019<\/li>\n\n\n\n<li>V\u00e9locit\u00e9 (Bordeaux) : 2023<\/li>\n<\/ul>\n\n\n\n<h2 class=\"wp-block-heading\">Des laboratoires de recherche<\/h2>\n\n\n\n<ul class=\"wp-block-list\">\n<li>ESO (Universit\u00e9 Rennes 2) : 2020<\/li>\n\n\n\n<li>LISST-Cieu (Universit\u00e9 Toulouse 2 Jean Jaur\u00e8s) : 2019 ; 2020 ; 2021 ; 2022 ; 2023 ; 2025 ; 2026<\/li>\n\n\n\n<li>LVMT (Universit\u00e9 Gustave Eiffel) : 2022 ; 2023<\/li>\n<\/ul>\n\n\n\n<h2 class=\"wp-block-heading\">Entreprises (PDME), start-up et autres<\/h2>\n\n\n\n<ul class=\"wp-block-list\">\n<li>Airbus : 2025<\/li>\n\n\n\n<li>Automotech Cluster<\/li>\n\n\n\n<li>Biocoop (Rennes) : 2018<\/li>\n\n\n\n<li>Bollor\u00e9 Logistics : 2017<\/li>\n\n\n\n<li>Bouygues<\/li>\n\n\n\n<li>Citiz : 2025<\/li>\n\n\n\n<li>Ecov\u00e9lo (Nantes) : 2026<\/li>\n\n\n\n<li>I-Lunch : 2020<\/li>\n\n\n\n<li>IRA : 2025<\/li>\n\n\n\n<li>Liebher (Toulouse) : 2023 ; 2024<\/li>\n\n\n\n<li>Mobility<\/li>\n\n\n\n<li>Nexeya : 2021<\/li>\n\n\n\n<li>Pulsalys : 2021<\/li>\n\n\n\n<li>Railcoop : 2021<\/li>\n\n\n\n<li>Supraways <\/li>\n\n\n\n<li>Universit\u00e9 F\u00e9d\u00e9rale de Toulouse : 2024<\/li>\n\n\n\n<li>Wever<\/li>\n<\/ul>\n\n\n\n<h2 class=\"wp-block-heading\">Stages \u00e0 l&rsquo;\u00e9tranger<\/h2>\n\n\n\n<ul class=\"wp-block-list\">\n<li>BELGIQUE : Service Public de Wallonie (2025)<\/li>\n\n\n\n<li>BRESIL : Urbanus, Sao Paulo<\/li>\n\n\n\n<li>CANADA : Momentum, Montr\u00e9al : (2023) ; MOVIA, Montr\u00e9al (2025)<\/li>\n\n\n\n<li>COTE d&rsquo;IVOIRE : P\u00f4le Innovation et D\u00e9veloppement International, Abidjan<\/li>\n\n\n\n<li>ESPAGNE : Ayuntamiento de Zaragoza, Saragosse (2018) ; Buchanan Consultores, Madrid (2025)<\/li>\n\n\n\n<li>HONGRIE : R\u00e9seau Action Climat (2026)<\/li>\n\n\n\n<li>LUXEMBOURG : IKO Development (2023) ; Schroeder &amp; associ\u00e9s (2024)<\/li>\n\n\n\n<li>MAROC : Office National des Chemins de Fer du Maroc (2019) ; Transitec, Rabat (2024)<\/li>\n\n\n\n<li>MEXIQUE : CTS Embarq, Mexico<\/li>\n<\/ul>\n\n\n\n<p><\/p>\n","protected":false},"excerpt":{"rendered":"<p>Deux stages sont obligatoires durant les deux ans du Master, un de 3 \u00e0 4 mois en premi\u00e8re ann\u00e9e et un autre de 5 \u00e0 6 mois en deuxi\u00e8me ann\u00e9e. Ils donnent lieu \u00e0 la r\u00e9daction de m\u00e9moires soutenus devant &hellip; <a href=\"https:\/\/blogs.univ-tlse2.fr\/master-transmob\/stages\/\">Continuer la lecture <span class=\"meta-nav\">&rarr;<\/span><\/a><\/p>\n","protected":false},"author":107,"featured_media":0,"parent":0,"menu_order":0,"comment_status":"closed","ping_status":"closed","template":"","meta":{"footnotes":""},"class_list":["post-249","page","type-page","status-publish","hentry"],"_links":{"self":[{"href":"https:\/\/blogs.univ-tlse2.fr\/master-transmob\/wp-json\/wp\/v2\/pages\/249","targetHints":{"allow":["GET"]}}],"collection":[{"href":"https:\/\/blogs.univ-tlse2.fr\/master-transmob\/wp-json\/wp\/v2\/pages"}],"about":[{"href":"https:\/\/blogs.univ-tlse2.fr\/master-transmob\/wp-json\/wp\/v2\/types\/page"}],"author":[{"embeddable":true,"href":"https:\/\/blogs.univ-tlse2.fr\/master-transmob\/wp-json\/wp\/v2\/users\/107"}],"replies":[{"embeddable":true,"href":"https:\/\/blogs.univ-tlse2.fr\/master-transmob\/wp-json\/wp\/v2\/comments?post=249"}],"version-history":[{"count":14,"href":"https:\/\/blogs.univ-tlse2.fr\/master-transmob\/wp-json\/wp\/v2\/pages\/249\/revisions"}],"predecessor-version":[{"id":545,"href":"https:\/\/blogs.univ-tlse2.fr\/master-transmob\/wp-json\/wp\/v2\/pages\/249\/revisions\/545"}],"wp:attachment":[{"href":"https:\/\/blogs.univ-tlse2.fr\/master-transmob\/wp-json\/wp\/v2\/media?parent=249"}],"curies":[{"name":"wp","href":"https:\/\/api.w.org\/{rel}","templated":true}]}}