 {"id":39,"date":"2016-04-04T11:01:49","date_gmt":"2016-04-04T09:01:49","guid":{"rendered":"https:\/\/blogs.univ-tlse2.fr\/master-transmob\/?page_id=39"},"modified":"2026-03-12T23:36:36","modified_gmt":"2026-03-12T22:36:36","slug":"divers","status":"publish","type":"page","link":"https:\/\/blogs.univ-tlse2.fr\/master-transmob\/divers\/","title":{"rendered":"Travaux  en Th\u00e8ses"},"content":{"rendered":"\n<figure class=\"wp-block-image size-large\"><img loading=\"lazy\" decoding=\"async\" width=\"1024\" height=\"380\" src=\"https:\/\/blogs.univ-tlse2.fr\/master-transmob\/files\/2023\/03\/Canfranc-2-1024x380.png\" alt=\"\" class=\"wp-image-266\" srcset=\"https:\/\/blogs.univ-tlse2.fr\/master-transmob\/files\/2023\/03\/Canfranc-2-1024x380.png 1024w, https:\/\/blogs.univ-tlse2.fr\/master-transmob\/files\/2023\/03\/Canfranc-2-300x111.png 300w, https:\/\/blogs.univ-tlse2.fr\/master-transmob\/files\/2023\/03\/Canfranc-2-768x285.png 768w, https:\/\/blogs.univ-tlse2.fr\/master-transmob\/files\/2023\/03\/Canfranc-2-624x231.png 624w, https:\/\/blogs.univ-tlse2.fr\/master-transmob\/files\/2023\/03\/Canfranc-2.png 1151w\" sizes=\"auto, (max-width: 1024px) 100vw, 1024px\" \/><\/figure>\n\n\n<div class=\"wp-block-image\">\n<figure class=\"alignleft size-full is-resized\"><img loading=\"lazy\" decoding=\"async\" width=\"413\" height=\"177\" src=\"https:\/\/blogs.univ-tlse2.fr\/master-transmob\/files\/2023\/03\/nouv-lisst-cieu_1481800204220-png.png\" alt=\"\" class=\"wp-image-284\" style=\"width:200px;height:85px\" srcset=\"https:\/\/blogs.univ-tlse2.fr\/master-transmob\/files\/2023\/03\/nouv-lisst-cieu_1481800204220-png.png 413w, https:\/\/blogs.univ-tlse2.fr\/master-transmob\/files\/2023\/03\/nouv-lisst-cieu_1481800204220-png-300x129.png 300w\" sizes=\"auto, (max-width: 413px) 100vw, 413px\" \/><figcaption class=\"wp-element-caption\">Laboratoire Interdisciplinaire Solidarit\u00e9s Soci\u00e9t\u00e9s Territories &#8211; <\/figcaption><\/figure>\n<\/div>\n\n<p>Laboratoire de recherche o\u00f9 sont inscrits les doctorants<\/p>\n<p>Equipe CIEU : Centre Interdiciplinaire d&rsquo;Etudes Urbaines<\/p>\n<p>https:\/\/lisst.univ-tlse2.fr\/accueil\/hn-equipes-de-recherche\/centre-interdisciplinaire-d-etudes-urbaines-cieu-\/<\/p>\n<h2 style=\"text-align: left\"><strong>LISTE DES TH\u00c8SES dans la th\u00e9matique du parcours TRANSMOB<br \/><\/strong><\/h2>\n<p><strong>\u00a0<\/strong><strong> TH\u00c8SES EN COURS, TITRE, FINANCEMENT\u2026<\/strong><\/p>\n<ul>\n<li><strong>Nicolas EVENO :\u00a0<\/strong><em>Les territoires face aux transitions du secteur a\u00e9rien : quelles strat\u00e9gies d&rsquo;adaptation r\u00e9ciproques \u00e0 diff\u00e9rentes \u00e9chelles ?<\/em>\n<ul>\n<li>Sous la direction du professeur Philippe Dugot et de Bruno Revelli<\/li>\n<li>Financ\u00e9e sur un support TIRIS<\/li>\n<li>Inscription en septembre 2025<\/li>\n<\/ul>\n<\/li>\n<li><strong>Sibylle DEMUR : <\/strong><em>Les technologies de l&rsquo;information et de la communication comme outil de gouvernance et de planification des mobilit\u00e9s dans la ville de Santiago (Chili)<\/em>\n<ul>\n<li>Sous la direction du professeur Philippe Dugot<\/li>\n<li>Financ\u00e9e sur un support CDU<\/li>\n<li>Inscription en septembre 2022<\/li>\n<\/ul>\n<\/li>\n<li><strong>Rita AAZAN :<\/strong>\u00a0 <em>R\u00e9flexion sur les freins \u00e0 l\u2019usage des transports en commun \u00e0 Beyrouth<\/em>\n<ul>\n<li>En cotutelle avec l&rsquo;universit\u00e9 de Beyrouth, sous la co-direction\u00a0 des porfesseurs Corinne Siino et Fadi Hage Chedad<\/li>\n<li>Inscription \u00e0 l&rsquo;automne 2019<\/li>\n<\/ul>\n<\/li>\n<li><strong>\u00a0Alexandre STAUB\u00a0<\/strong> : <em>Mobilit\u00e9s alternatives et transition \u00e9nerg\u00e9tique : une approche socio spatiale des projets territoriaux en Occitanie<\/em>\n<ul>\n<li>Sous la direction du professeur Philippe Dugot<\/li>\n<li>Financ\u00e9e par une bourse CIFRE avec AREC-OCCITANIE<\/li>\n<li>Inscription automne 2018<\/li>\n<\/ul>\n<\/li>\n<li><strong>Makram MICI<\/strong> : <em>Le d\u00e9veloppement du port d\u2019Annaba<\/em>\n<ul>\n<li>en cotutelle avec l&rsquo;Universit\u00e9 de Badji Mokhtar d\u2019Annaba (Alg\u00e9rie), sous la co-direction des professeurs Philippe Dugot et Sassia Spiga<\/li>\n<li>Inscription \u00e0 l&rsquo;automne 2015<strong><br \/><\/strong><\/li>\n<\/ul>\n<\/li>\n<\/ul>\n<p><strong>\u00a0\u00a0 TH\u00c8SES SOUTENUES<br \/><\/strong><\/p>\n<ul>\n<li><strong>Aur\u00e9lie VERZEGNASSI :<\/strong><em> Un nouvel Axe Ferroviaire \u00e0 grande capacit\u00e9 pour la travers\u00e9e des Pyr\u00e9n\u00e9es. Enjeux et perspectives d&rsquo;un projet d&rsquo;infrastructure transfrontali\u00e8re \u00e0 vocation europ\u00e9enne<\/em>\n<ul>\n<li>En cotutelle avec l&rsquo;universit\u00e9 de Saragosse (Espagne), sous la co-direction des professeurs Jean-Pierre Wolff et Angel Pueyo Campos\u00a0<\/li>\n<li>Financ\u00e9e sur un support de bourse CIFRE avec R\u00e9seau Ferroviaire de France (RFF)<\/li>\n<li>Soutenue en f\u00e9vrier 2018<\/li>\n<\/ul>\n<\/li>\n<li><strong>Messaouda SMOUDA :<\/strong> <em>Fragmentations et mobilit\u00e9s dans la m\u00e9tropole de Tunis<\/em>\n<ul>\n<li>Sous la direction de la professeure Corinne Siino<\/li>\n<li>Soutenue en d\u00e9cembre 2017<\/li>\n<li>Disponible sur : https:\/\/theses.hal.science\/tel-02492173<\/li>\n<\/ul>\n<\/li>\n<li><strong>Nils Le BOT :<\/strong> <em>Quel avenir pour les gares m\u00e9tropolitaines fran\u00e7aises et allemandes ? Analyse prospective de la dialectique \u00ab\u00a0syst\u00e8me gare\u00a0\u00bb<\/em>\n<ul>\n<li>En cotutelle avec l&rsquo;universit\u00e9 de Postdam (Allemagne), sous la co-direction des professeurs Jean-Pierre Wolff et Manfred Rolfes<\/li>\n<li>Financ\u00e9e sur un support de bourse CIFRE avec l\u2019AREP (filiale de Gares et Connexion, SNCF)<\/li>\n<li>Soutenue en septembre 2019<\/li>\n<li>Disponible sur : https:\/\/theses.hal.science\/tel-02417572<\/li>\n<\/ul>\n<\/li>\n<li><strong>Bruno REVELLI : <\/strong><em>Des transports pour faire r\u00e9gion ? Les transports comme \u00e9l\u00e9ment de l\u00e9gitimation de la fusion r\u00e9gionale en Occitanie<\/em>\n<ul>\n<li>Sous la direction du professeur Jean-Pierre Wolff<\/li>\n<li>Financ\u00e9e sur un support CDU<\/li>\n<li>Soutenue en novembre 2019<\/li>\n<li>Disponible sur : https:\/\/theses.hal.science\/tel-03262495<\/li>\n<\/ul>\n<\/li>\n<li><strong>Laureline ANGOT :<\/strong> <em>L&rsquo;ambition d&rsquo;un Plan de D\u00e9placement Marchandise face aux limites de l&rsquo;action publique : le cas de la m\u00e9tropole toulousaine<\/em>\n<ul>\n<li>Sous la direction du professeur Philippe Dugot<\/li>\n<li>Financ\u00e9e sur un support CIFRE avec Toulouse-M\u00e9tropole<\/li>\n<li>Soutenue en octobre 2020<\/li>\n<li>Disponible sur : https:\/\/theses.hal.science\/tel-03462470<\/li>\n<\/ul>\n<\/li>\n<li><strong>Robin PUCHACZEWSKI : <\/strong><em>Observation, \u00e9valuation et fabrique des politiques cyclables \u00e0 l&rsquo;heure du retour du v\u00e9lo : le cas de l&rsquo;agglom\u00e9ration toulousaine<\/em>\n<ul>\n<li>Sous le direction du professeur Jean-Pierre Wolff<\/li>\n<li>Financ\u00e9e sur un support CIFRE avec Tiss\u00e9o-Collectivit\u00e9s<\/li>\n<li>Soutenue en juillet 2022<\/li>\n<li>Disponible sur : https:\/\/theses.hal.science\/tel-03857497<\/li>\n<\/ul>\n<\/li>\n<\/ul>","protected":false},"excerpt":{"rendered":"<p>Laboratoire de recherche o\u00f9 sont inscrits les doctorants Equipe CIEU : Centre Interdiciplinaire d&rsquo;Etudes Urbaines https:\/\/lisst.univ-tlse2.fr\/accueil\/hn-equipes-de-recherche\/centre-interdisciplinaire-d-etudes-urbaines-cieu-\/ LISTE DES TH\u00c8SES dans la th\u00e9matique du parcours TRANSMOB \u00a0 TH\u00c8SES EN COURS, TITRE, FINANCEMENT\u2026 Nicolas EVENO :\u00a0Les territoires face aux transitions du secteur &hellip; <a href=\"https:\/\/blogs.univ-tlse2.fr\/master-transmob\/divers\/\">Continuer la lecture <span class=\"meta-nav\">&rarr;<\/span><\/a><\/p>\n","protected":false},"author":107,"featured_media":0,"parent":0,"menu_order":0,"comment_status":"closed","ping_status":"closed","template":"","meta":{"footnotes":""},"class_list":["post-39","page","type-page","status-publish","hentry"],"_links":{"self":[{"href":"https:\/\/blogs.univ-tlse2.fr\/master-transmob\/wp-json\/wp\/v2\/pages\/39","targetHints":{"allow":["GET"]}}],"collection":[{"href":"https:\/\/blogs.univ-tlse2.fr\/master-transmob\/wp-json\/wp\/v2\/pages"}],"about":[{"href":"https:\/\/blogs.univ-tlse2.fr\/master-transmob\/wp-json\/wp\/v2\/types\/page"}],"author":[{"embeddable":true,"href":"https:\/\/blogs.univ-tlse2.fr\/master-transmob\/wp-json\/wp\/v2\/users\/107"}],"replies":[{"embeddable":true,"href":"https:\/\/blogs.univ-tlse2.fr\/master-transmob\/wp-json\/wp\/v2\/comments?post=39"}],"version-history":[{"count":13,"href":"https:\/\/blogs.univ-tlse2.fr\/master-transmob\/wp-json\/wp\/v2\/pages\/39\/revisions"}],"predecessor-version":[{"id":546,"href":"https:\/\/blogs.univ-tlse2.fr\/master-transmob\/wp-json\/wp\/v2\/pages\/39\/revisions\/546"}],"wp:attachment":[{"href":"https:\/\/blogs.univ-tlse2.fr\/master-transmob\/wp-json\/wp\/v2\/media?parent=39"}],"curies":[{"name":"wp","href":"https:\/\/api.w.org\/{rel}","templated":true}]}}