 {"id":429,"date":"2024-06-23T11:38:05","date_gmt":"2024-06-23T09:38:05","guid":{"rendered":"https:\/\/blogs.univ-tlse2.fr\/master-transmob\/?page_id=429"},"modified":"2024-06-23T11:38:05","modified_gmt":"2024-06-23T09:38:05","slug":"insertion-a-30-mois-donnees-ove","status":"publish","type":"page","link":"https:\/\/blogs.univ-tlse2.fr\/master-transmob\/insertion-a-30-mois-donnees-ove\/","title":{"rendered":"Insertion \u00e0 30 mois (donn\u00e9es OVE)"},"content":{"rendered":"\n<blockquote class=\"wp-block-quote has-text-align-right is-layout-flow wp-block-quote-is-layout-flow\">\n<p class=\"has-text-align-center\">L\u2019Observatoire national de la vie \u00e9tudiante (OVE) a \u00e9t\u00e9 cr\u00e9\u00e9 en 1989 par le ministre de l\u2019\u00e9ducation nationale. Il a pour mission de donner une information aussi compl\u00e8te, aussi d\u00e9taill\u00e9e et aussi objective que possible sur les conditions de vie des \u00e9tudiant\u00b7e\u00b7s et sur leur rapport avec le d\u00e9roulement des \u00e9tudes, de mani\u00e8re \u00e0 \u00e9clairer la r\u00e9flexion politique et sociale et \u00e0 aider \u00e0 la prise de d\u00e9cisions.<\/p>\n<cite>Source : OVE-national.education.fr<\/cite><\/blockquote>\n\n\n\n<figure class=\"wp-block-image size-full\"><img loading=\"lazy\" decoding=\"async\" width=\"853\" height=\"697\" src=\"https:\/\/blogs.univ-tlse2.fr\/master-transmob\/files\/2024\/06\/image.png\" alt=\"\" class=\"wp-image-423\" srcset=\"https:\/\/blogs.univ-tlse2.fr\/master-transmob\/files\/2024\/06\/image.png 853w, https:\/\/blogs.univ-tlse2.fr\/master-transmob\/files\/2024\/06\/image-300x245.png 300w, https:\/\/blogs.univ-tlse2.fr\/master-transmob\/files\/2024\/06\/image-768x628.png 768w\" sizes=\"auto, (max-width: 853px) 100vw, 853px\" \/><\/figure>\n\n\n\n<figure class=\"wp-block-image size-full\"><img loading=\"lazy\" decoding=\"async\" width=\"848\" height=\"700\" src=\"https:\/\/blogs.univ-tlse2.fr\/master-transmob\/files\/2024\/06\/image-1.png\" alt=\"\" class=\"wp-image-424\" srcset=\"https:\/\/blogs.univ-tlse2.fr\/master-transmob\/files\/2024\/06\/image-1.png 848w, https:\/\/blogs.univ-tlse2.fr\/master-transmob\/files\/2024\/06\/image-1-300x248.png 300w, https:\/\/blogs.univ-tlse2.fr\/master-transmob\/files\/2024\/06\/image-1-768x634.png 768w\" sizes=\"auto, (max-width: 848px) 100vw, 848px\" \/><\/figure>\n","protected":false},"excerpt":{"rendered":"<p>L\u2019Observatoire national de la vie \u00e9tudiante (OVE) a \u00e9t\u00e9 cr\u00e9\u00e9 en 1989 par le ministre de l\u2019\u00e9ducation nationale. Il a pour mission de donner une information aussi compl\u00e8te, aussi d\u00e9taill\u00e9e et aussi objective que possible sur les conditions de vie &hellip; <a href=\"https:\/\/blogs.univ-tlse2.fr\/master-transmob\/insertion-a-30-mois-donnees-ove\/\">Continuer la lecture <span class=\"meta-nav\">&rarr;<\/span><\/a><\/p>\n","protected":false},"author":1265,"featured_media":0,"parent":0,"menu_order":0,"comment_status":"closed","ping_status":"closed","template":"","meta":{"footnotes":""},"class_list":["post-429","page","type-page","status-publish","hentry"],"_links":{"self":[{"href":"https:\/\/blogs.univ-tlse2.fr\/master-transmob\/wp-json\/wp\/v2\/pages\/429","targetHints":{"allow":["GET"]}}],"collection":[{"href":"https:\/\/blogs.univ-tlse2.fr\/master-transmob\/wp-json\/wp\/v2\/pages"}],"about":[{"href":"https:\/\/blogs.univ-tlse2.fr\/master-transmob\/wp-json\/wp\/v2\/types\/page"}],"author":[{"embeddable":true,"href":"https:\/\/blogs.univ-tlse2.fr\/master-transmob\/wp-json\/wp\/v2\/users\/1265"}],"replies":[{"embeddable":true,"href":"https:\/\/blogs.univ-tlse2.fr\/master-transmob\/wp-json\/wp\/v2\/comments?post=429"}],"version-history":[{"count":2,"href":"https:\/\/blogs.univ-tlse2.fr\/master-transmob\/wp-json\/wp\/v2\/pages\/429\/revisions"}],"predecessor-version":[{"id":431,"href":"https:\/\/blogs.univ-tlse2.fr\/master-transmob\/wp-json\/wp\/v2\/pages\/429\/revisions\/431"}],"wp:attachment":[{"href":"https:\/\/blogs.univ-tlse2.fr\/master-transmob\/wp-json\/wp\/v2\/media?parent=429"}],"curies":[{"name":"wp","href":"https:\/\/api.w.org\/{rel}","templated":true}]}}