 {"id":435,"date":"2024-06-23T11:43:36","date_gmt":"2024-06-23T09:43:36","guid":{"rendered":"https:\/\/blogs.univ-tlse2.fr\/master-transmob\/?page_id=435"},"modified":"2024-06-23T11:43:36","modified_gmt":"2024-06-23T09:43:36","slug":"appreciation-de-la-formation-par-les-etudiants-donnees-ove","status":"publish","type":"page","link":"https:\/\/blogs.univ-tlse2.fr\/master-transmob\/appreciation-de-la-formation-par-les-etudiants-donnees-ove\/","title":{"rendered":"Appr\u00e9ciation de la formation par les \u00e9tudiants (donn\u00e9es OVE)"},"content":{"rendered":"\n<blockquote class=\"wp-block-quote has-text-align-right is-layout-flow wp-block-quote-is-layout-flow\">\n<p class=\"has-text-align-center\">L\u2019Observatoire national de la vie \u00e9tudiante (OVE) a \u00e9t\u00e9 cr\u00e9\u00e9 en 1989 par le ministre de l\u2019Education nationale. Il a pour mission de donner une information aussi compl\u00e8te, aussi d\u00e9taill\u00e9e et aussi objective que possible sur les conditions de vie des \u00e9tudiant\u00b7e\u00b7s et sur leur rapport avec le d\u00e9roulement des \u00e9tudes, de mani\u00e8re \u00e0 \u00e9clairer la r\u00e9flexion politique et sociale et \u00e0 aider \u00e0 la prise de d\u00e9cisions.<\/p>\n<cite>Source : OVE-national.education.fr<\/cite><\/blockquote>\n\n\n\n<figure class=\"wp-block-image size-large\"><img loading=\"lazy\" decoding=\"async\" width=\"1024\" height=\"721\" src=\"https:\/\/blogs.univ-tlse2.fr\/master-transmob\/files\/2024\/06\/image-2-1024x721.png\" alt=\"\" class=\"wp-image-427\" srcset=\"https:\/\/blogs.univ-tlse2.fr\/master-transmob\/files\/2024\/06\/image-2-1024x721.png 1024w, https:\/\/blogs.univ-tlse2.fr\/master-transmob\/files\/2024\/06\/image-2-300x211.png 300w, https:\/\/blogs.univ-tlse2.fr\/master-transmob\/files\/2024\/06\/image-2-768x541.png 768w, https:\/\/blogs.univ-tlse2.fr\/master-transmob\/files\/2024\/06\/image-2.png 1307w\" sizes=\"auto, (max-width: 1024px) 100vw, 1024px\" \/><\/figure>\n","protected":false},"excerpt":{"rendered":"<p>L\u2019Observatoire national de la vie \u00e9tudiante (OVE) a \u00e9t\u00e9 cr\u00e9\u00e9 en 1989 par le ministre de l\u2019Education nationale. Il a pour mission de donner une information aussi compl\u00e8te, aussi d\u00e9taill\u00e9e et aussi objective que possible sur les conditions de vie &hellip; <a href=\"https:\/\/blogs.univ-tlse2.fr\/master-transmob\/appreciation-de-la-formation-par-les-etudiants-donnees-ove\/\">Continuer la lecture <span class=\"meta-nav\">&rarr;<\/span><\/a><\/p>\n","protected":false},"author":1265,"featured_media":0,"parent":0,"menu_order":0,"comment_status":"closed","ping_status":"closed","template":"","meta":{"footnotes":""},"class_list":["post-435","page","type-page","status-publish","hentry"],"_links":{"self":[{"href":"https:\/\/blogs.univ-tlse2.fr\/master-transmob\/wp-json\/wp\/v2\/pages\/435","targetHints":{"allow":["GET"]}}],"collection":[{"href":"https:\/\/blogs.univ-tlse2.fr\/master-transmob\/wp-json\/wp\/v2\/pages"}],"about":[{"href":"https:\/\/blogs.univ-tlse2.fr\/master-transmob\/wp-json\/wp\/v2\/types\/page"}],"author":[{"embeddable":true,"href":"https:\/\/blogs.univ-tlse2.fr\/master-transmob\/wp-json\/wp\/v2\/users\/1265"}],"replies":[{"embeddable":true,"href":"https:\/\/blogs.univ-tlse2.fr\/master-transmob\/wp-json\/wp\/v2\/comments?post=435"}],"version-history":[{"count":1,"href":"https:\/\/blogs.univ-tlse2.fr\/master-transmob\/wp-json\/wp\/v2\/pages\/435\/revisions"}],"predecessor-version":[{"id":436,"href":"https:\/\/blogs.univ-tlse2.fr\/master-transmob\/wp-json\/wp\/v2\/pages\/435\/revisions\/436"}],"wp:attachment":[{"href":"https:\/\/blogs.univ-tlse2.fr\/master-transmob\/wp-json\/wp\/v2\/media?parent=435"}],"curies":[{"name":"wp","href":"https:\/\/api.w.org\/{rel}","templated":true}]}}