 {"id":439,"date":"2024-06-23T11:49:31","date_gmt":"2024-06-23T09:49:31","guid":{"rendered":"https:\/\/blogs.univ-tlse2.fr\/master-transmob\/?page_id=439"},"modified":"2026-03-14T23:27:25","modified_gmt":"2026-03-14T22:27:25","slug":"temoignages","status":"publish","type":"page","link":"https:\/\/blogs.univ-tlse2.fr\/master-transmob\/temoignages\/","title":{"rendered":"T\u00e9moignages"},"content":{"rendered":"\n<figure class=\"wp-block-image size-full\"><img loading=\"lazy\" decoding=\"async\" width=\"956\" height=\"443\" src=\"https:\/\/blogs.univ-tlse2.fr\/master-transmob\/files\/2024\/06\/Strasbourg-1.png\" alt=\"\" class=\"wp-image-441\" srcset=\"https:\/\/blogs.univ-tlse2.fr\/master-transmob\/files\/2024\/06\/Strasbourg-1.png 956w, https:\/\/blogs.univ-tlse2.fr\/master-transmob\/files\/2024\/06\/Strasbourg-1-300x139.png 300w, https:\/\/blogs.univ-tlse2.fr\/master-transmob\/files\/2024\/06\/Strasbourg-1-768x356.png 768w\" sizes=\"auto, (max-width: 956px) 100vw, 956px\" \/><\/figure>\n\n\n\n<p><strong>Nad\u00e8ge Benkamoun, <\/strong>\u00e9tudiante en reconversion professionnelle en stage \u00e0 ITER, post Linked-in (9 mars 2026)<\/p>\n\n\n\n<p>Je commence demain mon stage de M2 chez <a href=\"https:\/\/www.linkedin.com\/company\/iter-coop-rative-de-conseil-en-mobilit-s\/\">Iter, coop\u00e9rative de conseil en mobilit\u00e9s<\/a>.<br><br>\ud83c\udfac Cela marque la fin des 6 premiers mois du Master 2 Transmob (Transport &amp; Mobilit\u00e9) durant lesquels j&rsquo;ai d\u00e9couvert et approfondi des sujets passionnants comme la g\u00e9ographie sociale, la justice socio-spatiale, le dialogue territorial, la coh\u00e9rence urbanisme-transport, la planification, les enjeux de la mobilit\u00e9 durable avec son organisation, sa gestion, ses acteurs et sa gouvernance par les politiques publiques.<br><br>\ud83d\ude4f Un grand merci aux enseignants et aux intervenants pour tout le savoir qui nous a \u00e9t\u00e9 transmis (Bruno Revelli, Ph. Dugot, <a href=\"https:\/\/www.linkedin.com\/in\/guillaume-ficat-andrieu-752aaa122\/\">Guillaume FICAT-ANDRIEU<\/a>, <a href=\"https:\/\/www.linkedin.com\/in\/pauline-thibaud-87544310b\/\">Pauline Thibaud<\/a>, <a href=\"https:\/\/www.linkedin.com\/in\/sylvain-mathieu-50b409293\/\">Sylvain MATHIEU<\/a>, <a href=\"https:\/\/www.linkedin.com\/in\/sandrine-azema-50363899\/\">Sandrine AZEMA<\/a>, <a href=\"https:\/\/www.linkedin.com\/in\/valerie-vincent-a8535786\/\">valerie vincent<\/a>, <a href=\"https:\/\/www.linkedin.com\/in\/brice-navereau-a9004535\/\">Brice Navereau<\/a>, Jean-Marc Zuliani, et tous les autres)<br><br>\ud83d\udcdd J\u2019ai \u00e9galement r\u00e9alis\u00e9 plusieurs travaux, ce qui a honn\u00eatement \u00e9t\u00e9 tr\u00e8s satisfaisant, avec par exemple :<br>&#8211; une analyse des effets du SCOT Grand Ouest Aveyron sur la coh\u00e9rence urbanisme-transport, en faisant le choix de cartographier l&rsquo;\u00e9volution de l&rsquo;urbanisation \u00e0 proximit\u00e9 des gares de lignes de desserte fine ante et post SCOT<br>&#8211; une carte mentale sur les flux financiers li\u00e9s au transport routier, notamment ses externalit\u00e9s n\u00e9gatives (environnement, ins\u00e9curit\u00e9, bruit, et usage des infrastructures)<br>&#8211; un expos\u00e9 en bin\u00f4me sur les frontages urbains et l&rsquo;appropriation des trottoirs par les riverains, avec un coup de coeur pour les notions d&rsquo;espaces v\u00e9cus et d&rsquo;exercice de sa citoyennet\u00e9 dans les infrastructures urbaines<br>&#8211; un atlas de quelques quartiers prioritaires de la ville (QPV) de Montpellier, en repr\u00e9sentant l&rsquo;accessibilit\u00e9 \u00e0 pied aux stations de tramway (ce qui a confirm\u00e9 que j&rsquo;avais bien attrap\u00e9 le virus du SIG )<br>&#8211; et enfin, un projet d&rsquo;\u00e9tude en r\u00e9ponse \u00e0 la commande de <a href=\"https:\/\/www.linkedin.com\/company\/tiss%C3%A9ocollectivit%C3%A9s\/\">Tiss\u00e9o Collectivit\u00e9s<\/a> sur l&rsquo;\u00e9valuation de l&rsquo;ouverture de voies de bus \u00e0 des v\u00e9hicules en situation de covoiturage. Je me suis r\u00e9gal\u00e9e en travaillant sur la partie benchmark, nourrie par le site du <a href=\"https:\/\/www.linkedin.com\/company\/cerema\/\">Cerema<\/a> et par la r\u00e9alisation d&rsquo;entretiens avec <a href=\"https:\/\/www.linkedin.com\/company\/rennes-villeetmetropole\/\">Rennes Ville et M\u00e9tropole<\/a>, <a href=\"https:\/\/www.linkedin.com\/company\/nantesmetropole\/\">Nantes M\u00e9tropole<\/a>, la <a href=\"https:\/\/www.linkedin.com\/company\/dir-ouest\/\">DIR Ouest<\/a> et <a href=\"https:\/\/www.linkedin.com\/company\/bordeaux-m%C3%A9tropole\/\">Bordeaux M\u00e9tropole<\/a> que je remercie chaleureusement. Les \u00e9l\u00e9ments recueillis ont permis d\u2019\u00e9tablir des crit\u00e8res d\u2019\u00e9valuation de tron\u00e7ons candidats observ\u00e9s sur le terrain (caract\u00e9ristiques circulatoires des voies, congestion, gain de temps, trafic estim\u00e9, trafic bus, continuit\u00e9 du tron\u00e7on, etc.). Bravo \u00e0 tous les \u00e9tudiants pour ce super travail d&rsquo;\u00e9quipe, et merci aux encadrants et \u00e0 <a href=\"https:\/\/www.linkedin.com\/company\/tiss%C3%A9ocollectivit%C3%A9s\/\">Tiss\u00e9o Collectivit\u00e9s<\/a> (<a href=\"https:\/\/www.linkedin.com\/in\/pierre-aguttes-651a52117\/\">Pierre Aguttes<\/a>) pour cette belle opportunit\u00e9 de mise en situation professionnelle.<br><br>Une mention sp\u00e9ciale \u00e0 ma petite famille pour cette p\u00e9riode particuli\u00e8re.<br><br>Je me sens au bon endroit sur une th\u00e9matique complexe \u00e0 fort enjeu soci\u00e9tal et environnemental, et pour laquelle une approche plurielle et coop\u00e9rative me semble cruciale \u00e0 d\u00e9velopper.<\/p>\n\n\n\n<p>H\u00e2te de continuer ce chemin ces prochains mois \ud83d\udee4\ufe0f<\/p>\n\n\n\n<figure class=\"wp-block-image size-large\"><img loading=\"lazy\" decoding=\"async\" width=\"1024\" height=\"712\" src=\"https:\/\/blogs.univ-tlse2.fr\/master-transmob\/files\/2026\/03\/image-1-1024x712.png\" alt=\"\" class=\"wp-image-548\" srcset=\"https:\/\/blogs.univ-tlse2.fr\/master-transmob\/files\/2026\/03\/image-1-1024x712.png 1024w, https:\/\/blogs.univ-tlse2.fr\/master-transmob\/files\/2026\/03\/image-1-300x209.png 300w, https:\/\/blogs.univ-tlse2.fr\/master-transmob\/files\/2026\/03\/image-1-768x534.png 768w, https:\/\/blogs.univ-tlse2.fr\/master-transmob\/files\/2026\/03\/image-1.png 1089w\" sizes=\"auto, (max-width: 1024px) 100vw, 1024px\" \/><\/figure>\n\n\n\n<figure class=\"wp-block-image size-large\"><img loading=\"lazy\" decoding=\"async\" width=\"1024\" height=\"721\" src=\"https:\/\/blogs.univ-tlse2.fr\/master-transmob\/files\/2026\/03\/image-3-1024x721.png\" alt=\"\" class=\"wp-image-550\" srcset=\"https:\/\/blogs.univ-tlse2.fr\/master-transmob\/files\/2026\/03\/image-3-1024x721.png 1024w, https:\/\/blogs.univ-tlse2.fr\/master-transmob\/files\/2026\/03\/image-3-300x211.png 300w, https:\/\/blogs.univ-tlse2.fr\/master-transmob\/files\/2026\/03\/image-3-768x541.png 768w, https:\/\/blogs.univ-tlse2.fr\/master-transmob\/files\/2026\/03\/image-3.png 1292w\" sizes=\"auto, (max-width: 1024px) 100vw, 1024px\" \/><\/figure>\n\n\n\n<figure class=\"wp-block-image size-large\"><img loading=\"lazy\" decoding=\"async\" width=\"1024\" height=\"576\" src=\"https:\/\/blogs.univ-tlse2.fr\/master-transmob\/files\/2026\/03\/image-2-1024x576.png\" alt=\"\" class=\"wp-image-549\" srcset=\"https:\/\/blogs.univ-tlse2.fr\/master-transmob\/files\/2026\/03\/image-2-1024x576.png 1024w, https:\/\/blogs.univ-tlse2.fr\/master-transmob\/files\/2026\/03\/image-2-300x169.png 300w, https:\/\/blogs.univ-tlse2.fr\/master-transmob\/files\/2026\/03\/image-2-768x432.png 768w, https:\/\/blogs.univ-tlse2.fr\/master-transmob\/files\/2026\/03\/image-2-1536x864.png 1536w, https:\/\/blogs.univ-tlse2.fr\/master-transmob\/files\/2026\/03\/image-2.png 1920w\" sizes=\"auto, (max-width: 1024px) 100vw, 1024px\" \/><\/figure>\n\n\n\n<figure class=\"wp-block-gallery has-nested-images columns-default is-cropped wp-block-gallery-1 is-layout-flex wp-block-gallery-is-layout-flex\">\n<figure class=\"wp-block-image size-large\"><img loading=\"lazy\" decoding=\"async\" width=\"768\" height=\"1024\" data-id=\"557\" src=\"https:\/\/blogs.univ-tlse2.fr\/master-transmob\/files\/2026\/03\/image-10-768x1024.png\" alt=\"\" class=\"wp-image-557\" srcset=\"https:\/\/blogs.univ-tlse2.fr\/master-transmob\/files\/2026\/03\/image-10-768x1024.png 768w, https:\/\/blogs.univ-tlse2.fr\/master-transmob\/files\/2026\/03\/image-10-225x300.png 225w, https:\/\/blogs.univ-tlse2.fr\/master-transmob\/files\/2026\/03\/image-10-1152x1536.png 1152w, https:\/\/blogs.univ-tlse2.fr\/master-transmob\/files\/2026\/03\/image-10.png 1200w\" sizes=\"auto, (max-width: 768px) 100vw, 768px\" \/><\/figure>\n\n\n\n<figure class=\"wp-block-image size-large\"><img loading=\"lazy\" decoding=\"async\" width=\"1024\" height=\"768\" data-id=\"556\" src=\"https:\/\/blogs.univ-tlse2.fr\/master-transmob\/files\/2026\/03\/image-9-1024x768.png\" alt=\"\" class=\"wp-image-556\" srcset=\"https:\/\/blogs.univ-tlse2.fr\/master-transmob\/files\/2026\/03\/image-9-1024x768.png 1024w, https:\/\/blogs.univ-tlse2.fr\/master-transmob\/files\/2026\/03\/image-9-300x225.png 300w, https:\/\/blogs.univ-tlse2.fr\/master-transmob\/files\/2026\/03\/image-9-768x576.png 768w, https:\/\/blogs.univ-tlse2.fr\/master-transmob\/files\/2026\/03\/image-9-1536x1152.png 1536w, https:\/\/blogs.univ-tlse2.fr\/master-transmob\/files\/2026\/03\/image-9.png 1600w\" sizes=\"auto, (max-width: 1024px) 100vw, 1024px\" \/><\/figure>\n\n\n\n<figure class=\"wp-block-image size-large\"><img loading=\"lazy\" decoding=\"async\" width=\"1024\" height=\"768\" data-id=\"555\" src=\"https:\/\/blogs.univ-tlse2.fr\/master-transmob\/files\/2026\/03\/image-8-1024x768.png\" alt=\"\" class=\"wp-image-555\" srcset=\"https:\/\/blogs.univ-tlse2.fr\/master-transmob\/files\/2026\/03\/image-8-1024x768.png 1024w, https:\/\/blogs.univ-tlse2.fr\/master-transmob\/files\/2026\/03\/image-8-300x225.png 300w, https:\/\/blogs.univ-tlse2.fr\/master-transmob\/files\/2026\/03\/image-8-768x576.png 768w, https:\/\/blogs.univ-tlse2.fr\/master-transmob\/files\/2026\/03\/image-8-1536x1152.png 1536w, https:\/\/blogs.univ-tlse2.fr\/master-transmob\/files\/2026\/03\/image-8.png 1600w\" sizes=\"auto, (max-width: 1024px) 100vw, 1024px\" \/><\/figure>\n\n\n\n<figure class=\"wp-block-image size-large\"><img loading=\"lazy\" decoding=\"async\" width=\"1024\" height=\"768\" data-id=\"553\" src=\"https:\/\/blogs.univ-tlse2.fr\/master-transmob\/files\/2026\/03\/image-6-1024x768.png\" alt=\"\" class=\"wp-image-553\" srcset=\"https:\/\/blogs.univ-tlse2.fr\/master-transmob\/files\/2026\/03\/image-6-1024x768.png 1024w, https:\/\/blogs.univ-tlse2.fr\/master-transmob\/files\/2026\/03\/image-6-300x225.png 300w, https:\/\/blogs.univ-tlse2.fr\/master-transmob\/files\/2026\/03\/image-6-768x576.png 768w, https:\/\/blogs.univ-tlse2.fr\/master-transmob\/files\/2026\/03\/image-6-1536x1152.png 1536w, https:\/\/blogs.univ-tlse2.fr\/master-transmob\/files\/2026\/03\/image-6.png 1600w\" sizes=\"auto, (max-width: 1024px) 100vw, 1024px\" \/><\/figure>\n\n\n\n<figure class=\"wp-block-image size-large\"><img loading=\"lazy\" decoding=\"async\" width=\"1024\" height=\"768\" data-id=\"552\" src=\"https:\/\/blogs.univ-tlse2.fr\/master-transmob\/files\/2026\/03\/image-5-1024x768.png\" alt=\"\" class=\"wp-image-552\" srcset=\"https:\/\/blogs.univ-tlse2.fr\/master-transmob\/files\/2026\/03\/image-5-1024x768.png 1024w, https:\/\/blogs.univ-tlse2.fr\/master-transmob\/files\/2026\/03\/image-5-300x225.png 300w, https:\/\/blogs.univ-tlse2.fr\/master-transmob\/files\/2026\/03\/image-5-768x576.png 768w, https:\/\/blogs.univ-tlse2.fr\/master-transmob\/files\/2026\/03\/image-5-1536x1152.png 1536w, https:\/\/blogs.univ-tlse2.fr\/master-transmob\/files\/2026\/03\/image-5.png 2016w\" sizes=\"auto, (max-width: 1024px) 100vw, 1024px\" \/><\/figure>\n<\/figure>\n\n\n\n<p><strong>Luka Giordano<\/strong>, charg\u00e9 d&rsquo;\u00e9tudes mobilit\u00e9 chez Systra, est dipl\u00f4m\u00e9 de la promotion 2021 du master Transmob.<\/p>\n\n\n\n<p>J&rsquo;ai particuli\u00e8rement appr\u00e9ci\u00e9 le parcours. Les enseignements dispens\u00e9s permettent v\u00e9ritablement de cerner les probl\u00e9matiques et les enjeux en lien avec la mobilit\u00e9 contemporaine. L&rsquo;approche transversale apport\u00e9e par les cours mutualis\u00e9s avec les autres masters d&rsquo;urbanisme et le voyage de promo au cours de la deuxi\u00e8me ann\u00e9e de master ont \u00e9t\u00e9 tr\u00e8s enrichissants et m&rsquo;ont permis de comprendre ce que sont la mobilit\u00e9 et l&rsquo;am\u00e9nagement du territoire au-del\u00e0 des simples aspects d&rsquo;infrastructures et de transports. <\/p>\n\n\n\n<p>La richesse du master se trouve \u00e9galement au sein des ateliers professionnalisants et des interventions de personnalit\u00e9s externes au cursus. J&rsquo;y ai trouv\u00e9 un int\u00e9r\u00eat tant p\u00e9dagogique que professionnel avec une mise en application concr\u00e8te des enseignements dispens\u00e9s et une mise en lumi\u00e8re des d\u00e9bouch\u00e9s professionnels. Ces comp\u00e9tences m&rsquo;ont \u00e9t\u00e9 largement utiles au cours de mes stages, d&rsquo;abord au sein de la R\u00e9gion Occitanie, ensuite au sein de Systra, et le sont encore \u00e0 l&rsquo;heure actuelle.<\/p>\n\n\n\n<p><strong>Rodney Akueson<\/strong>, charg\u00e9 de mission barom\u00e8tre des villes cyclables pour le compte de la FUB (f\u00e9d\u00e9ration des usagers de la bicyclette), lobbyiste du deux roues, est dipl\u00f4m\u00e9 de la promotion 2018 du master Transmob<\/p>\n\n\n\n<h5 class=\"wp-block-heading\">Pourquoi avoir choisi cette formation&nbsp;?<\/h5>\n\n\n\n<p>Apr\u00e8s mon bac, j\u2019ai eu envie de suivre des \u00e9tudes en architecture. Je me suis vite rendu compte que je n\u2019avais pas le niveau. Et puis, ma tante, urbaniste-architecte elle-m\u00eame, m\u2019avait \u00e9galement mis en garde sur la \u00ab&nbsp;duret\u00e9&nbsp;\u00bb de la formation dans ce domaine. C\u2019est sur ses conseils que j\u2019ai choisi l\u2019urbanisme.<br>Apr\u00e8s trois ans de formation en gestion de l\u2019espace et am\u00e9nagement du territoire, je me suis orient\u00e9 vers une licence g\u00e9ographie \u00e0 l\u2019UT2J, passage oblig\u00e9 pour acc\u00e9der \u00e0 un master en urbanisme.<br>Pour ce qui est de mon choix d\u2019universit\u00e9, c\u2019est d\u2019abord la ville de Toulouse que j\u2019ai choisi. D\u2019origine b\u00e9ninoise, c\u2019est la qualit\u00e9 de vie et la diversit\u00e9 des formations que propose la r\u00e9gion qui m\u2019a d\u00e9cid\u00e9. De plus, la pr\u00e9sence familiale dans la ville rose n&rsquo;a fait que confirmer ce choix qui me paraissait \u00e9vident.<\/p>\n\n\n\n<p>L\u2019UT2J (\u00e0 l\u2019\u00e9poque l\u2019Universit\u00e9 Toulouse le Mirail) est l\u2019universit\u00e9 toulousaine qui dispensait le master que je souhaitais suivre&nbsp;: le master Apter. \u00c0 l\u2019issue de ma licence, je n\u2019ai malheureusement pas \u00e9t\u00e9 pris dans ce premier choix mais dans le second, le master Transmob. Un deuxi\u00e8me choix que je ne regrette absolument pas. Le domaine des transports fut pour moi une r\u00e9elle opportunit\u00e9, un domaine porteur en mati\u00e8re d\u2019emploi me permettant de travailler dans de nombreux secteurs.<br>D&rsquo;ailleurs, j&rsquo;esp\u00e8re avoir l&rsquo;opportunit\u00e9 de rentrer dans mon pays d\u2019origine, le B\u00e9nin, pour y travailler. En effet, une bonne politique en mati\u00e8re de transports est un levier important pour les pays en d\u00e9veloppement.<\/p>\n\n\n\n<h5 class=\"wp-block-heading\"><strong>Parlez-moi de vos \u00e9tudes :<\/strong><\/h5>\n\n\n\n<p>J\u2019ai suivi tout mon cursus \u00e0 l\u2019UT2J. Durant toutes ces ann\u00e9es, je me suis surtout concentr\u00e9 sur mes \u00e9tudes et sur mes jobs \u00e9tudiants. J\u2019en ai \u00e9galement profit\u00e9 pour jouer au foot dans l\u2019\u00e9quipe de l\u2019universit\u00e9. Une super \u00e9quipe avec un tr\u00e8s bon niveau.<\/p>\n\n\n\n<p>J\u2019y ai rencontr\u00e9 \u00e9norm\u00e9ment de personnes. Certains sont devenus des amis. Et puis, un conseil, faites un tour au foyer de g\u00e9ographie&nbsp;!<\/p>\n\n\n\n<p>Mais ce que je retiens de mes \u00e9tudes, ce sont les enseignements, en particulier cette approche professionnalisante du master. Les enseignants avaient des relations \u00e9troites avec des professionnels du secteur. Ces derniers intervenaient d\u2019ailleurs r\u00e9guli\u00e8rement dans les cours.<\/p>\n\n\n\n<p>Et puis, mon stage de fin d\u2019\u00e9tudes, que j\u2019ai pu r\u00e9aliser \u00e0 la Mairie de Paris. Une opportunit\u00e9 qui j\u2019ai failli rater puisque lorsque j\u2019ai re\u00e7u une r\u00e9ponse positive \u00e0 la suite de ma candidature, je n\u2019y ai pas cru. C\u2019est apr\u00e8s plusieurs appels insistants que j\u2019ai r\u00e9alis\u00e9. Objectif&nbsp;de ma mission : rendre plus vert les d\u00e9placements des personnels de la direction des constructions publiques et de l&rsquo;architecture de la Ville.<\/p>\n\n\n\n<h5 class=\"wp-block-heading\"><strong>Quelle profession exercez-vous aujourd\u2019hui ?<\/strong><\/h5>\n\n\n\n<p>Je suis actuellement charg\u00e9 de mission barom\u00e8tre des villes cyclables&nbsp;\u00e0 <a href=\"https:\/\/www.fub.fr\/?fbclid=IwAR1V-OFJwKYZpoiQ2q3q4tCoNfCOHn14SzhYyY7zqlyo-chNwnwe2a03LwQ\">la FUB (F\u00e9d\u00e9ration des usagers de la bicyclette)<\/a> et ai la responsabilit\u00e9 de mener \u00e0 bien la seconde \u00e9dition de l\u2019enqu\u00eate nationale sur la cyclabilit\u00e9 des villes. Notre objectif, influencer les publics en mati\u00e8re de politique cyclable afin de faire du v\u00e9lo le sujet des prochaines \u00e9lections municipales de mars 2020.<\/p>\n\n\n\n<p>Pour revenir \u00e0 mes activit\u00e9s pour le barom\u00e8tre, je m\u2019occupe principalement de la mise en place de l\u2019enqu\u00eate en ligne (\u00e9tablissement du cahier des charges et suivi de l\u2019outil d\u2019identification\/cartographie des zones). J\u2019agis \u00e0 la fois sur les aspects techniques et sur la partie communication (organiser toute la strat\u00e9gie de communication autour des associations de la FUB, du grand public et des partenaires priv\u00e9s). \u00c0 l\u2019issue, je devrais \u00e9galement r\u00e9colter et traiter les donn\u00e9es de l\u2019enqu\u00eate, les rendre accessible \u00e0 tous, en vue de la remise de prix des villes les plus cyclables de France. Et pour \u00eatre class\u00e9e, une commune doit comptabiliser \u00e0 minima 50 r\u00e9ponses.<\/p>\n\n\n\n<h5 class=\"wp-block-heading\"><strong>Quels conseils donneriez-vous aux \u00e9tudiants souhaitant suivre la m\u00eame formation que vous ?<\/strong><\/h5>\n\n\n\n<p>Si j\u2019ai un conseil \u00e0 donner \u00e0 ces \u00e9tudiants c\u2019est surtout de ne pas se d\u00e9courager car la licence de g\u00e9o est tr\u00e8s dure. Mais lorsque cette \u00e9tape plut\u00f4t g\u00e9n\u00e9raliste est pass\u00e9e, on acc\u00e8de \u00e0 des domaines plus concrets qui correspondent davantage \u00e0 la r\u00e9alit\u00e9 du terrain.<\/p>\n\n\n\n<p>Ensuite je leur conseillerais de commencer \u00e0 construire leur projet professionnel d\u00e8s la licence pour faire le bon choix de master, ce qui est d\u00e9cisif pour r\u00e9ussir.<\/p>\n","protected":false},"excerpt":{"rendered":"<p>Nad\u00e8ge Benkamoun, \u00e9tudiante en reconversion professionnelle en stage \u00e0 ITER, post Linked-in (9 mars 2026) Je commence demain mon stage de M2 chez Iter, coop\u00e9rative de conseil en mobilit\u00e9s. \ud83c\udfac Cela marque la fin des 6 premiers mois du Master &hellip; <a href=\"https:\/\/blogs.univ-tlse2.fr\/master-transmob\/temoignages\/\">Continuer la lecture <span class=\"meta-nav\">&rarr;<\/span><\/a><\/p>\n","protected":false},"author":1265,"featured_media":0,"parent":0,"menu_order":0,"comment_status":"closed","ping_status":"closed","template":"","meta":{"footnotes":""},"class_list":["post-439","page","type-page","status-publish","hentry"],"_links":{"self":[{"href":"https:\/\/blogs.univ-tlse2.fr\/master-transmob\/wp-json\/wp\/v2\/pages\/439","targetHints":{"allow":["GET"]}}],"collection":[{"href":"https:\/\/blogs.univ-tlse2.fr\/master-transmob\/wp-json\/wp\/v2\/pages"}],"about":[{"href":"https:\/\/blogs.univ-tlse2.fr\/master-transmob\/wp-json\/wp\/v2\/types\/page"}],"author":[{"embeddable":true,"href":"https:\/\/blogs.univ-tlse2.fr\/master-transmob\/wp-json\/wp\/v2\/users\/1265"}],"replies":[{"embeddable":true,"href":"https:\/\/blogs.univ-tlse2.fr\/master-transmob\/wp-json\/wp\/v2\/comments?post=439"}],"version-history":[{"count":2,"href":"https:\/\/blogs.univ-tlse2.fr\/master-transmob\/wp-json\/wp\/v2\/pages\/439\/revisions"}],"predecessor-version":[{"id":558,"href":"https:\/\/blogs.univ-tlse2.fr\/master-transmob\/wp-json\/wp\/v2\/pages\/439\/revisions\/558"}],"wp:attachment":[{"href":"https:\/\/blogs.univ-tlse2.fr\/master-transmob\/wp-json\/wp\/v2\/media?parent=439"}],"curies":[{"name":"wp","href":"https:\/\/api.w.org\/{rel}","templated":true}]}}