 {"id":7,"date":"2016-02-15T11:18:19","date_gmt":"2016-02-15T10:18:19","guid":{"rendered":"https:\/\/blogs.univ-tlse2.fr\/master-transmob\/?page_id=7"},"modified":"2024-06-23T11:51:38","modified_gmt":"2024-06-23T09:51:38","slug":"competences-professionnelles","status":"publish","type":"page","link":"https:\/\/blogs.univ-tlse2.fr\/master-transmob\/competences-professionnelles\/","title":{"rendered":"Insertion professionnelle"},"content":{"rendered":"\n<figure class=\"wp-block-image size-full\"><img loading=\"lazy\" decoding=\"async\" width=\"956\" height=\"446\" src=\"https:\/\/blogs.univ-tlse2.fr\/master-transmob\/files\/2023\/03\/Geneve.png\" alt=\"\" class=\"wp-image-270\" srcset=\"https:\/\/blogs.univ-tlse2.fr\/master-transmob\/files\/2023\/03\/Geneve.png 956w, https:\/\/blogs.univ-tlse2.fr\/master-transmob\/files\/2023\/03\/Geneve-300x140.png 300w, https:\/\/blogs.univ-tlse2.fr\/master-transmob\/files\/2023\/03\/Geneve-768x358.png 768w, https:\/\/blogs.univ-tlse2.fr\/master-transmob\/files\/2023\/03\/Geneve-624x291.png 624w\" sizes=\"auto, (max-width: 956px) 100vw, 956px\" \/><\/figure>\n\n\n\n<h2 class=\"wp-block-heading\">Promotion 2023 : que font-ils deux mois apr\u00e8s ?<\/h2>\n\n\n\n<ul class=\"wp-block-list\">\n<li>Charg\u00e9(e) d&rsquo;\u00e9tudes mobilit\u00e9 en CDI \u00e0 <strong>IRIS Conseil<\/strong><\/li>\n\n\n\n<li>Charg\u00e9(e) de mission en CDI au <strong>Conseil D\u00e9partemental du Lot<\/strong><\/li>\n\n\n\n<li>Charg\u00e9(e) de projet mobilit\u00e9s durables \u00e0 <strong>Immergis<\/strong><\/li>\n\n\n\n<li>Charg\u00e9(e) de mission mobilit\u00e9 et urbanisme \u00e0 <strong>Tiss\u00e9o<\/strong><\/li>\n\n\n\n<li>Charg\u00e9(e) d&rsquo;\u00e9tudes mobilit\u00e9 de la <strong>Commune d&rsquo;Ivry-sur-Seine<\/strong><\/li>\n\n\n\n<li>Chef(fe) de projet \u00e9tudes mobilit\u00e9s durables \u00e0 <strong>Bordeaux M\u00e9tropole<\/strong><\/li>\n\n\n\n<li>Consultant transports et mobilit\u00e9s durables en CDI \u00e0 <strong>RATP Dev<\/strong><\/li>\n\n\n\n<li>Consultant en mobilit\u00e9 urbaine \u00e0 <strong>Transitec<\/strong><\/li>\n\n\n\n<li>Consultant analyste mobilit\u00e9s urbaines et durables en CDI \u00e0 <strong>INOV360<\/strong><\/li>\n<\/ul>\n\n\n\n<h2 class=\"wp-block-heading\">Promotion 2022 : que font-ils six mois apr\u00e8s ?<\/h2>\n\n\n\n<ul class=\"wp-block-list\">\n<li>Charg\u00e9(e) d&rsquo;\u00e9tudes mobilit\u00e9 \u00e0 <strong>Systra<\/strong><\/li>\n\n\n\n<li>Charg\u00e9(e) d&rsquo;\u00e9tudes mobilit\u00e9 \u00e0 l&rsquo;<strong>Agence d&rsquo;Urbanisme et d&rsquo;Am\u00e9nagement de Toulouse<\/strong><\/li>\n\n\n\n<li>Charg\u00e9(e) de mission covoiturage \u00e0 l&rsquo;<strong>OTEMA<\/strong><\/li>\n\n\n\n<li>Charg\u00e9(e) de mission marketing \u00e0 <strong>K\u00e9olis<\/strong><\/li>\n\n\n\n<li>Charg\u00e9(e) de projet tramway et bus \u00e0 <strong>Ile-de-France Mobilit\u00e9s<\/strong><\/li>\n\n\n\n<li>Charg\u00e9(e) d&rsquo;\u00e9tudes mobilit\u00e9 \u00e0 <strong>Transamo<\/strong><\/li>\n\n\n\n<li>Charg\u00e9(e) d&rsquo;\u00e9tudes \u00e0 <strong>Ecomobilit\u00e9s et Territoires<\/strong><\/li>\n\n\n\n<li>Charg\u00e9(e) de mission mobilit\u00e9 \u00e0 la <strong>Communaut\u00e9 d&rsquo;Agglom\u00e9ration de Gaillac-Graulhet<\/strong><\/li>\n\n\n\n<li>Charg\u00e9(e) de mission Transports \u00e0 la Demande (TAD) \u00e0 la <strong>R\u00e9gion Occitanie<\/strong><\/li>\n\n\n\n<li>Coordinatrice <strong>Plateforme Mobilit\u00e9<\/strong><\/li>\n\n\n\n<li>Ing\u00e9nieur(e) de recherche en mobilit\u00e9 \u00e0 l&rsquo;<strong>IRIT<\/strong> (Institut de Recherche en Informatique de Toulouse)<\/li>\n\n\n\n<li><\/li>\n<\/ul>\n\n\n\n<p><\/p>\n\n\n\n<p><\/p>\n\n\n\n<p><\/p>\n\n\n\n<p class=\"has-text-align-right\"><\/p>\n\n\n<p><\/strong><\/p>","protected":false},"excerpt":{"rendered":"<p>Promotion 2023 : que font-ils deux mois apr\u00e8s ? Promotion 2022 : que font-ils six mois apr\u00e8s ?<\/p>\n","protected":false},"author":107,"featured_media":0,"parent":0,"menu_order":0,"comment_status":"closed","ping_status":"closed","template":"","meta":{"footnotes":""},"class_list":["post-7","page","type-page","status-publish","hentry"],"_links":{"self":[{"href":"https:\/\/blogs.univ-tlse2.fr\/master-transmob\/wp-json\/wp\/v2\/pages\/7","targetHints":{"allow":["GET"]}}],"collection":[{"href":"https:\/\/blogs.univ-tlse2.fr\/master-transmob\/wp-json\/wp\/v2\/pages"}],"about":[{"href":"https:\/\/blogs.univ-tlse2.fr\/master-transmob\/wp-json\/wp\/v2\/types\/page"}],"author":[{"embeddable":true,"href":"https:\/\/blogs.univ-tlse2.fr\/master-transmob\/wp-json\/wp\/v2\/users\/107"}],"replies":[{"embeddable":true,"href":"https:\/\/blogs.univ-tlse2.fr\/master-transmob\/wp-json\/wp\/v2\/comments?post=7"}],"version-history":[{"count":25,"href":"https:\/\/blogs.univ-tlse2.fr\/master-transmob\/wp-json\/wp\/v2\/pages\/7\/revisions"}],"predecessor-version":[{"id":445,"href":"https:\/\/blogs.univ-tlse2.fr\/master-transmob\/wp-json\/wp\/v2\/pages\/7\/revisions\/445"}],"wp:attachment":[{"href":"https:\/\/blogs.univ-tlse2.fr\/master-transmob\/wp-json\/wp\/v2\/media?parent=7"}],"curies":[{"name":"wp","href":"https:\/\/api.w.org\/{rel}","templated":true}]}}