 {"id":2,"date":"2016-02-11T16:34:54","date_gmt":"2016-02-11T15:34:54","guid":{"rendered":"https:\/\/blogs.univ-tlse2.fr\/master-vihate\/?page_id=2"},"modified":"2024-03-28T12:55:46","modified_gmt":"2024-03-28T11:55:46","slug":"presentation","status":"publish","type":"page","link":"https:\/\/blogs.univ-tlse2.fr\/master-vihate\/","title":{"rendered":"Pr\u00e9sentation"},"content":{"rendered":"<p><strong>Le Master VIHATE<\/strong> <strong><em>Villes, Habitat et Transition \u00c9cologique<\/em><\/strong>, forme \u00e0 l\u2019analyse du fait urbain contemporain et \u00e0 la pratique de l\u2019urbanisme, particuli\u00e8rement dans les domaines du logement, de l\u2019habitat et de la transition \u00e9cologique des villes.<\/p>\n<p>Privil\u00e9giant l\u2019analyse crois\u00e9e des modes d\u2019habiter et des outils de l\u2019action sur les villes, la formation donne des comp\u00e9tences en analyse urbaine, diagnostic territorial, ma\u00eetrise d\u2019ouvrage, planification, urbanisme op\u00e9rationnel. Soucieuse d\u2019aborder l\u2019urbain dans sa diversit\u00e9, le Master VIHATE s\u2019int\u00e9resse aux m\u00e9tropoles autant qu\u2019aux petites villes et traite de sujets intra-urbains mais aussi p\u00e9riurbains.<\/p>\n<p>La formation est labellis\u00e9e par l\u2019APERAU (Association pour les \u00e9tudes et la recherche en am\u00e9nagement et urbanisme &#8211; <a href=\"http:\/\/aperau.org\">http:\/\/aperau.org<\/a>) et a tiss\u00e9, depuis une vingtaine d\u2019ann\u00e9es des partenariats avec des collectivit\u00e9s territoriales, des services de l\u2019\u00c9tat, des associations.<\/p>\n<p><strong>Le Master VIHATE<\/strong> <strong><em>Villes, Habitat et Transition \u00c9cologique<\/em><\/strong> fonctionne depuis la rentr\u00e9e universitaire 2016. En les rempla\u00e7ant, il s&rsquo;inscrit dans la continuit\u00e9 de formations existant au sein du D\u00e9partement de G\u00e9ographie-Am\u00e9nagement-Environnement depuis plusieurs ann\u00e9es : plus de 20 ans pour le Master Villes, Habitat et Politiques d&rsquo;Am\u00e9nagement et 5 ans pour le Master Villes et Environnement.<\/p>\n<p><strong>Le Master VIHATE sur le site de l&rsquo;Universit\u00e9 Toulouse-Jean Jaur\u00e8s :<\/strong><\/p>\n<p><a href=\"https:\/\/www.univ-tlse2.fr\/accueil\/formation-insertion\/master-villes-habitat-et-transition-ecologique-vihate\">https:\/\/www.univ-tlse2.fr\/accueil\/formation-insertion\/master-villes-habitat-et-transition-ecologique-vihate<\/a><\/p>\n<p><strong>\u00a0<\/strong><\/p>\n","protected":false},"excerpt":{"rendered":"<p>Le Master VIHATE Villes, Habitat et Transition \u00c9cologique, forme \u00e0 l\u2019analyse du fait urbain contemporain et \u00e0 la pratique de l\u2019urbanisme, particuli\u00e8rement dans les domaines du logement, de l\u2019habitat et de la transition \u00e9cologique des villes. Privil\u00e9giant l\u2019analyse crois\u00e9e des modes d\u2019habiter et des outils de l\u2019action sur les villes, la formation donne des comp\u00e9tences [&hellip;]<\/p>\n","protected":false},"author":107,"featured_media":0,"parent":0,"menu_order":0,"comment_status":"closed","ping_status":"closed","template":"","meta":{"footnotes":""},"class_list":["post-2","page","type-page","status-publish","hentry"],"_links":{"self":[{"href":"https:\/\/blogs.univ-tlse2.fr\/master-vihate\/wp-json\/wp\/v2\/pages\/2","targetHints":{"allow":["GET"]}}],"collection":[{"href":"https:\/\/blogs.univ-tlse2.fr\/master-vihate\/wp-json\/wp\/v2\/pages"}],"about":[{"href":"https:\/\/blogs.univ-tlse2.fr\/master-vihate\/wp-json\/wp\/v2\/types\/page"}],"author":[{"embeddable":true,"href":"https:\/\/blogs.univ-tlse2.fr\/master-vihate\/wp-json\/wp\/v2\/users\/107"}],"replies":[{"embeddable":true,"href":"https:\/\/blogs.univ-tlse2.fr\/master-vihate\/wp-json\/wp\/v2\/comments?post=2"}],"version-history":[{"count":14,"href":"https:\/\/blogs.univ-tlse2.fr\/master-vihate\/wp-json\/wp\/v2\/pages\/2\/revisions"}],"predecessor-version":[{"id":332,"href":"https:\/\/blogs.univ-tlse2.fr\/master-vihate\/wp-json\/wp\/v2\/pages\/2\/revisions\/332"}],"wp:attachment":[{"href":"https:\/\/blogs.univ-tlse2.fr\/master-vihate\/wp-json\/wp\/v2\/media?parent=2"}],"curies":[{"name":"wp","href":"https:\/\/api.w.org\/{rel}","templated":true}]}}