 {"id":264,"date":"2020-04-03T17:15:45","date_gmt":"2020-04-03T15:15:45","guid":{"rendered":"https:\/\/blogs.univ-tlse2.fr\/master-vihate\/?page_id=264"},"modified":"2021-03-04T16:23:42","modified_gmt":"2021-03-04T15:23:42","slug":"tables-rondes","status":"publish","type":"page","link":"https:\/\/blogs.univ-tlse2.fr\/master-vihate\/tables-rondes\/","title":{"rendered":"Tables rondes"},"content":{"rendered":"\n<p>Une table ronde du Master VIHATE est organis\u00e9e chaque ann\u00e9e \u00e0 l&rsquo;issue d&rsquo;un travail de pr\u00e9paration d&rsquo;un semestre par les \u00e9tudiants de Master 1. Le th\u00e8me varie chaque ann\u00e9e. L&rsquo;objectif est double : faire travailler un th\u00e8me en lien avec l&rsquo;urbain, l&rsquo;habitat ou la transition \u00e9cologique par les \u00e9tudiants et organiser un \u00e9v\u00e8nement conviant des professionnels de ces champs autour de celui-ci. En voici quelques exemples :<\/p>\n\n\n\n<div class=\"wp-block-file\"><a href=\"https:\/\/blogs.univ-tlse2.fr\/master-vihate\/files\/2019\/02\/Fyer-version-mailing.jpg\" rel=\"lightbox[264]\">Ville et \u00e9conomie circulaire<\/a><a href=\"https:\/\/blogs.univ-tlse2.fr\/master-vihate\/files\/2019\/02\/Fyer-version-mailing.jpg\" class=\"wp-block-file__button\" download rel=\"lightbox[264]\">T\u00e9l\u00e9charger<\/a><\/div>\n\n\n\n<div class=\"wp-block-file\"><a href=\"https:\/\/blogs.univ-tlse2.fr\/master-vihate\/files\/2017\/02\/Flyer-PCAET.jpg\" rel=\"lightbox[264]\">Le climat change, changeons la ville<\/a><a href=\"https:\/\/blogs.univ-tlse2.fr\/master-vihate\/files\/2017\/02\/Flyer-PCAET.jpg\" class=\"wp-block-file__button\" download rel=\"lightbox[264]\">T\u00e9l\u00e9charger<\/a><\/div>\n","protected":false},"excerpt":{"rendered":"<p>Une table ronde du Master VIHATE est organis\u00e9e chaque ann\u00e9e \u00e0 l&rsquo;issue d&rsquo;un travail de pr\u00e9paration d&rsquo;un semestre par les \u00e9tudiants de Master 1. Le th\u00e8me varie chaque ann\u00e9e. L&rsquo;objectif est double : faire travailler un th\u00e8me en lien avec l&rsquo;urbain, l&rsquo;habitat ou la transition \u00e9cologique par les \u00e9tudiants et organiser un \u00e9v\u00e8nement conviant des [&hellip;]<\/p>\n","protected":false},"author":246,"featured_media":0,"parent":0,"menu_order":0,"comment_status":"closed","ping_status":"closed","template":"","meta":{"footnotes":""},"class_list":["post-264","page","type-page","status-publish","hentry"],"_links":{"self":[{"href":"https:\/\/blogs.univ-tlse2.fr\/master-vihate\/wp-json\/wp\/v2\/pages\/264","targetHints":{"allow":["GET"]}}],"collection":[{"href":"https:\/\/blogs.univ-tlse2.fr\/master-vihate\/wp-json\/wp\/v2\/pages"}],"about":[{"href":"https:\/\/blogs.univ-tlse2.fr\/master-vihate\/wp-json\/wp\/v2\/types\/page"}],"author":[{"embeddable":true,"href":"https:\/\/blogs.univ-tlse2.fr\/master-vihate\/wp-json\/wp\/v2\/users\/246"}],"replies":[{"embeddable":true,"href":"https:\/\/blogs.univ-tlse2.fr\/master-vihate\/wp-json\/wp\/v2\/comments?post=264"}],"version-history":[{"count":4,"href":"https:\/\/blogs.univ-tlse2.fr\/master-vihate\/wp-json\/wp\/v2\/pages\/264\/revisions"}],"predecessor-version":[{"id":280,"href":"https:\/\/blogs.univ-tlse2.fr\/master-vihate\/wp-json\/wp\/v2\/pages\/264\/revisions\/280"}],"wp:attachment":[{"href":"https:\/\/blogs.univ-tlse2.fr\/master-vihate\/wp-json\/wp\/v2\/media?parent=264"}],"curies":[{"name":"wp","href":"https:\/\/api.w.org\/{rel}","templated":true}]}}