 {"id":32,"date":"2016-03-09T09:38:15","date_gmt":"2016-03-09T08:38:15","guid":{"rendered":"https:\/\/blogs.univ-tlse2.fr\/master-vihate\/?page_id=32"},"modified":"2024-03-28T12:40:29","modified_gmt":"2024-03-28T11:40:29","slug":"les-enseignants","status":"publish","type":"page","link":"https:\/\/blogs.univ-tlse2.fr\/master-vihate\/les-enseignants\/","title":{"rendered":"L&rsquo;\u00e9quipe enseignante"},"content":{"rendered":"<p><strong>Le Master VIHATE<\/strong> est coordonn\u00e9 par :<\/p>\n<p><strong>Fabrice Escaffre<\/strong>, Professeur en Am\u00e9nagement et Urbanisme<\/p>\n<p>et<\/p>\n<p><strong>Lionel Roug\u00e9<\/strong>, ma\u00eetre de conf\u00e9rences en G\u00e9ographie<\/p>\n<p><strong>L\u2019\u00e9quipe p\u00e9dagogique<\/strong> est pluridisciplinaire (urbanisme-am\u00e9nagement, g\u00e9ographie-environnement, droit, g\u00e9omatique) et compos\u00e9e\u00a0:<\/p>\n<ul>\n<li><strong>d\u2019enseignants-chercheurs ou de chercheurs<\/strong> principalement membres du LISST-Cieu<\/li>\n<\/ul>\n<p><a href=\"https:\/\/lisst.univ-tlse2.fr\">https:\/\/lisst.univ-tlse2.fr<\/a><\/p>\n<ul>\n<li><strong>de professionnels de l\u2019urbanisme<\/strong>, du logement, de l\u2019habitat, de l\u2019environnement, du d\u00e9veloppement durable issus d\u2019\u00e9tablissements divers (M\u00e9tropole, DREAL-DDT, Bureau d\u2019\u00e9tudes, HLM, associations, etc.)<\/li>\n<\/ul>\n","protected":false},"excerpt":{"rendered":"<p>Le Master VIHATE est coordonn\u00e9 par : Fabrice Escaffre, Professeur en Am\u00e9nagement et Urbanisme et Lionel Roug\u00e9, ma\u00eetre de conf\u00e9rences en G\u00e9ographie L\u2019\u00e9quipe p\u00e9dagogique est pluridisciplinaire (urbanisme-am\u00e9nagement, g\u00e9ographie-environnement, droit, g\u00e9omatique) et compos\u00e9e\u00a0: d\u2019enseignants-chercheurs ou de chercheurs principalement membres du LISST-Cieu https:\/\/lisst.univ-tlse2.fr de professionnels de l\u2019urbanisme, du logement, de l\u2019habitat, de l\u2019environnement, du d\u00e9veloppement durable issus [&hellip;]<\/p>\n","protected":false},"author":246,"featured_media":0,"parent":0,"menu_order":3,"comment_status":"closed","ping_status":"closed","template":"","meta":{"footnotes":""},"class_list":["post-32","page","type-page","status-publish","hentry"],"_links":{"self":[{"href":"https:\/\/blogs.univ-tlse2.fr\/master-vihate\/wp-json\/wp\/v2\/pages\/32","targetHints":{"allow":["GET"]}}],"collection":[{"href":"https:\/\/blogs.univ-tlse2.fr\/master-vihate\/wp-json\/wp\/v2\/pages"}],"about":[{"href":"https:\/\/blogs.univ-tlse2.fr\/master-vihate\/wp-json\/wp\/v2\/types\/page"}],"author":[{"embeddable":true,"href":"https:\/\/blogs.univ-tlse2.fr\/master-vihate\/wp-json\/wp\/v2\/users\/246"}],"replies":[{"embeddable":true,"href":"https:\/\/blogs.univ-tlse2.fr\/master-vihate\/wp-json\/wp\/v2\/comments?post=32"}],"version-history":[{"count":5,"href":"https:\/\/blogs.univ-tlse2.fr\/master-vihate\/wp-json\/wp\/v2\/pages\/32\/revisions"}],"predecessor-version":[{"id":326,"href":"https:\/\/blogs.univ-tlse2.fr\/master-vihate\/wp-json\/wp\/v2\/pages\/32\/revisions\/326"}],"wp:attachment":[{"href":"https:\/\/blogs.univ-tlse2.fr\/master-vihate\/wp-json\/wp\/v2\/media?parent=32"}],"curies":[{"name":"wp","href":"https:\/\/api.w.org\/{rel}","templated":true}]}}