 {"id":66,"date":"2016-04-14T10:16:45","date_gmt":"2016-04-14T08:16:45","guid":{"rendered":"https:\/\/blogs.univ-tlse2.fr\/master-vihate\/?page_id=66"},"modified":"2021-03-04T16:15:28","modified_gmt":"2021-03-04T15:15:28","slug":"ateliers","status":"publish","type":"page","link":"https:\/\/blogs.univ-tlse2.fr\/master-vihate\/ateliers\/","title":{"rendered":"Ateliers"},"content":{"rendered":"<p>Le Master VIHATE comporte en Master 1 et 2 des <span style=\"color: #ff0000\"><strong>Ateliers de mise en situation<\/strong><\/span> d&rsquo;\u00e9tude, de workshop r\u00e9alis\u00e9s en partenariat avec structures professionnelles dont vous trouverez <span style=\"color: #ff0000\"><strong>les sujets et partenaires ci-dessous<\/strong><\/span>. En plus de ces ateliers obligatoires, sur la base du volontariat et en fonction des places disponibles, plusieurs \u00e9tudiants de Master 1 ont particip\u00e9 ces derni\u00e8res ann\u00e9es aux ateliers \u00ab\u00a0inter-formations\u00a0\u00bb de l&rsquo;Institut de la Ville (<a href=\"http:\/\/www.institutdelaville.com\/htmls\/atelier.html\">http:\/\/www.institutdelaville.com\/htmls\/atelier.html<\/a>).<\/p>\n<p><strong><span style=\"color: #000000\">LISTE DES ATELIERS DE MISE EN SITUATION<\/span>\u00a0<\/strong><\/p>\n<p><em>2020-2021<\/em><\/p>\n<ul>\n<li><strong>Atelier Hors les Murs avec PNR Pyr\u00e9n\u00e9es-Catalanes dans la vall\u00e9e de la Vanera<\/strong><\/li>\n<\/ul>\n<p>Partenaires : PNR Pyr\u00e9n\u00e9es-Catalanes, F\u00e9d\u00e9ration Nationale des PNR, Ecole Nationale Sup\u00e9rieure d&rsquo;Architecture de Nancy<\/p>\n<ul>\n<li><strong>L&rsquo;habitat dans l&rsquo;\u00e9conomie circulaire : l&rsquo;exemple de la r\u00e9sidence \u00e9tudiante l&rsquo;Annexe \u00e0 Toulouse<\/strong><\/li>\n<\/ul>\n<p>Partenaires : Toulouse-M\u00e9tropole, Groupe HLM des Chalets<\/p>\n<p><em>2019-2020<\/em><\/p>\n<ul>\n<li><strong>Questionner le partage des habitats. \u00c9tude sur l\u2019appropriation de la biodiversit\u00e9 dans la r\u00e9sidence \u00ab\u00a0La Boiseraie d\u2019Arduenna\u00a0\u00bb\u00a0<\/strong><a href=\"https:\/\/www.linkedin.com\/pulse\/un-v\u00e9ritable-succ\u00e8s-pour-faire-la-m\u00e9tropole-benoit-boldron\/\">https:\/\/www.linkedin.com\/pulse\/un-v\u00e9ritable-succ\u00e8s-pour-faire-la-m\u00e9tropole-benoit-boldron\/<\/a><\/li>\n<\/ul>\n<p>Partenaires : Toulouse M\u00e9tropole, ICADE, CDC Habitat et 3F<\/p>\n<ul>\n<li><strong>Vivre le territoire de Brax-Pibrac<\/strong><\/li>\n<\/ul>\n<p>Partenaires : Ecole Nationale Sup\u00e9rieure d&rsquo;Architecture de Toulouse, POPSU M\u00e9tropoles<\/p>\n<ul>\n<li><strong>Etats des lieux et perspectives pour le secteur de Saint-Martin-du-Touch<\/strong><\/li>\n<\/ul>\n<p>Workshop commun avec les Masters APTER et TRANSMOB de l&rsquo;Universit\u00e9 Toulouse-Jean Jaur\u00e8s<\/p>\n<p><em>2018-2019<\/em><\/p>\n<ul>\n<li><strong>Etude sur la revitalisation du centre ancien de Labrugui\u00e8re (Tarn)\u00a0<\/strong><a href=\"https:\/\/www.parcs-naturels-regionaux.fr\/article\/atelier-hors-les-murs\">https:\/\/www.parcs-naturels-regionaux.fr\/article\/atelier-hors-les-murs<\/a><\/li>\n<\/ul>\n<p>Partenaires : Commune de Labrugui\u00e8re, F\u00e9d\u00e9ration Nationale des Parcs Naturels, Ecole Nationale Sup\u00e9rieure d&rsquo;Architecture de Toulouse<\/p>\n<ul>\n<li><strong>Etude sur l&rsquo;habitat des s\u00e9niors dans Toulouse M\u00e9tropole<\/strong><\/li>\n<\/ul>\n<p>Partenaire : Toulouse M\u00e9tropole<\/p>\n<ul>\n<li><strong>Etat des lieux des transects ouest et nord du territoire m\u00e9tropolitain toulousain<\/strong><\/li>\n<\/ul>\n<p>Partenaire : POPSU M\u00e9tropoles<\/p>\n<p><em>2017-2018<\/em><\/p>\n<ul>\n<li><strong>Quelle valeur sociale apport\u00e9e par le logement HLM sur un territoire?\u00a0<a href=\"http:\/\/www.delphis-asso.org\/articles\/2018\/11\/la-demarche-acterr-presentee-au-congres-hlm\">http:\/\/www.delphis-asso.org\/articles\/2018\/11\/la-demarche-acterr-presentee-au-congres-hlm<\/a><\/strong><\/li>\n<\/ul>\n<p>Partenaires: Promologis, Delphis, Toulouse M\u00e9tropole dans le cadre de Toulouse Capitale europ\u00e9enne de la science<\/p>\n<ul>\n<li><strong>L&rsquo;am\u00e9nagement paysager de Verdun-sur-Garonne (Tarn-et-Garonne)\u00a0<\/strong><a href=\"http:\/\/www.verdun-sur-garonne.fr\/vie-pratique\/urbanisme\/etude-urbaine\">http:\/\/www.verdun-sur-garonne.fr\/vie-pratique\/urbanisme\/etude-urbaine<\/a><\/li>\n<\/ul>\n<p>Partenaires : Mairie de Verdun-sur-Garonne, r\u00e9seau paysage DREAL Occitanie, \u00c9cole Nationale Sup\u00e9rieure d&rsquo;Architecture de Toulouse<\/p>\n<p><em>2016-2017<\/em><\/p>\n<ul>\n<li><strong>Les politiques m\u00e9tropolitaines de l&rsquo;habitat\u00a0<\/strong><a href=\"http:\/\/www.urbanisme-puca.gouv.fr\/IMG\/pdf\/rapportpucahab_toulouse.pdf\">http:\/\/www.urbanisme-puca.gouv.fr\/IMG\/pdf\/rapportpucahab_toulouse.pdf<\/a><strong><br \/>\n<\/strong><\/li>\n<\/ul>\n<p>Partenaire : Plan Urbanisme Construction Architecture<\/p>\n<ul>\n<li><strong>L&rsquo;am\u00e9nagement paysager de la confluence Garonne-Ari\u00e8ge\u00a0<\/strong><a href=\"http:\/\/www.occitanie.developpement-durable.gouv.fr\/journee-thematique-d-echange-a-pinsaguel-9-a23045.html\">http:\/\/www.occitanie.developpement-durable.gouv.fr\/journee-thematique-d-echange-a-pinsaguel-9-a23045.html<\/a><\/li>\n<\/ul>\n<p>Partenaires : Mairie de Pinsaguel, r\u00e9seau paysage DREAL Occitanie, \u00c9cole Nationale Sup\u00e9rieure d&rsquo;Architecture de Toulouse<\/p>\n<ul>\n<li><strong>Les acteurs universitaires (UT2J) et le Plan Climat Air \u00c9nergie Territoire de Toulouse M\u00e9tropole<\/strong><\/li>\n<\/ul>\n<p>Partenaire : Toulouse M\u00e9tropole<\/p>\n<p><em>2015-2016\u00a0<\/em><\/p>\n<ul>\n<li><strong>Le r\u00f4le des syndics de co-propri\u00e9t\u00e9 dans la r\u00e9novation \u00e9nerg\u00e9tique.<\/strong><\/li>\n<\/ul>\n<p>Partenaires\u00a0: Toulouse-M\u00e9tropole, Aua\/t, ADIL<\/p>\n<ul>\n<li><strong>L\u2019appropriation des nouveaux quartiers dans Toulouse M\u00e9tropole<\/strong><\/li>\n<\/ul>\n<p>Partenaires : Toulouse-M\u00e9tropole<\/p>\n<p><em>2014-2015<\/em><\/p>\n<ul>\n<li><strong>Habiter et travailler \u00e0 Androm\u00e8de<\/strong><\/li>\n<\/ul>\n<p>Partenaire\u00a0: Ville de Blagnac<\/p>\n<ul>\n<li><strong>\u00c9tats des lieux des Op\u00e9rations Programm\u00e9es d\u2019Am\u00e9lioration de l\u2019Habitat en Midi-Pyr\u00e9n\u00e9es<\/strong><\/li>\n<\/ul>\n<p>Partenaire : DREAL Midi-Pyr\u00e9n\u00e9es<\/p>\n<p><em>2013-2014<\/em><\/p>\n<ul>\n<li><strong>La couronne verte toulousaine : de l\u2019\u00e9criture d\u2019un projet m\u00e9tropolitain \u00e0 sa concr\u00e9tisation au niveau local<\/strong><\/li>\n<\/ul>\n<p>Partenaire\u00a0: Aua\/t, Inra<\/p>\n<ul>\n<li><strong>L\u2019habitat en centre ancien dans les villes petites et moyennes en Midi-Pyr\u00e9n\u00e9es<\/strong><\/li>\n<\/ul>\n<p>Partenaire : DREAL Midi-Pyr\u00e9n\u00e9es<\/p>\n<p><em>2012-2013<\/em><\/p>\n<ul>\n<li><strong>Audit territorial du Canal de deux Mers\u00a0: usages, acteurs et projets de territoire<\/strong><\/li>\n<\/ul>\n<p>Partenaires\u00a0: DREAL M-P, VNF Sud-Ouest, R\u00e9gion M-P<\/p>\n<ul>\n<li><strong>Quelle strat\u00e9gie pour le logement social sur le territoire de la CC Tarn-et-Dadou<\/strong><\/li>\n<\/ul>\n<p>Partenaire : CC Tarn-et-Dadou<\/p>\n","protected":false},"excerpt":{"rendered":"<p>Le Master VIHATE comporte en Master 1 et 2 des Ateliers de mise en situation d&rsquo;\u00e9tude, de workshop r\u00e9alis\u00e9s en partenariat avec structures professionnelles dont vous trouverez les sujets et partenaires ci-dessous. En plus de ces ateliers obligatoires, sur la base du volontariat et en fonction des places disponibles, plusieurs \u00e9tudiants de Master 1 ont [&hellip;]<\/p>\n","protected":false},"author":246,"featured_media":0,"parent":0,"menu_order":4,"comment_status":"closed","ping_status":"closed","template":"","meta":{"footnotes":""},"class_list":["post-66","page","type-page","status-publish","hentry"],"_links":{"self":[{"href":"https:\/\/blogs.univ-tlse2.fr\/master-vihate\/wp-json\/wp\/v2\/pages\/66","targetHints":{"allow":["GET"]}}],"collection":[{"href":"https:\/\/blogs.univ-tlse2.fr\/master-vihate\/wp-json\/wp\/v2\/pages"}],"about":[{"href":"https:\/\/blogs.univ-tlse2.fr\/master-vihate\/wp-json\/wp\/v2\/types\/page"}],"author":[{"embeddable":true,"href":"https:\/\/blogs.univ-tlse2.fr\/master-vihate\/wp-json\/wp\/v2\/users\/246"}],"replies":[{"embeddable":true,"href":"https:\/\/blogs.univ-tlse2.fr\/master-vihate\/wp-json\/wp\/v2\/comments?post=66"}],"version-history":[{"count":16,"href":"https:\/\/blogs.univ-tlse2.fr\/master-vihate\/wp-json\/wp\/v2\/pages\/66\/revisions"}],"predecessor-version":[{"id":293,"href":"https:\/\/blogs.univ-tlse2.fr\/master-vihate\/wp-json\/wp\/v2\/pages\/66\/revisions\/293"}],"wp:attachment":[{"href":"https:\/\/blogs.univ-tlse2.fr\/master-vihate\/wp-json\/wp\/v2\/media?parent=66"}],"curies":[{"name":"wp","href":"https:\/\/api.w.org\/{rel}","templated":true}]}}