 {"id":69,"date":"2016-04-14T10:25:19","date_gmt":"2016-04-14T08:25:19","guid":{"rendered":"https:\/\/blogs.univ-tlse2.fr\/master-vihate\/?page_id=69"},"modified":"2024-03-28T12:55:38","modified_gmt":"2024-03-28T11:55:38","slug":"demande-dacces","status":"publish","type":"page","link":"https:\/\/blogs.univ-tlse2.fr\/master-vihate\/demande-dacces\/","title":{"rendered":"Candidature"},"content":{"rendered":"<p><strong>Public vis\u00e9 du Master\u00a0:<\/strong> \u00e9tudiants de niveau L3 (pour l\u2019entr\u00e9e en M1) ou M1 (pour l\u2019entr\u00e9e en M2) en formation initiale ou continue, principalement form\u00e9s en g\u00e9ographie, am\u00e9nagement, environnement, sociologie, sciences politiques, architecture, \u00e9conomie, g\u00e9nie civil, droit&#8230;<\/p>\n<p>Les candidatures en M1 et M2 VIHATE se font :<\/p>\n<p>\u00a0<\/p>\n<p>\u00a0<\/p>\n\n\n<p><\/p>\n","protected":false},"excerpt":{"rendered":"<p>Public vis\u00e9 du Master\u00a0: \u00e9tudiants de niveau L3 (pour l\u2019entr\u00e9e en M1) ou M1 (pour l\u2019entr\u00e9e en M2) en formation initiale ou continue, principalement form\u00e9s en g\u00e9ographie, am\u00e9nagement, environnement, sociologie, sciences politiques, architecture, \u00e9conomie, g\u00e9nie civil, droit&#8230; Les candidatures en M1 et M2 VIHATE se font : \u00a0 \u00a0<\/p>\n","protected":false},"author":246,"featured_media":0,"parent":0,"menu_order":7,"comment_status":"closed","ping_status":"closed","template":"","meta":{"footnotes":""},"class_list":["post-69","page","type-page","status-publish","hentry"],"_links":{"self":[{"href":"https:\/\/blogs.univ-tlse2.fr\/master-vihate\/wp-json\/wp\/v2\/pages\/69","targetHints":{"allow":["GET"]}}],"collection":[{"href":"https:\/\/blogs.univ-tlse2.fr\/master-vihate\/wp-json\/wp\/v2\/pages"}],"about":[{"href":"https:\/\/blogs.univ-tlse2.fr\/master-vihate\/wp-json\/wp\/v2\/types\/page"}],"author":[{"embeddable":true,"href":"https:\/\/blogs.univ-tlse2.fr\/master-vihate\/wp-json\/wp\/v2\/users\/246"}],"replies":[{"embeddable":true,"href":"https:\/\/blogs.univ-tlse2.fr\/master-vihate\/wp-json\/wp\/v2\/comments?post=69"}],"version-history":[{"count":13,"href":"https:\/\/blogs.univ-tlse2.fr\/master-vihate\/wp-json\/wp\/v2\/pages\/69\/revisions"}],"predecessor-version":[{"id":336,"href":"https:\/\/blogs.univ-tlse2.fr\/master-vihate\/wp-json\/wp\/v2\/pages\/69\/revisions\/336"}],"wp:attachment":[{"href":"https:\/\/blogs.univ-tlse2.fr\/master-vihate\/wp-json\/wp\/v2\/media?parent=69"}],"curies":[{"name":"wp","href":"https:\/\/api.w.org\/{rel}","templated":true}]}}