 {"id":7,"date":"2016-02-12T08:32:01","date_gmt":"2016-02-12T07:32:01","guid":{"rendered":"https:\/\/blogs.univ-tlse2.fr\/master-vihate\/?page_id=7"},"modified":"2024-03-28T12:55:51","modified_gmt":"2024-03-28T11:55:51","slug":"competences-et-insertions-professionnelles","status":"publish","type":"page","link":"https:\/\/blogs.univ-tlse2.fr\/master-vihate\/competences-et-insertions-professionnelles\/","title":{"rendered":"D\u00e9bouch\u00e9s professionnels"},"content":{"rendered":"\n<p><strong>M\u00e9tiers et milieux professionnels cibl\u00e9s<\/strong><\/p>\n\n\n\n<p>Les dipl\u00f4m\u00e9s du Master VIHATE se destinent aux m\u00e9tiers de l\u2019urbanisme, du logement et de l\u2019habitat, de la Politique de la Ville, du d\u00e9veloppement urbain durable&nbsp;dans les services de l\u2019Etat (DREAL, DDT, ANAH)&nbsp;; collectivit\u00e9s territoriales&nbsp;; structures en charge du foncier ou de la planification (EPF, SCOT)&nbsp;; am\u00e9nagement urbain op\u00e9rationnel (SEM, SPLA, EPA)&nbsp;; organismes HLM (OPH)&nbsp;; CAUE, agences d\u2019urbanisme. Des d\u00e9bouch\u00e9s existent \u00e9galement dans le secteur priv\u00e9&nbsp;: bureaux d\u2019\u00e9tudes, entreprises sociales pour l\u2019habitat (ESH), promotion immobili\u00e8re, associations&#8230;<\/p>\n\n\n\n<p>Les profils m\u00e9tiers sont&nbsp;:<\/p>\n\n\n\n<ul class=\"wp-block-list\">\n<li>Charg\u00e9 d\u2019\u00e9tudes\/de mission en urbanisme, habitat, environnement, plan-climat-\u00e9nergie\u2026<\/li>\n\n\n\n<li>Charg\u00e9 de d\u2019\u00e9tudes\/de mission sp\u00e9cialis\u00e9&nbsp;: logement ancien, renouvellement urbain, habitat-\u00e9nergie&#8230;<\/li>\n\n\n\n<li>Charg\u00e9 d\u2019op\u00e9ration, d\u2019am\u00e9nagement, de programmation en urbanisme\u2026<\/li>\n\n\n\n<li>Charg\u00e9 de mission pour l\u2019animation et le d\u00e9veloppement de r\u00e9seaux dans l\u2019habitat participatif, l\u2019\u00e9cologie urbaine\u2026<\/li>\n<\/ul>\n\n\n\n<p>Ci-dessous, une enqu\u00eate r\u00e9cente sur l&rsquo;insertion professionnelle des dipl\u00f4mes 3 ann\u00e9es apr\u00e8s la formation :<\/p>\n\n\n\n<p><a href=\"https:\/\/blogs.univ-tlse2.fr\/master-vihate\/files\/2019\/02\/enqu\u00eateInsertionMasterVHPA.pdf\">Insertion2017<\/a><\/p>\n\n\n\n<div data-wp-interactive=\"core\/file\" class=\"wp-block-file\"><object data-wp-bind--hidden=\"!state.hasPdfPreview\" hidden class=\"wp-block-file__embed\" data=\"https:\/\/blogs.univ-tlse2.fr\/master-vihate\/files\/2024\/03\/InsertionVIHATE2019.pdf\" type=\"application\/pdf\" style=\"width:100%;height:600px\" aria-label=\"Contenu embarqu\u00e9 InsertionVIHATE2019.\"><\/object><a id=\"wp-block-file--media-3a7df3a8-aade-484e-a701-edd97b4c8713\" href=\"https:\/\/blogs.univ-tlse2.fr\/master-vihate\/files\/2024\/03\/InsertionVIHATE2019.pdf\">InsertionVIHATE2019<\/a><a href=\"https:\/\/blogs.univ-tlse2.fr\/master-vihate\/files\/2024\/03\/InsertionVIHATE2019.pdf\" class=\"wp-block-file__button wp-element-button\" download aria-describedby=\"wp-block-file--media-3a7df3a8-aade-484e-a701-edd97b4c8713\">T\u00e9l\u00e9charger<\/a><\/div>\n\n\n\n<div data-wp-interactive=\"core\/file\" class=\"wp-block-file\"><object data-wp-bind--hidden=\"!state.hasPdfPreview\" hidden class=\"wp-block-file__embed\" data=\"https:\/\/blogs.univ-tlse2.fr\/master-vihate\/files\/2024\/03\/insertionVIHATE2020.pdf\" type=\"application\/pdf\" style=\"width:100%;height:600px\" aria-label=\"Contenu embarqu\u00e9 insertionVIHATE2020.\"><\/object><a id=\"wp-block-file--media-cb730623-9882-4650-b9c1-b151eceba64e\" href=\"https:\/\/blogs.univ-tlse2.fr\/master-vihate\/files\/2024\/03\/insertionVIHATE2020.pdf\">insertionVIHATE2020<\/a><a href=\"https:\/\/blogs.univ-tlse2.fr\/master-vihate\/files\/2024\/03\/insertionVIHATE2020.pdf\" class=\"wp-block-file__button wp-element-button\" download aria-describedby=\"wp-block-file--media-cb730623-9882-4650-b9c1-b151eceba64e\">T\u00e9l\u00e9charger<\/a><\/div>\n","protected":false},"excerpt":{"rendered":"<p>M\u00e9tiers et milieux professionnels cibl\u00e9s Les dipl\u00f4m\u00e9s du Master VIHATE se destinent aux m\u00e9tiers de l\u2019urbanisme, du logement et de l\u2019habitat, de la Politique de la Ville, du d\u00e9veloppement urbain durable&nbsp;dans les services de l\u2019Etat (DREAL, DDT, ANAH)&nbsp;; collectivit\u00e9s territoriales&nbsp;; structures en charge du foncier ou de la planification (EPF, SCOT)&nbsp;; am\u00e9nagement urbain op\u00e9rationnel (SEM, [&hellip;]<\/p>\n","protected":false},"author":107,"featured_media":0,"parent":0,"menu_order":6,"comment_status":"closed","ping_status":"closed","template":"","meta":{"footnotes":""},"class_list":["post-7","page","type-page","status-publish","hentry"],"_links":{"self":[{"href":"https:\/\/blogs.univ-tlse2.fr\/master-vihate\/wp-json\/wp\/v2\/pages\/7","targetHints":{"allow":["GET"]}}],"collection":[{"href":"https:\/\/blogs.univ-tlse2.fr\/master-vihate\/wp-json\/wp\/v2\/pages"}],"about":[{"href":"https:\/\/blogs.univ-tlse2.fr\/master-vihate\/wp-json\/wp\/v2\/types\/page"}],"author":[{"embeddable":true,"href":"https:\/\/blogs.univ-tlse2.fr\/master-vihate\/wp-json\/wp\/v2\/users\/107"}],"replies":[{"embeddable":true,"href":"https:\/\/blogs.univ-tlse2.fr\/master-vihate\/wp-json\/wp\/v2\/comments?post=7"}],"version-history":[{"count":8,"href":"https:\/\/blogs.univ-tlse2.fr\/master-vihate\/wp-json\/wp\/v2\/pages\/7\/revisions"}],"predecessor-version":[{"id":330,"href":"https:\/\/blogs.univ-tlse2.fr\/master-vihate\/wp-json\/wp\/v2\/pages\/7\/revisions\/330"}],"wp:attachment":[{"href":"https:\/\/blogs.univ-tlse2.fr\/master-vihate\/wp-json\/wp\/v2\/media?parent=7"}],"curies":[{"name":"wp","href":"https:\/\/api.w.org\/{rel}","templated":true}]}}