 {"id":9,"date":"2016-02-12T08:32:41","date_gmt":"2016-02-12T07:32:41","guid":{"rendered":"https:\/\/blogs.univ-tlse2.fr\/master-vihate\/?page_id=9"},"modified":"2024-03-28T12:35:55","modified_gmt":"2024-03-28T11:35:55","slug":"organisation-des-deux-annees","status":"publish","type":"page","link":"https:\/\/blogs.univ-tlse2.fr\/master-vihate\/organisation-des-deux-annees\/","title":{"rendered":"Organisation du master et Syllabus des Unit\u00e9s d&rsquo;Enseignement"},"content":{"rendered":"<p><strong>La formation en MASTER VIHATE s\u2019appuie\u00a0:<\/strong><\/p>\n<ul>\n<li><strong>sur des apports th\u00e9oriques<\/strong> relatifs \u00e0 la connaissances des villes, aux modes d\u2019habiter, aux politiques urbaines (du logement, de l\u2019habitat, de la Ville), aux enjeux contemporains du d\u00e9veloppement urbain durable et de la transition \u00e9cologique des villes, aux strat\u00e9gies et projets urbains<\/li>\n<li><strong>sur des enseignements en prise avec le terrain<\/strong> (analyse de projet, atelier in situ, implication de professionnels, etc.)<\/li>\n<li><strong>sur des exp\u00e9riences en situation professionnelle<\/strong>: ateliers en partenariat avec des acteurs de l\u2019urbanisme, stage en Master 1 et 2<\/li>\n<\/ul>\n<p><strong>Le Master VIHATE<\/strong> d\u00e9veloppe les capacit\u00e9s d\u2019analyse des villes. Il renforce les comp\u00e9tences sur les enjeux et l\u2019action publique li\u00e9s au logement, \u00e0 l\u2019habitat et \u00e0 la transition \u00e9cologique. Des enseignements en SIG-cartographie \u2013 traitement de donn\u00e9es num\u00e9riques e-cartographique et en langues appliqu\u00e9es (anglais\/espagnol) compl\u00e8tement ces apprentissages.<\/p>\n<p><strong>Organisation g\u00e9n\u00e9rale<\/strong><\/p>\n<table style=\"height: 1082px\" border=\"0\" width=\"654\" cellspacing=\"0\" cellpadding=\"0\"><colgroup> <col width=\"192\" \/> <col width=\"322\" \/> <col span=\"2\" width=\"62\" \/><\/colgroup>\n<tbody>\n<tr>\n<td class=\"xl66\" width=\"192\" height=\"16\">Place UE<\/td>\n<td class=\"xl66\" width=\"322\">Libell\u00e9 UE (60 caract\u00e8res maxi.)<\/td>\n<td class=\"xl66\" width=\"62\">ECTS<\/td>\n<td class=\"xl66\" width=\"62\">Vol. horaire<\/td>\n<\/tr>\n<tr>\n<td class=\"xl76\" height=\"14\">&gt; UE 701<\/td>\n<td class=\"xl70\">Dynamiques socio-territoriales\/devenir am\u00e9nageurs<\/td>\n<td class=\"xl77\">5<\/td>\n<td class=\"xl77\">37,5<\/td>\n<\/tr>\n<tr>\n<td class=\"xl76\" height=\"14\"><span class=\"font6\">&gt; UE 702<\/span><\/td>\n<td class=\"xl70\">Habiter et faire la ville en transition<\/td>\n<td class=\"xl77\">10<\/td>\n<td class=\"xl77\">100<\/td>\n<\/tr>\n<tr>\n<td class=\"xl76\" height=\"14\">&gt; UE 703<\/td>\n<td class=\"xl70\">Droit de l&rsquo;organisation territoriale<\/td>\n<td class=\"xl71\">4<\/td>\n<td class=\"xl71\">25<\/td>\n<\/tr>\n<tr>\n<td class=\"xl68\" height=\"14\"><span class=\"font13\">&gt; UE 704<\/span><\/td>\n<td class=\"xl70\">Questions vives en \u00e9tudes urbaines<\/td>\n<td class=\"xl71\">4<\/td>\n<td class=\"xl71\">25<\/td>\n<\/tr>\n<tr>\n<td class=\"xl68\" height=\"14\"><span class=\"font5\">&gt; UE 705<\/span><\/td>\n<td class=\"xl70\">Atelier diagnostic<\/td>\n<td class=\"xl71\">4<\/td>\n<td class=\"xl71\">25<\/td>\n<\/tr>\n<tr>\n<td class=\"xl68\" height=\"14\"><span class=\"font10\">&gt; UE 706<\/span><\/td>\n<td class=\"xl70\">Cartographie\/SIG 1<\/td>\n<td class=\"xl71\">3<\/td>\n<td class=\"xl71\">25<\/td>\n<\/tr>\n<tr>\n<td class=\"xl72\" height=\"14\">\u00a0<\/td>\n<td class=\"xl73\">\u00a0<\/td>\n<td class=\"xl74\">\u00a0<\/td>\n<td class=\"xl74\">\u00a0<\/td>\n<\/tr>\n<tr>\n<td class=\"xl76\" height=\"13\">&gt; UE 801<\/td>\n<td class=\"xl70\">Stage\/m\u00e9moire 1 VIHATE<\/td>\n<td class=\"xl77\">10<\/td>\n<td class=\"xl77\">\u00a0<\/td>\n<\/tr>\n<tr>\n<td class=\"xl76\" height=\"14\">&gt; UE 802<\/td>\n<td class=\"xl70\">Planification strat\u00e9gique et urbanisme op\u00e9rationnel<\/td>\n<td class=\"xl77\">5<\/td>\n<td class=\"xl77\">62,5<\/td>\n<\/tr>\n<tr>\n<td class=\"xl76\" height=\"14\">&gt; UE 803<\/td>\n<td class=\"xl70\">Droit de l&rsquo;urbanisme et de l&rsquo;environnement<\/td>\n<td class=\"xl71\">4<\/td>\n<td class=\"xl71\">25<\/td>\n<\/tr>\n<tr>\n<td class=\"xl68\" height=\"14\"><span class=\"font13\">&gt; UE 804<\/span><\/td>\n<td class=\"xl70\">Table-ronde en urbanisme<\/td>\n<td class=\"xl71\">4<\/td>\n<td class=\"xl71\">25<\/td>\n<\/tr>\n<tr>\n<td class=\"xl68\" height=\"14\"><span class=\"font5\">&gt; UE 805\u00a0<\/span><\/td>\n<td class=\"xl70\">Atelier 1 projet<\/td>\n<td class=\"xl71\">4<\/td>\n<td class=\"xl71\">25<\/td>\n<\/tr>\n<tr>\n<td class=\"xl68\" height=\"14\"><span class=\"font10\">&gt; UE 806<\/span><\/td>\n<td class=\"xl70\">Langue en urbanisme et am\u00e9nagement (Ang ou Esp)<\/td>\n<td class=\"xl71\">3<\/td>\n<td class=\"xl71\">25<\/td>\n<\/tr>\n<tr>\n<td class=\"xl72\" height=\"14\">MASTER 2<\/td>\n<td class=\"xl73\">\u00a0<\/td>\n<td class=\"xl74\">\u00a0<\/td>\n<td class=\"xl74\">\u00a0<\/td>\n<\/tr>\n<tr>\n<td class=\"xl66\" width=\"192\" height=\"16\">Place UE<\/td>\n<td class=\"xl66\" width=\"322\">Libell\u00e9 UE (60 caract\u00e8res maxi.)<\/td>\n<td class=\"xl66\" width=\"62\">ECTS<\/td>\n<td class=\"xl66\" width=\"62\">Vol. horaire<\/td>\n<\/tr>\n<tr>\n<td class=\"xl76\" height=\"14\">&gt; UE 901<\/td>\n<td class=\"xl70\">Villes et habitat<\/td>\n<td class=\"xl77\">8<\/td>\n<td class=\"xl77\">62,5<\/td>\n<\/tr>\n<tr>\n<td class=\"xl76\" height=\"14\">&gt; UE 902<\/td>\n<td class=\"xl70\">Villes et transition \u00e9cologique<\/td>\n<td class=\"xl77\">8<\/td>\n<td class=\"xl77\">62,5<\/td>\n<\/tr>\n<tr>\n<td class=\"xl76\" height=\"14\">&gt; UE 903<\/td>\n<td class=\"xl70\">Les gouvernances urbaines aux Nords et aux Suds<\/td>\n<td class=\"xl71\">4<\/td>\n<td class=\"xl71\">25<\/td>\n<\/tr>\n<tr>\n<td class=\"xl68\" height=\"14\"><span class=\"font13\">&gt; UE 904<\/span><\/td>\n<td class=\"xl70\">S\u00e9minaire 1 urbanisme<\/td>\n<td class=\"xl71\">4<\/td>\n<td class=\"xl71\">25<\/td>\n<\/tr>\n<tr>\n<td class=\"xl68\" height=\"14\"><span class=\"font5\">&gt; UE 905 <\/span><\/td>\n<td class=\"xl70\">Atelier 2 projet<\/td>\n<td class=\"xl71\">\u00a0<\/td>\n<td class=\"xl71\">25<\/td>\n<\/tr>\n<tr>\n<td class=\"xl68\" height=\"14\"><span class=\"font10\">&gt; UE 906<\/span><\/td>\n<td class=\"xl70\">Cartographie\/SIG 2<\/td>\n<td class=\"xl71\">3<\/td>\n<td class=\"xl71\">25<\/td>\n<\/tr>\n<tr>\n<td class=\"xl72\" height=\"14\">\u00a0<\/td>\n<td class=\"xl73\">\u00a0<\/td>\n<td class=\"xl74\">\u00a0<\/td>\n<td class=\"xl74\">\u00a0<\/td>\n<\/tr>\n<tr>\n<td class=\"xl76\" height=\"14\">&gt; UE 1001 stage\/<span class=\"font7\">m\u00e9moire\u00a0<\/span><\/td>\n<td class=\"xl70\">Stage\/m\u00e9moire 2 VIHATE<\/td>\n<td class=\"xl71\">18<\/td>\n<td class=\"xl71\">\u00a0<\/td>\n<\/tr>\n<tr>\n<td class=\"xl76\" height=\"14\">&gt; UE 1002<\/td>\n<td class=\"xl70\">Fabriques et projets urbains aux Nords et aux Suds<\/td>\n<td class=\"xl71\">4<\/td>\n<td class=\"xl71\">25<\/td>\n<\/tr>\n<tr>\n<td class=\"xl68\" height=\"14\"><span class=\"font13\">&gt; UE 1003<\/span><\/td>\n<td class=\"xl70\">S\u00e9minaire 2\u00a0 urbanisme<\/td>\n<td class=\"xl71\">4<\/td>\n<td class=\"xl71\">25<\/td>\n<\/tr>\n<tr>\n<td class=\"xl68\" height=\"14\"><span class=\"font5\">&gt; UE 1004\u00a0<\/span><\/td>\n<td class=\"xl70\">Atelier partag\u00e9<\/td>\n<td class=\"xl71\">4<\/td>\n<td class=\"xl71\">25<\/td>\n<\/tr>\n<tr>\n<td class=\"xl72\" height=\"14\">\u00a0<\/td>\n<td class=\"xl73\">\u00a0<\/td>\n<td class=\"xl74\">\u00a0<\/td>\n<td class=\"xl74\">\u00a0<\/td>\n<\/tr>\n<\/tbody>\n<\/table>\n\n\n<p><strong>Syllabus des Unit\u00e9s d&rsquo;Enseignement<\/strong><\/p>\n\n\n\n<div data-wp-interactive=\"core\/file\" class=\"wp-block-file\"><object data-wp-bind--hidden=\"!state.hasPdfPreview\" hidden class=\"wp-block-file__embed\" data=\"https:\/\/blogs.univ-tlse2.fr\/master-vihate\/files\/2024\/03\/SyllabusVIHATE_FE.pdf\" type=\"application\/pdf\" style=\"width:100%;height:600px\" aria-label=\"Contenu embarqu\u00e9 SyllabusVIHATE_FE.\"><\/object><a id=\"wp-block-file--media-584b8352-00fc-4301-9f2a-1e0416441683\" href=\"https:\/\/blogs.univ-tlse2.fr\/master-vihate\/files\/2024\/03\/SyllabusVIHATE_FE.pdf\">SyllabusVIHATE_FE<\/a><a href=\"https:\/\/blogs.univ-tlse2.fr\/master-vihate\/files\/2024\/03\/SyllabusVIHATE_FE.pdf\" class=\"wp-block-file__button wp-element-button\" download aria-describedby=\"wp-block-file--media-584b8352-00fc-4301-9f2a-1e0416441683\">T\u00e9l\u00e9charger<\/a><\/div>\n","protected":false},"excerpt":{"rendered":"<p>La formation en MASTER VIHATE s\u2019appuie\u00a0: sur des apports th\u00e9oriques relatifs \u00e0 la connaissances des villes, aux modes d\u2019habiter, aux politiques urbaines (du logement, de l\u2019habitat, de la Ville), aux enjeux contemporains du d\u00e9veloppement urbain durable et de la transition \u00e9cologique des villes, aux strat\u00e9gies et projets urbains sur des enseignements en prise avec le [&hellip;]<\/p>\n","protected":false},"author":107,"featured_media":0,"parent":0,"menu_order":2,"comment_status":"closed","ping_status":"closed","template":"","meta":{"footnotes":""},"class_list":["post-9","page","type-page","status-publish","hentry"],"_links":{"self":[{"href":"https:\/\/blogs.univ-tlse2.fr\/master-vihate\/wp-json\/wp\/v2\/pages\/9","targetHints":{"allow":["GET"]}}],"collection":[{"href":"https:\/\/blogs.univ-tlse2.fr\/master-vihate\/wp-json\/wp\/v2\/pages"}],"about":[{"href":"https:\/\/blogs.univ-tlse2.fr\/master-vihate\/wp-json\/wp\/v2\/types\/page"}],"author":[{"embeddable":true,"href":"https:\/\/blogs.univ-tlse2.fr\/master-vihate\/wp-json\/wp\/v2\/users\/107"}],"replies":[{"embeddable":true,"href":"https:\/\/blogs.univ-tlse2.fr\/master-vihate\/wp-json\/wp\/v2\/comments?post=9"}],"version-history":[{"count":9,"href":"https:\/\/blogs.univ-tlse2.fr\/master-vihate\/wp-json\/wp\/v2\/pages\/9\/revisions"}],"predecessor-version":[{"id":324,"href":"https:\/\/blogs.univ-tlse2.fr\/master-vihate\/wp-json\/wp\/v2\/pages\/9\/revisions\/324"}],"wp:attachment":[{"href":"https:\/\/blogs.univ-tlse2.fr\/master-vihate\/wp-json\/wp\/v2\/media?parent=9"}],"curies":[{"name":"wp","href":"https:\/\/api.w.org\/{rel}","templated":true}]}}